{"id":869,"date":"2023-10-23T12:00:26","date_gmt":"2023-10-23T09:00:26","guid":{"rendered":"https:\/\/paavonurmi.fi\/paavo-nurmi-the-flying-finn\/"},"modified":"2023-11-29T08:53:26","modified_gmt":"2023-11-29T06:53:26","slug":"paavo-nurmi-the-flying-finn","status":"publish","type":"page","link":"https:\/\/paavonurmi.fi\/de\/","title":{"rendered":"Paavo Nurmi THE FLYING FINN"},"content":{"rendered":"<p>[et_pb_section fb_built=&#8220;1&#8243; fullwidth=&#8220;on&#8220; admin_label=&#8220;Page Header&#8220; module_class=&#8220;hero&#8211;section&#8220; _builder_version=&#8220;4.23.1&#8243; _module_preset=&#8220;default&#8220; background_image=&#8220;\/wp-content\/uploads\/2023\/11\/PN_Paris_cover.jpg&#8220; hover_enabled=&#8220;0&#8243; global_colors_info=&#8220;{}&#8220; sticky_enabled=&#8220;0&#8243;][et_pb_fullwidth_header title=&#8220;Paavo Nurmi&#8220; text_orientation=&#8220;center&#8220; header_fullscreen=&#8220;on&#8220; header_scroll_down=&#8220;on&#8220; scroll_down_icon=&#8220;%%0%%&#8220; scroll_down_icon_size=&#8220;48px&#8220; button_one_text=&#8220;Biografie&#8220; button_one_url=&#8220;\/de\/biografie\/&#8220; admin_label=&#8220;Hero Section&#8220; module_class=&#8220;fw&#8211;header landing&#8220; _builder_version=&#8220;4.23.1&#8243; _module_preset=&#8220;default&#8220; background_enable_color=&#8220;off&#8220; custom_button_one=&#8220;on&#8220; custom_button_two=&#8220;on&#8220; module_alignment=&#8220;left&#8220; hover_enabled=&#8220;0&#8243; button_one_text_color_hover=&#8220;#6eba01&#8243; button_two_text_color_hover=&#8220;#6eba01&#8243; button_one_border_color_hover=&#8220;#ffffff&#8220; button_two_border_color_hover=&#8220;#ffffff&#8220; button_one_border_radius_hover=&#8220;0&#8243; button_two_border_radius_hover=&#8220;0&#8243; button_one_letter_spacing_hover=&#8220;2&#8243; button_two_letter_spacing_hover=&#8220;2&#8243; button_one_bg_color_hover=&#8220;#ffffff&#8220; button_two_bg_color_hover=&#8220;#ffffff&#8220; global_colors_info=&#8220;{}&#8220; sticky_enabled=&#8220;0&#8243;]<\/p>\n<p>13.6.1897 \u2013 2.10.1973<\/p>\n<p>[\/et_pb_fullwidth_header][\/et_pb_section][et_pb_section fb_built=&#8220;1&#8243; admin_label=&#8220;content&#8211;section no&#8211;padding&#8220; module_class=&#8220;content&#8211;section small&#8211;padding&#8211;top no&#8211;padding&#8211;bottom &#8220; _builder_version=&#8220;4.23.1&#8243; _module_preset=&#8220;default&#8220; animation_direction=&#8220;bottom&#8220; global_colors_info=&#8220;{}&#8220;][et_pb_row column_structure=&#8220;1_2,1_2&#8243; use_custom_gutter=&#8220;on&#8220; gutter_width=&#8220;1&#8243; make_equal=&#8220;on&#8220; admin_label=&#8220;content&#8211;row fullwidth&#8211;row no&#8211;padding&#8220; module_class=&#8220;content&#8211;row fullwidth&#8211;row no&#8211;padding&#8220; _builder_version=&#8220;4.23&#8243; _module_preset=&#8220;default&#8220; background_size=&#8220;initial&#8220; background_position=&#8220;top_left&#8220; background_repeat=&#8220;repeat&#8220; width_tablet=&#8220;100%&#8220; width_phone=&#8220;100%&#8220; width_last_edited=&#8220;off|desktop&#8220; max_width_tablet=&#8220;100%&#8220; max_width_phone=&#8220;100%&#8220; max_width_last_edited=&#8220;off|desktop&#8220; make_fullwidth=&#8220;on&#8220; global_colors_info=&#8220;{}&#8220;][et_pb_column type=&#8220;1_2&#8243; _builder_version=&#8220;4.23&#8243; _module_preset=&#8220;default&#8220; background_image=&#8220;https:\/\/paavonurmi.fi\/wp-content\/uploads\/2023\/10\/Paavo-Nurmi-1924.jpg&#8220; background_position=&#8220;top_left&#8220; custom_padding=&#8220;|||&#8220; global_colors_info=&#8220;{}&#8220; custom_padding__hover=&#8220;|||&#8220;][\/et_pb_column][et_pb_column type=&#8220;1_2&#8243; module_class=&#8220;fullwidth&#8211;column&#8211;grid&#8211;padding bg&#8211;quartiary&#8220; admin_label=&#8220;fullwidth&#8211;column&#8211;grid&#8211;padding&#8220; _builder_version=&#8220;4.23&#8243; _module_preset=&#8220;default&#8220; background_enable_color=&#8220;off&#8220; background_position=&#8220;top_left&#8220; global_colors_info=&#8220;{}&#8220; custom_padding__hover=&#8220;|||&#8220;][et_pb_divider divider_weight=&#8220;3px&#8220; disabled_on=&#8220;off|off|off&#8220; module_class=&#8220;custom&#8211;divider primary&#8220; _builder_version=&#8220;4.23.1&#8243; _module_preset=&#8220;default&#8220; background_color_gradient_direction=&#8220;90deg&#8220; max_width=&#8220;100px&#8220; module_alignment=&#8220;left&#8220; height=&#8220;5px&#8220; custom_margin=&#8220;||20px|&#8220; custom_padding=&#8220;||20px|&#8220; animation_direction=&#8220;bottom&#8220; module_alignment_tablet=&#8220;center&#8220; module_alignment_phone=&#8220;center&#8220; module_alignment_last_edited=&#8220;on|tablet&#8220; saved_tabs=&#8220;all&#8220; locked=&#8220;off&#8220; global_colors_info=&#8220;{}&#8220;][\/et_pb_divider][et_pb_cta button_url=&#8220;\/de\/olympische-spiele\/&#8220; button_text=&#8220;Olympische Spiele&#8220; admin_label=&#8220;text&#8211;450&#8243; module_class=&#8220;text&#8211;450&#8243; _builder_version=&#8220;4.23.1&#8243; _module_preset=&#8220;default&#8220; use_background_color=&#8220;off&#8220; custom_button=&#8220;on&#8220; text_orientation=&#8220;left&#8220; module_alignment=&#8220;left&#8220; custom_margin=&#8220;|||&#8220; custom_padding=&#8220;|||&#8220; animation_direction=&#8220;bottom&#8220; text_orientation_tablet=&#8220;center&#8220; text_orientation_phone=&#8220;center&#8220; text_orientation_last_edited=&#8220;on|tablet&#8220; button_text_color_hover=&#8220;#6eba01&#8243; button_border_color_hover=&#8220;#6eba01&#8243; button_border_radius_hover=&#8220;0&#8243; button_letter_spacing_hover=&#8220;2&#8243; button_bg_color_hover=&#8220;rgba(0,0,0,0)&#8220; saved_tabs=&#8220;all&#8220; locked=&#8220;off&#8220; global_colors_info=&#8220;{}&#8220; button_one_text_size__hover_enabled=&#8220;off&#8220; button_two_text_size__hover_enabled=&#8220;off&#8220; button_one_text_color__hover_enabled=&#8220;off&#8220; button_two_text_color__hover_enabled=&#8220;off&#8220; button_one_border_width__hover_enabled=&#8220;off&#8220; button_two_border_width__hover_enabled=&#8220;off&#8220; button_one_border_color__hover_enabled=&#8220;off&#8220; button_two_border_color__hover_enabled=&#8220;off&#8220; button_one_border_radius__hover_enabled=&#8220;off&#8220; button_two_border_radius__hover_enabled=&#8220;off&#8220; button_one_letter_spacing__hover_enabled=&#8220;off&#8220; button_two_letter_spacing__hover_enabled=&#8220;off&#8220; button_one_bg_color__hover_enabled=&#8220;off&#8220; button_two_bg_color__hover_enabled=&#8220;off&#8220;]<\/p>\n<p><strong>Paavo Nurmi<\/strong> war weltweit der gr\u00f6\u00dfte L\u00e4ufer aller Zeiten. Er war der \u201cK\u00f6nig der L\u00e4ufer\u201d und der \u201cFliegende Finne\u201d. Der \u00fcberall auf der Welt bekannte L\u00e4ufer war seinerzeit ein zentraler Fixpunkt finnischer Identit\u00e4t.<\/p>\n<p>Nurmi bef\u00f6rderte die Begeisterung f\u00fcr das Laufen. Im Laufen dr\u00fcckte sich das Bed\u00fcrfnis aus, es sich selbst und anderen zu zeigen. Paavo Nurmi gewann bei drei Olympischen Spielen in den 1920er Jahren neun Gold- und drei Silbermedaillen.<\/p>\n<p>[\/et_pb_cta][\/et_pb_column][\/et_pb_row][\/et_pb_section][et_pb_section fb_built=&#8220;1&#8243; admin_label=&#8220;content&#8211;section&#8220; module_class=&#8220;content&#8211;section&#8220; _builder_version=&#8220;4.23.1&#8243; _module_preset=&#8220;default&#8220; global_colors_info=&#8220;{}&#8220;][et_pb_row admin_label=&#8220;content&#8211;row&#8220; module_class=&#8220;content&#8211;row&#8220; _builder_version=&#8220;4.17.4&#8243; _module_preset=&#8220;default&#8220; background_size=&#8220;initial&#8220; background_position=&#8220;top_left&#8220; background_repeat=&#8220;repeat&#8220; custom_width_px=&#8220;710px&#8220; global_colors_info=&#8220;{}&#8220;][et_pb_column type=&#8220;4_4&#8243; _builder_version=&#8220;4.16&#8243; _module_preset=&#8220;default&#8220; background_position=&#8220;top_left&#8220; custom_padding=&#8220;|||&#8220; global_colors_info=&#8220;{}&#8220; custom_padding__hover=&#8220;|||&#8220;][et_pb_text admin_label=&#8220;title text&#8211;750&#8243; module_class=&#8220;text&#8211;750 thin&#8211;heading text-center&#8220; _builder_version=&#8220;4.23.1&#8243; _module_preset=&#8220;default&#8220; module_alignment=&#8220;center&#8220; animation_direction=&#8220;bottom&#8220; global_colors_info=&#8220;{}&#8220;]<\/p>\n<h2>&#8222;<\/h2>\n<p>[\/et_pb_text][et_pb_text admin_label=&#8220;title text&#8211;750&#8243; module_class=&#8220;text&#8211;750 thin&#8211;heading text-center quote&#8220; _builder_version=&#8220;4.23.1&#8243; _module_preset=&#8220;default&#8220; module_alignment=&#8220;center&#8220; animation_direction=&#8220;bottom&#8220; global_colors_info=&#8220;{}&#8220;]<strong>\u201cIn ihm war etwas unmenschlich Hartes und Erbarmungsloses, aber er eroberte die Welt mit seinem unbedingten Willen, der von \u00fcbernat\u00fcrlicher Kraft getragen wurde\u201d<\/strong>[\/et_pb_text][et_pb_text admin_label=&#8220;text&#8211;750&#8243; module_class=&#8220;text&#8211;750 text-center&#8220; _builder_version=&#8220;4.23.1&#8243; _module_preset=&#8220;default&#8220; background_size=&#8220;initial&#8220; background_position=&#8220;top_left&#8220; background_repeat=&#8220;repeat&#8220; module_alignment=&#8220;center&#8220; animation_direction=&#8220;bottom&#8220; global_colors_info=&#8220;{}&#8220;]<em>Martti Jukola, Huippu-urheilun historia, 1935 (Geschichte des Spitzensports, 1935)<\/em>[\/et_pb_text][\/et_pb_column][\/et_pb_row][\/et_pb_section]<\/p>\n","protected":false},"excerpt":{"rendered":"<p>13.6.1897 \u2013 2.10.1973Paavo Nurmi war weltweit der gr\u00f6\u00dfte L\u00e4ufer aller Zeiten. Er war der \u201cK\u00f6nig der L\u00e4ufer\u201d und der \u201cFliegende Finne\u201d. Der \u00fcberall auf der Welt bekannte L\u00e4ufer war seinerzeit ein zentraler Fixpunkt finnischer Identit\u00e4t. Nurmi bef\u00f6rderte die Begeisterung f\u00fcr das Laufen. Im Laufen dr\u00fcckte sich das Bed\u00fcrfnis aus, es sich selbst und anderen zu [&hellip;]<\/p>\n","protected":false},"author":1,"featured_media":0,"parent":0,"menu_order":0,"comment_status":"closed","ping_status":"closed","template":"","meta":{"_et_pb_use_builder":"on","_et_pb_old_content":"[et_pb_section fb_built=\"1\" fullwidth=\"on\" admin_label=\"Page Header\" module_class=\"hero--section\" _builder_version=\"4.23.1\" _module_preset=\"default\" background_image=\"\/wp-content\/uploads\/2023\/10\/Helsinki-1952.jpg\" global_colors_info=\"{}\"][et_pb_fullwidth_header title=\"Paavo Nurmi\" text_orientation=\"center\" header_fullscreen=\"on\" header_scroll_down=\"on\" scroll_down_icon=\"%%0%%\" scroll_down_icon_size=\"48px\" button_one_text=\"El\u00e4m\u00e4kerta\" button_one_url=\"\/elamakerta\/\" admin_label=\"Hero Section\" module_class=\"fw--header\" _builder_version=\"4.23.1\" _module_preset=\"default\" background_enable_color=\"off\" custom_button_one=\"on\" custom_button_two=\"on\" module_alignment=\"left\" hover_enabled=\"0\" button_one_text_color_hover=\"#6eba01\" button_two_text_color_hover=\"#6eba01\" button_one_border_color_hover=\"#ffffff\" button_two_border_color_hover=\"#ffffff\" button_one_border_radius_hover=\"0\" button_two_border_radius_hover=\"0\" button_one_letter_spacing_hover=\"2\" button_two_letter_spacing_hover=\"2\" button_one_bg_color_hover=\"#ffffff\" button_two_bg_color_hover=\"#ffffff\" global_colors_info=\"{}\" sticky_enabled=\"0\"]<p>13.6.1897 \u2013 2.10.1973<\/p>[\/et_pb_fullwidth_header][\/et_pb_section][et_pb_section fb_built=\"1\" admin_label=\"content--section no--padding\" module_class=\"content--section small--padding--top no--padding--bottom \" _builder_version=\"4.23.1\" _module_preset=\"default\" animation_direction=\"bottom\" global_colors_info=\"{}\"][et_pb_row column_structure=\"1_2,1_2\" use_custom_gutter=\"on\" gutter_width=\"1\" make_equal=\"on\" admin_label=\"content--row fullwidth--row no--padding\" module_class=\"content--row fullwidth--row no--padding\" _builder_version=\"4.23\" _module_preset=\"default\" background_size=\"initial\" background_position=\"top_left\" background_repeat=\"repeat\" width_tablet=\"100%\" width_phone=\"100%\" width_last_edited=\"off|desktop\" max_width_tablet=\"100%\" max_width_phone=\"100%\" max_width_last_edited=\"off|desktop\" make_fullwidth=\"on\" global_colors_info=\"{}\"][et_pb_column type=\"1_2\" _builder_version=\"4.23\" _module_preset=\"default\" background_image=\"https:\/\/paavonurmi.fi\/wp-content\/uploads\/2023\/10\/Paavo-Nurmi-1924.jpg\" background_position=\"top_left\" custom_padding=\"|||\" global_colors_info=\"{}\" custom_padding__hover=\"|||\"][\/et_pb_column][et_pb_column type=\"1_2\" module_class=\"fullwidth--column--grid--padding bg--quartiary\" admin_label=\"fullwidth--column--grid--padding\" _builder_version=\"4.23\" _module_preset=\"default\" background_enable_color=\"off\" background_position=\"top_left\" global_colors_info=\"{}\" custom_padding__hover=\"|||\"][et_pb_divider divider_weight=\"3px\" disabled_on=\"off|off|off\" module_class=\"custom--divider primary\" _builder_version=\"4.23.1\" _module_preset=\"default\" background_color_gradient_direction=\"90deg\" max_width=\"100px\" module_alignment=\"left\" height=\"5px\" custom_margin=\"||20px|\" custom_padding=\"||20px|\" animation_direction=\"bottom\" module_alignment_tablet=\"center\" module_alignment_phone=\"center\" module_alignment_last_edited=\"on|tablet\" saved_tabs=\"all\" locked=\"off\" global_colors_info=\"{}\"][\/et_pb_divider][et_pb_cta button_url=\"\/olympic-games\/\" button_text=\"Olympialaiset\" admin_label=\"text--450\" module_class=\"text--450\" _builder_version=\"4.23.1\" _module_preset=\"default\" use_background_color=\"off\" custom_button=\"on\" text_orientation=\"left\" module_alignment=\"left\" custom_margin=\"|||\" custom_padding=\"|||\" animation_direction=\"bottom\" hover_enabled=\"0\" text_orientation_tablet=\"center\" text_orientation_phone=\"center\" text_orientation_last_edited=\"on|tablet\" button_text_color_hover=\"#6eba01\" button_border_color_hover=\"#6eba01\" button_border_radius_hover=\"0\" button_letter_spacing_hover=\"2\" button_bg_color_hover=\"rgba(0,0,0,0)\" saved_tabs=\"all\" locked=\"off\" global_colors_info=\"{}\" button_one_text_size__hover_enabled=\"off\" button_two_text_size__hover_enabled=\"off\" button_one_text_color__hover_enabled=\"off\" button_two_text_color__hover_enabled=\"off\" button_one_border_width__hover_enabled=\"off\" button_two_border_width__hover_enabled=\"off\" button_one_border_color__hover_enabled=\"off\" button_two_border_color__hover_enabled=\"off\" button_one_border_radius__hover_enabled=\"off\" button_two_border_radius__hover_enabled=\"off\" button_one_letter_spacing__hover_enabled=\"off\" button_two_letter_spacing__hover_enabled=\"off\" button_one_bg_color__hover_enabled=\"off\" button_two_bg_color__hover_enabled=\"off\" sticky_enabled=\"0\"]<p><strong>Paavo Nurmi<\/strong> oli maailman kaikkien aikojen suurin juoksija. H\u00e4n oli \u201cJuoksijoiden kuningas\u201d ja \u201cLent\u00e4v\u00e4 suomalainen\u201d. Kaikkialla maailmassa tunnettu juoksija oli aikanaan keskeinen osa suomalaista itsetuntoa. Nurmea vei eteenp\u00e4in rakkaus juoksemiseen.<\/p>\r\n\r\n<p>Juoksuun kanavoitui halu olla jotakin sek\u00e4 tarve n\u00e4ytt\u00e4\u00e4 itselle ja muille. Paavo Nurmi saavutti kolmissa olympiakisoissa 1920-luvulla yhteens\u00e4 yhdeks\u00e4n kulta- ja kolme hopeamitalia.<\/p>[\/et_pb_cta][\/et_pb_column][\/et_pb_row][\/et_pb_section][et_pb_section fb_built=\"1\" admin_label=\"content--section\" module_class=\"content--section\" _builder_version=\"4.23.1\" _module_preset=\"default\" global_colors_info=\"{}\"][et_pb_row admin_label=\"content--row\" module_class=\"content--row\" _builder_version=\"4.17.4\" _module_preset=\"default\" background_size=\"initial\" background_position=\"top_left\" background_repeat=\"repeat\" custom_width_px=\"710px\" global_colors_info=\"{}\"][et_pb_column type=\"4_4\" _builder_version=\"4.16\" _module_preset=\"default\" background_position=\"top_left\" custom_padding=\"|||\" global_colors_info=\"{}\" custom_padding__hover=\"|||\"][et_pb_text admin_label=\"title text--750\" module_class=\"text--750 thin--heading text-center\" _builder_version=\"4.23.1\" _module_preset=\"default\" module_alignment=\"center\" animation_direction=\"bottom\" global_colors_info=\"{}\"]<h2>\"<\/h2>[\/et_pb_text][et_pb_text admin_label=\"title text--750\" module_class=\"text--750 thin--heading text-center quote\" _builder_version=\"4.23.1\" _module_preset=\"default\" module_alignment=\"center\" animation_direction=\"bottom\" global_colors_info=\"{}\"]<strong>H\u00e4ness\u00e4 oli jotakin ep\u00e4inhimillisen karua ja julmaa, mutta h\u00e4n valloitti maailman kirkkain asein: tahdollaan, jossa oli yliluonnollista voimaa<\/strong>[\/et_pb_text][et_pb_text admin_label=\"text--750\" module_class=\"text--750 text-center\" _builder_version=\"4.23.1\" _module_preset=\"default\" background_size=\"initial\" background_position=\"top_left\" background_repeat=\"repeat\" module_alignment=\"center\" animation_direction=\"bottom\" global_colors_info=\"{}\"]<em>Martti Jukola (Huippu-urheilun historia, 1935)<\/em>[\/et_pb_text][\/et_pb_column][\/et_pb_row][\/et_pb_section]","_et_gb_content_width":"","footnotes":""},"class_list":["post-869","page","type-page","status-publish","hentry"],"yoast_head":"<!-- This site is optimized with the Yoast SEO plugin v22.3 - https:\/\/yoast.com\/wordpress\/plugins\/seo\/ -->\n<title>Paavo Nurmi THE FLYING FINN - Paavo Nurmi THE FLYING FINN<\/title>\n<meta name=\"robots\" content=\"index, follow, max-snippet:-1, max-image-preview:large, max-video-preview:-1\" \/>\n<link rel=\"canonical\" href=\"https:\/\/paavonurmi.fi\/de\/\" \/>\n<meta property=\"og:locale\" content=\"de_DE\" \/>\n<meta property=\"og:type\" content=\"article\" \/>\n<meta property=\"og:title\" content=\"Paavo Nurmi THE FLYING FINN - Paavo Nurmi THE FLYING FINN\" \/>\n<meta property=\"og:description\" content=\"13.6.1897 \u2013 2.10.1973Paavo Nurmi war weltweit der gr\u00f6\u00dfte L\u00e4ufer aller Zeiten. Er war der \u201cK\u00f6nig der L\u00e4ufer\u201d und der \u201cFliegende Finne\u201d. Der \u00fcberall auf der Welt bekannte L\u00e4ufer war seinerzeit ein zentraler Fixpunkt finnischer Identit\u00e4t. Nurmi bef\u00f6rderte die Begeisterung f\u00fcr das Laufen. Im Laufen dr\u00fcckte sich das Bed\u00fcrfnis aus, es sich selbst und anderen zu [&hellip;]\" \/>\n<meta property=\"og:url\" content=\"https:\/\/paavonurmi.fi\/de\/\" \/>\n<meta property=\"og:site_name\" content=\"Paavo Nurmi THE FLYING FINN\" \/>\n<meta property=\"article:modified_time\" content=\"2023-11-29T06:53:26+00:00\" \/>\n<meta name=\"twitter:card\" content=\"summary_large_image\" \/>\n<meta name=\"twitter:label1\" content=\"Gesch\u00e4tzte Lesezeit\" \/>\n\t<meta name=\"twitter:data1\" content=\"2\u00a0Minuten\" \/>\n<script type=\"application\/ld+json\" class=\"yoast-schema-graph\">{\"@context\":\"https:\/\/schema.org\",\"@graph\":[{\"@type\":\"WebPage\",\"@id\":\"https:\/\/paavonurmi.fi\/de\/\",\"url\":\"https:\/\/paavonurmi.fi\/de\/\",\"name\":\"Paavo Nurmi THE FLYING FINN - Paavo Nurmi THE FLYING FINN\",\"isPartOf\":{\"@id\":\"https:\/\/paavonurmi.fi\/#website\"},\"datePublished\":\"2023-10-23T09:00:26+00:00\",\"dateModified\":\"2023-11-29T06:53:26+00:00\",\"breadcrumb\":{\"@id\":\"https:\/\/paavonurmi.fi\/de\/#breadcrumb\"},\"inLanguage\":\"de\",\"potentialAction\":[{\"@type\":\"ReadAction\",\"target\":[\"https:\/\/paavonurmi.fi\/de\/\"]}]},{\"@type\":\"BreadcrumbList\",\"@id\":\"https:\/\/paavonurmi.fi\/de\/#breadcrumb\",\"itemListElement\":[{\"@type\":\"ListItem\",\"position\":1,\"name\":\"Home\",\"item\":\"https:\/\/paavonurmi.fi\/de\/\"},{\"@type\":\"ListItem\",\"position\":2,\"name\":\"Paavo Nurmi THE FLYING FINN\"}]},{\"@type\":\"WebSite\",\"@id\":\"https:\/\/paavonurmi.fi\/#website\",\"url\":\"https:\/\/paavonurmi.fi\/\",\"name\":\"Paavo Nurmi THE FLYING FINN\",\"description\":\"Paavo Nurmi THE FLYING FINN\",\"potentialAction\":[{\"@type\":\"SearchAction\",\"target\":{\"@type\":\"EntryPoint\",\"urlTemplate\":\"https:\/\/paavonurmi.fi\/?s={search_term_string}\"},\"query-input\":\"required name=search_term_string\"}],\"inLanguage\":\"de\"}]}<\/script>\n<!-- \/ Yoast SEO plugin. -->","yoast_head_json":{"title":"Paavo Nurmi THE FLYING FINN - Paavo Nurmi THE FLYING FINN","robots":{"index":"index","follow":"follow","max-snippet":"max-snippet:-1","max-image-preview":"max-image-preview:large","max-video-preview":"max-video-preview:-1"},"canonical":"https:\/\/paavonurmi.fi\/de\/","og_locale":"de_DE","og_type":"article","og_title":"Paavo Nurmi THE FLYING FINN - Paavo Nurmi THE FLYING FINN","og_description":"13.6.1897 \u2013 2.10.1973Paavo Nurmi war weltweit der gr\u00f6\u00dfte L\u00e4ufer aller Zeiten. Er war der \u201cK\u00f6nig der L\u00e4ufer\u201d und der \u201cFliegende Finne\u201d. Der \u00fcberall auf der Welt bekannte L\u00e4ufer war seinerzeit ein zentraler Fixpunkt finnischer Identit\u00e4t. Nurmi bef\u00f6rderte die Begeisterung f\u00fcr das Laufen. Im Laufen dr\u00fcckte sich das Bed\u00fcrfnis aus, es sich selbst und anderen zu [&hellip;]","og_url":"https:\/\/paavonurmi.fi\/de\/","og_site_name":"Paavo Nurmi THE FLYING FINN","article_modified_time":"2023-11-29T06:53:26+00:00","twitter_card":"summary_large_image","twitter_misc":{"Gesch\u00e4tzte Lesezeit":"2\u00a0Minuten"},"schema":{"@context":"https:\/\/schema.org","@graph":[{"@type":"WebPage","@id":"https:\/\/paavonurmi.fi\/de\/","url":"https:\/\/paavonurmi.fi\/de\/","name":"Paavo Nurmi THE FLYING FINN - Paavo Nurmi THE FLYING FINN","isPartOf":{"@id":"https:\/\/paavonurmi.fi\/#website"},"datePublished":"2023-10-23T09:00:26+00:00","dateModified":"2023-11-29T06:53:26+00:00","breadcrumb":{"@id":"https:\/\/paavonurmi.fi\/de\/#breadcrumb"},"inLanguage":"de","potentialAction":[{"@type":"ReadAction","target":["https:\/\/paavonurmi.fi\/de\/"]}]},{"@type":"BreadcrumbList","@id":"https:\/\/paavonurmi.fi\/de\/#breadcrumb","itemListElement":[{"@type":"ListItem","position":1,"name":"Home","item":"https:\/\/paavonurmi.fi\/de\/"},{"@type":"ListItem","position":2,"name":"Paavo Nurmi THE FLYING FINN"}]},{"@type":"WebSite","@id":"https:\/\/paavonurmi.fi\/#website","url":"https:\/\/paavonurmi.fi\/","name":"Paavo Nurmi THE FLYING FINN","description":"Paavo Nurmi THE FLYING FINN","potentialAction":[{"@type":"SearchAction","target":{"@type":"EntryPoint","urlTemplate":"https:\/\/paavonurmi.fi\/?s={search_term_string}"},"query-input":"required name=search_term_string"}],"inLanguage":"de"}]}},"_links":{"self":[{"href":"https:\/\/paavonurmi.fi\/de\/wp-json\/wp\/v2\/pages\/869","targetHints":{"allow":["GET"]}}],"collection":[{"href":"https:\/\/paavonurmi.fi\/de\/wp-json\/wp\/v2\/pages"}],"about":[{"href":"https:\/\/paavonurmi.fi\/de\/wp-json\/wp\/v2\/types\/page"}],"author":[{"embeddable":true,"href":"https:\/\/paavonurmi.fi\/de\/wp-json\/wp\/v2\/users\/1"}],"replies":[{"embeddable":true,"href":"https:\/\/paavonurmi.fi\/de\/wp-json\/wp\/v2\/comments?post=869"}],"version-history":[{"count":5,"href":"https:\/\/paavonurmi.fi\/de\/wp-json\/wp\/v2\/pages\/869\/revisions"}],"predecessor-version":[{"id":1510,"href":"https:\/\/paavonurmi.fi\/de\/wp-json\/wp\/v2\/pages\/869\/revisions\/1510"}],"wp:attachment":[{"href":"https:\/\/paavonurmi.fi\/de\/wp-json\/wp\/v2\/media?parent=869"}],"curies":[{"name":"wp","href":"https:\/\/api.w.org\/{rel}","templated":true}]}}