{"id":891,"date":"2023-10-24T12:07:29","date_gmt":"2023-10-24T09:07:29","guid":{"rendered":"https:\/\/paavonurmi.fi\/tour-usa\/"},"modified":"2023-12-21T11:07:25","modified_gmt":"2023-12-21T09:07:25","slug":"tour-usa","status":"publish","type":"page","link":"https:\/\/paavonurmi.fi\/de\/tour-usa\/","title":{"rendered":"Tour USA"},"content":{"rendered":"<p>[et_pb_section fb_built=&#8220;1&#8243; fullwidth=&#8220;on&#8220; admin_label=&#8220;Page Header&#8220; module_class=&#8220;hero&#8211;section&#8220; _builder_version=&#8220;4.23.1&#8243; _module_preset=&#8220;default&#8220; background_image=&#8220;\/wp-content\/uploads\/2023\/12\/Paavo-Nurmi-Amerikan-Kiertue-1929.jpg&#8220; hover_enabled=&#8220;0&#8243; global_colors_info=&#8220;{}&#8220; sticky_enabled=&#8220;0&#8243;][et_pb_fullwidth_header title=&#8220;AMERIKA-TOURNEE IM JAHR 1925&#8243; text_orientation=&#8220;center&#8220; header_fullscreen=&#8220;on&#8220; button_one_url=&#8220;#&#8220; button_two_url=&#8220;#&#8220; admin_label=&#8220;Hero Section&#8220; module_class=&#8220;fw&#8211;header&#8220; _builder_version=&#8220;4.23.1&#8243; _module_preset=&#8220;default&#8220; background_enable_color=&#8220;off&#8220; custom_button_one=&#8220;on&#8220; custom_button_two=&#8220;on&#8220; module_alignment=&#8220;left&#8220; button_one_text_color_hover=&#8220;#6eba01&#8243; button_two_text_color_hover=&#8220;#6eba01&#8243; button_one_border_color_hover=&#8220;#ffffff&#8220; button_two_border_color_hover=&#8220;#ffffff&#8220; button_one_border_radius_hover=&#8220;0&#8243; button_two_border_radius_hover=&#8220;0&#8243; button_one_letter_spacing_hover=&#8220;2&#8243; button_two_letter_spacing_hover=&#8220;2&#8243; button_one_bg_color_hover=&#8220;#ffffff&#8220; button_two_bg_color_hover=&#8220;#ffffff&#8220; global_colors_info=&#8220;{}&#8220;][\/et_pb_fullwidth_header][\/et_pb_section][et_pb_section fb_built=&#8220;1&#8243; admin_label=&#8220;content&#8211;section no&#8211;padding&#8220; module_class=&#8220;content&#8211;section small&#8211;padding&#8211;top  small&#8211;padding&#8211;bottom&#8220; _builder_version=&#8220;4.23&#8243; _module_preset=&#8220;default&#8220; animation_direction=&#8220;bottom&#8220; global_colors_info=&#8220;{}&#8220;][et_pb_row column_structure=&#8220;2_3,1_3&#8243; use_custom_gutter=&#8220;on&#8220; gutter_width=&#8220;1&#8243; make_equal=&#8220;on&#8220; admin_label=&#8220;content&#8211;row fullwidth&#8211;row no&#8211;padding&#8220; module_class=&#8220;content&#8211;row fullwidth&#8211;row no&#8211;padding &#8220; _builder_version=&#8220;4.23&#8243; _module_preset=&#8220;default&#8220; background_size=&#8220;initial&#8220; background_position=&#8220;top_left&#8220; background_repeat=&#8220;repeat&#8220; width_tablet=&#8220;100%&#8220; width_phone=&#8220;100%&#8220; width_last_edited=&#8220;off|desktop&#8220; max_width_tablet=&#8220;100%&#8220; max_width_phone=&#8220;100%&#8220; max_width_last_edited=&#8220;off|desktop&#8220; make_fullwidth=&#8220;on&#8220; global_colors_info=&#8220;{}&#8220;][et_pb_column type=&#8220;2_3&#8243; module_class=&#8220;special&#8211;content&#8211;column&#8220; _builder_version=&#8220;4.23&#8243; _module_preset=&#8220;default&#8220; background_enable_image=&#8220;off&#8220; background_position=&#8220;top_left&#8220; custom_padding=&#8220;|||&#8220; global_colors_info=&#8220;{}&#8220; custom_padding__hover=&#8220;|||&#8220;][et_pb_cta button_url=&#8220;#&#8220; module_class=&#8220;ela&#8220; _builder_version=&#8220;4.23.1&#8243; _module_preset=&#8220;default&#8220; use_background_color=&#8220;off&#8220; custom_button=&#8220;on&#8220; text_orientation=&#8220;left&#8220; module_alignment=&#8220;left&#8220; custom_margin=&#8220;|||&#8220; custom_padding=&#8220;|||&#8220; animation_direction=&#8220;bottom&#8220; text_orientation_tablet=&#8220;center&#8220; text_orientation_phone=&#8220;center&#8220; text_orientation_last_edited=&#8220;on|desktop&#8220; button_text_color_hover=&#8220;#6eba01&#8243; button_border_color_hover=&#8220;#6eba01&#8243; button_border_radius_hover=&#8220;0&#8243; button_letter_spacing_hover=&#8220;2&#8243; button_bg_color_hover=&#8220;rgba(0,0,0,0)&#8220; saved_tabs=&#8220;all&#8220; locked=&#8220;off&#8220; global_colors_info=&#8220;{}&#8220; button_one_text_size__hover_enabled=&#8220;off&#8220; button_two_text_size__hover_enabled=&#8220;off&#8220; button_one_text_color__hover_enabled=&#8220;off&#8220; button_two_text_color__hover_enabled=&#8220;off&#8220; button_one_border_width__hover_enabled=&#8220;off&#8220; button_two_border_width__hover_enabled=&#8220;off&#8220; button_one_border_color__hover_enabled=&#8220;off&#8220; button_two_border_color__hover_enabled=&#8220;off&#8220; button_one_border_radius__hover_enabled=&#8220;off&#8220; button_two_border_radius__hover_enabled=&#8220;off&#8220; button_one_letter_spacing__hover_enabled=&#8220;off&#8220; button_two_letter_spacing__hover_enabled=&#8220;off&#8220; button_one_bg_color__hover_enabled=&#8220;off&#8220; button_two_bg_color__hover_enabled=&#8220;off&#8220;]<\/p>\n<p>Der Leichtathletikverband der USA war schon im November 1922 daran interessiert, Paavo Nurmi zu Rennen auf dem neuen Kontinent einzuladen. Nurmis Ausbildung auf der Industrieschule in Helsinki sowie die Vorbereitungen auf die Olympiade in Paris verhinderten die Reise f\u00fcr zwei Jahre. Nach seinen Pariser Olympiaerfolgen war er noch mehr unter den amerikanischen Wettkampfveranstaltern begehrt. Im November 1924 ging Nurmi mit seinem Masseur Eino Hakoniemi in Hanko an Bord des Schiffes Arcturus. Die Reise f\u00fchrte \u00fcber die bekannte Emigranten-Route Kopenhagen, Hull und Liverpool nach New York. Die Trainingm\u00f6glichkeiten waren auf den Schiffen nicht besonders geeignet. Nurmi beschrieb seine Reise f\u00fcr die Weihnachtsausgabe 1925 der Arbeitersport-Zeitschrift folgenderma\u00dfen: \u201cIch trainierte t\u00e4glich auf dem Schiff. Eigentlich nachts bei schlechter Beleuchtung, denn w\u00e4hrend des Tages scheute ich mich und im Morgengrauen traute ich mich beim Aufstehen der Stewards nicht.\u201d Das Schiff Celtic erreichte New York am 10. Dezember, und den Meisterl\u00e4ufer nahm eine mehrere hundertk\u00f6pfige Menge amerikanischer Finnen in Empfang. Der offizielle Empfang fand im Rathaus statt, wo der New Yorker B\u00fcrgermeister dem Ehrengast den Stadtschl\u00fcssel \u00fcberreichte.<\/p>\n<p>[\/et_pb_cta][et_pb_cta title=&#8220;AUF DEN HALLENBAHNEN DICHTER RAUCH UND H\u00d6LLISCHES GESCHREI&#8220; button_url=&#8220;#&#8220; admin_label=&#8220;AUF DEN HALLENBAHNEN DICHTER RAUCH UND H\u00d6LLISCHES GESCHREI&#8220; module_class=&#8220;ela tertiary-bg&#8220; _builder_version=&#8220;4.23.1&#8243; _module_preset=&#8220;default&#8220; use_background_color=&#8220;off&#8220; custom_button=&#8220;on&#8220; text_orientation=&#8220;left&#8220; module_alignment=&#8220;left&#8220; custom_margin=&#8220;|||&#8220; custom_padding=&#8220;|||&#8220; animation_direction=&#8220;bottom&#8220; text_orientation_tablet=&#8220;center&#8220; text_orientation_phone=&#8220;center&#8220; text_orientation_last_edited=&#8220;on|tablet&#8220; button_text_color_hover=&#8220;#6eba01&#8243; button_border_color_hover=&#8220;#6eba01&#8243; button_border_radius_hover=&#8220;0&#8243; button_letter_spacing_hover=&#8220;2&#8243; button_bg_color_hover=&#8220;rgba(0,0,0,0)&#8220; saved_tabs=&#8220;all&#8220; locked=&#8220;off&#8220; global_colors_info=&#8220;{}&#8220; button_one_text_size__hover_enabled=&#8220;off&#8220; button_two_text_size__hover_enabled=&#8220;off&#8220; button_one_text_color__hover_enabled=&#8220;off&#8220; button_two_text_color__hover_enabled=&#8220;off&#8220; button_one_border_width__hover_enabled=&#8220;off&#8220; button_two_border_width__hover_enabled=&#8220;off&#8220; button_one_border_color__hover_enabled=&#8220;off&#8220; button_two_border_color__hover_enabled=&#8220;off&#8220; button_one_border_radius__hover_enabled=&#8220;off&#8220; button_two_border_radius__hover_enabled=&#8220;off&#8220; button_one_letter_spacing__hover_enabled=&#8220;off&#8220; button_two_letter_spacing__hover_enabled=&#8220;off&#8220; button_one_bg_color__hover_enabled=&#8220;off&#8220; button_two_bg_color__hover_enabled=&#8220;off&#8220;]<\/p>\n<p>Nurmi wohnte zun\u00e4chst bei seinem Gastgeber, dem Vorsitzenden des amerikanisch-finnischen Sportvereins FAAC Hugo Qvist. Er zog aber schnell an den Stadtrand, weil sich in der Wohnung immer Dutzende von Interviewern und begeisterten Fans befanden. Nurmi begann eine strenge Trainingsphase, um die kommende Wettkampftournee durchzustehen: zuerst 2\u00bd Wochen Au\u00dfentraining und dann Anpassung an Hallenbahnen.<\/p>\n<p>Der erste Wettkampf fand am 6. Januar 1925 im legend\u00e4ren Madison Square Garden statt. Die Arena war schnell ausverkauft, als sich die Nachricht vom Er\u00f6ffnungswettkampf in der \u00d6ffentlichkeit verbreitete. Nurmi hielt die elastische 160-Yard-Bahn (140 m) des Garden f\u00fcr Amerikas schnellste, und er stellte fest, dass die Tabak geschw\u00e4ngerte Luft den K\u00f6rper belebte. Das Programm von Nurmis Er\u00f6ffnungsrennen erinnerte an die Meisterleistung des vergangenen Sommers \u2013 innerhalb einer Stunde eine Meile und 5000 Meter. \u00dcber die Meile sah es so aus, dass die besten M\u00e4nner der USA, Joie Ray und Lloyd Hahn, den Finnen, der \u201canfangs nicht mit der Resonanz der federnden Bahn klar kam\u201d, \u00fcberraschen w\u00fcrden, aber Nurmi holte die Ausrei\u00dfer wieder ein und lief die Meile in neuer Weltrekordzeit 4.13,5. Der Beginn des 5000-Meter-Lauf verz\u00f6gerte sich etwas wegen der begeisterten Fotografen, die Nurmi und seinen h\u00e4rtesten Mitstreiter Ville Ritola umringten. Ritola machte das Tempo in dem Rennen, aber 200 Meter vor dem Ziel setzte Nurmi zum Spurt an, und die Uhren stoppten 14.44,6 \u2013 wieder ein neuer Weltrekord!<\/p>\n<p>[\/et_pb_cta][et_pb_cta title=&#8220;\u00dcBER 50 000 REISEKILOMETER!&#8220; button_url=&#8220;#&#8220; admin_label=&#8220;\u00dcBER 50 000 REISEKILOMETER!&#8220; module_class=&#8220;ela&#8220; _builder_version=&#8220;4.23.1&#8243; _module_preset=&#8220;default&#8220; use_background_color=&#8220;off&#8220; custom_button=&#8220;on&#8220; text_orientation=&#8220;left&#8220; module_alignment=&#8220;left&#8220; custom_margin=&#8220;|||&#8220; custom_padding=&#8220;|||&#8220; animation_direction=&#8220;bottom&#8220; text_orientation_tablet=&#8220;center&#8220; text_orientation_phone=&#8220;center&#8220; text_orientation_last_edited=&#8220;on|desktop&#8220; button_text_color_hover=&#8220;#6eba01&#8243; button_border_color_hover=&#8220;#6eba01&#8243; button_border_radius_hover=&#8220;0&#8243; button_letter_spacing_hover=&#8220;2&#8243; button_bg_color_hover=&#8220;rgba(0,0,0,0)&#8220; saved_tabs=&#8220;all&#8220; locked=&#8220;off&#8220; global_colors_info=&#8220;{}&#8220; button_one_text_size__hover_enabled=&#8220;off&#8220; button_two_text_size__hover_enabled=&#8220;off&#8220; button_one_text_color__hover_enabled=&#8220;off&#8220; button_two_text_color__hover_enabled=&#8220;off&#8220; button_one_border_width__hover_enabled=&#8220;off&#8220; button_two_border_width__hover_enabled=&#8220;off&#8220; button_one_border_color__hover_enabled=&#8220;off&#8220; button_two_border_color__hover_enabled=&#8220;off&#8220; button_one_border_radius__hover_enabled=&#8220;off&#8220; button_two_border_radius__hover_enabled=&#8220;off&#8220; button_one_letter_spacing__hover_enabled=&#8220;off&#8220; button_two_letter_spacing__hover_enabled=&#8220;off&#8220; button_one_bg_color__hover_enabled=&#8220;off&#8220; button_two_bg_color__hover_enabled=&#8220;off&#8220;]<\/p>\n<p>Nurmi wollte eigentlich nicht den ganzen Winter in den Vereinigten Staaten bleiben, aber nach der gl\u00e4nzenden Premiere wollte man ihn in allen Teilen des Landes sehen. Nurmi lief insgesamt 55 Wettbewerbe und dar\u00fcber hinaus zwischen den Wettk\u00e4mpfen Schaul\u00e4ufe an Schulen, Universit\u00e4ten und in Kasernen. Das anstrengendste an der Tournee waren nicht die Rennen, sondern das Reisen und Repr\u00e4sentieren. In den 1920er Jahren reiste man nicht per Flugzeug, sondern mit dem Zug oder einem Bus. Nurmis Tournee reichte von K\u00fcste zu K\u00fcste, von Boston nach San Francisco, es reichte sogar f\u00fcr zwei Besuche in Kanada. Insgesamt reiste Nurmi \u00fcber 50 000 Kilometer. Da die Hallenwettbewerbe sehr sp\u00e4t begannen und die Hauptattraktion des Abends, Nurmi, erst gegen Mitternacht lief, kam der Held erst gegen ein oder zwei Uhr in der Nacht ins Bett. Die Bedingungen ber\u00fccksichtigend waren Nurmis Resultate beeindruckend: 55 L\u00e4ufe (45 in der Halle und 10 drau\u00dfen), davon 51 Siege, drei zweite Pl\u00e4tze (von denen zwei unentschieden waren) und ein Abbruch wegen einer Injektion. Er verbesserte insgesamt 12 Mal Hallenweltrekorde auf offiziellen Strecken sowie zahlreiche Rekorde auf inoffiziellen Strecken. Seinen letzten Wettkampf bestritt Nurmi am 26. Mai im New Yorker Yankee Stadion, bei dem er beim 880-Yards-Lauf dem schnellsten L\u00e4ufer des Kontinents \u00fcber eine halbe Meile den Vortritt lie\u00df \u2013 aus H\u00f6flichkeit, wie man in einem Zeitungskommentar feststellte.<\/p>\n<p>[\/et_pb_cta][et_pb_cta title=&#8220;WARUM WAR AMERIKA SO BEGEISTERT?&#8220; button_url=&#8220;#&#8220; admin_label=&#8220;WARUM WAR AMERIKA SO BEGEISTERT?&#8220; module_class=&#8220;ela tertiary-bg&#8220; _builder_version=&#8220;4.23.1&#8243; _module_preset=&#8220;default&#8220; use_background_color=&#8220;off&#8220; custom_button=&#8220;on&#8220; text_orientation=&#8220;left&#8220; module_alignment=&#8220;left&#8220; custom_margin=&#8220;|||&#8220; custom_padding=&#8220;|||&#8220; animation_direction=&#8220;bottom&#8220; text_orientation_tablet=&#8220;center&#8220; text_orientation_phone=&#8220;center&#8220; text_orientation_last_edited=&#8220;on|tablet&#8220; button_text_color_hover=&#8220;#6eba01&#8243; button_border_color_hover=&#8220;#6eba01&#8243; button_border_radius_hover=&#8220;0&#8243; button_letter_spacing_hover=&#8220;2&#8243; button_bg_color_hover=&#8220;rgba(0,0,0,0)&#8220; saved_tabs=&#8220;all&#8220; locked=&#8220;off&#8220; global_colors_info=&#8220;{}&#8220; button_one_text_size__hover_enabled=&#8220;off&#8220; button_two_text_size__hover_enabled=&#8220;off&#8220; button_one_text_color__hover_enabled=&#8220;off&#8220; button_two_text_color__hover_enabled=&#8220;off&#8220; button_one_border_width__hover_enabled=&#8220;off&#8220; button_two_border_width__hover_enabled=&#8220;off&#8220; button_one_border_color__hover_enabled=&#8220;off&#8220; button_two_border_color__hover_enabled=&#8220;off&#8220; button_one_border_radius__hover_enabled=&#8220;off&#8220; button_two_border_radius__hover_enabled=&#8220;off&#8220; button_one_letter_spacing__hover_enabled=&#8220;off&#8220; button_two_letter_spacing__hover_enabled=&#8220;off&#8220; button_one_bg_color__hover_enabled=&#8220;off&#8220; button_two_bg_color__hover_enabled=&#8220;off&#8220;]<\/p>\n<p>Warum wurde \u00fcber die Amerika-Tournee Nurmis so viel geschrieben und gesprochen? Wie vermochte der stille und introvertierte \u2018Phantom Finn\u2019 die Herzen der Amerikaner in den wilden 20er Jahren erobern, als Charleston, Jazz und Kabarett die Menschen begeisterten? Zumindest hatte Nurmi nicht selbst die \u00d6ffentlichkeit gesucht, denn wie es seine Art war, hatte er nicht ein einziges Interview w\u00e4hrend der Reise gegeben. Es ist verst\u00e4ndlich, dass Nurmi nach seiner R\u00fcckkehr nach Finnland vom Finnischen Pr\u00e4sidenten Lauri Kristian Relander mit seiner Mutter auf die Sommerresidenz Kultaranta in Naantali eingeladen wurde, wo ihm der Finnische Orden der Wei\u00dfen Rose, Ritter I. Klasse, \u00fcbereicht wurde, aber warum wollte auch der Pr\u00e4sident der Vereinigten Staaten, Calvin Coolidge, Nurmi treffen?<\/p>\n<p>Die New York Times schrieb von Januar bis M\u00e4rz \u00fcber 70 Nachrichten zu Nurmi und seine Vorhaben, und die kleinen Zeitungen folgten diesem Beispiel. Das Trommeln der Zeitungen war sicherlich einer der Gr\u00fcnde f\u00fcr die gro\u00dfe Beliebtheit, wie Nurmi selbst feststellte: \u201cZeitungen sind in aller H\u00e4nde, aber man liest nur die Sportnachrichten und danach wird sie weggeschmissen\u201d. Als Nurmi im Winter 1929 eine weitere Tournee durch Amerika unternahm, war die Aufregung wieder ziemlich gro\u00df, aber auf ein \u00e4hnliches Wettkampfkarusell wie 1925 lie\u00df er sich nicht mehr ein. Paavo Nurmi besuchte die Vereinigten Staaten viele Male bis in die 60er Jahre, und er war immer ein gern gesehener Gast bei den Festen amerikanischer Ber\u00fchmtheiten.<\/p>\n<p>[\/et_pb_cta][\/et_pb_column][et_pb_column type=&#8220;1_3&#8243; admin_label=&#8220;fullwidth&#8211;column&#8211;grid&#8211;padding&#8220; _builder_version=&#8220;4.23&#8243; _module_preset=&#8220;default&#8220; background_enable_color=&#8220;off&#8220; background_position=&#8220;top_left&#8220; global_colors_info=&#8220;{}&#8220; custom_padding__hover=&#8220;|||&#8220;][et_pb_image src=&#8220;\/wp-content\/uploads\/2023\/10\/pn_Amerikan-kiertue-1925_1.jpg&#8220; show_in_lightbox=&#8220;on&#8220; module_class=&#8220;ela&#8211;image&#8220; _builder_version=&#8220;4.23&#8243; _module_preset=&#8220;default&#8220; global_colors_info=&#8220;{}&#8220;][\/et_pb_image][et_pb_image src=&#8220;\/wp-content\/uploads\/2023\/10\/pn_Amerikan-kiertue-1925_2_2.jpg&#8220; show_in_lightbox=&#8220;on&#8220; module_class=&#8220;ela&#8211;image&#8220; _builder_version=&#8220;4.23&#8243; _module_preset=&#8220;default&#8220; global_colors_info=&#8220;{}&#8220;][\/et_pb_image][et_pb_image src=&#8220;\/wp-content\/uploads\/2023\/10\/pn_Amerikan-kiertue-1929.jpg&#8220; show_in_lightbox=&#8220;on&#8220; module_class=&#8220;ela&#8211;image&#8220; _builder_version=&#8220;4.23&#8243; _module_preset=&#8220;default&#8220; global_colors_info=&#8220;{}&#8220;][\/et_pb_image][et_pb_image src=&#8220;\/wp-content\/uploads\/2023\/10\/pn_New-York-1929_1.jpg&#8220; show_in_lightbox=&#8220;on&#8220; module_class=&#8220;ela&#8211;image&#8220; _builder_version=&#8220;4.23&#8243; _module_preset=&#8220;default&#8220; global_colors_info=&#8220;{}&#8220;][\/et_pb_image][et_pb_image src=&#8220;\/wp-content\/uploads\/2023\/10\/pn_Paavo-Nurmi_New-York_1966.jpg&#8220; show_in_lightbox=&#8220;on&#8220; module_class=&#8220;ela&#8211;image&#8220; _builder_version=&#8220;4.23&#8243; _module_preset=&#8220;default&#8220; global_colors_info=&#8220;{}&#8220;][\/et_pb_image][\/et_pb_column][\/et_pb_row][\/et_pb_section]<\/p>\n","protected":false},"excerpt":{"rendered":"<p>Der Leichtathletikverband der USA war schon im November 1922 daran interessiert, Paavo Nurmi zu Rennen auf dem neuen Kontinent einzuladen. Nurmis Ausbildung auf der Industrieschule in Helsinki sowie die Vorbereitungen auf die Olympiade in Paris verhinderten die Reise f\u00fcr zwei Jahre. Nach seinen Pariser Olympiaerfolgen war er noch mehr unter den amerikanischen Wettkampfveranstaltern begehrt. Im [&hellip;]<\/p>\n","protected":false},"author":1,"featured_media":0,"parent":0,"menu_order":0,"comment_status":"closed","ping_status":"closed","template":"","meta":{"_et_pb_use_builder":"on","_et_pb_old_content":"","_et_gb_content_width":"","footnotes":""},"class_list":["post-891","page","type-page","status-publish","hentry"],"yoast_head":"<!-- This site is optimized with the Yoast SEO plugin v22.3 - https:\/\/yoast.com\/wordpress\/plugins\/seo\/ -->\n<title>Tour USA - Paavo Nurmi THE FLYING FINN<\/title>\n<meta name=\"robots\" content=\"index, follow, max-snippet:-1, max-image-preview:large, max-video-preview:-1\" \/>\n<link rel=\"canonical\" href=\"https:\/\/paavonurmi.fi\/de\/tour-usa\/\" \/>\n<meta property=\"og:locale\" content=\"de_DE\" \/>\n<meta property=\"og:type\" content=\"article\" \/>\n<meta property=\"og:title\" content=\"Tour USA - Paavo Nurmi THE FLYING FINN\" \/>\n<meta property=\"og:description\" content=\"Der Leichtathletikverband der USA war schon im November 1922 daran interessiert, Paavo Nurmi zu Rennen auf dem neuen Kontinent einzuladen. Nurmis Ausbildung auf der Industrieschule in Helsinki sowie die Vorbereitungen auf die Olympiade in Paris verhinderten die Reise f\u00fcr zwei Jahre. Nach seinen Pariser Olympiaerfolgen war er noch mehr unter den amerikanischen Wettkampfveranstaltern begehrt. Im [&hellip;]\" \/>\n<meta property=\"og:url\" content=\"https:\/\/paavonurmi.fi\/de\/tour-usa\/\" \/>\n<meta property=\"og:site_name\" content=\"Paavo Nurmi THE FLYING FINN\" \/>\n<meta property=\"article:modified_time\" content=\"2023-12-21T09:07:25+00:00\" \/>\n<meta name=\"twitter:card\" content=\"summary_large_image\" \/>\n<meta name=\"twitter:label1\" content=\"Gesch\u00e4tzte Lesezeit\" \/>\n\t<meta name=\"twitter:data1\" content=\"7\u00a0Minuten\" \/>\n<script type=\"application\/ld+json\" class=\"yoast-schema-graph\">{\"@context\":\"https:\/\/schema.org\",\"@graph\":[{\"@type\":\"WebPage\",\"@id\":\"https:\/\/paavonurmi.fi\/de\/tour-usa\/\",\"url\":\"https:\/\/paavonurmi.fi\/de\/tour-usa\/\",\"name\":\"Tour USA - Paavo Nurmi THE FLYING FINN\",\"isPartOf\":{\"@id\":\"https:\/\/paavonurmi.fi\/#website\"},\"datePublished\":\"2023-10-24T09:07:29+00:00\",\"dateModified\":\"2023-12-21T09:07:25+00:00\",\"breadcrumb\":{\"@id\":\"https:\/\/paavonurmi.fi\/de\/tour-usa\/#breadcrumb\"},\"inLanguage\":\"de\",\"potentialAction\":[{\"@type\":\"ReadAction\",\"target\":[\"https:\/\/paavonurmi.fi\/de\/tour-usa\/\"]}]},{\"@type\":\"BreadcrumbList\",\"@id\":\"https:\/\/paavonurmi.fi\/de\/tour-usa\/#breadcrumb\",\"itemListElement\":[{\"@type\":\"ListItem\",\"position\":1,\"name\":\"Home\",\"item\":\"https:\/\/paavonurmi.fi\/de\/\"},{\"@type\":\"ListItem\",\"position\":2,\"name\":\"Tour USA\"}]},{\"@type\":\"WebSite\",\"@id\":\"https:\/\/paavonurmi.fi\/#website\",\"url\":\"https:\/\/paavonurmi.fi\/\",\"name\":\"Paavo Nurmi THE FLYING FINN\",\"description\":\"Paavo Nurmi THE FLYING FINN\",\"potentialAction\":[{\"@type\":\"SearchAction\",\"target\":{\"@type\":\"EntryPoint\",\"urlTemplate\":\"https:\/\/paavonurmi.fi\/?s={search_term_string}\"},\"query-input\":\"required name=search_term_string\"}],\"inLanguage\":\"de\"}]}<\/script>\n<!-- \/ Yoast SEO plugin. -->","yoast_head_json":{"title":"Tour USA - Paavo Nurmi THE FLYING FINN","robots":{"index":"index","follow":"follow","max-snippet":"max-snippet:-1","max-image-preview":"max-image-preview:large","max-video-preview":"max-video-preview:-1"},"canonical":"https:\/\/paavonurmi.fi\/de\/tour-usa\/","og_locale":"de_DE","og_type":"article","og_title":"Tour USA - Paavo Nurmi THE FLYING FINN","og_description":"Der Leichtathletikverband der USA war schon im November 1922 daran interessiert, Paavo Nurmi zu Rennen auf dem neuen Kontinent einzuladen. Nurmis Ausbildung auf der Industrieschule in Helsinki sowie die Vorbereitungen auf die Olympiade in Paris verhinderten die Reise f\u00fcr zwei Jahre. Nach seinen Pariser Olympiaerfolgen war er noch mehr unter den amerikanischen Wettkampfveranstaltern begehrt. Im [&hellip;]","og_url":"https:\/\/paavonurmi.fi\/de\/tour-usa\/","og_site_name":"Paavo Nurmi THE FLYING FINN","article_modified_time":"2023-12-21T09:07:25+00:00","twitter_card":"summary_large_image","twitter_misc":{"Gesch\u00e4tzte Lesezeit":"7\u00a0Minuten"},"schema":{"@context":"https:\/\/schema.org","@graph":[{"@type":"WebPage","@id":"https:\/\/paavonurmi.fi\/de\/tour-usa\/","url":"https:\/\/paavonurmi.fi\/de\/tour-usa\/","name":"Tour USA - Paavo Nurmi THE FLYING FINN","isPartOf":{"@id":"https:\/\/paavonurmi.fi\/#website"},"datePublished":"2023-10-24T09:07:29+00:00","dateModified":"2023-12-21T09:07:25+00:00","breadcrumb":{"@id":"https:\/\/paavonurmi.fi\/de\/tour-usa\/#breadcrumb"},"inLanguage":"de","potentialAction":[{"@type":"ReadAction","target":["https:\/\/paavonurmi.fi\/de\/tour-usa\/"]}]},{"@type":"BreadcrumbList","@id":"https:\/\/paavonurmi.fi\/de\/tour-usa\/#breadcrumb","itemListElement":[{"@type":"ListItem","position":1,"name":"Home","item":"https:\/\/paavonurmi.fi\/de\/"},{"@type":"ListItem","position":2,"name":"Tour USA"}]},{"@type":"WebSite","@id":"https:\/\/paavonurmi.fi\/#website","url":"https:\/\/paavonurmi.fi\/","name":"Paavo Nurmi THE FLYING FINN","description":"Paavo Nurmi THE FLYING FINN","potentialAction":[{"@type":"SearchAction","target":{"@type":"EntryPoint","urlTemplate":"https:\/\/paavonurmi.fi\/?s={search_term_string}"},"query-input":"required name=search_term_string"}],"inLanguage":"de"}]}},"_links":{"self":[{"href":"https:\/\/paavonurmi.fi\/de\/wp-json\/wp\/v2\/pages\/891","targetHints":{"allow":["GET"]}}],"collection":[{"href":"https:\/\/paavonurmi.fi\/de\/wp-json\/wp\/v2\/pages"}],"about":[{"href":"https:\/\/paavonurmi.fi\/de\/wp-json\/wp\/v2\/types\/page"}],"author":[{"embeddable":true,"href":"https:\/\/paavonurmi.fi\/de\/wp-json\/wp\/v2\/users\/1"}],"replies":[{"embeddable":true,"href":"https:\/\/paavonurmi.fi\/de\/wp-json\/wp\/v2\/comments?post=891"}],"version-history":[{"count":2,"href":"https:\/\/paavonurmi.fi\/de\/wp-json\/wp\/v2\/pages\/891\/revisions"}],"predecessor-version":[{"id":1758,"href":"https:\/\/paavonurmi.fi\/de\/wp-json\/wp\/v2\/pages\/891\/revisions\/1758"}],"wp:attachment":[{"href":"https:\/\/paavonurmi.fi\/de\/wp-json\/wp\/v2\/media?parent=891"}],"curies":[{"name":"wp","href":"https:\/\/api.w.org\/{rel}","templated":true}]}}