{"id":895,"date":"2023-10-24T12:18:17","date_gmt":"2023-10-24T09:18:17","guid":{"rendered":"https:\/\/paavonurmi.fi\/home-museum\/"},"modified":"2024-06-11T11:58:12","modified_gmt":"2024-06-11T08:58:12","slug":"zuhause","status":"publish","type":"page","link":"https:\/\/paavonurmi.fi\/de\/zuhause\/","title":{"rendered":"Zuhause"},"content":{"rendered":"<p>[et_pb_section fb_built=&#8220;1&#8243; fullwidth=&#8220;on&#8220; admin_label=&#8220;Page Header&#8220; module_class=&#8220;hero&#8211;section&#8220; _builder_version=&#8220;4.23.1&#8243; _module_preset=&#8220;default&#8220; background_image=&#8220;\/wp-content\/uploads\/2023\/12\/Paavo-Nurmi-kotiinpaluu-1924.jpg&#8220; global_colors_info=&#8220;{}&#8220;][et_pb_fullwidth_header title=&#8220;DAS ZUHAUSE VON PAAVO NURMI&#8220; text_orientation=&#8220;center&#8220; header_fullscreen=&#8220;on&#8220; button_one_url=&#8220;#&#8220; button_two_url=&#8220;#&#8220; admin_label=&#8220;Hero Section&#8220; module_class=&#8220;fw&#8211;header&#8220; _builder_version=&#8220;4.23.1&#8243; _module_preset=&#8220;default&#8220; background_enable_color=&#8220;off&#8220; custom_button_one=&#8220;on&#8220; custom_button_two=&#8220;on&#8220; module_alignment=&#8220;left&#8220; button_one_text_color_hover=&#8220;#6eba01&#8243; button_two_text_color_hover=&#8220;#6eba01&#8243; button_one_border_color_hover=&#8220;#ffffff&#8220; button_two_border_color_hover=&#8220;#ffffff&#8220; button_one_border_radius_hover=&#8220;0&#8243; button_two_border_radius_hover=&#8220;0&#8243; button_one_letter_spacing_hover=&#8220;2&#8243; button_two_letter_spacing_hover=&#8220;2&#8243; button_one_bg_color_hover=&#8220;#ffffff&#8220; button_two_bg_color_hover=&#8220;#ffffff&#8220; global_colors_info=&#8220;{}&#8220;][\/et_pb_fullwidth_header][\/et_pb_section][et_pb_section fb_built=&#8220;1&#8243; admin_label=&#8220;content&#8211;section no&#8211;padding&#8220; module_class=&#8220;content&#8211;section small&#8211;padding&#8211;top  small&#8211;padding&#8211;bottom&#8220; _builder_version=&#8220;4.23&#8243; _module_preset=&#8220;default&#8220; animation_direction=&#8220;bottom&#8220; global_colors_info=&#8220;{}&#8220;][et_pb_row column_structure=&#8220;2_3,1_3&#8243; use_custom_gutter=&#8220;on&#8220; gutter_width=&#8220;1&#8243; make_equal=&#8220;on&#8220; admin_label=&#8220;content&#8211;row fullwidth&#8211;row no&#8211;padding&#8220; module_class=&#8220;content&#8211;row fullwidth&#8211;row no&#8211;padding &#8220; _builder_version=&#8220;4.23&#8243; _module_preset=&#8220;default&#8220; background_size=&#8220;initial&#8220; background_position=&#8220;top_left&#8220; background_repeat=&#8220;repeat&#8220; width_tablet=&#8220;100%&#8220; width_phone=&#8220;100%&#8220; width_last_edited=&#8220;off|desktop&#8220; max_width_tablet=&#8220;100%&#8220; max_width_phone=&#8220;100%&#8220; max_width_last_edited=&#8220;off|desktop&#8220; make_fullwidth=&#8220;on&#8220; global_colors_info=&#8220;{}&#8220;][et_pb_column type=&#8220;2_3&#8243; module_class=&#8220;special&#8211;content&#8211;column&#8220; _builder_version=&#8220;4.23&#8243; _module_preset=&#8220;default&#8220; background_enable_image=&#8220;off&#8220; background_position=&#8220;top_left&#8220; custom_padding=&#8220;|||&#8220; global_colors_info=&#8220;{}&#8220; custom_padding__hover=&#8220;|||&#8220;][et_pb_cta button_url=&#8220;#&#8220; admin_label=&#8220;SIS\u00c4RADOILLA SANKKA SAVU JA HELVETILLINEN HUUTO&#8220; module_class=&#8220;ela tertiary-bg&#8220; _builder_version=&#8220;4.24.2&#8243; _module_preset=&#8220;default&#8220; use_background_color=&#8220;off&#8220; custom_button=&#8220;on&#8220; text_orientation=&#8220;left&#8220; module_alignment=&#8220;left&#8220; custom_margin=&#8220;|||&#8220; custom_padding=&#8220;|||&#8220; animation_direction=&#8220;bottom&#8220; hover_enabled=&#8220;0&#8243; text_orientation_tablet=&#8220;center&#8220; text_orientation_phone=&#8220;center&#8220; text_orientation_last_edited=&#8220;on|tablet&#8220; button_text_color_hover=&#8220;#6eba01&#8243; button_border_color_hover=&#8220;#6eba01&#8243; button_border_radius_hover=&#8220;0&#8243; button_letter_spacing_hover=&#8220;2&#8243; button_bg_color_hover=&#8220;rgba(0,0,0,0)&#8220; saved_tabs=&#8220;all&#8220; locked=&#8220;off&#8220; global_colors_info=&#8220;{}&#8220; button_one_text_size__hover_enabled=&#8220;off&#8220; button_two_text_size__hover_enabled=&#8220;off&#8220; button_one_text_color__hover_enabled=&#8220;off&#8220; button_two_text_color__hover_enabled=&#8220;off&#8220; button_one_border_width__hover_enabled=&#8220;off&#8220; button_two_border_width__hover_enabled=&#8220;off&#8220; button_one_border_color__hover_enabled=&#8220;off&#8220; button_two_border_color__hover_enabled=&#8220;off&#8220; button_one_border_radius__hover_enabled=&#8220;off&#8220; button_two_border_radius__hover_enabled=&#8220;off&#8220; button_one_letter_spacing__hover_enabled=&#8220;off&#8220; button_two_letter_spacing__hover_enabled=&#8220;off&#8220; button_one_bg_color__hover_enabled=&#8220;off&#8220; button_two_bg_color__hover_enabled=&#8220;off&#8220; sticky_enabled=&#8220;0&#8243;]<\/p>\n<p>Das vom Finnischen Sportmuseum unterhaltene Heimatmuseum von Paavo Nurmi liegt in Turku, in der Jarrumiehenkatu 4 Whg. 17. Die Wohnung ist f\u00fcr das Publikum an Paavo Nurmis Geburtstag, am 13.6., sowie auf Vorbestellung auch zu anderen Zeiten ge\u00f6ffnet (<a href=\"mailto:info@paavonurmigames.fi\">info@paavonurmigames.fi<\/a>).<\/p>\n<p>Johan Nurmi, der Vater von Paavo Nurmi, kaufte im Jahre 1903, in der Jarrumiehenkatu 4 die bescheidene Wohnung mit einem Zimmer und K\u00fcche. Die f\u00fcr Arbeiter errichtete Wohnanlage bestand aus drei eingeschossigen Holzh\u00e4usern, die von einem weitl\u00e4ufigen Hof umgeben waren. Die etwa 40 Quadratmeter gro\u00dfe Wohnung der Familie Nurmi befand sich am Ende des Hauses im hinteren Teil des Hofes. Als geschickter Zimmermann fertigte Johan Nurmi alle M\u00f6bel der kleinen Wohnung selbst an.<\/p>\n<p>Johan Nurmi starb im Jahre 1910 und die Mutter der Familie, Matilda Nurmi, blieb mit ihren f\u00fcnf Kindern allein zur\u00fcck. Paavo war zw\u00f6lf Jahre alt (geb. 1897), Siiri zehn (geb. 1898), Saara sieben (geb. 1902), Martti vier (geb. 1905) und Lahja gut ein Jahr alt (geb. 1908). Das j\u00fcngste Kind, Lahja, verstarb etwa ein Jahr sp\u00e4ter, noch keine 3 Jahre alt.<\/p>\n<p>Die wirtschaftliche Lage der Familie war angespannt, weil der gr\u00f6\u00dfte Teil des f\u00fcr den Kauf der Wohnung aufgenommenen Kredits zum Zeitpunkt des Todes noch nicht getilgt war. Die Mutter arbeitete als Maurergehilfin und Putzfrau. Paavo konnte die Schule nicht fortsetzen, sondern musste arbeiten, um die Mutter und Familie zu unterst\u00fctzen. Paavo war ein begabter Junge, denn er hatte auf dem Abschlusszeugnis der Volksschule in allen Lesef\u00e4chern ein Gut oder Sehr gut. Mit so einem Zeugnis h\u00e4tte er ein Gymnasium besuchen k\u00f6nnen, wenn nur das Geld vorhanden gewesen w\u00e4re. Paavos erster Arbeitsplatz war bei einem B\u00e4cker als Laufbursche.<\/p>\n<p>Das knappe Einkommen von zwei Arbeitenden reichte nicht f\u00fcr das Leben, so musste Matilda Nurmi die K\u00fcche an eine zweite Arbeiterfamilie vermieten.  Die Lebensumst\u00e4nde der Familie waren mehr als bescheiden. Die f\u00fcnfk\u00f6pfige Familie wohnte fast vier Jahre in der kleinen Kammer und kochte ihre Essen in einem Kachelofen.  Zum Schlafen standen ein Holzsofa und ein Klappbett zur Verf\u00fcgung.<\/p>\n<p>Die Familie Nurmi konnte erst im Jahre 1920 nach Paavos R\u00fcckkehr von den Olympischen Spielen in Antwerpen die ganze Wohnung in der Jarrumiehenkatu bewohnen. Mit den Olympiasiegen stieg der Wohlstand von Paavo so, dass die Wohnung mit elektrischem Licht und einer Wasserleitung in der K\u00fcche ausgestattet werden konnte. F\u00fcr die Wohnung wurden auch zeitgem\u00e4\u00dfe M\u00f6bel angeschafft. In der Kammer gab es sogar eine N\u00e4hmaschine und ein Grammophon, die Paavo als Preise von Laufwettbewerben gewonnen hatte. Matilda Nurmi konnte die Erwerbsarbeit aufgeben und sich auf die Hausarbeit konzentrieren.<\/p>\n<p>Anfang der 1920er Jahre lernte Paavo Nurmi an der Industrieschule in Helsinki und besuchte die Jarrumiehenkatu gelegentlich an den Wochenenden. Nach Turku in sein altes Zuhause kehrte er im Fr\u00fchling 1924 zur\u00fcck, um sich in vertrauter Umgebung auf die Olympischen Spiele in Paris vorzubereiten.<\/p>\n<p>Mit der Hochzeit mit Sylvi Laaksonen im Mai 1932 zog Paavo Nurmi endg\u00fcltig aus der Jarrumiehenkatu weg. Nach der Scheidung der Ehe wohnte Paavo Nurmi bis 1935 an anderer Adresse in Turku. Dann zog er auf Dauer nach Helsinki.<\/p>\n<p>Matilda Nurmi wohnte bis zu ihrem Tod 1936 in der Jarrumiehenkatu. Die unverheirateten Geschwister Siiri und Martti sowie die 1946 verwitwete Saara wohnten bis zum Jahre 1960 in ihrem alten Zuhause.<\/p>\n<p>Die Wohnung ging Anfang der 1960er Jahre aus dem Besitz der Familie Nurmi und ihr Zustand verschlechterte sich mit der Zeit. Als sich der hundertste Geburtstag Paavo Nurmis n\u00e4herte, begann die Stadt Turku mit der Instandsetzung der Wohnung, die am 10.6.1997 f\u00fcr das Publikum er\u00f6ffnet wurde. Dort hatte das Provinzmuseum von Turku eine kleine Gedenkausstellung zusammengestellt.<\/p>\n<p><em>Das Finnische Sportmuseum mietet seit dem 1.1.2000 von der Stadt Turku die Wohnung und richtete sie im Stil und mit Gegenst\u00e4nden aus den 1920er Jahren, wie sie auch die Familie Nurmi hatte, ein. Die Tapeten der Wohnung wurden den Tapeten aus den 1920er Jahren angepasst. Ein Teil der Einrichtungsgegenst\u00e4nde sind original: die Bettbez\u00fcge in den Betten zeigen die Monogramme von Siiri und Saara Nurmi und auf dem K\u00fcchentisch stehen die von der Familie Nurmi benutzten Teller. In der Kammer steht das als Preis bei einem Laufwettbewerb gewonnene Grammophon von Paavo Nurmi.<\/em><\/p>\n<p>[\/et_pb_cta][\/et_pb_column][et_pb_column type=&#8220;1_3&#8243; admin_label=&#8220;fullwidth&#8211;column&#8211;grid&#8211;padding&#8220; _builder_version=&#8220;4.23&#8243; _module_preset=&#8220;default&#8220; background_enable_color=&#8220;off&#8220; background_position=&#8220;top_left&#8220; global_colors_info=&#8220;{}&#8220; custom_padding__hover=&#8220;|||&#8220;][et_pb_image src=&#8220;\/wp-content\/uploads\/2023\/10\/pn_kotitalo_1.jpg&#8220; show_in_lightbox=&#8220;on&#8220; module_class=&#8220;ela&#8211;image&#8220; _builder_version=&#8220;4.23&#8243; _module_preset=&#8220;default&#8220; global_colors_info=&#8220;{}&#8220;][\/et_pb_image][et_pb_image src=&#8220;\/wp-content\/uploads\/2023\/10\/pn_kotitalo_2.jpg&#8220; show_in_lightbox=&#8220;on&#8220; module_class=&#8220;ela&#8211;image&#8220; _builder_version=&#8220;4.23&#8243; _module_preset=&#8220;default&#8220; global_colors_info=&#8220;{}&#8220;][\/et_pb_image][et_pb_image src=&#8220;\/wp-content\/uploads\/2023\/10\/pn_kotitalo_3.jpg&#8220; show_in_lightbox=&#8220;on&#8220; module_class=&#8220;ela&#8211;image&#8220; _builder_version=&#8220;4.23&#8243; _module_preset=&#8220;default&#8220; global_colors_info=&#8220;{}&#8220;][\/et_pb_image][\/et_pb_column][\/et_pb_row][\/et_pb_section]<\/p>\n","protected":false},"excerpt":{"rendered":"<p>Das vom Finnischen Sportmuseum unterhaltene Heimatmuseum von Paavo Nurmi liegt in Turku, in der Jarrumiehenkatu 4 Whg. 17. Die Wohnung ist f\u00fcr das Publikum an Paavo Nurmis Geburtstag, am 13.6., sowie auf Vorbestellung auch zu anderen Zeiten ge\u00f6ffnet (info@paavonurmigames.fi). Johan Nurmi, der Vater von Paavo Nurmi, kaufte im Jahre 1903, in der Jarrumiehenkatu 4 die [&hellip;]<\/p>\n","protected":false},"author":1,"featured_media":0,"parent":0,"menu_order":0,"comment_status":"closed","ping_status":"closed","template":"","meta":{"_et_pb_use_builder":"on","_et_pb_old_content":"","_et_gb_content_width":"","footnotes":""},"class_list":["post-895","page","type-page","status-publish","hentry"],"yoast_head":"<!-- This site is optimized with the Yoast SEO plugin v22.3 - https:\/\/yoast.com\/wordpress\/plugins\/seo\/ -->\n<title>Zuhause - Paavo Nurmi THE FLYING FINN<\/title>\n<meta name=\"robots\" content=\"index, follow, max-snippet:-1, max-image-preview:large, max-video-preview:-1\" \/>\n<link rel=\"canonical\" href=\"https:\/\/paavonurmi.fi\/de\/zuhause\/\" \/>\n<meta property=\"og:locale\" content=\"de_DE\" \/>\n<meta property=\"og:type\" content=\"article\" \/>\n<meta property=\"og:title\" content=\"Zuhause - Paavo Nurmi THE FLYING FINN\" \/>\n<meta property=\"og:description\" content=\"Das vom Finnischen Sportmuseum unterhaltene Heimatmuseum von Paavo Nurmi liegt in Turku, in der Jarrumiehenkatu 4 Whg. 17. Die Wohnung ist f\u00fcr das Publikum an Paavo Nurmis Geburtstag, am 13.6., sowie auf Vorbestellung auch zu anderen Zeiten ge\u00f6ffnet (info@paavonurmigames.fi). Johan Nurmi, der Vater von Paavo Nurmi, kaufte im Jahre 1903, in der Jarrumiehenkatu 4 die [&hellip;]\" \/>\n<meta property=\"og:url\" content=\"https:\/\/paavonurmi.fi\/de\/zuhause\/\" \/>\n<meta property=\"og:site_name\" content=\"Paavo Nurmi THE FLYING FINN\" \/>\n<meta property=\"article:modified_time\" content=\"2024-06-11T08:58:12+00:00\" \/>\n<meta name=\"twitter:card\" content=\"summary_large_image\" \/>\n<meta name=\"twitter:label1\" content=\"Gesch\u00e4tzte Lesezeit\" \/>\n\t<meta name=\"twitter:data1\" content=\"5\u00a0Minuten\" \/>\n<script type=\"application\/ld+json\" class=\"yoast-schema-graph\">{\"@context\":\"https:\/\/schema.org\",\"@graph\":[{\"@type\":\"WebPage\",\"@id\":\"https:\/\/paavonurmi.fi\/de\/zuhause\/\",\"url\":\"https:\/\/paavonurmi.fi\/de\/zuhause\/\",\"name\":\"Zuhause - Paavo Nurmi THE FLYING FINN\",\"isPartOf\":{\"@id\":\"https:\/\/paavonurmi.fi\/#website\"},\"datePublished\":\"2023-10-24T09:18:17+00:00\",\"dateModified\":\"2024-06-11T08:58:12+00:00\",\"breadcrumb\":{\"@id\":\"https:\/\/paavonurmi.fi\/de\/zuhause\/#breadcrumb\"},\"inLanguage\":\"de\",\"potentialAction\":[{\"@type\":\"ReadAction\",\"target\":[\"https:\/\/paavonurmi.fi\/de\/zuhause\/\"]}]},{\"@type\":\"BreadcrumbList\",\"@id\":\"https:\/\/paavonurmi.fi\/de\/zuhause\/#breadcrumb\",\"itemListElement\":[{\"@type\":\"ListItem\",\"position\":1,\"name\":\"Home\",\"item\":\"https:\/\/paavonurmi.fi\/de\/\"},{\"@type\":\"ListItem\",\"position\":2,\"name\":\"Zuhause\"}]},{\"@type\":\"WebSite\",\"@id\":\"https:\/\/paavonurmi.fi\/#website\",\"url\":\"https:\/\/paavonurmi.fi\/\",\"name\":\"Paavo Nurmi THE FLYING FINN\",\"description\":\"Paavo Nurmi THE FLYING FINN\",\"potentialAction\":[{\"@type\":\"SearchAction\",\"target\":{\"@type\":\"EntryPoint\",\"urlTemplate\":\"https:\/\/paavonurmi.fi\/?s={search_term_string}\"},\"query-input\":\"required name=search_term_string\"}],\"inLanguage\":\"de\"}]}<\/script>\n<!-- \/ Yoast SEO plugin. -->","yoast_head_json":{"title":"Zuhause - Paavo Nurmi THE FLYING FINN","robots":{"index":"index","follow":"follow","max-snippet":"max-snippet:-1","max-image-preview":"max-image-preview:large","max-video-preview":"max-video-preview:-1"},"canonical":"https:\/\/paavonurmi.fi\/de\/zuhause\/","og_locale":"de_DE","og_type":"article","og_title":"Zuhause - Paavo Nurmi THE FLYING FINN","og_description":"Das vom Finnischen Sportmuseum unterhaltene Heimatmuseum von Paavo Nurmi liegt in Turku, in der Jarrumiehenkatu 4 Whg. 17. Die Wohnung ist f\u00fcr das Publikum an Paavo Nurmis Geburtstag, am 13.6., sowie auf Vorbestellung auch zu anderen Zeiten ge\u00f6ffnet (info@paavonurmigames.fi). Johan Nurmi, der Vater von Paavo Nurmi, kaufte im Jahre 1903, in der Jarrumiehenkatu 4 die [&hellip;]","og_url":"https:\/\/paavonurmi.fi\/de\/zuhause\/","og_site_name":"Paavo Nurmi THE FLYING FINN","article_modified_time":"2024-06-11T08:58:12+00:00","twitter_card":"summary_large_image","twitter_misc":{"Gesch\u00e4tzte Lesezeit":"5\u00a0Minuten"},"schema":{"@context":"https:\/\/schema.org","@graph":[{"@type":"WebPage","@id":"https:\/\/paavonurmi.fi\/de\/zuhause\/","url":"https:\/\/paavonurmi.fi\/de\/zuhause\/","name":"Zuhause - Paavo Nurmi THE FLYING FINN","isPartOf":{"@id":"https:\/\/paavonurmi.fi\/#website"},"datePublished":"2023-10-24T09:18:17+00:00","dateModified":"2024-06-11T08:58:12+00:00","breadcrumb":{"@id":"https:\/\/paavonurmi.fi\/de\/zuhause\/#breadcrumb"},"inLanguage":"de","potentialAction":[{"@type":"ReadAction","target":["https:\/\/paavonurmi.fi\/de\/zuhause\/"]}]},{"@type":"BreadcrumbList","@id":"https:\/\/paavonurmi.fi\/de\/zuhause\/#breadcrumb","itemListElement":[{"@type":"ListItem","position":1,"name":"Home","item":"https:\/\/paavonurmi.fi\/de\/"},{"@type":"ListItem","position":2,"name":"Zuhause"}]},{"@type":"WebSite","@id":"https:\/\/paavonurmi.fi\/#website","url":"https:\/\/paavonurmi.fi\/","name":"Paavo Nurmi THE FLYING FINN","description":"Paavo Nurmi THE FLYING FINN","potentialAction":[{"@type":"SearchAction","target":{"@type":"EntryPoint","urlTemplate":"https:\/\/paavonurmi.fi\/?s={search_term_string}"},"query-input":"required name=search_term_string"}],"inLanguage":"de"}]}},"_links":{"self":[{"href":"https:\/\/paavonurmi.fi\/de\/wp-json\/wp\/v2\/pages\/895","targetHints":{"allow":["GET"]}}],"collection":[{"href":"https:\/\/paavonurmi.fi\/de\/wp-json\/wp\/v2\/pages"}],"about":[{"href":"https:\/\/paavonurmi.fi\/de\/wp-json\/wp\/v2\/types\/page"}],"author":[{"embeddable":true,"href":"https:\/\/paavonurmi.fi\/de\/wp-json\/wp\/v2\/users\/1"}],"replies":[{"embeddable":true,"href":"https:\/\/paavonurmi.fi\/de\/wp-json\/wp\/v2\/comments?post=895"}],"version-history":[{"count":4,"href":"https:\/\/paavonurmi.fi\/de\/wp-json\/wp\/v2\/pages\/895\/revisions"}],"predecessor-version":[{"id":1832,"href":"https:\/\/paavonurmi.fi\/de\/wp-json\/wp\/v2\/pages\/895\/revisions\/1832"}],"wp:attachment":[{"href":"https:\/\/paavonurmi.fi\/de\/wp-json\/wp\/v2\/media?parent=895"}],"curies":[{"name":"wp","href":"https:\/\/api.w.org\/{rel}","templated":true}]}}