{"id":905,"date":"2023-10-24T12:57:20","date_gmt":"2023-10-24T09:57:20","guid":{"rendered":"https:\/\/paavonurmi.fi\/quotes\/"},"modified":"2023-12-21T10:56:12","modified_gmt":"2023-12-21T08:56:12","slug":"zitate","status":"publish","type":"page","link":"https:\/\/paavonurmi.fi\/de\/zitate\/","title":{"rendered":"Zitate"},"content":{"rendered":"<p>[et_pb_section fb_built=&#8220;1&#8243; fullwidth=&#8220;on&#8220; admin_label=&#8220;Page Header&#8220; module_class=&#8220;hero&#8211;section&#8220; _builder_version=&#8220;4.23.1&#8243; _module_preset=&#8220;default&#8220; background_image=&#8220;\/wp-content\/uploads\/2023\/12\/Paavo-Nurmi-Helsinki-1952.jpg&#8220; hover_enabled=&#8220;0&#8243; global_colors_info=&#8220;{}&#8220; sticky_enabled=&#8220;0&#8243;][et_pb_fullwidth_header title=&#8220;NURMI IN DEN AUGEN ANDERER&#8220; text_orientation=&#8220;center&#8220; header_fullscreen=&#8220;on&#8220; button_one_url=&#8220;#&#8220; button_two_url=&#8220;#&#8220; admin_label=&#8220;Hero Section&#8220; module_class=&#8220;fw&#8211;header&#8220; _builder_version=&#8220;4.23.1&#8243; _module_preset=&#8220;default&#8220; background_enable_color=&#8220;off&#8220; custom_button_one=&#8220;on&#8220; custom_button_two=&#8220;on&#8220; module_alignment=&#8220;left&#8220; button_one_text_color_hover=&#8220;#6eba01&#8243; button_two_text_color_hover=&#8220;#6eba01&#8243; button_one_border_color_hover=&#8220;#ffffff&#8220; button_two_border_color_hover=&#8220;#ffffff&#8220; button_one_border_radius_hover=&#8220;0&#8243; button_two_border_radius_hover=&#8220;0&#8243; button_one_letter_spacing_hover=&#8220;2&#8243; button_two_letter_spacing_hover=&#8220;2&#8243; button_one_bg_color_hover=&#8220;#ffffff&#8220; button_two_bg_color_hover=&#8220;#ffffff&#8220; global_colors_info=&#8220;{}&#8220;][\/et_pb_fullwidth_header][\/et_pb_section][et_pb_section fb_built=&#8220;1&#8243; admin_label=&#8220;content&#8211;section no&#8211;padding&#8220; module_class=&#8220;content&#8211;section small&#8211;padding&#8211;top  small&#8211;padding&#8211;bottom&#8220; _builder_version=&#8220;4.23&#8243; _module_preset=&#8220;default&#8220; animation_direction=&#8220;bottom&#8220; global_colors_info=&#8220;{}&#8220;][et_pb_row column_structure=&#8220;2_3,1_3&#8243; use_custom_gutter=&#8220;on&#8220; gutter_width=&#8220;1&#8243; make_equal=&#8220;on&#8220; admin_label=&#8220;content&#8211;row fullwidth&#8211;row no&#8211;padding&#8220; module_class=&#8220;content&#8211;row fullwidth&#8211;row no&#8211;padding &#8220; _builder_version=&#8220;4.23&#8243; _module_preset=&#8220;default&#8220; background_size=&#8220;initial&#8220; background_position=&#8220;top_left&#8220; background_repeat=&#8220;repeat&#8220; width_tablet=&#8220;100%&#8220; width_phone=&#8220;100%&#8220; width_last_edited=&#8220;off|desktop&#8220; max_width_tablet=&#8220;100%&#8220; max_width_phone=&#8220;100%&#8220; max_width_last_edited=&#8220;off|desktop&#8220; make_fullwidth=&#8220;on&#8220; global_colors_info=&#8220;{}&#8220;][et_pb_column type=&#8220;2_3&#8243; module_class=&#8220;special&#8211;content&#8211;column&#8220; _builder_version=&#8220;4.23&#8243; _module_preset=&#8220;default&#8220; background_enable_image=&#8220;off&#8220; background_position=&#8220;top_left&#8220; custom_padding=&#8220;|||&#8220; global_colors_info=&#8220;{}&#8220; custom_padding__hover=&#8220;|||&#8220;][et_pb_cta button_url=&#8220;#&#8220; admin_label=&#8220;Cordner Nelson, Track\u2019s Greatest Champions. Tafnews Press 1986.&#8220; module_class=&#8220;ela tertiary-bg&#8220; _builder_version=&#8220;4.23.1&#8243; _module_preset=&#8220;default&#8220; use_background_color=&#8220;off&#8220; custom_button=&#8220;on&#8220; text_orientation=&#8220;left&#8220; module_alignment=&#8220;left&#8220; custom_margin=&#8220;|||&#8220; custom_padding=&#8220;|||&#8220; animation_direction=&#8220;bottom&#8220; text_orientation_tablet=&#8220;center&#8220; text_orientation_phone=&#8220;center&#8220; text_orientation_last_edited=&#8220;on|tablet&#8220; button_text_color_hover=&#8220;#6eba01&#8243; button_border_color_hover=&#8220;#6eba01&#8243; button_border_radius_hover=&#8220;0&#8243; button_letter_spacing_hover=&#8220;2&#8243; button_bg_color_hover=&#8220;rgba(0,0,0,0)&#8220; saved_tabs=&#8220;all&#8220; locked=&#8220;off&#8220; global_colors_info=&#8220;{}&#8220; button_one_text_size__hover_enabled=&#8220;off&#8220; button_two_text_size__hover_enabled=&#8220;off&#8220; button_one_text_color__hover_enabled=&#8220;off&#8220; button_two_text_color__hover_enabled=&#8220;off&#8220; button_one_border_width__hover_enabled=&#8220;off&#8220; button_two_border_width__hover_enabled=&#8220;off&#8220; button_one_border_color__hover_enabled=&#8220;off&#8220; button_two_border_color__hover_enabled=&#8220;off&#8220; button_one_border_radius__hover_enabled=&#8220;off&#8220; button_two_border_radius__hover_enabled=&#8220;off&#8220; button_one_letter_spacing__hover_enabled=&#8220;off&#8220; button_two_letter_spacing__hover_enabled=&#8220;off&#8220; button_one_bg_color__hover_enabled=&#8220;off&#8220; button_two_bg_color__hover_enabled=&#8220;off&#8220;]<\/p>\n<p>Er hatte gr\u00f6\u00dferen Einfluss auf den Laufsport, als jeder Andere vor oder nach ihm. Er, mehr als jeder Andere, machte den Laufsport in den Augen des internationales Publikums zu einer gro\u00dfen Sportart, und dieses Publikum verehrte ihn als einen der gr\u00f6\u00dften Sportler \u00fcber alle Sportarten hinweg.<\/p>\n<p><strong><em>Cordner Nelson, Track\u2019s Greatest Champions. Tafnews Press 1986.<\/em><\/strong><\/p>\n<p>[\/et_pb_cta][et_pb_cta button_url=&#8220;#&#8220; admin_label=&#8220;Roberto L. Quercetani, Athletics : A History of Modern Track and Field Athletics (1860-1990). Vallardi &#038; Associati, Milan 1990.&#8220; module_class=&#8220;ela &#8220; _builder_version=&#8220;4.23.1&#8243; _module_preset=&#8220;default&#8220; use_background_color=&#8220;off&#8220; custom_button=&#8220;on&#8220; text_orientation=&#8220;left&#8220; module_alignment=&#8220;left&#8220; custom_margin=&#8220;|||&#8220; custom_padding=&#8220;|||&#8220; animation_direction=&#8220;bottom&#8220; text_orientation_tablet=&#8220;center&#8220; text_orientation_phone=&#8220;center&#8220; text_orientation_last_edited=&#8220;on|tablet&#8220; button_text_color_hover=&#8220;#6eba01&#8243; button_border_color_hover=&#8220;#6eba01&#8243; button_border_radius_hover=&#8220;0&#8243; button_letter_spacing_hover=&#8220;2&#8243; button_bg_color_hover=&#8220;rgba(0,0,0,0)&#8220; saved_tabs=&#8220;all&#8220; locked=&#8220;off&#8220; global_colors_info=&#8220;{}&#8220; button_one_text_size__hover_enabled=&#8220;off&#8220; button_two_text_size__hover_enabled=&#8220;off&#8220; button_one_text_color__hover_enabled=&#8220;off&#8220; button_two_text_color__hover_enabled=&#8220;off&#8220; button_one_border_width__hover_enabled=&#8220;off&#8220; button_two_border_width__hover_enabled=&#8220;off&#8220; button_one_border_color__hover_enabled=&#8220;off&#8220; button_two_border_color__hover_enabled=&#8220;off&#8220; button_one_border_radius__hover_enabled=&#8220;off&#8220; button_two_border_radius__hover_enabled=&#8220;off&#8220; button_one_letter_spacing__hover_enabled=&#8220;off&#8220; button_two_letter_spacing__hover_enabled=&#8220;off&#8220; button_one_bg_color__hover_enabled=&#8220;off&#8220; button_two_bg_color__hover_enabled=&#8220;off&#8220;]<\/p>\n<p>In seinen sp\u00e4teren Jahren analysierte Nurmi seine Trainingsmethoden kritisch. Sein t\u00e4gliches Programm, das zu seiner Zeit mehr als genug war, bestand in der Hauptsache aus langen und verh\u00e4ltnism\u00e4\u00dfig langsamen L\u00e4ufen, denen gew\u00f6hnlich genauso lange Gehstrecken vorangingen. Verglichen mit den dichten Trainingsmethoden heutiger L\u00e4ufer erscheinen Nurmis t\u00e4gliche Trainingseinheiten heute als unzureichend, insbesondere hinsichtlich ihrer Qualit\u00e4t. Er hat selbst zugegeben, dass er erst in der Sp\u00e4tphase seiner Karriere, \u00fcber Geschwindigkeitstraining nachdachte. Nurmis gro\u00dfes Verdienst war, dass er die Bedeutung gleichm\u00e4\u00dfiger Geschwindigkeit verstanden hatte, aber man kann genauso behaupten, dass dieses Prinzip ihn als L\u00e4ufer einschr\u00e4nkte und m\u00f6glicherweise daran hinderte, sein ganzes Potenzial auszusch\u00f6pfen. In einer angemessenen historischen Einordnung kann man Nurmis Erfolge nur als fantastisch bezeichnen.<\/p>\n<p><strong><em>Roberto L. Quercetani, Athletics : A History of Modern Track and Field Athletics (1860-1990). Vallardi &#038; Associati, Milan 1990.<\/em><\/strong><\/p>\n<p>[\/et_pb_cta][et_pb_cta button_url=&#8220;#&#8220; admin_label=&#8220;Gabriel Hanot, Le miroir des sports, 1924.&#8220; module_class=&#8220;ela tertiary-bg&#8220; _builder_version=&#8220;4.23.1&#8243; _module_preset=&#8220;default&#8220; use_background_color=&#8220;off&#8220; custom_button=&#8220;on&#8220; text_orientation=&#8220;left&#8220; module_alignment=&#8220;left&#8220; custom_margin=&#8220;|||&#8220; custom_padding=&#8220;|||&#8220; animation_direction=&#8220;bottom&#8220; text_orientation_tablet=&#8220;center&#8220; text_orientation_phone=&#8220;center&#8220; text_orientation_last_edited=&#8220;on|tablet&#8220; button_text_color_hover=&#8220;#6eba01&#8243; button_border_color_hover=&#8220;#6eba01&#8243; button_border_radius_hover=&#8220;0&#8243; button_letter_spacing_hover=&#8220;2&#8243; button_bg_color_hover=&#8220;rgba(0,0,0,0)&#8220; saved_tabs=&#8220;all&#8220; locked=&#8220;off&#8220; global_colors_info=&#8220;{}&#8220; button_one_text_size__hover_enabled=&#8220;off&#8220; button_two_text_size__hover_enabled=&#8220;off&#8220; button_one_text_color__hover_enabled=&#8220;off&#8220; button_two_text_color__hover_enabled=&#8220;off&#8220; button_one_border_width__hover_enabled=&#8220;off&#8220; button_two_border_width__hover_enabled=&#8220;off&#8220; button_one_border_color__hover_enabled=&#8220;off&#8220; button_two_border_color__hover_enabled=&#8220;off&#8220; button_one_border_radius__hover_enabled=&#8220;off&#8220; button_two_border_radius__hover_enabled=&#8220;off&#8220; button_one_letter_spacing__hover_enabled=&#8220;off&#8220; button_two_letter_spacing__hover_enabled=&#8220;off&#8220; button_one_bg_color__hover_enabled=&#8220;off&#8220; button_two_bg_color__hover_enabled=&#8220;off&#8220;]<\/p>\n<p>Paavo Nurmi lebt au\u00dferhalb der Menschheit. Er ist einfach nur ernster, verschlossener, konzentrierter, pessimistischer und fanatischer. Er strahlt so eine K\u00e4lte und Selbstbeherrschung aus, dass er zu keinem Moment seine Gef\u00fchle ausdr\u00fcckt. (\u2026) Was f\u00fcr eine Mentalit\u00e4t zeigt sich in Nurmi? Warum fehlt ihm diese Menschlichkeit? Ist er ein Sklave des Sports, Trainings und der Rekorde, dem er seinen K\u00f6rper und seine Seele opfert, ohne einen Gedanken, Beachtung oder einen freien Moment der anderen Welt zu schenken. Ist er nicht nur dem Namen nach ein Amateur, dieser 27-j\u00e4hrige Sportler, den die Finnen als Ingenieurstudenten bezeichnen und die Schweden f\u00fcr einen Berufssportler halten? Ist Nurmi so ehrgeizig und stolz, dass er aus seinen Siegen eine geheime Genugtuung saugt, die seine Beliebtheit und Verehrung \u00fcbersteigt? Oder ist er einfach nur ein Mann, der im Sport seinen Beruf gefunden hat und der seine Form so lange erhalten m\u00f6chte wie m\u00f6glich? Die Zukunft wird zweifellos auf diese Fragen Antworten geben. Auf jeden Fall ist es fraglich, ob Nurmis Situation noch lange so weiter gehen kann. Wir sehen einen finnischen Meister, abgemagerter, stiller, roher und verschlossener als fr\u00fcher, unk\u00f6rperlicher. Dieser au\u00dfergew\u00f6hnliche Sportler, der aus dem einen oder anderen Grund ein intensiver Fanatiker des Sports ist, muss uns bald eine Aufl\u00f6sung f\u00fcr dieses lebende Mysterium geben.<\/p>\n<p><strong><em>Gabriel Hanot, Le miroir des sports, 1924.<\/em><\/strong><\/p>\n<p>[\/et_pb_cta][et_pb_cta button_url=&#8220;#&#8220; admin_label=&#8220;Ron Clarke kirjassa Ron Clarke &#038; Norman Harris, The Lonely Breed. Pelham Books 1967.&#8220; module_class=&#8220;ela &#8220; _builder_version=&#8220;4.23.1&#8243; _module_preset=&#8220;default&#8220; use_background_color=&#8220;off&#8220; custom_button=&#8220;on&#8220; text_orientation=&#8220;left&#8220; module_alignment=&#8220;left&#8220; custom_margin=&#8220;|||&#8220; custom_padding=&#8220;|||&#8220; animation_direction=&#8220;bottom&#8220; text_orientation_tablet=&#8220;center&#8220; text_orientation_phone=&#8220;center&#8220; text_orientation_last_edited=&#8220;on|tablet&#8220; button_text_color_hover=&#8220;#6eba01&#8243; button_border_color_hover=&#8220;#6eba01&#8243; button_border_radius_hover=&#8220;0&#8243; button_letter_spacing_hover=&#8220;2&#8243; button_bg_color_hover=&#8220;rgba(0,0,0,0)&#8220; saved_tabs=&#8220;all&#8220; locked=&#8220;off&#8220; global_colors_info=&#8220;{}&#8220; button_one_text_size__hover_enabled=&#8220;off&#8220; button_two_text_size__hover_enabled=&#8220;off&#8220; button_one_text_color__hover_enabled=&#8220;off&#8220; button_two_text_color__hover_enabled=&#8220;off&#8220; button_one_border_width__hover_enabled=&#8220;off&#8220; button_two_border_width__hover_enabled=&#8220;off&#8220; button_one_border_color__hover_enabled=&#8220;off&#8220; button_two_border_color__hover_enabled=&#8220;off&#8220; button_one_border_radius__hover_enabled=&#8220;off&#8220; button_two_border_radius__hover_enabled=&#8220;off&#8220; button_one_letter_spacing__hover_enabled=&#8220;off&#8220; button_two_letter_spacing__hover_enabled=&#8220;off&#8220; button_one_bg_color__hover_enabled=&#8220;off&#8220; button_two_bg_color__hover_enabled=&#8220;off&#8220;]<\/p>\n<p>Eine stichhaltige Definition des Charakters eines Sportlers zu geben, ist meistens schwierig. Aber f\u00fcr Paavo Nurmi f\u00e4llt das leicht \u2013 sowohl die Legenden als auch die Fakten zeigen, dass dieser gr\u00f6\u00dfte Sportler aller Zeiten ein starkes, schweigsames, hartes und sich selbst vertrauendes Individuum ist. Wir haben uns angestrengt, um die Legenden \u00fcber diesen \u201cWunderfinnen\u201d von der Wirklichkeit zu trennen. Aber dieser Mann war zu solch unglaublichen Dingen imstande, und er verbat sich auch nicht die \u00fcber ihn verbreiteten Legenden (eigentlich hat er sie weder best\u00e4tigt noch dementiert), sodass dieses \u2018Legendenwesen\u2019 sich mit einem Menschen verschmolz. Sein Name, Paavo Nurmi, war in der ganzen Welt bekannt. Ebenso die Namen, die ihm die Presse zuschrieb: \u201cPeerless Paavo\u201d (Einzigartiger Paavo), \u201cPhantom Finn\u201d (Wunderfinne). Die anderen finnischen L\u00e4ufer, Leichtathletikexperten und Journalisten kannten ihn auch nicht besser. Auch f\u00fcr sie war er niemals ein vollkommen normales Wesen. Er war eine sphinxartige umstrittene Figur, ein im Himmel schwebender Gott. Es kam so vor, als h\u00e4tte die ganze Zeit eine Figur in einem Drama gespielt. Er schien dennoch \u00e4hnlich den um ihn herum entstehenden Legenden. Vielleicht leistete er ihnen sogar Vorschub. Wer wei\u00df\u2026 Wie auch immer, Paavo Nurmi unterschied sich in seiner H\u00e4rte und Schweigsamkeit von anderen, er folgte einer unbedingten Selbstdisziplin und gl\u00fchendem Ehrgeiz, die auf den Sport \u00fcbertragen an Napoleon Bonaparte erinnerte.<\/p>\n<p><strong><em>Ron Clarke kirjassa Ron Clarke &#038; Norman Harris, The Lonely Breed. Pelham Books 1967.<\/em><\/strong><\/p>\n<p>[\/et_pb_cta][\/et_pb_column][et_pb_column type=&#8220;1_3&#8243; admin_label=&#8220;fullwidth&#8211;column&#8211;grid&#8211;padding&#8220; _builder_version=&#8220;4.23&#8243; _module_preset=&#8220;default&#8220; background_enable_color=&#8220;off&#8220; background_position=&#8220;top_left&#8220; global_colors_info=&#8220;{}&#8220; custom_padding__hover=&#8220;|||&#8220;][et_pb_image src=&#8220;\/wp-content\/uploads\/2023\/10\/pn_Nurmi-ja-Taisto-Maki-Amerikassa-1940.jpg&#8220; show_in_lightbox=&#8220;on&#8220; module_class=&#8220;ela&#8211;image&#8220; _builder_version=&#8220;4.23&#8243; _module_preset=&#8220;default&#8220; global_colors_info=&#8220;{}&#8220;][\/et_pb_image][et_pb_image src=&#8220;\/wp-content\/uploads\/2023\/10\/pn_Suomi-Ruotsi-maaottelu-1929.jpg&#8220; show_in_lightbox=&#8220;on&#8220; module_class=&#8220;ela&#8211;image&#8220; _builder_version=&#8220;4.23&#8243; _module_preset=&#8220;default&#8220; global_colors_info=&#8220;{}&#8220;][\/et_pb_image][et_pb_image src=&#8220;\/wp-content\/uploads\/2023\/10\/pn_Nurmi-ja-Maki-1940.jpg&#8220; show_in_lightbox=&#8220;on&#8220; module_class=&#8220;ela&#8211;image&#8220; _builder_version=&#8220;4.23&#8243; _module_preset=&#8220;default&#8220; global_colors_info=&#8220;{}&#8220;][\/et_pb_image][et_pb_image src=&#8220;\/wp-content\/uploads\/2023\/10\/pn_Terijoki-1928.jpg&#8220; show_in_lightbox=&#8220;on&#8220; module_class=&#8220;ela&#8211;image&#8220; _builder_version=&#8220;4.23&#8243; _module_preset=&#8220;default&#8220; global_colors_info=&#8220;{}&#8220;][\/et_pb_image][et_pb_image src=&#8220;\/wp-content\/uploads\/2023\/10\/pn_valmentaja-Nurmi.jpg&#8220; show_in_lightbox=&#8220;on&#8220; module_class=&#8220;ela&#8211;image&#8220; _builder_version=&#8220;4.23&#8243; _module_preset=&#8220;default&#8220; global_colors_info=&#8220;{}&#8220;][\/et_pb_image][\/et_pb_column][\/et_pb_row][\/et_pb_section]<\/p>\n","protected":false},"excerpt":{"rendered":"<p>Er hatte gr\u00f6\u00dferen Einfluss auf den Laufsport, als jeder Andere vor oder nach ihm. Er, mehr als jeder Andere, machte den Laufsport in den Augen des internationales Publikums zu einer gro\u00dfen Sportart, und dieses Publikum verehrte ihn als einen der gr\u00f6\u00dften Sportler \u00fcber alle Sportarten hinweg. Cordner Nelson, Track\u2019s Greatest Champions. Tafnews Press 1986.In seinen [&hellip;]<\/p>\n","protected":false},"author":1,"featured_media":0,"parent":0,"menu_order":0,"comment_status":"closed","ping_status":"closed","template":"","meta":{"_et_pb_use_builder":"on","_et_pb_old_content":"","_et_gb_content_width":"","footnotes":""},"class_list":["post-905","page","type-page","status-publish","hentry"],"yoast_head":"<!-- This site is optimized with the Yoast SEO plugin v22.3 - https:\/\/yoast.com\/wordpress\/plugins\/seo\/ -->\n<title>Zitate - Paavo Nurmi THE FLYING FINN<\/title>\n<meta name=\"robots\" content=\"index, follow, max-snippet:-1, max-image-preview:large, max-video-preview:-1\" \/>\n<link rel=\"canonical\" href=\"https:\/\/paavonurmi.fi\/de\/zitate\/\" \/>\n<meta property=\"og:locale\" content=\"de_DE\" \/>\n<meta property=\"og:type\" content=\"article\" \/>\n<meta property=\"og:title\" content=\"Zitate - Paavo Nurmi THE FLYING FINN\" \/>\n<meta property=\"og:description\" content=\"Er hatte gr\u00f6\u00dferen Einfluss auf den Laufsport, als jeder Andere vor oder nach ihm. Er, mehr als jeder Andere, machte den Laufsport in den Augen des internationales Publikums zu einer gro\u00dfen Sportart, und dieses Publikum verehrte ihn als einen der gr\u00f6\u00dften Sportler \u00fcber alle Sportarten hinweg. Cordner Nelson, Track\u2019s Greatest Champions. Tafnews Press 1986.In seinen [&hellip;]\" \/>\n<meta property=\"og:url\" content=\"https:\/\/paavonurmi.fi\/de\/zitate\/\" \/>\n<meta property=\"og:site_name\" content=\"Paavo Nurmi THE FLYING FINN\" \/>\n<meta property=\"article:modified_time\" content=\"2023-12-21T08:56:12+00:00\" \/>\n<meta name=\"twitter:card\" content=\"summary_large_image\" \/>\n<meta name=\"twitter:label1\" content=\"Gesch\u00e4tzte Lesezeit\" \/>\n\t<meta name=\"twitter:data1\" content=\"5\u00a0Minuten\" \/>\n<script type=\"application\/ld+json\" class=\"yoast-schema-graph\">{\"@context\":\"https:\/\/schema.org\",\"@graph\":[{\"@type\":\"WebPage\",\"@id\":\"https:\/\/paavonurmi.fi\/de\/zitate\/\",\"url\":\"https:\/\/paavonurmi.fi\/de\/zitate\/\",\"name\":\"Zitate - Paavo Nurmi THE FLYING FINN\",\"isPartOf\":{\"@id\":\"https:\/\/paavonurmi.fi\/#website\"},\"datePublished\":\"2023-10-24T09:57:20+00:00\",\"dateModified\":\"2023-12-21T08:56:12+00:00\",\"breadcrumb\":{\"@id\":\"https:\/\/paavonurmi.fi\/de\/zitate\/#breadcrumb\"},\"inLanguage\":\"de\",\"potentialAction\":[{\"@type\":\"ReadAction\",\"target\":[\"https:\/\/paavonurmi.fi\/de\/zitate\/\"]}]},{\"@type\":\"BreadcrumbList\",\"@id\":\"https:\/\/paavonurmi.fi\/de\/zitate\/#breadcrumb\",\"itemListElement\":[{\"@type\":\"ListItem\",\"position\":1,\"name\":\"Home\",\"item\":\"https:\/\/paavonurmi.fi\/de\/\"},{\"@type\":\"ListItem\",\"position\":2,\"name\":\"Zitate\"}]},{\"@type\":\"WebSite\",\"@id\":\"https:\/\/paavonurmi.fi\/#website\",\"url\":\"https:\/\/paavonurmi.fi\/\",\"name\":\"Paavo Nurmi THE FLYING FINN\",\"description\":\"Paavo Nurmi THE FLYING FINN\",\"potentialAction\":[{\"@type\":\"SearchAction\",\"target\":{\"@type\":\"EntryPoint\",\"urlTemplate\":\"https:\/\/paavonurmi.fi\/?s={search_term_string}\"},\"query-input\":\"required name=search_term_string\"}],\"inLanguage\":\"de\"}]}<\/script>\n<!-- \/ Yoast SEO plugin. -->","yoast_head_json":{"title":"Zitate - Paavo Nurmi THE FLYING FINN","robots":{"index":"index","follow":"follow","max-snippet":"max-snippet:-1","max-image-preview":"max-image-preview:large","max-video-preview":"max-video-preview:-1"},"canonical":"https:\/\/paavonurmi.fi\/de\/zitate\/","og_locale":"de_DE","og_type":"article","og_title":"Zitate - Paavo Nurmi THE FLYING FINN","og_description":"Er hatte gr\u00f6\u00dferen Einfluss auf den Laufsport, als jeder Andere vor oder nach ihm. Er, mehr als jeder Andere, machte den Laufsport in den Augen des internationales Publikums zu einer gro\u00dfen Sportart, und dieses Publikum verehrte ihn als einen der gr\u00f6\u00dften Sportler \u00fcber alle Sportarten hinweg. Cordner Nelson, Track\u2019s Greatest Champions. Tafnews Press 1986.In seinen [&hellip;]","og_url":"https:\/\/paavonurmi.fi\/de\/zitate\/","og_site_name":"Paavo Nurmi THE FLYING FINN","article_modified_time":"2023-12-21T08:56:12+00:00","twitter_card":"summary_large_image","twitter_misc":{"Gesch\u00e4tzte Lesezeit":"5\u00a0Minuten"},"schema":{"@context":"https:\/\/schema.org","@graph":[{"@type":"WebPage","@id":"https:\/\/paavonurmi.fi\/de\/zitate\/","url":"https:\/\/paavonurmi.fi\/de\/zitate\/","name":"Zitate - Paavo Nurmi THE FLYING FINN","isPartOf":{"@id":"https:\/\/paavonurmi.fi\/#website"},"datePublished":"2023-10-24T09:57:20+00:00","dateModified":"2023-12-21T08:56:12+00:00","breadcrumb":{"@id":"https:\/\/paavonurmi.fi\/de\/zitate\/#breadcrumb"},"inLanguage":"de","potentialAction":[{"@type":"ReadAction","target":["https:\/\/paavonurmi.fi\/de\/zitate\/"]}]},{"@type":"BreadcrumbList","@id":"https:\/\/paavonurmi.fi\/de\/zitate\/#breadcrumb","itemListElement":[{"@type":"ListItem","position":1,"name":"Home","item":"https:\/\/paavonurmi.fi\/de\/"},{"@type":"ListItem","position":2,"name":"Zitate"}]},{"@type":"WebSite","@id":"https:\/\/paavonurmi.fi\/#website","url":"https:\/\/paavonurmi.fi\/","name":"Paavo Nurmi THE FLYING FINN","description":"Paavo Nurmi THE FLYING FINN","potentialAction":[{"@type":"SearchAction","target":{"@type":"EntryPoint","urlTemplate":"https:\/\/paavonurmi.fi\/?s={search_term_string}"},"query-input":"required name=search_term_string"}],"inLanguage":"de"}]}},"_links":{"self":[{"href":"https:\/\/paavonurmi.fi\/de\/wp-json\/wp\/v2\/pages\/905","targetHints":{"allow":["GET"]}}],"collection":[{"href":"https:\/\/paavonurmi.fi\/de\/wp-json\/wp\/v2\/pages"}],"about":[{"href":"https:\/\/paavonurmi.fi\/de\/wp-json\/wp\/v2\/types\/page"}],"author":[{"embeddable":true,"href":"https:\/\/paavonurmi.fi\/de\/wp-json\/wp\/v2\/users\/1"}],"replies":[{"embeddable":true,"href":"https:\/\/paavonurmi.fi\/de\/wp-json\/wp\/v2\/comments?post=905"}],"version-history":[{"count":3,"href":"https:\/\/paavonurmi.fi\/de\/wp-json\/wp\/v2\/pages\/905\/revisions"}],"predecessor-version":[{"id":1719,"href":"https:\/\/paavonurmi.fi\/de\/wp-json\/wp\/v2\/pages\/905\/revisions\/1719"}],"wp:attachment":[{"href":"https:\/\/paavonurmi.fi\/de\/wp-json\/wp\/v2\/media?parent=905"}],"curies":[{"name":"wp","href":"https:\/\/api.w.org\/{rel}","templated":true}]}}