{"id":923,"date":"2023-10-23T12:00:26","date_gmt":"2023-10-23T09:00:26","guid":{"rendered":"https:\/\/paavonurmi.fi\/paavo-nurmi-the-flying-finn\/"},"modified":"2023-11-29T08:56:00","modified_gmt":"2023-11-29T06:56:00","slug":"paavo-nurmi-the-flying-finn","status":"publish","type":"page","link":"https:\/\/paavonurmi.fi\/es\/","title":{"rendered":"Paavo Nurmi THE FLYING FINN"},"content":{"rendered":"<p>[et_pb_section fb_built=\u00bb1&#8243; fullwidth=\u00bbon\u00bb admin_label=\u00bbPage Header\u00bb module_class=\u00bbhero&#8211;section\u00bb _builder_version=\u00bb4.23.1&#8243; _module_preset=\u00bbdefault\u00bb background_image=\u00bb\/wp-content\/uploads\/2023\/11\/PN_Paris_cover.jpg\u00bb hover_enabled=\u00bb0&#8243; global_colors_info=\u00bb{}\u00bb sticky_enabled=\u00bb0&#8243;][et_pb_fullwidth_header title=\u00bbPaavo Nurmi\u00bb text_orientation=\u00bbcenter\u00bb header_fullscreen=\u00bbon\u00bb header_scroll_down=\u00bbon\u00bb scroll_down_icon=\u00bb%%0%%\u00bb scroll_down_icon_size=\u00bb48px\u00bb button_one_text=\u00bbBiograf\u00eda\u00bb button_one_url=\u00bb\/es\/biografia\/\u00bb admin_label=\u00bbHero Section\u00bb module_class=\u00bbfw&#8211;header landing\u00bb _builder_version=\u00bb4.23.1&#8243; _module_preset=\u00bbdefault\u00bb background_enable_color=\u00bboff\u00bb custom_button_one=\u00bbon\u00bb custom_button_two=\u00bbon\u00bb module_alignment=\u00bbleft\u00bb hover_enabled=\u00bb0&#8243; button_one_text_color_hover=\u00bb#6eba01&#8243; button_two_text_color_hover=\u00bb#6eba01&#8243; button_one_border_color_hover=\u00bb#ffffff\u00bb button_two_border_color_hover=\u00bb#ffffff\u00bb button_one_border_radius_hover=\u00bb0&#8243; button_two_border_radius_hover=\u00bb0&#8243; button_one_letter_spacing_hover=\u00bb2&#8243; button_two_letter_spacing_hover=\u00bb2&#8243; button_one_bg_color_hover=\u00bb#ffffff\u00bb button_two_bg_color_hover=\u00bb#ffffff\u00bb global_colors_info=\u00bb{}\u00bb sticky_enabled=\u00bb0&#8243;]<\/p>\n<p>13.6.1897 \u2013 2.10.1973<\/p>\n<p>[\/et_pb_fullwidth_header][\/et_pb_section][et_pb_section fb_built=\u00bb1&#8243; admin_label=\u00bbcontent&#8211;section no&#8211;padding\u00bb module_class=\u00bbcontent&#8211;section small&#8211;padding&#8211;top no&#8211;padding&#8211;bottom \u00bb _builder_version=\u00bb4.23.1&#8243; _module_preset=\u00bbdefault\u00bb animation_direction=\u00bbbottom\u00bb global_colors_info=\u00bb{}\u00bb][et_pb_row column_structure=\u00bb1_2,1_2&#8243; use_custom_gutter=\u00bbon\u00bb gutter_width=\u00bb1&#8243; make_equal=\u00bbon\u00bb admin_label=\u00bbcontent&#8211;row fullwidth&#8211;row no&#8211;padding\u00bb module_class=\u00bbcontent&#8211;row fullwidth&#8211;row no&#8211;padding\u00bb _builder_version=\u00bb4.23&#8243; _module_preset=\u00bbdefault\u00bb background_size=\u00bbinitial\u00bb background_position=\u00bbtop_left\u00bb background_repeat=\u00bbrepeat\u00bb width_tablet=\u00bb100%\u00bb width_phone=\u00bb100%\u00bb width_last_edited=\u00bboff|desktop\u00bb max_width_tablet=\u00bb100%\u00bb max_width_phone=\u00bb100%\u00bb max_width_last_edited=\u00bboff|desktop\u00bb make_fullwidth=\u00bbon\u00bb global_colors_info=\u00bb{}\u00bb][et_pb_column type=\u00bb1_2&#8243; _builder_version=\u00bb4.23&#8243; _module_preset=\u00bbdefault\u00bb background_image=\u00bbhttps:\/\/paavonurmi.fi\/wp-content\/uploads\/2023\/10\/Paavo-Nurmi-1924.jpg\u00bb background_position=\u00bbtop_left\u00bb custom_padding=\u00bb|||\u00bb global_colors_info=\u00bb{}\u00bb custom_padding__hover=\u00bb|||\u00bb][\/et_pb_column][et_pb_column type=\u00bb1_2&#8243; module_class=\u00bbfullwidth&#8211;column&#8211;grid&#8211;padding bg&#8211;quartiary\u00bb admin_label=\u00bbfullwidth&#8211;column&#8211;grid&#8211;padding\u00bb _builder_version=\u00bb4.23&#8243; _module_preset=\u00bbdefault\u00bb background_enable_color=\u00bboff\u00bb background_position=\u00bbtop_left\u00bb global_colors_info=\u00bb{}\u00bb custom_padding__hover=\u00bb|||\u00bb][et_pb_divider divider_weight=\u00bb3px\u00bb disabled_on=\u00bboff|off|off\u00bb module_class=\u00bbcustom&#8211;divider primary\u00bb _builder_version=\u00bb4.23.1&#8243; _module_preset=\u00bbdefault\u00bb background_color_gradient_direction=\u00bb90deg\u00bb max_width=\u00bb100px\u00bb module_alignment=\u00bbleft\u00bb height=\u00bb5px\u00bb custom_margin=\u00bb||20px|\u00bb custom_padding=\u00bb||20px|\u00bb animation_direction=\u00bbbottom\u00bb module_alignment_tablet=\u00bbcenter\u00bb module_alignment_phone=\u00bbcenter\u00bb module_alignment_last_edited=\u00bbon|tablet\u00bb saved_tabs=\u00bball\u00bb locked=\u00bboff\u00bb global_colors_info=\u00bb{}\u00bb][\/et_pb_divider][et_pb_cta button_url=\u00bb\/es\/juegos-olimpicos\/\u00bb button_text=\u00bbJuegos ol\u00edmpicos\u00bb admin_label=\u00bbtext&#8211;450&#8243; module_class=\u00bbtext&#8211;450&#8243; _builder_version=\u00bb4.23.1&#8243; _module_preset=\u00bbdefault\u00bb use_background_color=\u00bboff\u00bb custom_button=\u00bbon\u00bb text_orientation=\u00bbleft\u00bb module_alignment=\u00bbleft\u00bb custom_margin=\u00bb|||\u00bb custom_padding=\u00bb|||\u00bb animation_direction=\u00bbbottom\u00bb text_orientation_tablet=\u00bbcenter\u00bb text_orientation_phone=\u00bbcenter\u00bb text_orientation_last_edited=\u00bbon|tablet\u00bb button_text_color_hover=\u00bb#6eba01&#8243; button_border_color_hover=\u00bb#6eba01&#8243; button_border_radius_hover=\u00bb0&#8243; button_letter_spacing_hover=\u00bb2&#8243; button_bg_color_hover=\u00bbrgba(0,0,0,0)\u00bb saved_tabs=\u00bball\u00bb locked=\u00bboff\u00bb global_colors_info=\u00bb{}\u00bb button_one_text_size__hover_enabled=\u00bboff\u00bb button_two_text_size__hover_enabled=\u00bboff\u00bb button_one_text_color__hover_enabled=\u00bboff\u00bb button_two_text_color__hover_enabled=\u00bboff\u00bb button_one_border_width__hover_enabled=\u00bboff\u00bb button_two_border_width__hover_enabled=\u00bboff\u00bb button_one_border_color__hover_enabled=\u00bboff\u00bb button_two_border_color__hover_enabled=\u00bboff\u00bb button_one_border_radius__hover_enabled=\u00bboff\u00bb button_two_border_radius__hover_enabled=\u00bboff\u00bb button_one_letter_spacing__hover_enabled=\u00bboff\u00bb button_two_letter_spacing__hover_enabled=\u00bboff\u00bb button_one_bg_color__hover_enabled=\u00bboff\u00bb button_two_bg_color__hover_enabled=\u00bboff\u00bb]<\/p>\n<p><strong>Paavo Nurmi<\/strong> es considerado el mejor corredor fondista y mediofondista de todos los tiempos. \u00c9l era llamado \u201cEl rey de los corredores\u201d y el \u201cEl finland\u00e9s volador\u201d. Este hombre conocido en todos los rincones del mundo era una parte esencial de autoestima del pueblo finland\u00e9s. Nurmi impuls\u00f3 el amor por las carreras de atletismo.<\/p>\n<p>Ten\u00eda un ardiente deseo de tener \u00e9xito en la vida y el correr era la forma de ganar el reconocimiento para s\u00ed mismo y para sus compatriotas. Paavo Nurmi obtuvo en tres Juegos Ol\u00edmpicos de la d\u00e9cada de los a\u00f1os 20, un total de 9 medallas de oro y tres de plata.<\/p>\n<p>[\/et_pb_cta][\/et_pb_column][\/et_pb_row][\/et_pb_section][et_pb_section fb_built=\u00bb1&#8243; admin_label=\u00bbcontent&#8211;section\u00bb module_class=\u00bbcontent&#8211;section\u00bb _builder_version=\u00bb4.23.1&#8243; _module_preset=\u00bbdefault\u00bb global_colors_info=\u00bb{}\u00bb][et_pb_row admin_label=\u00bbcontent&#8211;row\u00bb module_class=\u00bbcontent&#8211;row\u00bb _builder_version=\u00bb4.17.4&#8243; _module_preset=\u00bbdefault\u00bb background_size=\u00bbinitial\u00bb background_position=\u00bbtop_left\u00bb background_repeat=\u00bbrepeat\u00bb custom_width_px=\u00bb710px\u00bb global_colors_info=\u00bb{}\u00bb][et_pb_column type=\u00bb4_4&#8243; _builder_version=\u00bb4.16&#8243; _module_preset=\u00bbdefault\u00bb background_position=\u00bbtop_left\u00bb custom_padding=\u00bb|||\u00bb global_colors_info=\u00bb{}\u00bb custom_padding__hover=\u00bb|||\u00bb][et_pb_text admin_label=\u00bbtitle text&#8211;750&#8243; module_class=\u00bbtext&#8211;750 thin&#8211;heading text-center\u00bb _builder_version=\u00bb4.23.1&#8243; _module_preset=\u00bbdefault\u00bb module_alignment=\u00bbcenter\u00bb animation_direction=\u00bbbottom\u00bb global_colors_info=\u00bb{}\u00bb]<\/p>\n<h2>\u00ab<\/h2>\n<p>[\/et_pb_text][et_pb_text admin_label=\u00bbtitle text&#8211;750&#8243; module_class=\u00bbtext&#8211;750 thin&#8211;heading text-center quote\u00bb _builder_version=\u00bb4.23.1&#8243; _module_preset=\u00bbdefault\u00bb module_alignment=\u00bbcenter\u00bb animation_direction=\u00bbbottom\u00bb global_colors_info=\u00bb{}\u00bb]<strong>\u201chab\u00eda algo inhumanamente rudo y cruel, pero se permiti\u00f3 conquistar el mundo con el arma m\u00e1s brillante: una voluntad que ten\u00eda un poder sobrenatural\u201d<\/strong>[\/et_pb_text][et_pb_text admin_label=\u00bbtext&#8211;750&#8243; module_class=\u00bbtext&#8211;750 text-center\u00bb _builder_version=\u00bb4.23.1&#8243; _module_preset=\u00bbdefault\u00bb background_size=\u00bbinitial\u00bb background_position=\u00bbtop_left\u00bb background_repeat=\u00bbrepeat\u00bb module_alignment=\u00bbcenter\u00bb animation_direction=\u00bbbottom\u00bb global_colors_info=\u00bb{}\u00bb]<em>Martti Jukola, periodista (Huippu-urheilun historia, 1935)<br \/>\n<\/em>[\/et_pb_text][\/et_pb_column][\/et_pb_row][\/et_pb_section]<\/p>\n","protected":false},"excerpt":{"rendered":"<p>13.6.1897 \u2013 2.10.1973Paavo Nurmi es considerado el mejor corredor fondista y mediofondista de todos los tiempos. \u00c9l era llamado \u201cEl rey de los corredores\u201d y el \u201cEl finland\u00e9s volador\u201d. Este hombre conocido en todos los rincones del mundo era una parte esencial de autoestima del pueblo finland\u00e9s. Nurmi impuls\u00f3 el amor por las carreras de [&hellip;]<\/p>\n","protected":false},"author":1,"featured_media":0,"parent":0,"menu_order":0,"comment_status":"closed","ping_status":"closed","template":"","meta":{"_et_pb_use_builder":"on","_et_pb_old_content":"[et_pb_section fb_built=\"1\" fullwidth=\"on\" admin_label=\"Page Header\" module_class=\"hero--section\" _builder_version=\"4.23.1\" _module_preset=\"default\" background_image=\"\/wp-content\/uploads\/2023\/10\/Helsinki-1952.jpg\" global_colors_info=\"{}\"][et_pb_fullwidth_header title=\"Paavo Nurmi\" text_orientation=\"center\" header_fullscreen=\"on\" header_scroll_down=\"on\" scroll_down_icon=\"%%0%%\" scroll_down_icon_size=\"48px\" button_one_text=\"El\u00e4m\u00e4kerta\" button_one_url=\"\/elamakerta\/\" admin_label=\"Hero Section\" module_class=\"fw--header\" _builder_version=\"4.23.1\" _module_preset=\"default\" background_enable_color=\"off\" custom_button_one=\"on\" custom_button_two=\"on\" module_alignment=\"left\" hover_enabled=\"0\" button_one_text_color_hover=\"#6eba01\" button_two_text_color_hover=\"#6eba01\" button_one_border_color_hover=\"#ffffff\" button_two_border_color_hover=\"#ffffff\" button_one_border_radius_hover=\"0\" button_two_border_radius_hover=\"0\" button_one_letter_spacing_hover=\"2\" button_two_letter_spacing_hover=\"2\" button_one_bg_color_hover=\"#ffffff\" button_two_bg_color_hover=\"#ffffff\" global_colors_info=\"{}\" sticky_enabled=\"0\"]<p>13.6.1897 \u2013 2.10.1973<\/p>[\/et_pb_fullwidth_header][\/et_pb_section][et_pb_section fb_built=\"1\" admin_label=\"content--section no--padding\" module_class=\"content--section small--padding--top no--padding--bottom \" _builder_version=\"4.23.1\" _module_preset=\"default\" animation_direction=\"bottom\" global_colors_info=\"{}\"][et_pb_row column_structure=\"1_2,1_2\" use_custom_gutter=\"on\" gutter_width=\"1\" make_equal=\"on\" admin_label=\"content--row fullwidth--row no--padding\" module_class=\"content--row fullwidth--row no--padding\" _builder_version=\"4.23\" _module_preset=\"default\" background_size=\"initial\" background_position=\"top_left\" background_repeat=\"repeat\" width_tablet=\"100%\" width_phone=\"100%\" width_last_edited=\"off|desktop\" max_width_tablet=\"100%\" max_width_phone=\"100%\" max_width_last_edited=\"off|desktop\" make_fullwidth=\"on\" global_colors_info=\"{}\"][et_pb_column type=\"1_2\" _builder_version=\"4.23\" _module_preset=\"default\" background_image=\"https:\/\/paavonurmi.fi\/wp-content\/uploads\/2023\/10\/Paavo-Nurmi-1924.jpg\" background_position=\"top_left\" custom_padding=\"|||\" global_colors_info=\"{}\" custom_padding__hover=\"|||\"][\/et_pb_column][et_pb_column type=\"1_2\" module_class=\"fullwidth--column--grid--padding bg--quartiary\" admin_label=\"fullwidth--column--grid--padding\" _builder_version=\"4.23\" _module_preset=\"default\" background_enable_color=\"off\" background_position=\"top_left\" global_colors_info=\"{}\" custom_padding__hover=\"|||\"][et_pb_divider divider_weight=\"3px\" disabled_on=\"off|off|off\" module_class=\"custom--divider primary\" _builder_version=\"4.23.1\" _module_preset=\"default\" background_color_gradient_direction=\"90deg\" max_width=\"100px\" module_alignment=\"left\" height=\"5px\" custom_margin=\"||20px|\" custom_padding=\"||20px|\" animation_direction=\"bottom\" module_alignment_tablet=\"center\" module_alignment_phone=\"center\" module_alignment_last_edited=\"on|tablet\" saved_tabs=\"all\" locked=\"off\" global_colors_info=\"{}\"][\/et_pb_divider][et_pb_cta button_url=\"\/olympic-games\/\" button_text=\"Olympialaiset\" admin_label=\"text--450\" module_class=\"text--450\" _builder_version=\"4.23.1\" _module_preset=\"default\" use_background_color=\"off\" custom_button=\"on\" text_orientation=\"left\" module_alignment=\"left\" custom_margin=\"|||\" custom_padding=\"|||\" animation_direction=\"bottom\" hover_enabled=\"0\" text_orientation_tablet=\"center\" text_orientation_phone=\"center\" text_orientation_last_edited=\"on|tablet\" button_text_color_hover=\"#6eba01\" button_border_color_hover=\"#6eba01\" button_border_radius_hover=\"0\" button_letter_spacing_hover=\"2\" button_bg_color_hover=\"rgba(0,0,0,0)\" saved_tabs=\"all\" locked=\"off\" global_colors_info=\"{}\" button_one_text_size__hover_enabled=\"off\" button_two_text_size__hover_enabled=\"off\" button_one_text_color__hover_enabled=\"off\" button_two_text_color__hover_enabled=\"off\" button_one_border_width__hover_enabled=\"off\" button_two_border_width__hover_enabled=\"off\" button_one_border_color__hover_enabled=\"off\" button_two_border_color__hover_enabled=\"off\" button_one_border_radius__hover_enabled=\"off\" button_two_border_radius__hover_enabled=\"off\" button_one_letter_spacing__hover_enabled=\"off\" button_two_letter_spacing__hover_enabled=\"off\" button_one_bg_color__hover_enabled=\"off\" button_two_bg_color__hover_enabled=\"off\" sticky_enabled=\"0\"]<p><strong>Paavo Nurmi<\/strong> oli maailman kaikkien aikojen suurin juoksija. H\u00e4n oli \u201cJuoksijoiden kuningas\u201d ja \u201cLent\u00e4v\u00e4 suomalainen\u201d. Kaikkialla maailmassa tunnettu juoksija oli aikanaan keskeinen osa suomalaista itsetuntoa. Nurmea vei eteenp\u00e4in rakkaus juoksemiseen.<\/p>\r\n\r\n<p>Juoksuun kanavoitui halu olla jotakin sek\u00e4 tarve n\u00e4ytt\u00e4\u00e4 itselle ja muille. Paavo Nurmi saavutti kolmissa olympiakisoissa 1920-luvulla yhteens\u00e4 yhdeks\u00e4n kulta- ja kolme hopeamitalia.<\/p>[\/et_pb_cta][\/et_pb_column][\/et_pb_row][\/et_pb_section][et_pb_section fb_built=\"1\" admin_label=\"content--section\" module_class=\"content--section\" _builder_version=\"4.23.1\" _module_preset=\"default\" global_colors_info=\"{}\"][et_pb_row admin_label=\"content--row\" module_class=\"content--row\" _builder_version=\"4.17.4\" _module_preset=\"default\" background_size=\"initial\" background_position=\"top_left\" background_repeat=\"repeat\" custom_width_px=\"710px\" global_colors_info=\"{}\"][et_pb_column type=\"4_4\" _builder_version=\"4.16\" _module_preset=\"default\" background_position=\"top_left\" custom_padding=\"|||\" global_colors_info=\"{}\" custom_padding__hover=\"|||\"][et_pb_text admin_label=\"title text--750\" module_class=\"text--750 thin--heading text-center\" _builder_version=\"4.23.1\" _module_preset=\"default\" module_alignment=\"center\" animation_direction=\"bottom\" global_colors_info=\"{}\"]<h2>\"<\/h2>[\/et_pb_text][et_pb_text admin_label=\"title text--750\" module_class=\"text--750 thin--heading text-center quote\" _builder_version=\"4.23.1\" _module_preset=\"default\" module_alignment=\"center\" animation_direction=\"bottom\" global_colors_info=\"{}\"]<strong>H\u00e4ness\u00e4 oli jotakin ep\u00e4inhimillisen karua ja julmaa, mutta h\u00e4n valloitti maailman kirkkain asein: tahdollaan, jossa oli yliluonnollista voimaa<\/strong>[\/et_pb_text][et_pb_text admin_label=\"text--750\" module_class=\"text--750 text-center\" _builder_version=\"4.23.1\" _module_preset=\"default\" background_size=\"initial\" background_position=\"top_left\" background_repeat=\"repeat\" module_alignment=\"center\" animation_direction=\"bottom\" global_colors_info=\"{}\"]<em>Martti Jukola (Huippu-urheilun historia, 1935)<\/em>[\/et_pb_text][\/et_pb_column][\/et_pb_row][\/et_pb_section]","_et_gb_content_width":"","footnotes":""},"class_list":["post-923","page","type-page","status-publish","hentry"],"yoast_head":"<!-- This site is optimized with the Yoast SEO plugin v22.3 - https:\/\/yoast.com\/wordpress\/plugins\/seo\/ -->\n<title>Paavo Nurmi THE FLYING FINN - Paavo Nurmi THE FLYING FINN<\/title>\n<meta name=\"robots\" content=\"index, follow, max-snippet:-1, max-image-preview:large, max-video-preview:-1\" \/>\n<link rel=\"canonical\" href=\"https:\/\/paavonurmi.fi\/es\/\" \/>\n<meta property=\"og:locale\" content=\"es_ES\" \/>\n<meta property=\"og:type\" content=\"article\" \/>\n<meta property=\"og:title\" content=\"Paavo Nurmi THE FLYING FINN - Paavo Nurmi THE FLYING FINN\" \/>\n<meta property=\"og:description\" content=\"13.6.1897 \u2013 2.10.1973Paavo Nurmi es considerado el mejor corredor fondista y mediofondista de todos los tiempos. \u00c9l era llamado \u201cEl rey de los corredores\u201d y el \u201cEl finland\u00e9s volador\u201d. Este hombre conocido en todos los rincones del mundo era una parte esencial de autoestima del pueblo finland\u00e9s. Nurmi impuls\u00f3 el amor por las carreras de [&hellip;]\" \/>\n<meta property=\"og:url\" content=\"https:\/\/paavonurmi.fi\/es\/\" \/>\n<meta property=\"og:site_name\" content=\"Paavo Nurmi THE FLYING FINN\" \/>\n<meta property=\"article:modified_time\" content=\"2023-11-29T06:56:00+00:00\" \/>\n<meta name=\"twitter:card\" content=\"summary_large_image\" \/>\n<meta name=\"twitter:label1\" content=\"Tiempo de lectura\" \/>\n\t<meta name=\"twitter:data1\" content=\"3 minutos\" \/>\n<script type=\"application\/ld+json\" class=\"yoast-schema-graph\">{\"@context\":\"https:\/\/schema.org\",\"@graph\":[{\"@type\":\"WebPage\",\"@id\":\"https:\/\/paavonurmi.fi\/es\/\",\"url\":\"https:\/\/paavonurmi.fi\/es\/\",\"name\":\"Paavo Nurmi THE FLYING FINN - Paavo Nurmi THE FLYING FINN\",\"isPartOf\":{\"@id\":\"https:\/\/paavonurmi.fi\/#website\"},\"datePublished\":\"2023-10-23T09:00:26+00:00\",\"dateModified\":\"2023-11-29T06:56:00+00:00\",\"breadcrumb\":{\"@id\":\"https:\/\/paavonurmi.fi\/es\/#breadcrumb\"},\"inLanguage\":\"es\",\"potentialAction\":[{\"@type\":\"ReadAction\",\"target\":[\"https:\/\/paavonurmi.fi\/es\/\"]}]},{\"@type\":\"BreadcrumbList\",\"@id\":\"https:\/\/paavonurmi.fi\/es\/#breadcrumb\",\"itemListElement\":[{\"@type\":\"ListItem\",\"position\":1,\"name\":\"Home\",\"item\":\"https:\/\/paavonurmi.fi\/es\/\"},{\"@type\":\"ListItem\",\"position\":2,\"name\":\"Paavo Nurmi THE FLYING FINN\"}]},{\"@type\":\"WebSite\",\"@id\":\"https:\/\/paavonurmi.fi\/#website\",\"url\":\"https:\/\/paavonurmi.fi\/\",\"name\":\"Paavo Nurmi THE FLYING FINN\",\"description\":\"Paavo Nurmi THE FLYING FINN\",\"potentialAction\":[{\"@type\":\"SearchAction\",\"target\":{\"@type\":\"EntryPoint\",\"urlTemplate\":\"https:\/\/paavonurmi.fi\/?s={search_term_string}\"},\"query-input\":\"required name=search_term_string\"}],\"inLanguage\":\"es\"}]}<\/script>\n<!-- \/ Yoast SEO plugin. -->","yoast_head_json":{"title":"Paavo Nurmi THE FLYING FINN - Paavo Nurmi THE FLYING FINN","robots":{"index":"index","follow":"follow","max-snippet":"max-snippet:-1","max-image-preview":"max-image-preview:large","max-video-preview":"max-video-preview:-1"},"canonical":"https:\/\/paavonurmi.fi\/es\/","og_locale":"es_ES","og_type":"article","og_title":"Paavo Nurmi THE FLYING FINN - Paavo Nurmi THE FLYING FINN","og_description":"13.6.1897 \u2013 2.10.1973Paavo Nurmi es considerado el mejor corredor fondista y mediofondista de todos los tiempos. \u00c9l era llamado \u201cEl rey de los corredores\u201d y el \u201cEl finland\u00e9s volador\u201d. Este hombre conocido en todos los rincones del mundo era una parte esencial de autoestima del pueblo finland\u00e9s. Nurmi impuls\u00f3 el amor por las carreras de [&hellip;]","og_url":"https:\/\/paavonurmi.fi\/es\/","og_site_name":"Paavo Nurmi THE FLYING FINN","article_modified_time":"2023-11-29T06:56:00+00:00","twitter_card":"summary_large_image","twitter_misc":{"Tiempo de lectura":"3 minutos"},"schema":{"@context":"https:\/\/schema.org","@graph":[{"@type":"WebPage","@id":"https:\/\/paavonurmi.fi\/es\/","url":"https:\/\/paavonurmi.fi\/es\/","name":"Paavo Nurmi THE FLYING FINN - Paavo Nurmi THE FLYING FINN","isPartOf":{"@id":"https:\/\/paavonurmi.fi\/#website"},"datePublished":"2023-10-23T09:00:26+00:00","dateModified":"2023-11-29T06:56:00+00:00","breadcrumb":{"@id":"https:\/\/paavonurmi.fi\/es\/#breadcrumb"},"inLanguage":"es","potentialAction":[{"@type":"ReadAction","target":["https:\/\/paavonurmi.fi\/es\/"]}]},{"@type":"BreadcrumbList","@id":"https:\/\/paavonurmi.fi\/es\/#breadcrumb","itemListElement":[{"@type":"ListItem","position":1,"name":"Home","item":"https:\/\/paavonurmi.fi\/es\/"},{"@type":"ListItem","position":2,"name":"Paavo Nurmi THE FLYING FINN"}]},{"@type":"WebSite","@id":"https:\/\/paavonurmi.fi\/#website","url":"https:\/\/paavonurmi.fi\/","name":"Paavo Nurmi THE FLYING FINN","description":"Paavo Nurmi THE FLYING FINN","potentialAction":[{"@type":"SearchAction","target":{"@type":"EntryPoint","urlTemplate":"https:\/\/paavonurmi.fi\/?s={search_term_string}"},"query-input":"required name=search_term_string"}],"inLanguage":"es"}]}},"_links":{"self":[{"href":"https:\/\/paavonurmi.fi\/es\/wp-json\/wp\/v2\/pages\/923","targetHints":{"allow":["GET"]}}],"collection":[{"href":"https:\/\/paavonurmi.fi\/es\/wp-json\/wp\/v2\/pages"}],"about":[{"href":"https:\/\/paavonurmi.fi\/es\/wp-json\/wp\/v2\/types\/page"}],"author":[{"embeddable":true,"href":"https:\/\/paavonurmi.fi\/es\/wp-json\/wp\/v2\/users\/1"}],"replies":[{"embeddable":true,"href":"https:\/\/paavonurmi.fi\/es\/wp-json\/wp\/v2\/comments?post=923"}],"version-history":[{"count":5,"href":"https:\/\/paavonurmi.fi\/es\/wp-json\/wp\/v2\/pages\/923\/revisions"}],"predecessor-version":[{"id":1513,"href":"https:\/\/paavonurmi.fi\/es\/wp-json\/wp\/v2\/pages\/923\/revisions\/1513"}],"wp:attachment":[{"href":"https:\/\/paavonurmi.fi\/es\/wp-json\/wp\/v2\/media?parent=923"}],"curies":[{"name":"wp","href":"https:\/\/api.w.org\/{rel}","templated":true}]}}