{"id":942,"date":"2023-10-24T12:07:29","date_gmt":"2023-10-24T09:07:29","guid":{"rendered":"https:\/\/paavonurmi.fi\/tour-usa\/"},"modified":"2023-12-21T11:08:59","modified_gmt":"2023-12-21T09:08:59","slug":"gira-americana","status":"publish","type":"page","link":"https:\/\/paavonurmi.fi\/es\/gira-americana\/","title":{"rendered":"Gira Americana"},"content":{"rendered":"<p>[et_pb_section fb_built=\u00bb1&#8243; fullwidth=\u00bbon\u00bb admin_label=\u00bbPage Header\u00bb module_class=\u00bbhero&#8211;section\u00bb _builder_version=\u00bb4.23.1&#8243; _module_preset=\u00bbdefault\u00bb background_image=\u00bb\/wp-content\/uploads\/2023\/12\/Paavo-Nurmi-Amerikan-Kiertue-1929.jpg\u00bb hover_enabled=\u00bb0&#8243; global_colors_info=\u00bb{}\u00bb sticky_enabled=\u00bb0&#8243;][et_pb_fullwidth_header title=\u00bbLA GIRA AMERICANA DEL A\u00d1O 1925&#8243; text_orientation=\u00bbcenter\u00bb header_fullscreen=\u00bbon\u00bb button_one_url=\u00bb#\u00bb button_two_url=\u00bb#\u00bb admin_label=\u00bbHero Section\u00bb module_class=\u00bbfw&#8211;header\u00bb _builder_version=\u00bb4.23.1&#8243; _module_preset=\u00bbdefault\u00bb background_enable_color=\u00bboff\u00bb custom_button_one=\u00bbon\u00bb custom_button_two=\u00bbon\u00bb module_alignment=\u00bbleft\u00bb button_one_text_color_hover=\u00bb#6eba01&#8243; button_two_text_color_hover=\u00bb#6eba01&#8243; button_one_border_color_hover=\u00bb#ffffff\u00bb button_two_border_color_hover=\u00bb#ffffff\u00bb button_one_border_radius_hover=\u00bb0&#8243; button_two_border_radius_hover=\u00bb0&#8243; button_one_letter_spacing_hover=\u00bb2&#8243; button_two_letter_spacing_hover=\u00bb2&#8243; button_one_bg_color_hover=\u00bb#ffffff\u00bb button_two_bg_color_hover=\u00bb#ffffff\u00bb global_colors_info=\u00bb{}\u00bb][\/et_pb_fullwidth_header][\/et_pb_section][et_pb_section fb_built=\u00bb1&#8243; admin_label=\u00bbcontent&#8211;section no&#8211;padding\u00bb module_class=\u00bbcontent&#8211;section small&#8211;padding&#8211;top  small&#8211;padding&#8211;bottom\u00bb _builder_version=\u00bb4.23&#8243; _module_preset=\u00bbdefault\u00bb animation_direction=\u00bbbottom\u00bb global_colors_info=\u00bb{}\u00bb][et_pb_row column_structure=\u00bb2_3,1_3&#8243; use_custom_gutter=\u00bbon\u00bb gutter_width=\u00bb1&#8243; make_equal=\u00bbon\u00bb admin_label=\u00bbcontent&#8211;row fullwidth&#8211;row no&#8211;padding\u00bb module_class=\u00bbcontent&#8211;row fullwidth&#8211;row no&#8211;padding \u00bb _builder_version=\u00bb4.23&#8243; _module_preset=\u00bbdefault\u00bb background_size=\u00bbinitial\u00bb background_position=\u00bbtop_left\u00bb background_repeat=\u00bbrepeat\u00bb width_tablet=\u00bb100%\u00bb width_phone=\u00bb100%\u00bb width_last_edited=\u00bboff|desktop\u00bb max_width_tablet=\u00bb100%\u00bb max_width_phone=\u00bb100%\u00bb max_width_last_edited=\u00bboff|desktop\u00bb make_fullwidth=\u00bbon\u00bb global_colors_info=\u00bb{}\u00bb][et_pb_column type=\u00bb2_3&#8243; module_class=\u00bbspecial&#8211;content&#8211;column\u00bb _builder_version=\u00bb4.23&#8243; _module_preset=\u00bbdefault\u00bb background_enable_image=\u00bboff\u00bb background_position=\u00bbtop_left\u00bb custom_padding=\u00bb|||\u00bb global_colors_info=\u00bb{}\u00bb custom_padding__hover=\u00bb|||\u00bb][et_pb_cta button_url=\u00bb#\u00bb module_class=\u00bbela\u00bb _builder_version=\u00bb4.23.1&#8243; _module_preset=\u00bbdefault\u00bb use_background_color=\u00bboff\u00bb custom_button=\u00bbon\u00bb text_orientation=\u00bbleft\u00bb module_alignment=\u00bbleft\u00bb custom_margin=\u00bb|||\u00bb custom_padding=\u00bb|||\u00bb animation_direction=\u00bbbottom\u00bb text_orientation_tablet=\u00bbcenter\u00bb text_orientation_phone=\u00bbcenter\u00bb text_orientation_last_edited=\u00bbon|desktop\u00bb button_text_color_hover=\u00bb#6eba01&#8243; button_border_color_hover=\u00bb#6eba01&#8243; button_border_radius_hover=\u00bb0&#8243; button_letter_spacing_hover=\u00bb2&#8243; button_bg_color_hover=\u00bbrgba(0,0,0,0)\u00bb saved_tabs=\u00bball\u00bb locked=\u00bboff\u00bb global_colors_info=\u00bb{}\u00bb button_one_text_size__hover_enabled=\u00bboff\u00bb button_two_text_size__hover_enabled=\u00bboff\u00bb button_one_text_color__hover_enabled=\u00bboff\u00bb button_two_text_color__hover_enabled=\u00bboff\u00bb button_one_border_width__hover_enabled=\u00bboff\u00bb button_two_border_width__hover_enabled=\u00bboff\u00bb button_one_border_color__hover_enabled=\u00bboff\u00bb button_two_border_color__hover_enabled=\u00bboff\u00bb button_one_border_radius__hover_enabled=\u00bboff\u00bb button_two_border_radius__hover_enabled=\u00bboff\u00bb button_one_letter_spacing__hover_enabled=\u00bboff\u00bb button_two_letter_spacing__hover_enabled=\u00bboff\u00bb button_one_bg_color__hover_enabled=\u00bboff\u00bb button_two_bg_color__hover_enabled=\u00bboff\u00bb]<\/p>\n<p>La Federaci\u00f3n de Atletismo de los Estados Unidos ya hab\u00eda mostrado inter\u00e9s en que Paavo Nurmi corriera en el nuevo continente. Sin embargo, por un lado los estudios que cursaba en la Escuela Industrial de Helsinki como el hecho de tener que prepararse para los Juegos Ol\u00edmpicos de Par\u00eds, pospusieron los planes. Despu\u00e9s de los extraordinarios \u00e9xitos obtenidos en Par\u00eds, su cach\u00e9 era a\u00fan mayor en los Estados Unidos. En noviembre de 1924 finalmente Nurmi puso embarcarse para hacer el viaje transatl\u00e1ntico. Sali\u00f3 de Hanko en el s\/s Arcturus acompa\u00f1ado de su masajista Eino Hakoniemi. El barco era el habitual de los viajes de emigrantes, v\u00eda Copenhague, Hull y Liverpool. De ah\u00ed en el barco Celtic hasta Nueva York. Las condiciones para entrenarse durante el viaje no eran las m\u00e1s apropiadas. En un peri\u00f3dico finland\u00e9s, Nurmi asegura que \u201cMe entrenaba todos los d\u00edas en el barco. Bueno, mejor dicho, todas las noches y bajo una pobre luz el\u00e9ctrica. Durante el d\u00eda me daba verg\u00fcenza hacerlo y tampoco me atrev\u00eda por las ma\u00f1ana porque la tripulaci\u00f3n ya estaba despierta.\u201d El Celtic lleg\u00f3 a Nueva York el 10 de diciembre. Cientos de inmigrantes finlandeses fueron a recibirlo. La ceremonia de bienvenida se celebr\u00f3 en el Ayuntamiento de la Ciudad de Nueva York, donde el alcalde le ofreci\u00f3 las llaves de la ciudad.<\/p>\n<p>[\/et_pb_cta][et_pb_cta title=\u00bbUN HUMO ESPESO Y UN RUIDO INFERNAL EN LA PISTA CUBIERTA\u00bb button_url=\u00bb#\u00bb admin_label=\u00bbUN HUMO ESPESO Y UN RUIDO INFERNAL EN LA PISTA CUBIERTA\u00bb module_class=\u00bbela tertiary-bg\u00bb _builder_version=\u00bb4.23.1&#8243; _module_preset=\u00bbdefault\u00bb use_background_color=\u00bboff\u00bb custom_button=\u00bbon\u00bb text_orientation=\u00bbleft\u00bb module_alignment=\u00bbleft\u00bb custom_margin=\u00bb|||\u00bb custom_padding=\u00bb|||\u00bb animation_direction=\u00bbbottom\u00bb text_orientation_tablet=\u00bbcenter\u00bb text_orientation_phone=\u00bbcenter\u00bb text_orientation_last_edited=\u00bbon|tablet\u00bb button_text_color_hover=\u00bb#6eba01&#8243; button_border_color_hover=\u00bb#6eba01&#8243; button_border_radius_hover=\u00bb0&#8243; button_letter_spacing_hover=\u00bb2&#8243; button_bg_color_hover=\u00bbrgba(0,0,0,0)\u00bb saved_tabs=\u00bball\u00bb locked=\u00bboff\u00bb global_colors_info=\u00bb{}\u00bb button_one_text_size__hover_enabled=\u00bboff\u00bb button_two_text_size__hover_enabled=\u00bboff\u00bb button_one_text_color__hover_enabled=\u00bboff\u00bb button_two_text_color__hover_enabled=\u00bboff\u00bb button_one_border_width__hover_enabled=\u00bboff\u00bb button_two_border_width__hover_enabled=\u00bboff\u00bb button_one_border_color__hover_enabled=\u00bboff\u00bb button_two_border_color__hover_enabled=\u00bboff\u00bb button_one_border_radius__hover_enabled=\u00bboff\u00bb button_two_border_radius__hover_enabled=\u00bboff\u00bb button_one_letter_spacing__hover_enabled=\u00bboff\u00bb button_two_letter_spacing__hover_enabled=\u00bboff\u00bb button_one_bg_color__hover_enabled=\u00bboff\u00bb button_two_bg_color__hover_enabled=\u00bboff\u00bb]<\/p>\n<p>Al principio Nurmi estuvo alojado en casa de su protector y consejero Hugo Qvist, presidente del Club Atl\u00e9tico Fino-Americano de Nueva York, pero se mud\u00f3 lo antes posible a las afueras de la ciudad para evitar la cantidad de periodistas y admiradores que pasaban por la casa de Qvist. Nurmi empez\u00f3 con un severo programa de entrenamiento para ponerse a punto para la exigente gira que le esperaba. Primero dos semanas y media en exteriores y luego una semana m\u00e1s para acostumbrarse a las pistas cubiertas.<\/p>\n<p>La primera exhibici\u00f3n fue el 6 de enero de 1925 en el legendario Madison Square Garden. Todas las entradas se vendieron tan pronto se supo la fecha de la primera carrera en suelo americano del finland\u00e9s. Nurmi dijo que la pista de 160 yardas (140 metros) era la m\u00e1s r\u00e1pida de los Estados Unidos y hasta asegur\u00f3 que el aire espeso del humo de tabaco excitaba el organismo. El programa recordaba aquel de su proeza en Par\u00eds: en el intervalo de una hora correr\u00eda la milla y los 5 mil metros. En la milla los mejores americanos eran Joie Ray y Lloyd Hahn y al principio parec\u00eda que iba a sorprender al campe\u00f3n quien parec\u00eda no adaptarse bien a las caracter\u00edsticas de la superficie. Al final Nurmi alcanz\u00f3 a los escapados y corri\u00f3 la milla en un nuevo r\u00e9cord mundial: 4:13.5. El comienzo de los 5 mil se retras\u00f3 un poco por la gran afluencia de fot\u00f3grafos y admiradores quienes rodeaban a Paavo y a Ville Ritola. En la carrera, Ville mantuvo el tempo pero Paavo lo adelant\u00f3 con un incre\u00edble y potente ataque final que detuvo el cron\u00f3metro en 14:44.6 \u2013 \u00a1Otra vez un nuevo r\u00e9cord mundial!<\/p>\n<p>[\/et_pb_cta][et_pb_cta title=\u00bb\u00a1M\u00c1S DE 50.000 KIL\u00d3METROS DE VIAJE!\u00bb button_url=\u00bb#\u00bb admin_label=\u00bb\u00a1M\u00c1S DE 50.000 KIL\u00d3METROS DE VIAJE!\u00bb module_class=\u00bbela\u00bb _builder_version=\u00bb4.23.1&#8243; _module_preset=\u00bbdefault\u00bb use_background_color=\u00bboff\u00bb custom_button=\u00bbon\u00bb text_orientation=\u00bbleft\u00bb module_alignment=\u00bbleft\u00bb custom_margin=\u00bb|||\u00bb custom_padding=\u00bb|||\u00bb animation_direction=\u00bbbottom\u00bb text_orientation_tablet=\u00bbcenter\u00bb text_orientation_phone=\u00bbcenter\u00bb text_orientation_last_edited=\u00bbon|desktop\u00bb button_text_color_hover=\u00bb#6eba01&#8243; button_border_color_hover=\u00bb#6eba01&#8243; button_border_radius_hover=\u00bb0&#8243; button_letter_spacing_hover=\u00bb2&#8243; button_bg_color_hover=\u00bbrgba(0,0,0,0)\u00bb saved_tabs=\u00bball\u00bb locked=\u00bboff\u00bb global_colors_info=\u00bb{}\u00bb button_one_text_size__hover_enabled=\u00bboff\u00bb button_two_text_size__hover_enabled=\u00bboff\u00bb button_one_text_color__hover_enabled=\u00bboff\u00bb button_two_text_color__hover_enabled=\u00bboff\u00bb button_one_border_width__hover_enabled=\u00bboff\u00bb button_two_border_width__hover_enabled=\u00bboff\u00bb button_one_border_color__hover_enabled=\u00bboff\u00bb button_two_border_color__hover_enabled=\u00bboff\u00bb button_one_border_radius__hover_enabled=\u00bboff\u00bb button_two_border_radius__hover_enabled=\u00bboff\u00bb button_one_letter_spacing__hover_enabled=\u00bboff\u00bb button_two_letter_spacing__hover_enabled=\u00bboff\u00bb button_one_bg_color__hover_enabled=\u00bboff\u00bb button_two_bg_color__hover_enabled=\u00bboff\u00bb]<\/p>\n<p>El plan de Nurmi no era pasar todo el invierno en los Estados Unidos, pero la extraordinaria exhibici\u00f3n y logros en su primera presentaci\u00f3n superaron las expectativas y ahora lo quer\u00edan ver en todos los rincones del pa\u00eds. En total particip\u00f3 en 55 carreras y, entre ellas, innumerables carreras de exhibici\u00f3n en escuelas, universidades y cuarteles militares. Puede que m\u00e1s agotante que las carreras hayan sido los viajes y las obligatorias relaciones p\u00fablicas. En los a\u00f1os 20 pr\u00e1cticamente no se viajaba en avi\u00f3n, sino en tren o autob\u00fas. La gira de Nurmi recorri\u00f3 el pa\u00eds de costa a costa, de Boston a San Francisco incluyendo par de viajes a Canad\u00e1. En total recorri\u00f3 m\u00e1s de 50 mil kil\u00f3metros en cuatro meses. Como la presencia de Nurmi era la m\u00e1s importante en estos encuentros de atletismo, casi siempre le tocaba correr tarde por la noche y as\u00ed no pod\u00eda acostarse hasta las uno\u2013dos de la noche. Considerando las circunstancias, el balance de Paavo Nurmi fue impresionante: gan\u00f3 51 de 55 carreras (45 en pistas cubiertas, 10 en abiertas), tres veces segundo (dos de ellas en carreras con h\u00e1ndicap) y un abandono por un calambre. Impuso 12 nuevos r\u00e9cords mundiales en pista cubierta en distancias oficiales y muchos otros en eventos m\u00e1s inusuales. La \u00faltima carrera de Nurmi fue el 26 de mayo en el Yankee Stadium de Nueva York, donde fue superado por Alan Helffrich, a la saz\u00f3n el medio millero m\u00e1s r\u00e1pido de continente americano. En un art\u00edculo se dijo que perdi\u00f3 por amabilidad.<\/p>\n<p>[\/et_pb_cta][et_pb_cta title=\u00bb\u00bfPOR QU\u00c9 LOS ESTADOS UNIDOS ENLOQUECI\u00d3 CON NURMI?\u00bb button_url=\u00bb#\u00bb admin_label=\u00bb\u00bfPOR QU\u00c9 LOS ESTADOS UNIDOS ENLOQUECI\u00d3 CON NURMI?\u00bb module_class=\u00bbela tertiary-bg\u00bb _builder_version=\u00bb4.23.1&#8243; _module_preset=\u00bbdefault\u00bb use_background_color=\u00bboff\u00bb custom_button=\u00bbon\u00bb text_orientation=\u00bbleft\u00bb module_alignment=\u00bbleft\u00bb custom_margin=\u00bb|||\u00bb custom_padding=\u00bb|||\u00bb animation_direction=\u00bbbottom\u00bb text_orientation_tablet=\u00bbcenter\u00bb text_orientation_phone=\u00bbcenter\u00bb text_orientation_last_edited=\u00bbon|tablet\u00bb button_text_color_hover=\u00bb#6eba01&#8243; button_border_color_hover=\u00bb#6eba01&#8243; button_border_radius_hover=\u00bb0&#8243; button_letter_spacing_hover=\u00bb2&#8243; button_bg_color_hover=\u00bbrgba(0,0,0,0)\u00bb saved_tabs=\u00bball\u00bb locked=\u00bboff\u00bb global_colors_info=\u00bb{}\u00bb button_one_text_size__hover_enabled=\u00bboff\u00bb button_two_text_size__hover_enabled=\u00bboff\u00bb button_one_text_color__hover_enabled=\u00bboff\u00bb button_two_text_color__hover_enabled=\u00bboff\u00bb button_one_border_width__hover_enabled=\u00bboff\u00bb button_two_border_width__hover_enabled=\u00bboff\u00bb button_one_border_color__hover_enabled=\u00bboff\u00bb button_two_border_color__hover_enabled=\u00bboff\u00bb button_one_border_radius__hover_enabled=\u00bboff\u00bb button_two_border_radius__hover_enabled=\u00bboff\u00bb button_one_letter_spacing__hover_enabled=\u00bboff\u00bb button_two_letter_spacing__hover_enabled=\u00bboff\u00bb button_one_bg_color__hover_enabled=\u00bboff\u00bb button_two_bg_color__hover_enabled=\u00bboff\u00bb]<\/p>\n<p>\u00bfPor qu\u00e9 se ha hablado y escrito tanto de la gira americana de Paavo Nurmi? \u00bfC\u00f3mo este \u201cPhantom Finn\u201d \u2013hombre callado e introvertido\u2013 pudo hacerse con los corazones de un pueblo que viv\u00edan los locos a\u00f1os 20, donde el charleston, el jazz y el cabaret eran los que emocionaban a gran parte del pa\u00eds? Lo cierto es que Nurmi no intentaba llamar la atenci\u00f3n: como siempre fue su costumbre, durante su estancia no dio ni una sola entrevista. Se entiende que el presidente de Finlandia Lauri Relander, cuando Nurmi vuelve de Am\u00e9rica, reconociese sus proezas invit\u00e1ndole a \u00e9l y a su madre a la residencia de Kultaranta para otorgarle el reconocimiento nacional de primera clase que es la Rosa Blanca de Finlandia. Pero, \u00bfpor qu\u00e9 el presidente de los Estados Unidos Calvin Coolidge quer\u00eda conocer al corredor finland\u00e9s?<\/p>\n<p>Entre junio y marzo de 1925 el New York Times public\u00f3 m\u00e1s de 70 art\u00edculos sobre la gira de Paavo Nurmi. Y los diarios peque\u00f1os segu\u00edan el ejemplo. Una de las razones principales puede que sea el hecho medi\u00e1tico mismo: Nurmi vend\u00eda. El mismo Paavo Nurmi observo que \u201cTodo el mundo lleva un peri\u00f3dico en la mano, pero s\u00f3lo leen las p\u00e1ginas deportivas y despu\u00e9s tiran el peri\u00f3dico\u201d. En invierno de 1929 hizo una segunda gira por los Estados Unidos. Una vez m\u00e1s tuvo mucha publicidad, aunque esta vez Nurmi no estuvo dispuesto a tener una agenda tan agotante como la primera vez. Paavo Nurmi visit\u00f3 los Estados Unidos en numerosas ocasiones hasta los a\u00f1os 60 y siempre fue un hu\u00e9sped c\u00e9lebre y bien recibido.<\/p>\n<p>[\/et_pb_cta][\/et_pb_column][et_pb_column type=\u00bb1_3&#8243; admin_label=\u00bbfullwidth&#8211;column&#8211;grid&#8211;padding\u00bb _builder_version=\u00bb4.23&#8243; _module_preset=\u00bbdefault\u00bb background_enable_color=\u00bboff\u00bb background_position=\u00bbtop_left\u00bb global_colors_info=\u00bb{}\u00bb custom_padding__hover=\u00bb|||\u00bb][et_pb_image src=\u00bb\/wp-content\/uploads\/2023\/10\/pn_Amerikan-kiertue-1925_1.jpg\u00bb show_in_lightbox=\u00bbon\u00bb module_class=\u00bbela&#8211;image\u00bb _builder_version=\u00bb4.23&#8243; _module_preset=\u00bbdefault\u00bb global_colors_info=\u00bb{}\u00bb][\/et_pb_image][et_pb_image src=\u00bb\/wp-content\/uploads\/2023\/10\/pn_Amerikan-kiertue-1925_2_2.jpg\u00bb show_in_lightbox=\u00bbon\u00bb module_class=\u00bbela&#8211;image\u00bb _builder_version=\u00bb4.23&#8243; _module_preset=\u00bbdefault\u00bb global_colors_info=\u00bb{}\u00bb][\/et_pb_image][et_pb_image src=\u00bb\/wp-content\/uploads\/2023\/10\/pn_Amerikan-kiertue-1929.jpg\u00bb show_in_lightbox=\u00bbon\u00bb module_class=\u00bbela&#8211;image\u00bb _builder_version=\u00bb4.23&#8243; _module_preset=\u00bbdefault\u00bb global_colors_info=\u00bb{}\u00bb][\/et_pb_image][et_pb_image src=\u00bb\/wp-content\/uploads\/2023\/10\/pn_New-York-1929_1.jpg\u00bb show_in_lightbox=\u00bbon\u00bb module_class=\u00bbela&#8211;image\u00bb _builder_version=\u00bb4.23&#8243; _module_preset=\u00bbdefault\u00bb global_colors_info=\u00bb{}\u00bb][\/et_pb_image][et_pb_image src=\u00bb\/wp-content\/uploads\/2023\/10\/pn_Paavo-Nurmi_New-York_1966.jpg\u00bb show_in_lightbox=\u00bbon\u00bb module_class=\u00bbela&#8211;image\u00bb _builder_version=\u00bb4.23&#8243; _module_preset=\u00bbdefault\u00bb global_colors_info=\u00bb{}\u00bb][\/et_pb_image][\/et_pb_column][\/et_pb_row][\/et_pb_section]<\/p>\n","protected":false},"excerpt":{"rendered":"<p>La Federaci\u00f3n de Atletismo de los Estados Unidos ya hab\u00eda mostrado inter\u00e9s en que Paavo Nurmi corriera en el nuevo continente. Sin embargo, por un lado los estudios que cursaba en la Escuela Industrial de Helsinki como el hecho de tener que prepararse para los Juegos Ol\u00edmpicos de Par\u00eds, pospusieron los planes. Despu\u00e9s de los [&hellip;]<\/p>\n","protected":false},"author":1,"featured_media":0,"parent":0,"menu_order":0,"comment_status":"closed","ping_status":"closed","template":"","meta":{"_et_pb_use_builder":"on","_et_pb_old_content":"","_et_gb_content_width":"","footnotes":""},"class_list":["post-942","page","type-page","status-publish","hentry"],"yoast_head":"<!-- This site is optimized with the Yoast SEO plugin v22.3 - https:\/\/yoast.com\/wordpress\/plugins\/seo\/ -->\n<title>Gira Americana - Paavo Nurmi THE FLYING FINN<\/title>\n<meta name=\"robots\" content=\"index, follow, max-snippet:-1, max-image-preview:large, max-video-preview:-1\" \/>\n<link rel=\"canonical\" href=\"https:\/\/paavonurmi.fi\/es\/gira-americana\/\" \/>\n<meta property=\"og:locale\" content=\"es_ES\" \/>\n<meta property=\"og:type\" content=\"article\" \/>\n<meta property=\"og:title\" content=\"Gira Americana - Paavo Nurmi THE FLYING FINN\" \/>\n<meta property=\"og:description\" content=\"La Federaci\u00f3n de Atletismo de los Estados Unidos ya hab\u00eda mostrado inter\u00e9s en que Paavo Nurmi corriera en el nuevo continente. Sin embargo, por un lado los estudios que cursaba en la Escuela Industrial de Helsinki como el hecho de tener que prepararse para los Juegos Ol\u00edmpicos de Par\u00eds, pospusieron los planes. Despu\u00e9s de los [&hellip;]\" \/>\n<meta property=\"og:url\" content=\"https:\/\/paavonurmi.fi\/es\/gira-americana\/\" \/>\n<meta property=\"og:site_name\" content=\"Paavo Nurmi THE FLYING FINN\" \/>\n<meta property=\"article:modified_time\" content=\"2023-12-21T09:08:59+00:00\" \/>\n<meta name=\"twitter:card\" content=\"summary_large_image\" \/>\n<meta name=\"twitter:label1\" content=\"Tiempo de lectura\" \/>\n\t<meta name=\"twitter:data1\" content=\"8 minutos\" \/>\n<script type=\"application\/ld+json\" class=\"yoast-schema-graph\">{\"@context\":\"https:\/\/schema.org\",\"@graph\":[{\"@type\":\"WebPage\",\"@id\":\"https:\/\/paavonurmi.fi\/es\/gira-americana\/\",\"url\":\"https:\/\/paavonurmi.fi\/es\/gira-americana\/\",\"name\":\"Gira Americana - Paavo Nurmi THE FLYING FINN\",\"isPartOf\":{\"@id\":\"https:\/\/paavonurmi.fi\/#website\"},\"datePublished\":\"2023-10-24T09:07:29+00:00\",\"dateModified\":\"2023-12-21T09:08:59+00:00\",\"breadcrumb\":{\"@id\":\"https:\/\/paavonurmi.fi\/es\/gira-americana\/#breadcrumb\"},\"inLanguage\":\"es\",\"potentialAction\":[{\"@type\":\"ReadAction\",\"target\":[\"https:\/\/paavonurmi.fi\/es\/gira-americana\/\"]}]},{\"@type\":\"BreadcrumbList\",\"@id\":\"https:\/\/paavonurmi.fi\/es\/gira-americana\/#breadcrumb\",\"itemListElement\":[{\"@type\":\"ListItem\",\"position\":1,\"name\":\"Home\",\"item\":\"https:\/\/paavonurmi.fi\/es\/\"},{\"@type\":\"ListItem\",\"position\":2,\"name\":\"Gira Americana\"}]},{\"@type\":\"WebSite\",\"@id\":\"https:\/\/paavonurmi.fi\/#website\",\"url\":\"https:\/\/paavonurmi.fi\/\",\"name\":\"Paavo Nurmi THE FLYING FINN\",\"description\":\"Paavo Nurmi THE FLYING FINN\",\"potentialAction\":[{\"@type\":\"SearchAction\",\"target\":{\"@type\":\"EntryPoint\",\"urlTemplate\":\"https:\/\/paavonurmi.fi\/?s={search_term_string}\"},\"query-input\":\"required name=search_term_string\"}],\"inLanguage\":\"es\"}]}<\/script>\n<!-- \/ Yoast SEO plugin. -->","yoast_head_json":{"title":"Gira Americana - Paavo Nurmi THE FLYING FINN","robots":{"index":"index","follow":"follow","max-snippet":"max-snippet:-1","max-image-preview":"max-image-preview:large","max-video-preview":"max-video-preview:-1"},"canonical":"https:\/\/paavonurmi.fi\/es\/gira-americana\/","og_locale":"es_ES","og_type":"article","og_title":"Gira Americana - Paavo Nurmi THE FLYING FINN","og_description":"La Federaci\u00f3n de Atletismo de los Estados Unidos ya hab\u00eda mostrado inter\u00e9s en que Paavo Nurmi corriera en el nuevo continente. Sin embargo, por un lado los estudios que cursaba en la Escuela Industrial de Helsinki como el hecho de tener que prepararse para los Juegos Ol\u00edmpicos de Par\u00eds, pospusieron los planes. Despu\u00e9s de los [&hellip;]","og_url":"https:\/\/paavonurmi.fi\/es\/gira-americana\/","og_site_name":"Paavo Nurmi THE FLYING FINN","article_modified_time":"2023-12-21T09:08:59+00:00","twitter_card":"summary_large_image","twitter_misc":{"Tiempo de lectura":"8 minutos"},"schema":{"@context":"https:\/\/schema.org","@graph":[{"@type":"WebPage","@id":"https:\/\/paavonurmi.fi\/es\/gira-americana\/","url":"https:\/\/paavonurmi.fi\/es\/gira-americana\/","name":"Gira Americana - Paavo Nurmi THE FLYING FINN","isPartOf":{"@id":"https:\/\/paavonurmi.fi\/#website"},"datePublished":"2023-10-24T09:07:29+00:00","dateModified":"2023-12-21T09:08:59+00:00","breadcrumb":{"@id":"https:\/\/paavonurmi.fi\/es\/gira-americana\/#breadcrumb"},"inLanguage":"es","potentialAction":[{"@type":"ReadAction","target":["https:\/\/paavonurmi.fi\/es\/gira-americana\/"]}]},{"@type":"BreadcrumbList","@id":"https:\/\/paavonurmi.fi\/es\/gira-americana\/#breadcrumb","itemListElement":[{"@type":"ListItem","position":1,"name":"Home","item":"https:\/\/paavonurmi.fi\/es\/"},{"@type":"ListItem","position":2,"name":"Gira Americana"}]},{"@type":"WebSite","@id":"https:\/\/paavonurmi.fi\/#website","url":"https:\/\/paavonurmi.fi\/","name":"Paavo Nurmi THE FLYING FINN","description":"Paavo Nurmi THE FLYING FINN","potentialAction":[{"@type":"SearchAction","target":{"@type":"EntryPoint","urlTemplate":"https:\/\/paavonurmi.fi\/?s={search_term_string}"},"query-input":"required name=search_term_string"}],"inLanguage":"es"}]}},"_links":{"self":[{"href":"https:\/\/paavonurmi.fi\/es\/wp-json\/wp\/v2\/pages\/942","targetHints":{"allow":["GET"]}}],"collection":[{"href":"https:\/\/paavonurmi.fi\/es\/wp-json\/wp\/v2\/pages"}],"about":[{"href":"https:\/\/paavonurmi.fi\/es\/wp-json\/wp\/v2\/types\/page"}],"author":[{"embeddable":true,"href":"https:\/\/paavonurmi.fi\/es\/wp-json\/wp\/v2\/users\/1"}],"replies":[{"embeddable":true,"href":"https:\/\/paavonurmi.fi\/es\/wp-json\/wp\/v2\/comments?post=942"}],"version-history":[{"count":3,"href":"https:\/\/paavonurmi.fi\/es\/wp-json\/wp\/v2\/pages\/942\/revisions"}],"predecessor-version":[{"id":1761,"href":"https:\/\/paavonurmi.fi\/es\/wp-json\/wp\/v2\/pages\/942\/revisions\/1761"}],"wp:attachment":[{"href":"https:\/\/paavonurmi.fi\/es\/wp-json\/wp\/v2\/media?parent=942"}],"curies":[{"name":"wp","href":"https:\/\/api.w.org\/{rel}","templated":true}]}}