{"id":947,"date":"2023-10-24T12:18:17","date_gmt":"2023-10-24T09:18:17","guid":{"rendered":"https:\/\/paavonurmi.fi\/home-museum\/"},"modified":"2024-06-11T12:00:54","modified_gmt":"2024-06-11T09:00:54","slug":"la-casa","status":"publish","type":"page","link":"https:\/\/paavonurmi.fi\/es\/la-casa\/","title":{"rendered":"La Casa"},"content":{"rendered":"<p>[et_pb_section fb_built=\u00bb1&#8243; fullwidth=\u00bbon\u00bb admin_label=\u00bbPage Header\u00bb module_class=\u00bbhero&#8211;section\u00bb _builder_version=\u00bb4.23.1&#8243; _module_preset=\u00bbdefault\u00bb background_image=\u00bb\/wp-content\/uploads\/2023\/12\/Paavo-Nurmi-kotiinpaluu-1924.jpg\u00bb global_colors_info=\u00bb{}\u00bb][et_pb_fullwidth_header title=\u00bbLA CASA NATAL DE PAAVO NURMI\u00bb text_orientation=\u00bbcenter\u00bb header_fullscreen=\u00bbon\u00bb button_one_url=\u00bb#\u00bb button_two_url=\u00bb#\u00bb admin_label=\u00bbHero Section\u00bb module_class=\u00bbfw&#8211;header\u00bb _builder_version=\u00bb4.23.1&#8243; _module_preset=\u00bbdefault\u00bb background_enable_color=\u00bboff\u00bb custom_button_one=\u00bbon\u00bb custom_button_two=\u00bbon\u00bb module_alignment=\u00bbleft\u00bb button_one_text_color_hover=\u00bb#6eba01&#8243; button_two_text_color_hover=\u00bb#6eba01&#8243; button_one_border_color_hover=\u00bb#ffffff\u00bb button_two_border_color_hover=\u00bb#ffffff\u00bb button_one_border_radius_hover=\u00bb0&#8243; button_two_border_radius_hover=\u00bb0&#8243; button_one_letter_spacing_hover=\u00bb2&#8243; button_two_letter_spacing_hover=\u00bb2&#8243; button_one_bg_color_hover=\u00bb#ffffff\u00bb button_two_bg_color_hover=\u00bb#ffffff\u00bb global_colors_info=\u00bb{}\u00bb][\/et_pb_fullwidth_header][\/et_pb_section][et_pb_section fb_built=\u00bb1&#8243; admin_label=\u00bbcontent&#8211;section no&#8211;padding\u00bb module_class=\u00bbcontent&#8211;section small&#8211;padding&#8211;top  small&#8211;padding&#8211;bottom\u00bb _builder_version=\u00bb4.23&#8243; _module_preset=\u00bbdefault\u00bb animation_direction=\u00bbbottom\u00bb global_colors_info=\u00bb{}\u00bb][et_pb_row column_structure=\u00bb2_3,1_3&#8243; use_custom_gutter=\u00bbon\u00bb gutter_width=\u00bb1&#8243; make_equal=\u00bbon\u00bb admin_label=\u00bbcontent&#8211;row fullwidth&#8211;row no&#8211;padding\u00bb module_class=\u00bbcontent&#8211;row fullwidth&#8211;row no&#8211;padding \u00bb _builder_version=\u00bb4.23&#8243; _module_preset=\u00bbdefault\u00bb background_size=\u00bbinitial\u00bb background_position=\u00bbtop_left\u00bb background_repeat=\u00bbrepeat\u00bb width_tablet=\u00bb100%\u00bb width_phone=\u00bb100%\u00bb width_last_edited=\u00bboff|desktop\u00bb max_width_tablet=\u00bb100%\u00bb max_width_phone=\u00bb100%\u00bb max_width_last_edited=\u00bboff|desktop\u00bb make_fullwidth=\u00bbon\u00bb global_colors_info=\u00bb{}\u00bb][et_pb_column type=\u00bb2_3&#8243; module_class=\u00bbspecial&#8211;content&#8211;column\u00bb _builder_version=\u00bb4.23&#8243; _module_preset=\u00bbdefault\u00bb background_enable_image=\u00bboff\u00bb background_position=\u00bbtop_left\u00bb custom_padding=\u00bb|||\u00bb global_colors_info=\u00bb{}\u00bb custom_padding__hover=\u00bb|||\u00bb][et_pb_cta button_url=\u00bb#\u00bb admin_label=\u00bbSIS\u00c4RADOILLA SANKKA SAVU JA HELVETILLINEN HUUTO\u00bb module_class=\u00bbela tertiary-bg\u00bb _builder_version=\u00bb4.24.2&#8243; _module_preset=\u00bbdefault\u00bb use_background_color=\u00bboff\u00bb custom_button=\u00bbon\u00bb text_orientation=\u00bbleft\u00bb module_alignment=\u00bbleft\u00bb custom_margin=\u00bb|||\u00bb custom_padding=\u00bb|||\u00bb animation_direction=\u00bbbottom\u00bb hover_enabled=\u00bb0&#8243; text_orientation_tablet=\u00bbcenter\u00bb text_orientation_phone=\u00bbcenter\u00bb text_orientation_last_edited=\u00bbon|tablet\u00bb button_text_color_hover=\u00bb#6eba01&#8243; button_border_color_hover=\u00bb#6eba01&#8243; button_border_radius_hover=\u00bb0&#8243; button_letter_spacing_hover=\u00bb2&#8243; button_bg_color_hover=\u00bbrgba(0,0,0,0)\u00bb saved_tabs=\u00bball\u00bb locked=\u00bboff\u00bb global_colors_info=\u00bb{}\u00bb button_one_text_size__hover_enabled=\u00bboff\u00bb button_two_text_size__hover_enabled=\u00bboff\u00bb button_one_text_color__hover_enabled=\u00bboff\u00bb button_two_text_color__hover_enabled=\u00bboff\u00bb button_one_border_width__hover_enabled=\u00bboff\u00bb button_two_border_width__hover_enabled=\u00bboff\u00bb button_one_border_color__hover_enabled=\u00bboff\u00bb button_two_border_color__hover_enabled=\u00bboff\u00bb button_one_border_radius__hover_enabled=\u00bboff\u00bb button_two_border_radius__hover_enabled=\u00bboff\u00bb button_one_letter_spacing__hover_enabled=\u00bboff\u00bb button_two_letter_spacing__hover_enabled=\u00bboff\u00bb button_one_bg_color__hover_enabled=\u00bboff\u00bb button_two_bg_color__hover_enabled=\u00bboff\u00bb sticky_enabled=\u00bb0&#8243;]<\/p>\n<p>Mantenida por el Museo del Deporte de Finlandia, en la calle Jarrumiehenkatu 4, nro.17 de la ciudad de Turku encontramos la casa natal de Paavo Nurmi. La Casa-Museo est\u00e1 abierta al p\u00fablico el 16 de junio, d\u00eda en que se celebra el cumplea\u00f1os de Nurmi. Tambi\u00e9n se puede visitar previa reserva envi\u00e1ndonos un correo electr\u00f3nico. <a href=\"mailto:info@paavonurmigames.fi\">info@paavonurmigames.fi<\/a><\/p>\n<p>Johan Nurmi, el padre de Paavo, compr\u00f3 una casita de una habitaci\u00f3n y cocina en el a\u00f1o 1903 en una zona de casas para obreros. Hab\u00eda tres edificaciones de madera de una sola planta que rodeaban un amplio patio. La vivienda de 40 m\u00b2 de los Nurmi estaba situada en la \u00faltima casa en la parte trasera del patio. El h\u00e1bil carpintero Johan construy\u00f3 \u00e9l mismo todos los muebles de la peque\u00f1a morada familiar.<\/p>\n<p>Johan Nurmi falleci\u00f3 en el a\u00f1o 1910 y as\u00ed Matilda Nurmi se qued\u00f3 sola a cargo de cinco hijos: Paavo de 12 a\u00f1os (nacido en 1897), Siiri de diez (n. 1898), Saara de siete (n. 1902), Martti de cuatro (n. 1905) y la peque\u00f1a Lahja que apenas ten\u00eda poco m\u00e1s de un a\u00f1o (n. 1908) y quien morir\u00eda antes de cumplir los tres a\u00f1os.<\/p>\n<p>La situaci\u00f3n econ\u00f3mica de la familia era penosa ya que gran parte de la deuda por la compra de la casa quedaba todav\u00eda por pagarse a la muerte del padre. Matilda \u2013la madre\u2013 se puso a trabajar como ayudante de alba\u00f1il y como encargada de limpieza. Paavo tuvo que dejar los estudios y empezar a trabajar para ayudar a su madre en el sustento de la familia. Muy probablemente Paavo hubiera tenido \u00e9xito en sus estudios posteriores de bachillerato ya obten\u00eda las mejores calificaciones pero, lamentablemente, no hab\u00eda dinero para que pudiera continuar estudiando. Su primer trabajo fue como repartidor de pan.<\/p>\n<p>A pesar de los dos trabajos, el dinero no alcanzaba para vivir, lo que oblig\u00f3 a Matilda a alquilar la cocina a otra familia obrera. Las condiciones de vida de los Nurmi eran muy limitadas. La madre y sus cuatro hijos vivieron por casi cuatro a\u00f1os en una peque\u00f1a habitaci\u00f3n con una estufa para preparar la comida. Un sof\u00e1 de madera y unos catres serv\u00edan de cama.<\/p>\n<p>Es al finalizar los Juegos Ol\u00edmpicos de Amberes en 1920 cuando la familia pudo volver a hacer uso de toda la vivienda. Gracias a los beneficios obtenidos por Paavo en los Juegos, la casa pudo tener luz el\u00e9ctrica, tuber\u00edas de agua en la cocina y se compraron muebles modernos de f\u00e1brica. En la habitaci\u00f3n hay ahora una m\u00e1quina de coser y un gram\u00f3fono que Paavo recibi\u00f3 como premios por sus victorias. Matilda Nurmi por fin pod\u00eda dejar de trabajar y dedicarse a las tareas dom\u00e9sticas.<\/p>\n<p>Al comienzo de los a\u00f1os 20 Paavo Nurmi estudi\u00f3 en la Escuela Industrial de Helsinki y s\u00f3lo retornaba a casa alg\u00fan que otro fin de semana. En 1924 volvi\u00f3 a Turku, a su vieja casa en la primavera y a su entorno familiar para prepararse para los venideros Juegos Ol\u00edmpicos de Par\u00eds.<\/p>\n<p>Paavo se mud\u00f3 definitivamente de la casa de la calle Jarrumiehenkatu al casarse con Sylvi Laaksonen en mayo de 1932. Tras su divorcio vivi\u00f3 en otro domicilio en Turku hasta 1935, a\u00f1o en el que se traslad\u00f3 definitivamente a Helsinki.<\/p>\n<p>Matilda Nurmi vivi\u00f3 en la casa familiar hasta su muerte en 1936. Siiri y Martti, quienes se mantuvieron solteros, as\u00ed como Saara, quien enviud\u00f3 en 1946, vivieron en la vieja vivienda de la familia hasta el a\u00f1o 1960.<\/p>\n<p>Afinales de los 60 la casa cambi\u00f3 de propietario y se vi\u00f3 bastante deteriorada. Al acercarse la fecha de conmemoraci\u00f3n del 100 aniversario del nacimiento de Paavo Nurmi, la ciudad decidi\u00f3 reparar la casa. La casa fue abierta al p\u00fablico el 10 de junio de 1997 y conten\u00eda una peque\u00f1a exposici\u00f3n montada por el Museo Regional de Turku.<\/p>\n<p><em>El Museo del Deporte de Finlandia alquil\u00f3 a partir del 1.2.2000 la casa que es propiedad de la Ciudad de Turku y decidi\u00f3 redecorarla con los mismos tipos de objetos que la familia Nurmi ten\u00eda en la d\u00e9cada de los a\u00f1os 20. Las paredes se empapelaron de acuerdo a la \u00e9poca. Parte de los objetos son originales, por ejemplo, la lencer\u00eda que tiene los monogramas de Siiri y Saara y en la mesa de la cocina est\u00e1n los platos usados por los Nurmi. En la habitaci\u00f3n encontramos aquel gram\u00f3fono que Paavo recibi\u00f3 como premio.<\/em><\/p>\n<p>[\/et_pb_cta][\/et_pb_column][et_pb_column type=\u00bb1_3&#8243; admin_label=\u00bbfullwidth&#8211;column&#8211;grid&#8211;padding\u00bb _builder_version=\u00bb4.23&#8243; _module_preset=\u00bbdefault\u00bb background_enable_color=\u00bboff\u00bb background_position=\u00bbtop_left\u00bb global_colors_info=\u00bb{}\u00bb custom_padding__hover=\u00bb|||\u00bb][et_pb_image src=\u00bb\/wp-content\/uploads\/2023\/10\/pn_kotitalo_1.jpg\u00bb show_in_lightbox=\u00bbon\u00bb module_class=\u00bbela&#8211;image\u00bb _builder_version=\u00bb4.23&#8243; _module_preset=\u00bbdefault\u00bb global_colors_info=\u00bb{}\u00bb][\/et_pb_image][et_pb_image src=\u00bb\/wp-content\/uploads\/2023\/10\/pn_kotitalo_2.jpg\u00bb show_in_lightbox=\u00bbon\u00bb module_class=\u00bbela&#8211;image\u00bb _builder_version=\u00bb4.23&#8243; _module_preset=\u00bbdefault\u00bb global_colors_info=\u00bb{}\u00bb][\/et_pb_image][et_pb_image src=\u00bb\/wp-content\/uploads\/2023\/10\/pn_kotitalo_3.jpg\u00bb show_in_lightbox=\u00bbon\u00bb module_class=\u00bbela&#8211;image\u00bb _builder_version=\u00bb4.23&#8243; _module_preset=\u00bbdefault\u00bb global_colors_info=\u00bb{}\u00bb][\/et_pb_image][\/et_pb_column][\/et_pb_row][\/et_pb_section]<\/p>\n","protected":false},"excerpt":{"rendered":"<p>Mantenida por el Museo del Deporte de Finlandia, en la calle Jarrumiehenkatu 4, nro.17 de la ciudad de Turku encontramos la casa natal de Paavo Nurmi. La Casa-Museo est\u00e1 abierta al p\u00fablico el 16 de junio, d\u00eda en que se celebra el cumplea\u00f1os de Nurmi. Tambi\u00e9n se puede visitar previa reserva envi\u00e1ndonos un correo electr\u00f3nico. [&hellip;]<\/p>\n","protected":false},"author":1,"featured_media":0,"parent":0,"menu_order":0,"comment_status":"closed","ping_status":"closed","template":"","meta":{"_et_pb_use_builder":"on","_et_pb_old_content":"","_et_gb_content_width":"","footnotes":""},"class_list":["post-947","page","type-page","status-publish","hentry"],"yoast_head":"<!-- This site is optimized with the Yoast SEO plugin v22.3 - https:\/\/yoast.com\/wordpress\/plugins\/seo\/ -->\n<title>La Casa - Paavo Nurmi THE FLYING FINN<\/title>\n<meta name=\"robots\" content=\"index, follow, max-snippet:-1, max-image-preview:large, max-video-preview:-1\" \/>\n<link rel=\"canonical\" href=\"https:\/\/paavonurmi.fi\/es\/la-casa\/\" \/>\n<meta property=\"og:locale\" content=\"es_ES\" \/>\n<meta property=\"og:type\" content=\"article\" \/>\n<meta property=\"og:title\" content=\"La Casa - Paavo Nurmi THE FLYING FINN\" \/>\n<meta property=\"og:description\" content=\"Mantenida por el Museo del Deporte de Finlandia, en la calle Jarrumiehenkatu 4, nro.17 de la ciudad de Turku encontramos la casa natal de Paavo Nurmi. La Casa-Museo est\u00e1 abierta al p\u00fablico el 16 de junio, d\u00eda en que se celebra el cumplea\u00f1os de Nurmi. Tambi\u00e9n se puede visitar previa reserva envi\u00e1ndonos un correo electr\u00f3nico. [&hellip;]\" \/>\n<meta property=\"og:url\" content=\"https:\/\/paavonurmi.fi\/es\/la-casa\/\" \/>\n<meta property=\"og:site_name\" content=\"Paavo Nurmi THE FLYING FINN\" \/>\n<meta property=\"article:modified_time\" content=\"2024-06-11T09:00:54+00:00\" \/>\n<meta name=\"twitter:card\" content=\"summary_large_image\" \/>\n<meta name=\"twitter:label1\" content=\"Tiempo de lectura\" \/>\n\t<meta name=\"twitter:data1\" content=\"6 minutos\" \/>\n<script type=\"application\/ld+json\" class=\"yoast-schema-graph\">{\"@context\":\"https:\/\/schema.org\",\"@graph\":[{\"@type\":\"WebPage\",\"@id\":\"https:\/\/paavonurmi.fi\/es\/la-casa\/\",\"url\":\"https:\/\/paavonurmi.fi\/es\/la-casa\/\",\"name\":\"La Casa - Paavo Nurmi THE FLYING FINN\",\"isPartOf\":{\"@id\":\"https:\/\/paavonurmi.fi\/#website\"},\"datePublished\":\"2023-10-24T09:18:17+00:00\",\"dateModified\":\"2024-06-11T09:00:54+00:00\",\"breadcrumb\":{\"@id\":\"https:\/\/paavonurmi.fi\/es\/la-casa\/#breadcrumb\"},\"inLanguage\":\"es\",\"potentialAction\":[{\"@type\":\"ReadAction\",\"target\":[\"https:\/\/paavonurmi.fi\/es\/la-casa\/\"]}]},{\"@type\":\"BreadcrumbList\",\"@id\":\"https:\/\/paavonurmi.fi\/es\/la-casa\/#breadcrumb\",\"itemListElement\":[{\"@type\":\"ListItem\",\"position\":1,\"name\":\"Home\",\"item\":\"https:\/\/paavonurmi.fi\/es\/\"},{\"@type\":\"ListItem\",\"position\":2,\"name\":\"La Casa\"}]},{\"@type\":\"WebSite\",\"@id\":\"https:\/\/paavonurmi.fi\/#website\",\"url\":\"https:\/\/paavonurmi.fi\/\",\"name\":\"Paavo Nurmi THE FLYING FINN\",\"description\":\"Paavo Nurmi THE FLYING FINN\",\"potentialAction\":[{\"@type\":\"SearchAction\",\"target\":{\"@type\":\"EntryPoint\",\"urlTemplate\":\"https:\/\/paavonurmi.fi\/?s={search_term_string}\"},\"query-input\":\"required name=search_term_string\"}],\"inLanguage\":\"es\"}]}<\/script>\n<!-- \/ Yoast SEO plugin. -->","yoast_head_json":{"title":"La Casa - Paavo Nurmi THE FLYING FINN","robots":{"index":"index","follow":"follow","max-snippet":"max-snippet:-1","max-image-preview":"max-image-preview:large","max-video-preview":"max-video-preview:-1"},"canonical":"https:\/\/paavonurmi.fi\/es\/la-casa\/","og_locale":"es_ES","og_type":"article","og_title":"La Casa - Paavo Nurmi THE FLYING FINN","og_description":"Mantenida por el Museo del Deporte de Finlandia, en la calle Jarrumiehenkatu 4, nro.17 de la ciudad de Turku encontramos la casa natal de Paavo Nurmi. La Casa-Museo est\u00e1 abierta al p\u00fablico el 16 de junio, d\u00eda en que se celebra el cumplea\u00f1os de Nurmi. Tambi\u00e9n se puede visitar previa reserva envi\u00e1ndonos un correo electr\u00f3nico. [&hellip;]","og_url":"https:\/\/paavonurmi.fi\/es\/la-casa\/","og_site_name":"Paavo Nurmi THE FLYING FINN","article_modified_time":"2024-06-11T09:00:54+00:00","twitter_card":"summary_large_image","twitter_misc":{"Tiempo de lectura":"6 minutos"},"schema":{"@context":"https:\/\/schema.org","@graph":[{"@type":"WebPage","@id":"https:\/\/paavonurmi.fi\/es\/la-casa\/","url":"https:\/\/paavonurmi.fi\/es\/la-casa\/","name":"La Casa - Paavo Nurmi THE FLYING FINN","isPartOf":{"@id":"https:\/\/paavonurmi.fi\/#website"},"datePublished":"2023-10-24T09:18:17+00:00","dateModified":"2024-06-11T09:00:54+00:00","breadcrumb":{"@id":"https:\/\/paavonurmi.fi\/es\/la-casa\/#breadcrumb"},"inLanguage":"es","potentialAction":[{"@type":"ReadAction","target":["https:\/\/paavonurmi.fi\/es\/la-casa\/"]}]},{"@type":"BreadcrumbList","@id":"https:\/\/paavonurmi.fi\/es\/la-casa\/#breadcrumb","itemListElement":[{"@type":"ListItem","position":1,"name":"Home","item":"https:\/\/paavonurmi.fi\/es\/"},{"@type":"ListItem","position":2,"name":"La Casa"}]},{"@type":"WebSite","@id":"https:\/\/paavonurmi.fi\/#website","url":"https:\/\/paavonurmi.fi\/","name":"Paavo Nurmi THE FLYING FINN","description":"Paavo Nurmi THE FLYING FINN","potentialAction":[{"@type":"SearchAction","target":{"@type":"EntryPoint","urlTemplate":"https:\/\/paavonurmi.fi\/?s={search_term_string}"},"query-input":"required name=search_term_string"}],"inLanguage":"es"}]}},"_links":{"self":[{"href":"https:\/\/paavonurmi.fi\/es\/wp-json\/wp\/v2\/pages\/947","targetHints":{"allow":["GET"]}}],"collection":[{"href":"https:\/\/paavonurmi.fi\/es\/wp-json\/wp\/v2\/pages"}],"about":[{"href":"https:\/\/paavonurmi.fi\/es\/wp-json\/wp\/v2\/types\/page"}],"author":[{"embeddable":true,"href":"https:\/\/paavonurmi.fi\/es\/wp-json\/wp\/v2\/users\/1"}],"replies":[{"embeddable":true,"href":"https:\/\/paavonurmi.fi\/es\/wp-json\/wp\/v2\/comments?post=947"}],"version-history":[{"count":4,"href":"https:\/\/paavonurmi.fi\/es\/wp-json\/wp\/v2\/pages\/947\/revisions"}],"predecessor-version":[{"id":1836,"href":"https:\/\/paavonurmi.fi\/es\/wp-json\/wp\/v2\/pages\/947\/revisions\/1836"}],"wp:attachment":[{"href":"https:\/\/paavonurmi.fi\/es\/wp-json\/wp\/v2\/media?parent=947"}],"curies":[{"name":"wp","href":"https:\/\/api.w.org\/{rel}","templated":true}]}}