{"id":958,"date":"2023-10-24T12:57:20","date_gmt":"2023-10-24T09:57:20","guid":{"rendered":"https:\/\/paavonurmi.fi\/quotes\/"},"modified":"2023-12-21T10:57:46","modified_gmt":"2023-12-21T08:57:46","slug":"menciones","status":"publish","type":"page","link":"https:\/\/paavonurmi.fi\/es\/menciones\/","title":{"rendered":"Menciones"},"content":{"rendered":"<p>[et_pb_section fb_built=\u00bb1&#8243; fullwidth=\u00bbon\u00bb admin_label=\u00bbPage Header\u00bb module_class=\u00bbhero&#8211;section\u00bb _builder_version=\u00bb4.23.1&#8243; _module_preset=\u00bbdefault\u00bb background_image=\u00bb\/wp-content\/uploads\/2023\/12\/Paavo-Nurmi-Helsinki-1952.jpg\u00bb hover_enabled=\u00bb0&#8243; global_colors_info=\u00bb{}\u00bb sticky_enabled=\u00bb0&#8243;][et_pb_fullwidth_header title=\u00bbCOMO LOS DEM\u00c1S VEN A PAAVO NURMI\u00bb text_orientation=\u00bbcenter\u00bb header_fullscreen=\u00bbon\u00bb button_one_url=\u00bb#\u00bb button_two_url=\u00bb#\u00bb admin_label=\u00bbHero Section\u00bb module_class=\u00bbfw&#8211;header\u00bb _builder_version=\u00bb4.23.1&#8243; _module_preset=\u00bbdefault\u00bb background_enable_color=\u00bboff\u00bb custom_button_one=\u00bbon\u00bb custom_button_two=\u00bbon\u00bb module_alignment=\u00bbleft\u00bb button_one_text_color_hover=\u00bb#6eba01&#8243; button_two_text_color_hover=\u00bb#6eba01&#8243; button_one_border_color_hover=\u00bb#ffffff\u00bb button_two_border_color_hover=\u00bb#ffffff\u00bb button_one_border_radius_hover=\u00bb0&#8243; button_two_border_radius_hover=\u00bb0&#8243; button_one_letter_spacing_hover=\u00bb2&#8243; button_two_letter_spacing_hover=\u00bb2&#8243; button_one_bg_color_hover=\u00bb#ffffff\u00bb button_two_bg_color_hover=\u00bb#ffffff\u00bb global_colors_info=\u00bb{}\u00bb][\/et_pb_fullwidth_header][\/et_pb_section][et_pb_section fb_built=\u00bb1&#8243; admin_label=\u00bbcontent&#8211;section no&#8211;padding\u00bb module_class=\u00bbcontent&#8211;section small&#8211;padding&#8211;top  small&#8211;padding&#8211;bottom\u00bb _builder_version=\u00bb4.23&#8243; _module_preset=\u00bbdefault\u00bb animation_direction=\u00bbbottom\u00bb global_colors_info=\u00bb{}\u00bb][et_pb_row column_structure=\u00bb2_3,1_3&#8243; use_custom_gutter=\u00bbon\u00bb gutter_width=\u00bb1&#8243; make_equal=\u00bbon\u00bb admin_label=\u00bbcontent&#8211;row fullwidth&#8211;row no&#8211;padding\u00bb module_class=\u00bbcontent&#8211;row fullwidth&#8211;row no&#8211;padding \u00bb _builder_version=\u00bb4.23&#8243; _module_preset=\u00bbdefault\u00bb background_size=\u00bbinitial\u00bb background_position=\u00bbtop_left\u00bb background_repeat=\u00bbrepeat\u00bb width_tablet=\u00bb100%\u00bb width_phone=\u00bb100%\u00bb width_last_edited=\u00bboff|desktop\u00bb max_width_tablet=\u00bb100%\u00bb max_width_phone=\u00bb100%\u00bb max_width_last_edited=\u00bboff|desktop\u00bb make_fullwidth=\u00bbon\u00bb global_colors_info=\u00bb{}\u00bb][et_pb_column type=\u00bb2_3&#8243; module_class=\u00bbspecial&#8211;content&#8211;column\u00bb _builder_version=\u00bb4.23&#8243; _module_preset=\u00bbdefault\u00bb background_enable_image=\u00bboff\u00bb background_position=\u00bbtop_left\u00bb custom_padding=\u00bb|||\u00bb global_colors_info=\u00bb{}\u00bb custom_padding__hover=\u00bb|||\u00bb][et_pb_cta button_url=\u00bb#\u00bb admin_label=\u00bbCordner Nelson, Track\u2019s Greatest Champions. Tafnews Press 1986.\u00bb module_class=\u00bbela tertiary-bg\u00bb _builder_version=\u00bb4.23.1&#8243; _module_preset=\u00bbdefault\u00bb use_background_color=\u00bboff\u00bb custom_button=\u00bbon\u00bb text_orientation=\u00bbleft\u00bb module_alignment=\u00bbleft\u00bb custom_margin=\u00bb|||\u00bb custom_padding=\u00bb|||\u00bb animation_direction=\u00bbbottom\u00bb text_orientation_tablet=\u00bbcenter\u00bb text_orientation_phone=\u00bbcenter\u00bb text_orientation_last_edited=\u00bbon|tablet\u00bb button_text_color_hover=\u00bb#6eba01&#8243; button_border_color_hover=\u00bb#6eba01&#8243; button_border_radius_hover=\u00bb0&#8243; button_letter_spacing_hover=\u00bb2&#8243; button_bg_color_hover=\u00bbrgba(0,0,0,0)\u00bb saved_tabs=\u00bball\u00bb locked=\u00bboff\u00bb global_colors_info=\u00bb{}\u00bb button_one_text_size__hover_enabled=\u00bboff\u00bb button_two_text_size__hover_enabled=\u00bboff\u00bb button_one_text_color__hover_enabled=\u00bboff\u00bb button_two_text_color__hover_enabled=\u00bboff\u00bb button_one_border_width__hover_enabled=\u00bboff\u00bb button_two_border_width__hover_enabled=\u00bboff\u00bb button_one_border_color__hover_enabled=\u00bboff\u00bb button_two_border_color__hover_enabled=\u00bboff\u00bb button_one_border_radius__hover_enabled=\u00bboff\u00bb button_two_border_radius__hover_enabled=\u00bboff\u00bb button_one_letter_spacing__hover_enabled=\u00bboff\u00bb button_two_letter_spacing__hover_enabled=\u00bboff\u00bb button_one_bg_color__hover_enabled=\u00bboff\u00bb button_two_bg_color__hover_enabled=\u00bboff\u00bb]<\/p>\n<p>Nurmi ha dejado una huella en el mundo de las carreras de atletismo como nunca antes ni despu\u00e9s nadie lo ha hecho. \u00c9l como nadie es quien puso a las carreras en el altar de competiciones deportivas ante los ojos del p\u00fablico mundial. Y es este p\u00fablico quien le rinde el honor de reconocerlo como uno de los grandes deportistas de todos los tiempos.<\/p>\n<p><strong><em>Cordner Nelson, Track\u2019s Greatest Champions. Tafnews Press 1986.<\/em><\/strong><\/p>\n<p>[\/et_pb_cta][et_pb_cta button_url=\u00bb#\u00bb admin_label=\u00bbRoberto L. Quercetani, Athletics : A History of Modern Track and Field Athletics (1860-1990). Vallardi &#038; Associati, Milan 1990.\u00bb module_class=\u00bbela \u00bb _builder_version=\u00bb4.23.1&#8243; _module_preset=\u00bbdefault\u00bb use_background_color=\u00bboff\u00bb custom_button=\u00bbon\u00bb text_orientation=\u00bbleft\u00bb module_alignment=\u00bbleft\u00bb custom_margin=\u00bb|||\u00bb custom_padding=\u00bb|||\u00bb animation_direction=\u00bbbottom\u00bb text_orientation_tablet=\u00bbcenter\u00bb text_orientation_phone=\u00bbcenter\u00bb text_orientation_last_edited=\u00bbon|tablet\u00bb button_text_color_hover=\u00bb#6eba01&#8243; button_border_color_hover=\u00bb#6eba01&#8243; button_border_radius_hover=\u00bb0&#8243; button_letter_spacing_hover=\u00bb2&#8243; button_bg_color_hover=\u00bbrgba(0,0,0,0)\u00bb saved_tabs=\u00bball\u00bb locked=\u00bboff\u00bb global_colors_info=\u00bb{}\u00bb button_one_text_size__hover_enabled=\u00bboff\u00bb button_two_text_size__hover_enabled=\u00bboff\u00bb button_one_text_color__hover_enabled=\u00bboff\u00bb button_two_text_color__hover_enabled=\u00bboff\u00bb button_one_border_width__hover_enabled=\u00bboff\u00bb button_two_border_width__hover_enabled=\u00bboff\u00bb button_one_border_color__hover_enabled=\u00bboff\u00bb button_two_border_color__hover_enabled=\u00bboff\u00bb button_one_border_radius__hover_enabled=\u00bboff\u00bb button_two_border_radius__hover_enabled=\u00bboff\u00bb button_one_letter_spacing__hover_enabled=\u00bboff\u00bb button_two_letter_spacing__hover_enabled=\u00bboff\u00bb button_one_bg_color__hover_enabled=\u00bboff\u00bb button_two_bg_color__hover_enabled=\u00bboff\u00bb]<\/p>\n<p>En a\u00f1os postreros, Nurmi hizo un an\u00e1lisis cr\u00edtico de sus m\u00e9todos de entrenamiento. Su programa diario, m\u00e1s que suficiente para las necesidades de su \u00e9poca, consist\u00eda en mayor medida en carreras largas y relativamente lentas, muchas veces precedidas de largas caminatas. Si lo comparamos con el agotador programa de entrenamiento los corredores actuales, el de Nurmi parece insuficiente, especialmente en lo referente a la calidad. \u00c9l mismo admiti\u00f3 que es al final de su carrera deportiva cuando empez\u00f3 a pensar en entrenar la velocidad punta. Sin duda que \u00e9l tiene el m\u00e9rito de percibir la importancia de mantener el tempo equitativo en la distribuci\u00f3n de la carrera, es muy posible que esta actitud haya influido en sus verdaderas posibilidades y le haya limitado su potencial. Visto desde la adecuada perspectiva hist\u00f3rica, sin embargo, los logros de Nurmi s\u00f3lo pueden describirse como extraordinarios.<\/p>\n<p><strong><em>Roberto L. Quercetani, Athletics : A History of Modern Track and Field Athletics (1860-1990). Vallardi &#038; Associati, Milan 1990.<\/em><\/strong><\/p>\n<p>[\/et_pb_cta][et_pb_cta button_url=\u00bb#\u00bb admin_label=\u00bbGabriel Hanot, Le miroir des sports, 1924.\u00bb module_class=\u00bbela tertiary-bg\u00bb _builder_version=\u00bb4.23.1&#8243; _module_preset=\u00bbdefault\u00bb use_background_color=\u00bboff\u00bb custom_button=\u00bbon\u00bb text_orientation=\u00bbleft\u00bb module_alignment=\u00bbleft\u00bb custom_margin=\u00bb|||\u00bb custom_padding=\u00bb|||\u00bb animation_direction=\u00bbbottom\u00bb text_orientation_tablet=\u00bbcenter\u00bb text_orientation_phone=\u00bbcenter\u00bb text_orientation_last_edited=\u00bbon|tablet\u00bb button_text_color_hover=\u00bb#6eba01&#8243; button_border_color_hover=\u00bb#6eba01&#8243; button_border_radius_hover=\u00bb0&#8243; button_letter_spacing_hover=\u00bb2&#8243; button_bg_color_hover=\u00bbrgba(0,0,0,0)\u00bb saved_tabs=\u00bball\u00bb locked=\u00bboff\u00bb global_colors_info=\u00bb{}\u00bb button_one_text_size__hover_enabled=\u00bboff\u00bb button_two_text_size__hover_enabled=\u00bboff\u00bb button_one_text_color__hover_enabled=\u00bboff\u00bb button_two_text_color__hover_enabled=\u00bboff\u00bb button_one_border_width__hover_enabled=\u00bboff\u00bb button_two_border_width__hover_enabled=\u00bboff\u00bb button_one_border_color__hover_enabled=\u00bboff\u00bb button_two_border_color__hover_enabled=\u00bboff\u00bb button_one_border_radius__hover_enabled=\u00bboff\u00bb button_two_border_radius__hover_enabled=\u00bboff\u00bb button_one_letter_spacing__hover_enabled=\u00bboff\u00bb button_two_letter_spacing__hover_enabled=\u00bboff\u00bb button_one_bg_color__hover_enabled=\u00bboff\u00bb button_two_bg_color__hover_enabled=\u00bboff\u00bb]<\/p>\n<p>Paavo Nurmi vive alejado de la humanidad. Siempre m\u00e1s serio, introvertido, concentrado, pesimista, fan\u00e1tico. Tiene tal frialdad y autocontrol que nunca muestra sus sentimientos ni por un momento. (\u2026) \u00bfCu\u00e1l es la mentalidad de Paavo Nurmi? \u00bfPor qu\u00e9 \u00e9l parece inhumano? Es quiz\u00e1s un esclavo del deporte, de los entrenamientos, de los r\u00e9cords a un nivel tal que sacrifica su cuerpo y alma sin pensar en dedicarle ni un momento al mundo exterior. \u00bfNo ser\u00e1 \u00e9l s\u00f3lo un amateur de nombre, este atleta al que los finlandeses llaman estudiante de ingenier\u00eda y los suecos un atleta profesional? \u00bfEs Nurmi tan ambicioso y orgulloso que se alimenta de una secreta satisfacci\u00f3n superior a la popularidad y al honor? \u00bfO ser\u00e1 que \u00e9l es simplemente un hombre que ha encontrado en el deporte la manera de vivir holgadamente y quien quiere mantenerse en forma por el mayor tiempo posible? El futuro, sin duda, nos responder\u00e1 estas preguntas. En cualquier caso es cuestionable que Nurmi pueda mantener esta situaci\u00f3n por mucho tiempo. Nos hemos encontrado con el campe\u00f3n finland\u00e9s a\u00fan m\u00e1s delgado, rudo, silencioso e introvertido que antes, m\u00e1s desencarnado. Este excepcional fanatismo intenso por el deporte, pronto nos dar\u00e1 una respuesta al misterio que \u00e9l constituye.<\/p>\n<p><strong><em>Gabriel Hanot, Le miroir des sports, 1924.<\/em><\/strong><\/p>\n<p>[\/et_pb_cta][et_pb_cta button_url=\u00bb#\u00bb admin_label=\u00bbRon Clarke kirjassa Ron Clarke &#038; Norman Harris, The Lonely Breed. Pelham Books 1967.\u00bb module_class=\u00bbela \u00bb _builder_version=\u00bb4.23.1&#8243; _module_preset=\u00bbdefault\u00bb use_background_color=\u00bboff\u00bb custom_button=\u00bbon\u00bb text_orientation=\u00bbleft\u00bb module_alignment=\u00bbleft\u00bb custom_margin=\u00bb|||\u00bb custom_padding=\u00bb|||\u00bb animation_direction=\u00bbbottom\u00bb text_orientation_tablet=\u00bbcenter\u00bb text_orientation_phone=\u00bbcenter\u00bb text_orientation_last_edited=\u00bbon|tablet\u00bb button_text_color_hover=\u00bb#6eba01&#8243; button_border_color_hover=\u00bb#6eba01&#8243; button_border_radius_hover=\u00bb0&#8243; button_letter_spacing_hover=\u00bb2&#8243; button_bg_color_hover=\u00bbrgba(0,0,0,0)\u00bb saved_tabs=\u00bball\u00bb locked=\u00bboff\u00bb global_colors_info=\u00bb{}\u00bb button_one_text_size__hover_enabled=\u00bboff\u00bb button_two_text_size__hover_enabled=\u00bboff\u00bb button_one_text_color__hover_enabled=\u00bboff\u00bb button_two_text_color__hover_enabled=\u00bboff\u00bb button_one_border_width__hover_enabled=\u00bboff\u00bb button_two_border_width__hover_enabled=\u00bboff\u00bb button_one_border_color__hover_enabled=\u00bboff\u00bb button_two_border_color__hover_enabled=\u00bboff\u00bb button_one_border_radius__hover_enabled=\u00bboff\u00bb button_two_border_radius__hover_enabled=\u00bboff\u00bb button_one_letter_spacing__hover_enabled=\u00bboff\u00bb button_two_letter_spacing__hover_enabled=\u00bboff\u00bb button_one_bg_color__hover_enabled=\u00bboff\u00bb button_two_bg_color__hover_enabled=\u00bboff\u00bb]<\/p>\n<p>Siempre es dif\u00edcil conocer con exactitud el car\u00e1cter de un atleta. Pero en caso de Nurmi es f\u00e1cil, tanto las leyendas como los hechos que se conocen del m\u00e1s grande atleta de todos nos muestra una persona que es fuerte, introvertido, duro y confiado en s\u00ed mismo. Hemos dedicado mucho tiempo investigando y analizando al \u201cincre\u00edble finland\u00e9s\u201d para tratar de separar las fantas\u00edas de los hechos. Pero el hombre que fue capaz de tantas haza\u00f1as extraordinarias no intenta negar o confirmar las leyendas sobre \u00e9l, de manera que la imagen del hombre se convierte en el hombre mismo. Su nombre Paavo Nurmi lo conoce todo el mundo. Lo mismo que los nombres que le puso la prensa mundial: \u201cPeerless Paavo\u201d (Paavo el \u00fanico), \u201cPhantom Finn\u201d (el fantasma finland\u00e9s). Tampoco lo conocieron mucho mejor otros corredores finlandeses, expertos en atletismo, periodistas. Incluso para ellos, Paavo Nurmi no era muy real. \u00c9l era enigm\u00e1tico, una especie de esfinge, un dios en una nube. Es como si \u00e9l estuviera todo el tiempo representando un papel en un drama. Aun as\u00ed, a menudo el hombre se parec\u00eda a las leyendas que se entrelazaban a \u00e9l. Quiz\u00e1s hasta las anim\u00f3. Qui\u00e9n sabe\u2026 Sea como fuera, \u00e9l se mantuvo aparte, terco y silencioso con una disciplina inquebrantable y una ambici\u00f3n ardiente, pareci\u00e9ndose mucho, en atletismo, a Napole\u00f3n Bonaparte.<\/p>\n<p><strong><em>Ron Clarke kirjassa Ron Clarke &#038; Norman Harris, The Lonely Breed. Pelham Books 1967.<\/em><\/strong><\/p>\n<p>[\/et_pb_cta][\/et_pb_column][et_pb_column type=\u00bb1_3&#8243; admin_label=\u00bbfullwidth&#8211;column&#8211;grid&#8211;padding\u00bb _builder_version=\u00bb4.23&#8243; _module_preset=\u00bbdefault\u00bb background_enable_color=\u00bboff\u00bb background_position=\u00bbtop_left\u00bb global_colors_info=\u00bb{}\u00bb custom_padding__hover=\u00bb|||\u00bb][et_pb_image src=\u00bb\/wp-content\/uploads\/2023\/10\/pn_Nurmi-ja-Taisto-Maki-Amerikassa-1940.jpg\u00bb show_in_lightbox=\u00bbon\u00bb module_class=\u00bbela&#8211;image\u00bb _builder_version=\u00bb4.23&#8243; _module_preset=\u00bbdefault\u00bb global_colors_info=\u00bb{}\u00bb][\/et_pb_image][et_pb_image src=\u00bb\/wp-content\/uploads\/2023\/10\/pn_Suomi-Ruotsi-maaottelu-1929.jpg\u00bb show_in_lightbox=\u00bbon\u00bb module_class=\u00bbela&#8211;image\u00bb _builder_version=\u00bb4.23&#8243; _module_preset=\u00bbdefault\u00bb global_colors_info=\u00bb{}\u00bb][\/et_pb_image][et_pb_image src=\u00bb\/wp-content\/uploads\/2023\/10\/pn_Nurmi-ja-Maki-1940.jpg\u00bb show_in_lightbox=\u00bbon\u00bb module_class=\u00bbela&#8211;image\u00bb _builder_version=\u00bb4.23&#8243; _module_preset=\u00bbdefault\u00bb global_colors_info=\u00bb{}\u00bb][\/et_pb_image][et_pb_image src=\u00bb\/wp-content\/uploads\/2023\/10\/pn_Terijoki-1928.jpg\u00bb show_in_lightbox=\u00bbon\u00bb module_class=\u00bbela&#8211;image\u00bb _builder_version=\u00bb4.23&#8243; _module_preset=\u00bbdefault\u00bb global_colors_info=\u00bb{}\u00bb][\/et_pb_image][et_pb_image src=\u00bb\/wp-content\/uploads\/2023\/10\/pn_valmentaja-Nurmi.jpg\u00bb show_in_lightbox=\u00bbon\u00bb module_class=\u00bbela&#8211;image\u00bb _builder_version=\u00bb4.23&#8243; _module_preset=\u00bbdefault\u00bb global_colors_info=\u00bb{}\u00bb][\/et_pb_image][\/et_pb_column][\/et_pb_row][\/et_pb_section]<\/p>\n","protected":false},"excerpt":{"rendered":"<p>Nurmi ha dejado una huella en el mundo de las carreras de atletismo como nunca antes ni despu\u00e9s nadie lo ha hecho. \u00c9l como nadie es quien puso a las carreras en el altar de competiciones deportivas ante los ojos del p\u00fablico mundial. Y es este p\u00fablico quien le rinde el honor de reconocerlo como [&hellip;]<\/p>\n","protected":false},"author":1,"featured_media":0,"parent":0,"menu_order":0,"comment_status":"closed","ping_status":"closed","template":"","meta":{"_et_pb_use_builder":"on","_et_pb_old_content":"","_et_gb_content_width":"","footnotes":""},"class_list":["post-958","page","type-page","status-publish","hentry"],"yoast_head":"<!-- This site is optimized with the Yoast SEO plugin v22.3 - https:\/\/yoast.com\/wordpress\/plugins\/seo\/ -->\n<title>Menciones - Paavo Nurmi THE FLYING FINN<\/title>\n<meta name=\"robots\" content=\"index, follow, max-snippet:-1, max-image-preview:large, max-video-preview:-1\" \/>\n<link rel=\"canonical\" href=\"https:\/\/paavonurmi.fi\/es\/menciones\/\" \/>\n<meta property=\"og:locale\" content=\"es_ES\" \/>\n<meta property=\"og:type\" content=\"article\" \/>\n<meta property=\"og:title\" content=\"Menciones - Paavo Nurmi THE FLYING FINN\" \/>\n<meta property=\"og:description\" content=\"Nurmi ha dejado una huella en el mundo de las carreras de atletismo como nunca antes ni despu\u00e9s nadie lo ha hecho. \u00c9l como nadie es quien puso a las carreras en el altar de competiciones deportivas ante los ojos del p\u00fablico mundial. Y es este p\u00fablico quien le rinde el honor de reconocerlo como [&hellip;]\" \/>\n<meta property=\"og:url\" content=\"https:\/\/paavonurmi.fi\/es\/menciones\/\" \/>\n<meta property=\"og:site_name\" content=\"Paavo Nurmi THE FLYING FINN\" \/>\n<meta property=\"article:modified_time\" content=\"2023-12-21T08:57:46+00:00\" \/>\n<meta name=\"twitter:card\" content=\"summary_large_image\" \/>\n<meta name=\"twitter:label1\" content=\"Tiempo de lectura\" \/>\n\t<meta name=\"twitter:data1\" content=\"6 minutos\" \/>\n<script type=\"application\/ld+json\" class=\"yoast-schema-graph\">{\"@context\":\"https:\/\/schema.org\",\"@graph\":[{\"@type\":\"WebPage\",\"@id\":\"https:\/\/paavonurmi.fi\/es\/menciones\/\",\"url\":\"https:\/\/paavonurmi.fi\/es\/menciones\/\",\"name\":\"Menciones - Paavo Nurmi THE FLYING FINN\",\"isPartOf\":{\"@id\":\"https:\/\/paavonurmi.fi\/#website\"},\"datePublished\":\"2023-10-24T09:57:20+00:00\",\"dateModified\":\"2023-12-21T08:57:46+00:00\",\"breadcrumb\":{\"@id\":\"https:\/\/paavonurmi.fi\/es\/menciones\/#breadcrumb\"},\"inLanguage\":\"es\",\"potentialAction\":[{\"@type\":\"ReadAction\",\"target\":[\"https:\/\/paavonurmi.fi\/es\/menciones\/\"]}]},{\"@type\":\"BreadcrumbList\",\"@id\":\"https:\/\/paavonurmi.fi\/es\/menciones\/#breadcrumb\",\"itemListElement\":[{\"@type\":\"ListItem\",\"position\":1,\"name\":\"Home\",\"item\":\"https:\/\/paavonurmi.fi\/es\/\"},{\"@type\":\"ListItem\",\"position\":2,\"name\":\"Menciones\"}]},{\"@type\":\"WebSite\",\"@id\":\"https:\/\/paavonurmi.fi\/#website\",\"url\":\"https:\/\/paavonurmi.fi\/\",\"name\":\"Paavo Nurmi THE FLYING FINN\",\"description\":\"Paavo Nurmi THE FLYING FINN\",\"potentialAction\":[{\"@type\":\"SearchAction\",\"target\":{\"@type\":\"EntryPoint\",\"urlTemplate\":\"https:\/\/paavonurmi.fi\/?s={search_term_string}\"},\"query-input\":\"required name=search_term_string\"}],\"inLanguage\":\"es\"}]}<\/script>\n<!-- \/ Yoast SEO plugin. -->","yoast_head_json":{"title":"Menciones - Paavo Nurmi THE FLYING FINN","robots":{"index":"index","follow":"follow","max-snippet":"max-snippet:-1","max-image-preview":"max-image-preview:large","max-video-preview":"max-video-preview:-1"},"canonical":"https:\/\/paavonurmi.fi\/es\/menciones\/","og_locale":"es_ES","og_type":"article","og_title":"Menciones - Paavo Nurmi THE FLYING FINN","og_description":"Nurmi ha dejado una huella en el mundo de las carreras de atletismo como nunca antes ni despu\u00e9s nadie lo ha hecho. \u00c9l como nadie es quien puso a las carreras en el altar de competiciones deportivas ante los ojos del p\u00fablico mundial. Y es este p\u00fablico quien le rinde el honor de reconocerlo como [&hellip;]","og_url":"https:\/\/paavonurmi.fi\/es\/menciones\/","og_site_name":"Paavo Nurmi THE FLYING FINN","article_modified_time":"2023-12-21T08:57:46+00:00","twitter_card":"summary_large_image","twitter_misc":{"Tiempo de lectura":"6 minutos"},"schema":{"@context":"https:\/\/schema.org","@graph":[{"@type":"WebPage","@id":"https:\/\/paavonurmi.fi\/es\/menciones\/","url":"https:\/\/paavonurmi.fi\/es\/menciones\/","name":"Menciones - Paavo Nurmi THE FLYING FINN","isPartOf":{"@id":"https:\/\/paavonurmi.fi\/#website"},"datePublished":"2023-10-24T09:57:20+00:00","dateModified":"2023-12-21T08:57:46+00:00","breadcrumb":{"@id":"https:\/\/paavonurmi.fi\/es\/menciones\/#breadcrumb"},"inLanguage":"es","potentialAction":[{"@type":"ReadAction","target":["https:\/\/paavonurmi.fi\/es\/menciones\/"]}]},{"@type":"BreadcrumbList","@id":"https:\/\/paavonurmi.fi\/es\/menciones\/#breadcrumb","itemListElement":[{"@type":"ListItem","position":1,"name":"Home","item":"https:\/\/paavonurmi.fi\/es\/"},{"@type":"ListItem","position":2,"name":"Menciones"}]},{"@type":"WebSite","@id":"https:\/\/paavonurmi.fi\/#website","url":"https:\/\/paavonurmi.fi\/","name":"Paavo Nurmi THE FLYING FINN","description":"Paavo Nurmi THE FLYING FINN","potentialAction":[{"@type":"SearchAction","target":{"@type":"EntryPoint","urlTemplate":"https:\/\/paavonurmi.fi\/?s={search_term_string}"},"query-input":"required name=search_term_string"}],"inLanguage":"es"}]}},"_links":{"self":[{"href":"https:\/\/paavonurmi.fi\/es\/wp-json\/wp\/v2\/pages\/958","targetHints":{"allow":["GET"]}}],"collection":[{"href":"https:\/\/paavonurmi.fi\/es\/wp-json\/wp\/v2\/pages"}],"about":[{"href":"https:\/\/paavonurmi.fi\/es\/wp-json\/wp\/v2\/types\/page"}],"author":[{"embeddable":true,"href":"https:\/\/paavonurmi.fi\/es\/wp-json\/wp\/v2\/users\/1"}],"replies":[{"embeddable":true,"href":"https:\/\/paavonurmi.fi\/es\/wp-json\/wp\/v2\/comments?post=958"}],"version-history":[{"count":3,"href":"https:\/\/paavonurmi.fi\/es\/wp-json\/wp\/v2\/pages\/958\/revisions"}],"predecessor-version":[{"id":1722,"href":"https:\/\/paavonurmi.fi\/es\/wp-json\/wp\/v2\/pages\/958\/revisions\/1722"}],"wp:attachment":[{"href":"https:\/\/paavonurmi.fi\/es\/wp-json\/wp\/v2\/media?parent=958"}],"curies":[{"name":"wp","href":"https:\/\/api.w.org\/{rel}","templated":true}]}}