{"id":1006,"date":"2023-10-24T12:18:17","date_gmt":"2023-10-24T09:18:17","guid":{"rendered":"https:\/\/paavonurmi.fi\/home-museum\/"},"modified":"2024-06-11T11:57:46","modified_gmt":"2024-06-11T08:57:46","slug":"maison-familiale","status":"publish","type":"page","link":"https:\/\/paavonurmi.fi\/fr\/maison-familiale\/","title":{"rendered":"Maison Familiale"},"content":{"rendered":"<p>[et_pb_section fb_built=\u00a0\u00bb1&Prime; fullwidth=\u00a0\u00bbon\u00a0\u00bb admin_label=\u00a0\u00bbPage Header\u00a0\u00bb module_class=\u00a0\u00bbhero&#8211;section\u00a0\u00bb _builder_version=\u00a0\u00bb4.23.1&Prime; _module_preset=\u00a0\u00bbdefault\u00a0\u00bb background_image=\u00a0\u00bb\/wp-content\/uploads\/2023\/12\/Paavo-Nurmi-kotiinpaluu-1924.jpg\u00a0\u00bb global_colors_info=\u00a0\u00bb{}\u00a0\u00bb][et_pb_fullwidth_header title=\u00a0\u00bbMAISON FAMILIALE DE PAAVO NURMI\u00a0\u00bb text_orientation=\u00a0\u00bbcenter\u00a0\u00bb header_fullscreen=\u00a0\u00bbon\u00a0\u00bb button_one_url=\u00a0\u00bb#\u00a0\u00bb button_two_url=\u00a0\u00bb#\u00a0\u00bb admin_label=\u00a0\u00bbHero Section\u00a0\u00bb module_class=\u00a0\u00bbfw&#8211;header\u00a0\u00bb _builder_version=\u00a0\u00bb4.23.1&Prime; _module_preset=\u00a0\u00bbdefault\u00a0\u00bb background_enable_color=\u00a0\u00bboff\u00a0\u00bb custom_button_one=\u00a0\u00bbon\u00a0\u00bb custom_button_two=\u00a0\u00bbon\u00a0\u00bb module_alignment=\u00a0\u00bbleft\u00a0\u00bb button_one_text_color_hover=\u00a0\u00bb#6eba01&Prime; button_two_text_color_hover=\u00a0\u00bb#6eba01&Prime; button_one_border_color_hover=\u00a0\u00bb#ffffff\u00a0\u00bb button_two_border_color_hover=\u00a0\u00bb#ffffff\u00a0\u00bb button_one_border_radius_hover=\u00a0\u00bb0&Prime; button_two_border_radius_hover=\u00a0\u00bb0&Prime; button_one_letter_spacing_hover=\u00a0\u00bb2&Prime; button_two_letter_spacing_hover=\u00a0\u00bb2&Prime; button_one_bg_color_hover=\u00a0\u00bb#ffffff\u00a0\u00bb button_two_bg_color_hover=\u00a0\u00bb#ffffff\u00a0\u00bb global_colors_info=\u00a0\u00bb{}\u00a0\u00bb][\/et_pb_fullwidth_header][\/et_pb_section][et_pb_section fb_built=\u00a0\u00bb1&Prime; admin_label=\u00a0\u00bbcontent&#8211;section no&#8211;padding\u00a0\u00bb module_class=\u00a0\u00bbcontent&#8211;section small&#8211;padding&#8211;top  small&#8211;padding&#8211;bottom\u00a0\u00bb _builder_version=\u00a0\u00bb4.23&Prime; _module_preset=\u00a0\u00bbdefault\u00a0\u00bb animation_direction=\u00a0\u00bbbottom\u00a0\u00bb global_colors_info=\u00a0\u00bb{}\u00a0\u00bb][et_pb_row column_structure=\u00a0\u00bb2_3,1_3&Prime; use_custom_gutter=\u00a0\u00bbon\u00a0\u00bb gutter_width=\u00a0\u00bb1&Prime; make_equal=\u00a0\u00bbon\u00a0\u00bb admin_label=\u00a0\u00bbcontent&#8211;row fullwidth&#8211;row no&#8211;padding\u00a0\u00bb module_class=\u00a0\u00bbcontent&#8211;row fullwidth&#8211;row no&#8211;padding \u00a0\u00bb _builder_version=\u00a0\u00bb4.23&Prime; _module_preset=\u00a0\u00bbdefault\u00a0\u00bb background_size=\u00a0\u00bbinitial\u00a0\u00bb background_position=\u00a0\u00bbtop_left\u00a0\u00bb background_repeat=\u00a0\u00bbrepeat\u00a0\u00bb width_tablet=\u00a0\u00bb100%\u00a0\u00bb width_phone=\u00a0\u00bb100%\u00a0\u00bb width_last_edited=\u00a0\u00bboff|desktop\u00a0\u00bb max_width_tablet=\u00a0\u00bb100%\u00a0\u00bb max_width_phone=\u00a0\u00bb100%\u00a0\u00bb max_width_last_edited=\u00a0\u00bboff|desktop\u00a0\u00bb make_fullwidth=\u00a0\u00bbon\u00a0\u00bb global_colors_info=\u00a0\u00bb{}\u00a0\u00bb][et_pb_column type=\u00a0\u00bb2_3&Prime; module_class=\u00a0\u00bbspecial&#8211;content&#8211;column\u00a0\u00bb _builder_version=\u00a0\u00bb4.23&Prime; _module_preset=\u00a0\u00bbdefault\u00a0\u00bb background_enable_image=\u00a0\u00bboff\u00a0\u00bb background_position=\u00a0\u00bbtop_left\u00a0\u00bb custom_padding=\u00a0\u00bb|||\u00a0\u00bb global_colors_info=\u00a0\u00bb{}\u00a0\u00bb custom_padding__hover=\u00a0\u00bb|||\u00a0\u00bb][et_pb_cta button_url=\u00a0\u00bb#\u00a0\u00bb admin_label=\u00a0\u00bbSIS\u00c4RADOILLA SANKKA SAVU JA HELVETILLINEN HUUTO\u00a0\u00bb module_class=\u00a0\u00bbela tertiary-bg\u00a0\u00bb _builder_version=\u00a0\u00bb4.24.2&Prime; _module_preset=\u00a0\u00bbdefault\u00a0\u00bb use_background_color=\u00a0\u00bboff\u00a0\u00bb custom_button=\u00a0\u00bbon\u00a0\u00bb text_orientation=\u00a0\u00bbleft\u00a0\u00bb module_alignment=\u00a0\u00bbleft\u00a0\u00bb custom_margin=\u00a0\u00bb|||\u00a0\u00bb custom_padding=\u00a0\u00bb|||\u00a0\u00bb animation_direction=\u00a0\u00bbbottom\u00a0\u00bb hover_enabled=\u00a0\u00bb0&Prime; text_orientation_tablet=\u00a0\u00bbcenter\u00a0\u00bb text_orientation_phone=\u00a0\u00bbcenter\u00a0\u00bb text_orientation_last_edited=\u00a0\u00bbon|tablet\u00a0\u00bb button_text_color_hover=\u00a0\u00bb#6eba01&Prime; button_border_color_hover=\u00a0\u00bb#6eba01&Prime; button_border_radius_hover=\u00a0\u00bb0&Prime; button_letter_spacing_hover=\u00a0\u00bb2&Prime; button_bg_color_hover=\u00a0\u00bbrgba(0,0,0,0)\u00a0\u00bb saved_tabs=\u00a0\u00bball\u00a0\u00bb locked=\u00a0\u00bboff\u00a0\u00bb global_colors_info=\u00a0\u00bb{}\u00a0\u00bb button_one_text_size__hover_enabled=\u00a0\u00bboff\u00a0\u00bb button_two_text_size__hover_enabled=\u00a0\u00bboff\u00a0\u00bb button_one_text_color__hover_enabled=\u00a0\u00bboff\u00a0\u00bb button_two_text_color__hover_enabled=\u00a0\u00bboff\u00a0\u00bb button_one_border_width__hover_enabled=\u00a0\u00bboff\u00a0\u00bb button_two_border_width__hover_enabled=\u00a0\u00bboff\u00a0\u00bb button_one_border_color__hover_enabled=\u00a0\u00bboff\u00a0\u00bb button_two_border_color__hover_enabled=\u00a0\u00bboff\u00a0\u00bb button_one_border_radius__hover_enabled=\u00a0\u00bboff\u00a0\u00bb button_two_border_radius__hover_enabled=\u00a0\u00bboff\u00a0\u00bb button_one_letter_spacing__hover_enabled=\u00a0\u00bboff\u00a0\u00bb button_two_letter_spacing__hover_enabled=\u00a0\u00bboff\u00a0\u00bb button_one_bg_color__hover_enabled=\u00a0\u00bboff\u00a0\u00bb button_two_bg_color__hover_enabled=\u00a0\u00bboff\u00a0\u00bb sticky_enabled=\u00a0\u00bb0&Prime;]<\/p>\n<p>Le foyer familial de Paavo Nurmi situ\u00e9 \u00e0 Turku \u00e0 l\u2019adresse Jarrumiehenkatu 4 as 17, est aujourd\u2019hui un mus\u00e9e g\u00e9r\u00e9 par le Sports Museum Foundation de Finlande. La maison est ouverte au public le 13 juin, le jour de l\u2019anniversaire de Paavo Nurmi, ou sur demande \u00e0 adresser au Club sportif local Turun urheiluliitto (<a href=\"mailto:info@paavonurmigames.fi\">info@paavonurmigames.fi<\/a>).<\/p>\n<p>Johan Nurmi, le p\u00e8re de Paavo Nurmi, acheta ce logement d\u2019une pi\u00e8ce et cuisine dans la rue Jarrumiehenkatu 4 \u00e0 Turku, en 1903. Cette copropri\u00e9t\u00e9 construite pour la classe ouvri\u00e8re se composait de trois b\u00e2timents plein pied en bois qui bordaient une cour spacieuse.  Le petit appartement d\u2019environ 40 m\u00e8tres carr\u00e9s de la famille Nurmi se trouvait \u00e0 l\u2019autre bout du b\u00e2timent situ\u00e9 au fond de la cour. Johan Nurmi \u00e9tait un menuisier dou\u00e9 et fabriquait lui-m\u00eame tous les meubles de ce petit logement.<\/p>\n<p>Johan Nurmi est mort en 1910 et sa femme Matilda Nurmi se retrouva alors seule avec leurs cinq enfants. Paavo avait douze ans (n\u00e9 en en 1897), Siiri dix ans (n\u00e9e en 1898), Saara sept ans (n\u00e9e en 1902), Martti quatre ans (n\u00e9 en 1905), et Lahja avait un plus d\u2019un an (n\u00e9e en 1908). Lahja, la cadette des enfants, d\u00e9c\u00e9da un an plus tard, elle n\u2019avait pas 3 ans.<\/p>\n<p>La famille avait du mal \u00e0 joindre les deux bouts, puisque la majeure partie de l\u2019emprunt pris pour acheter le logement \u00e9tait encore impay\u00e9e, quand le p\u00e8re est mort. La m\u00e8re a donc d\u00fb aller travailler sur les chantiers comme nettoyeuse et aide ma\u00e7on. Paavo, qui \u00e9tait un \u00e9l\u00e8ve dou\u00e9, ne pouvait plus continuer sa scolarit\u00e9 et avait trouv\u00e9 un travail r\u00e9mun\u00e9r\u00e9 pour aider sa m\u00e8re \u00e0 subvenir aux besoins de la famille. Paavo \u00e9tait pourtant tr\u00e8s apte pour les \u00e9tudes, car sur son bulletin scolaire \u00e0 la fin de l\u2019\u00e9cole de base il avait des notes excellentes dans toutes les mati\u00e8res, \u00e0 savoir 9 ou 10 sur 10. Avec un tel certificat, il aurait \u00e9t\u00e9 admis sans probl\u00e8me au lyc\u00e9e, si la famille avait eu l\u2019argent n\u00e9cessaire. Paavo a obtenu son premier emploi dans une boulangerie, comme coursier.<\/p>\n<p>Les menus salaires, m\u00eame de deux personnes, ne suffisaient pas pour nourrir la famille et Matilda \u00e9tait oblig\u00e9e de louer la cuisine \u00e0 une autre famille ouvri\u00e8re. La famille vivait tr\u00e8s modestement. Pendant pr\u00e8s de quatre ans, cette famille de cinq personnes habitait dans une petite chambre, pr\u00e9parant les repas dans le po\u00eale en fa\u00efence. Pour dormir, ils avaient un canap\u00e9 en bois et des lits d\u2019appoint.<\/p>\n<p>La famille Nurmi a pu reprendre l\u2019usage de l\u2019ensemble de l\u2019appartement de la rue Jarrumiehenkatu seulement en 1920, apr\u00e8s le retour de Paavo des Jeux Olympiques d\u2019Anvers. Gr\u00e2ce \u00e0 ses m\u00e9dailles olympiques, Paavo s\u2019\u00e9tait  suffisamment enrichi pour \u00e9quiper le logement avec l\u2019\u00e9lectricit\u00e9 et faire installer l\u2019eau courante dans la cuisine. Ils ont aussi achet\u00e9 des meubles de fabrication industrielle pour la maison. Dans la chambre il y avait m\u00eame une machine \u00e0 coudre et un gramophone que Paavo avait gagn\u00e9s dans les comp\u00e9titions de course \u00e0 pied. A cette \u00e9poque Matilda Nurmi a pu arr\u00eater le travail pour s\u2019occuper principalement de son foyer.<\/p>\n<p>Au d\u00e9but des ann\u00e9es 1920, Paavo Nurmi a poursuivi des \u00e9tudes dans une \u00e9cole industrielle \u00e0 Helsinki et de temps en temps il passait le week-end \u00e0 Jarrumiehenkatu. Il rentra \u00e0 Turku et \u00e0 sa maison natale au printemps 1924 pour se pr\u00e9parer aux Jeux Olympiques de Paris dans un environnement familier.<\/p>\n<p>Paavo Nurmi est finalement parti de Jarrumiehenkatu pour se marier avec Sylvi Laaksonen en mai 1932. Le mariage s\u2019\u00e9tant termin\u00e9 par un divorce, Paavo Nurmi a habit\u00e9 \u00e0 diff\u00e9rentes adresses \u00e0 Turku avant de s\u2019installer d\u00e9finitivement \u00e0 Helsinki en 1935.<\/p>\n<p>Matilda Nurmi habitait \u00e0 Jarrumiehenkatu jusqu\u2019\u00e0 son d\u00e9c\u00e8s en 1936. La s\u0153ur Siiri et le fr\u00e8re Martti de Paavo, rest\u00e9s c\u00e9libataires, de m\u00eame que sa s\u0153ur Saara devenue veuve en 1946, ont habit\u00e9 dans leur maison natale jusqu\u2019\u00e0 l\u2019ann\u00e9e 1960.<\/p>\n<p>Au d\u00e9but des ann\u00e9es 1960, l\u2019appartement a \u00e9t\u00e9 vendu par la famille Nurmi et son \u00e9tat s\u2019est d\u00e9t\u00e9rior\u00e9. \u00c0 l\u2019approche du centenaire de la naissance de Paavo Nurmi en 1997, la ville de Turku a restaur\u00e9 l\u2019appartement et celui-ci a \u00e9t\u00e9 ouvert au public le 10 juin 1997. \u00c0 l\u2019\u00e9poque, l\u2019appartement abritait une petite exposition comm\u00e9morative organis\u00e9e par le Mus\u00e9e provincial de Turku.<\/p>\n<p><em>A partir du 1er janvier 2000, cet appartement poss\u00e9d\u00e9 par la Ville de Turku a \u00e9t\u00e9 lou\u00e9 au Sports Museum Foundation de Finlande, qui l\u2019a meubl\u00e9 dans le style des ann\u00e9es 1920, avec des objets similaires \u00e0 ceux utilis\u00e9s par la famille Nurmi.  Les papiers peints de l\u2019appartement ont \u00e9t\u00e9 chang\u00e9s pour des mod\u00e8les utilis\u00e9s dans les ann\u00e9es 1920. Une partie des objets de la d\u00e9coration sont d\u2019origine, par exemple dans les lits les draps avec les monogrammes de Siiri et de Saara et les assiettes sur la table de la cuisine. Le gramophone que Paavo Nurmi avait gagn\u00e9 dans une comp\u00e9tition est toujours dans la chambre.<\/em><\/p>\n<p>[\/et_pb_cta][\/et_pb_column][et_pb_column type=\u00a0\u00bb1_3&Prime; admin_label=\u00a0\u00bbfullwidth&#8211;column&#8211;grid&#8211;padding\u00a0\u00bb _builder_version=\u00a0\u00bb4.23&Prime; _module_preset=\u00a0\u00bbdefault\u00a0\u00bb background_enable_color=\u00a0\u00bboff\u00a0\u00bb background_position=\u00a0\u00bbtop_left\u00a0\u00bb global_colors_info=\u00a0\u00bb{}\u00a0\u00bb custom_padding__hover=\u00a0\u00bb|||\u00a0\u00bb][et_pb_image src=\u00a0\u00bb\/wp-content\/uploads\/2023\/10\/pn_kotitalo_1.jpg\u00a0\u00bb show_in_lightbox=\u00a0\u00bbon\u00a0\u00bb module_class=\u00a0\u00bbela&#8211;image\u00a0\u00bb _builder_version=\u00a0\u00bb4.23&Prime; _module_preset=\u00a0\u00bbdefault\u00a0\u00bb global_colors_info=\u00a0\u00bb{}\u00a0\u00bb][\/et_pb_image][et_pb_image src=\u00a0\u00bb\/wp-content\/uploads\/2023\/10\/pn_kotitalo_2.jpg\u00a0\u00bb show_in_lightbox=\u00a0\u00bbon\u00a0\u00bb module_class=\u00a0\u00bbela&#8211;image\u00a0\u00bb _builder_version=\u00a0\u00bb4.23&Prime; _module_preset=\u00a0\u00bbdefault\u00a0\u00bb global_colors_info=\u00a0\u00bb{}\u00a0\u00bb][\/et_pb_image][et_pb_image src=\u00a0\u00bb\/wp-content\/uploads\/2023\/10\/pn_kotitalo_3.jpg\u00a0\u00bb show_in_lightbox=\u00a0\u00bbon\u00a0\u00bb module_class=\u00a0\u00bbela&#8211;image\u00a0\u00bb _builder_version=\u00a0\u00bb4.23&Prime; _module_preset=\u00a0\u00bbdefault\u00a0\u00bb global_colors_info=\u00a0\u00bb{}\u00a0\u00bb][\/et_pb_image][\/et_pb_column][\/et_pb_row][\/et_pb_section]<\/p>\n","protected":false},"excerpt":{"rendered":"<p>Le foyer familial de Paavo Nurmi situ\u00e9 \u00e0 Turku \u00e0 l\u2019adresse Jarrumiehenkatu 4 as 17, est aujourd\u2019hui un mus\u00e9e g\u00e9r\u00e9 par le Sports Museum Foundation de Finlande. La maison est ouverte au public le 13 juin, le jour de l\u2019anniversaire de Paavo Nurmi, ou sur demande \u00e0 adresser au Club sportif local Turun urheiluliitto (info@paavonurmigames.fi). [&hellip;]<\/p>\n","protected":false},"author":1,"featured_media":0,"parent":0,"menu_order":0,"comment_status":"closed","ping_status":"closed","template":"","meta":{"_et_pb_use_builder":"on","_et_pb_old_content":"","_et_gb_content_width":"","footnotes":""},"class_list":["post-1006","page","type-page","status-publish","hentry"],"yoast_head":"<!-- This site is optimized with the Yoast SEO plugin v22.3 - https:\/\/yoast.com\/wordpress\/plugins\/seo\/ -->\n<title>Maison Familiale - Paavo Nurmi THE FLYING FINN<\/title>\n<meta name=\"robots\" content=\"index, follow, max-snippet:-1, max-image-preview:large, max-video-preview:-1\" \/>\n<link rel=\"canonical\" href=\"https:\/\/paavonurmi.fi\/fr\/maison-familiale\/\" \/>\n<meta property=\"og:locale\" content=\"fr_FR\" \/>\n<meta property=\"og:type\" content=\"article\" \/>\n<meta property=\"og:title\" content=\"Maison Familiale - Paavo Nurmi THE FLYING FINN\" \/>\n<meta property=\"og:description\" content=\"Le foyer familial de Paavo Nurmi situ\u00e9 \u00e0 Turku \u00e0 l\u2019adresse Jarrumiehenkatu 4 as 17, est aujourd\u2019hui un mus\u00e9e g\u00e9r\u00e9 par le Sports Museum Foundation de Finlande. La maison est ouverte au public le 13 juin, le jour de l\u2019anniversaire de Paavo Nurmi, ou sur demande \u00e0 adresser au Club sportif local Turun urheiluliitto (info@paavonurmigames.fi). [&hellip;]\" \/>\n<meta property=\"og:url\" content=\"https:\/\/paavonurmi.fi\/fr\/maison-familiale\/\" \/>\n<meta property=\"og:site_name\" content=\"Paavo Nurmi THE FLYING FINN\" \/>\n<meta property=\"article:modified_time\" content=\"2024-06-11T08:57:46+00:00\" \/>\n<meta name=\"twitter:card\" content=\"summary_large_image\" \/>\n<meta name=\"twitter:label1\" content=\"Dur\u00e9e de lecture estim\u00e9e\" \/>\n\t<meta name=\"twitter:data1\" content=\"6 minutes\" \/>\n<script type=\"application\/ld+json\" class=\"yoast-schema-graph\">{\"@context\":\"https:\/\/schema.org\",\"@graph\":[{\"@type\":\"WebPage\",\"@id\":\"https:\/\/paavonurmi.fi\/fr\/maison-familiale\/\",\"url\":\"https:\/\/paavonurmi.fi\/fr\/maison-familiale\/\",\"name\":\"Maison Familiale - Paavo Nurmi THE FLYING FINN\",\"isPartOf\":{\"@id\":\"https:\/\/paavonurmi.fi\/#website\"},\"datePublished\":\"2023-10-24T09:18:17+00:00\",\"dateModified\":\"2024-06-11T08:57:46+00:00\",\"breadcrumb\":{\"@id\":\"https:\/\/paavonurmi.fi\/fr\/maison-familiale\/#breadcrumb\"},\"inLanguage\":\"fr-FR\",\"potentialAction\":[{\"@type\":\"ReadAction\",\"target\":[\"https:\/\/paavonurmi.fi\/fr\/maison-familiale\/\"]}]},{\"@type\":\"BreadcrumbList\",\"@id\":\"https:\/\/paavonurmi.fi\/fr\/maison-familiale\/#breadcrumb\",\"itemListElement\":[{\"@type\":\"ListItem\",\"position\":1,\"name\":\"Home\",\"item\":\"https:\/\/paavonurmi.fi\/fr\/\"},{\"@type\":\"ListItem\",\"position\":2,\"name\":\"Maison Familiale\"}]},{\"@type\":\"WebSite\",\"@id\":\"https:\/\/paavonurmi.fi\/#website\",\"url\":\"https:\/\/paavonurmi.fi\/\",\"name\":\"Paavo Nurmi THE FLYING FINN\",\"description\":\"Paavo Nurmi THE FLYING FINN\",\"potentialAction\":[{\"@type\":\"SearchAction\",\"target\":{\"@type\":\"EntryPoint\",\"urlTemplate\":\"https:\/\/paavonurmi.fi\/?s={search_term_string}\"},\"query-input\":\"required name=search_term_string\"}],\"inLanguage\":\"fr-FR\"}]}<\/script>\n<!-- \/ Yoast SEO plugin. -->","yoast_head_json":{"title":"Maison Familiale - Paavo Nurmi THE FLYING FINN","robots":{"index":"index","follow":"follow","max-snippet":"max-snippet:-1","max-image-preview":"max-image-preview:large","max-video-preview":"max-video-preview:-1"},"canonical":"https:\/\/paavonurmi.fi\/fr\/maison-familiale\/","og_locale":"fr_FR","og_type":"article","og_title":"Maison Familiale - Paavo Nurmi THE FLYING FINN","og_description":"Le foyer familial de Paavo Nurmi situ\u00e9 \u00e0 Turku \u00e0 l\u2019adresse Jarrumiehenkatu 4 as 17, est aujourd\u2019hui un mus\u00e9e g\u00e9r\u00e9 par le Sports Museum Foundation de Finlande. La maison est ouverte au public le 13 juin, le jour de l\u2019anniversaire de Paavo Nurmi, ou sur demande \u00e0 adresser au Club sportif local Turun urheiluliitto (info@paavonurmigames.fi). [&hellip;]","og_url":"https:\/\/paavonurmi.fi\/fr\/maison-familiale\/","og_site_name":"Paavo Nurmi THE FLYING FINN","article_modified_time":"2024-06-11T08:57:46+00:00","twitter_card":"summary_large_image","twitter_misc":{"Dur\u00e9e de lecture estim\u00e9e":"6 minutes"},"schema":{"@context":"https:\/\/schema.org","@graph":[{"@type":"WebPage","@id":"https:\/\/paavonurmi.fi\/fr\/maison-familiale\/","url":"https:\/\/paavonurmi.fi\/fr\/maison-familiale\/","name":"Maison Familiale - Paavo Nurmi THE FLYING FINN","isPartOf":{"@id":"https:\/\/paavonurmi.fi\/#website"},"datePublished":"2023-10-24T09:18:17+00:00","dateModified":"2024-06-11T08:57:46+00:00","breadcrumb":{"@id":"https:\/\/paavonurmi.fi\/fr\/maison-familiale\/#breadcrumb"},"inLanguage":"fr-FR","potentialAction":[{"@type":"ReadAction","target":["https:\/\/paavonurmi.fi\/fr\/maison-familiale\/"]}]},{"@type":"BreadcrumbList","@id":"https:\/\/paavonurmi.fi\/fr\/maison-familiale\/#breadcrumb","itemListElement":[{"@type":"ListItem","position":1,"name":"Home","item":"https:\/\/paavonurmi.fi\/fr\/"},{"@type":"ListItem","position":2,"name":"Maison Familiale"}]},{"@type":"WebSite","@id":"https:\/\/paavonurmi.fi\/#website","url":"https:\/\/paavonurmi.fi\/","name":"Paavo Nurmi THE FLYING FINN","description":"Paavo Nurmi THE FLYING FINN","potentialAction":[{"@type":"SearchAction","target":{"@type":"EntryPoint","urlTemplate":"https:\/\/paavonurmi.fi\/?s={search_term_string}"},"query-input":"required name=search_term_string"}],"inLanguage":"fr-FR"}]}},"_links":{"self":[{"href":"https:\/\/paavonurmi.fi\/fr\/wp-json\/wp\/v2\/pages\/1006","targetHints":{"allow":["GET"]}}],"collection":[{"href":"https:\/\/paavonurmi.fi\/fr\/wp-json\/wp\/v2\/pages"}],"about":[{"href":"https:\/\/paavonurmi.fi\/fr\/wp-json\/wp\/v2\/types\/page"}],"author":[{"embeddable":true,"href":"https:\/\/paavonurmi.fi\/fr\/wp-json\/wp\/v2\/users\/1"}],"replies":[{"embeddable":true,"href":"https:\/\/paavonurmi.fi\/fr\/wp-json\/wp\/v2\/comments?post=1006"}],"version-history":[{"count":4,"href":"https:\/\/paavonurmi.fi\/fr\/wp-json\/wp\/v2\/pages\/1006\/revisions"}],"predecessor-version":[{"id":1831,"href":"https:\/\/paavonurmi.fi\/fr\/wp-json\/wp\/v2\/pages\/1006\/revisions\/1831"}],"wp:attachment":[{"href":"https:\/\/paavonurmi.fi\/fr\/wp-json\/wp\/v2\/media?parent=1006"}],"curies":[{"name":"wp","href":"https:\/\/api.w.org\/{rel}","templated":true}]}}