{"id":1018,"date":"2023-10-24T12:57:20","date_gmt":"2023-10-24T09:57:20","guid":{"rendered":"https:\/\/paavonurmi.fi\/quotes\/"},"modified":"2023-12-21T10:55:40","modified_gmt":"2023-12-21T08:55:40","slug":"citations","status":"publish","type":"page","link":"https:\/\/paavonurmi.fi\/fr\/citations\/","title":{"rendered":"Citations"},"content":{"rendered":"<p>[et_pb_section fb_built=\u00a0\u00bb1&Prime; fullwidth=\u00a0\u00bbon\u00a0\u00bb admin_label=\u00a0\u00bbPage Header\u00a0\u00bb module_class=\u00a0\u00bbhero&#8211;section\u00a0\u00bb _builder_version=\u00a0\u00bb4.23.1&Prime; _module_preset=\u00a0\u00bbdefault\u00a0\u00bb background_image=\u00a0\u00bb\/wp-content\/uploads\/2023\/12\/Paavo-Nurmi-Helsinki-1952.jpg\u00a0\u00bb hover_enabled=\u00a0\u00bb0&Prime; global_colors_info=\u00a0\u00bb{}\u00a0\u00bb sticky_enabled=\u00a0\u00bb0&Prime;][et_pb_fullwidth_header title=\u00a0\u00bbNURMI VU PAR LES AUTRES\u00a0\u00bb text_orientation=\u00a0\u00bbcenter\u00a0\u00bb header_fullscreen=\u00a0\u00bbon\u00a0\u00bb button_one_url=\u00a0\u00bb#\u00a0\u00bb button_two_url=\u00a0\u00bb#\u00a0\u00bb admin_label=\u00a0\u00bbHero Section\u00a0\u00bb module_class=\u00a0\u00bbfw&#8211;header\u00a0\u00bb _builder_version=\u00a0\u00bb4.23.1&Prime; _module_preset=\u00a0\u00bbdefault\u00a0\u00bb background_enable_color=\u00a0\u00bboff\u00a0\u00bb custom_button_one=\u00a0\u00bbon\u00a0\u00bb custom_button_two=\u00a0\u00bbon\u00a0\u00bb module_alignment=\u00a0\u00bbleft\u00a0\u00bb button_one_text_color_hover=\u00a0\u00bb#6eba01&Prime; button_two_text_color_hover=\u00a0\u00bb#6eba01&Prime; button_one_border_color_hover=\u00a0\u00bb#ffffff\u00a0\u00bb button_two_border_color_hover=\u00a0\u00bb#ffffff\u00a0\u00bb button_one_border_radius_hover=\u00a0\u00bb0&Prime; button_two_border_radius_hover=\u00a0\u00bb0&Prime; button_one_letter_spacing_hover=\u00a0\u00bb2&Prime; button_two_letter_spacing_hover=\u00a0\u00bb2&Prime; button_one_bg_color_hover=\u00a0\u00bb#ffffff\u00a0\u00bb button_two_bg_color_hover=\u00a0\u00bb#ffffff\u00a0\u00bb global_colors_info=\u00a0\u00bb{}\u00a0\u00bb][\/et_pb_fullwidth_header][\/et_pb_section][et_pb_section fb_built=\u00a0\u00bb1&Prime; admin_label=\u00a0\u00bbcontent&#8211;section no&#8211;padding\u00a0\u00bb module_class=\u00a0\u00bbcontent&#8211;section small&#8211;padding&#8211;top  small&#8211;padding&#8211;bottom\u00a0\u00bb _builder_version=\u00a0\u00bb4.23&Prime; _module_preset=\u00a0\u00bbdefault\u00a0\u00bb animation_direction=\u00a0\u00bbbottom\u00a0\u00bb global_colors_info=\u00a0\u00bb{}\u00a0\u00bb][et_pb_row column_structure=\u00a0\u00bb2_3,1_3&Prime; use_custom_gutter=\u00a0\u00bbon\u00a0\u00bb gutter_width=\u00a0\u00bb1&Prime; make_equal=\u00a0\u00bbon\u00a0\u00bb admin_label=\u00a0\u00bbcontent&#8211;row fullwidth&#8211;row no&#8211;padding\u00a0\u00bb module_class=\u00a0\u00bbcontent&#8211;row fullwidth&#8211;row no&#8211;padding \u00a0\u00bb _builder_version=\u00a0\u00bb4.23&Prime; _module_preset=\u00a0\u00bbdefault\u00a0\u00bb background_size=\u00a0\u00bbinitial\u00a0\u00bb background_position=\u00a0\u00bbtop_left\u00a0\u00bb background_repeat=\u00a0\u00bbrepeat\u00a0\u00bb width_tablet=\u00a0\u00bb100%\u00a0\u00bb width_phone=\u00a0\u00bb100%\u00a0\u00bb width_last_edited=\u00a0\u00bboff|desktop\u00a0\u00bb max_width_tablet=\u00a0\u00bb100%\u00a0\u00bb max_width_phone=\u00a0\u00bb100%\u00a0\u00bb max_width_last_edited=\u00a0\u00bboff|desktop\u00a0\u00bb make_fullwidth=\u00a0\u00bbon\u00a0\u00bb global_colors_info=\u00a0\u00bb{}\u00a0\u00bb][et_pb_column type=\u00a0\u00bb2_3&Prime; module_class=\u00a0\u00bbspecial&#8211;content&#8211;column\u00a0\u00bb _builder_version=\u00a0\u00bb4.23&Prime; _module_preset=\u00a0\u00bbdefault\u00a0\u00bb background_enable_image=\u00a0\u00bboff\u00a0\u00bb background_position=\u00a0\u00bbtop_left\u00a0\u00bb custom_padding=\u00a0\u00bb|||\u00a0\u00bb global_colors_info=\u00a0\u00bb{}\u00a0\u00bb custom_padding__hover=\u00a0\u00bb|||\u00a0\u00bb][et_pb_cta button_url=\u00a0\u00bb#\u00a0\u00bb admin_label=\u00a0\u00bbCordner Nelson, Track\u2019s Greatest Champions. Tafnews Press 1986.\u00a0\u00bb module_class=\u00a0\u00bbela tertiary-bg\u00a0\u00bb _builder_version=\u00a0\u00bb4.23.1&Prime; _module_preset=\u00a0\u00bbdefault\u00a0\u00bb use_background_color=\u00a0\u00bboff\u00a0\u00bb custom_button=\u00a0\u00bbon\u00a0\u00bb text_orientation=\u00a0\u00bbleft\u00a0\u00bb module_alignment=\u00a0\u00bbleft\u00a0\u00bb custom_margin=\u00a0\u00bb|||\u00a0\u00bb custom_padding=\u00a0\u00bb|||\u00a0\u00bb animation_direction=\u00a0\u00bbbottom\u00a0\u00bb text_orientation_tablet=\u00a0\u00bbcenter\u00a0\u00bb text_orientation_phone=\u00a0\u00bbcenter\u00a0\u00bb text_orientation_last_edited=\u00a0\u00bbon|tablet\u00a0\u00bb button_text_color_hover=\u00a0\u00bb#6eba01&Prime; button_border_color_hover=\u00a0\u00bb#6eba01&Prime; button_border_radius_hover=\u00a0\u00bb0&Prime; button_letter_spacing_hover=\u00a0\u00bb2&Prime; button_bg_color_hover=\u00a0\u00bbrgba(0,0,0,0)\u00a0\u00bb saved_tabs=\u00a0\u00bball\u00a0\u00bb locked=\u00a0\u00bboff\u00a0\u00bb global_colors_info=\u00a0\u00bb{}\u00a0\u00bb button_one_text_size__hover_enabled=\u00a0\u00bboff\u00a0\u00bb button_two_text_size__hover_enabled=\u00a0\u00bboff\u00a0\u00bb button_one_text_color__hover_enabled=\u00a0\u00bboff\u00a0\u00bb button_two_text_color__hover_enabled=\u00a0\u00bboff\u00a0\u00bb button_one_border_width__hover_enabled=\u00a0\u00bboff\u00a0\u00bb button_two_border_width__hover_enabled=\u00a0\u00bboff\u00a0\u00bb button_one_border_color__hover_enabled=\u00a0\u00bboff\u00a0\u00bb button_two_border_color__hover_enabled=\u00a0\u00bboff\u00a0\u00bb button_one_border_radius__hover_enabled=\u00a0\u00bboff\u00a0\u00bb button_two_border_radius__hover_enabled=\u00a0\u00bboff\u00a0\u00bb button_one_letter_spacing__hover_enabled=\u00a0\u00bboff\u00a0\u00bb button_two_letter_spacing__hover_enabled=\u00a0\u00bboff\u00a0\u00bb button_one_bg_color__hover_enabled=\u00a0\u00bboff\u00a0\u00bb button_two_bg_color__hover_enabled=\u00a0\u00bboff\u00a0\u00bb]<\/p>\n<p>Personne avant ou apr\u00e8s Paavo Nurmi n\u2019a autant influenc\u00e9 le monde de la course \u00e0 pied. Lui, plus que quiconque, a fait de la course \u00e0 pied un sport d\u2019envergure aux yeux du public international. Il \u00e9tait adul\u00e9 par ce public pour lequel il \u00e9tait une des plus grands sportifs au monde, toutes disciplines confondues.<\/p>\n<p><strong><em>Cordner Nelson, Track\u2019s Greatest Champions. Tafnews Press 1986.<\/em><\/strong><\/p>\n<p>[\/et_pb_cta][et_pb_cta button_url=\u00a0\u00bb#\u00a0\u00bb admin_label=\u00a0\u00bbRoberto L. Quercetani, Athletics : A History of Modern Track and Field Athletics (1860-1990). Vallardi &#038; Associati, Milan 1990.\u00a0\u00bb module_class=\u00a0\u00bbela \u00a0\u00bb _builder_version=\u00a0\u00bb4.23.1&Prime; _module_preset=\u00a0\u00bbdefault\u00a0\u00bb use_background_color=\u00a0\u00bboff\u00a0\u00bb custom_button=\u00a0\u00bbon\u00a0\u00bb text_orientation=\u00a0\u00bbleft\u00a0\u00bb module_alignment=\u00a0\u00bbleft\u00a0\u00bb custom_margin=\u00a0\u00bb|||\u00a0\u00bb custom_padding=\u00a0\u00bb|||\u00a0\u00bb animation_direction=\u00a0\u00bbbottom\u00a0\u00bb text_orientation_tablet=\u00a0\u00bbcenter\u00a0\u00bb text_orientation_phone=\u00a0\u00bbcenter\u00a0\u00bb text_orientation_last_edited=\u00a0\u00bbon|tablet\u00a0\u00bb button_text_color_hover=\u00a0\u00bb#6eba01&Prime; button_border_color_hover=\u00a0\u00bb#6eba01&Prime; button_border_radius_hover=\u00a0\u00bb0&Prime; button_letter_spacing_hover=\u00a0\u00bb2&Prime; button_bg_color_hover=\u00a0\u00bbrgba(0,0,0,0)\u00a0\u00bb saved_tabs=\u00a0\u00bball\u00a0\u00bb locked=\u00a0\u00bboff\u00a0\u00bb global_colors_info=\u00a0\u00bb{}\u00a0\u00bb button_one_text_size__hover_enabled=\u00a0\u00bboff\u00a0\u00bb button_two_text_size__hover_enabled=\u00a0\u00bboff\u00a0\u00bb button_one_text_color__hover_enabled=\u00a0\u00bboff\u00a0\u00bb button_two_text_color__hover_enabled=\u00a0\u00bboff\u00a0\u00bb button_one_border_width__hover_enabled=\u00a0\u00bboff\u00a0\u00bb button_two_border_width__hover_enabled=\u00a0\u00bboff\u00a0\u00bb button_one_border_color__hover_enabled=\u00a0\u00bboff\u00a0\u00bb button_two_border_color__hover_enabled=\u00a0\u00bboff\u00a0\u00bb button_one_border_radius__hover_enabled=\u00a0\u00bboff\u00a0\u00bb button_two_border_radius__hover_enabled=\u00a0\u00bboff\u00a0\u00bb button_one_letter_spacing__hover_enabled=\u00a0\u00bboff\u00a0\u00bb button_two_letter_spacing__hover_enabled=\u00a0\u00bboff\u00a0\u00bb button_one_bg_color__hover_enabled=\u00a0\u00bboff\u00a0\u00bb button_two_bg_color__hover_enabled=\u00a0\u00bboff\u00a0\u00bb]<\/p>\n<p>Bien plus tard Nurmi fit une analyse assez critique de ses proc\u00e9d\u00e9s d\u2019entra\u00eenement.  Son programme quotidien, qui \u00e9tait n\u00e9anmoins plus que suffisant \u00e0 l\u2019\u00e9poque, se composait principalement de course longues et relativement lentes, pr\u00e9c\u00e9d\u00e9es g\u00e9n\u00e9ralement de marche acc\u00e9l\u00e9r\u00e9e d\u2019une distance \u00e9quivalente. Compar\u00e9 aux m\u00e9thodes d\u2019entra\u00eenement m\u00eame \u00e9touffantes des coureurs d\u2019aujourd\u2019hui, les doses journali\u00e8res de Nurmi semblent insuffisantes, surtout en terme de travail qualitatif. Il a lui-m\u00eame admis qu\u2019il s\u2019\u00e9tait pench\u00e9 sur l\u2019entra\u00eenement de la vitesse seulement vers la fin de sa carri\u00e8re. Le grand m\u00e9rite de Nurmi \u00e9tait qu\u2019il avait compris l\u2019importance d\u2019une vitesse constante, bien que l\u2019on puisse affirmer que ce principe limitait ses talents de coureur et probablement l\u2019emp\u00eachait d\u2019utiliser tout son potentiel. Dans son contexte historique, on ne peut d\u00e9crire les performances de Nurmi que par un adjectif : fantastique.<\/p>\n<p><strong><em>Roberto L. Quercetani, Athletics : A History of Modern Track and Field Athletics (1860-1990). Vallardi &#038; Associati, Milan 1990.<\/em><\/strong><\/p>\n<p>[\/et_pb_cta][et_pb_cta button_url=\u00a0\u00bb#\u00a0\u00bb admin_label=\u00a0\u00bbGabriel Hanot, Le miroir des sports, 1924.\u00a0\u00bb module_class=\u00a0\u00bbela tertiary-bg\u00a0\u00bb _builder_version=\u00a0\u00bb4.23.1&Prime; _module_preset=\u00a0\u00bbdefault\u00a0\u00bb use_background_color=\u00a0\u00bboff\u00a0\u00bb custom_button=\u00a0\u00bbon\u00a0\u00bb text_orientation=\u00a0\u00bbleft\u00a0\u00bb module_alignment=\u00a0\u00bbleft\u00a0\u00bb custom_margin=\u00a0\u00bb|||\u00a0\u00bb custom_padding=\u00a0\u00bb|||\u00a0\u00bb animation_direction=\u00a0\u00bbbottom\u00a0\u00bb text_orientation_tablet=\u00a0\u00bbcenter\u00a0\u00bb text_orientation_phone=\u00a0\u00bbcenter\u00a0\u00bb text_orientation_last_edited=\u00a0\u00bbon|tablet\u00a0\u00bb button_text_color_hover=\u00a0\u00bb#6eba01&Prime; button_border_color_hover=\u00a0\u00bb#6eba01&Prime; button_border_radius_hover=\u00a0\u00bb0&Prime; button_letter_spacing_hover=\u00a0\u00bb2&Prime; button_bg_color_hover=\u00a0\u00bbrgba(0,0,0,0)\u00a0\u00bb saved_tabs=\u00a0\u00bball\u00a0\u00bb locked=\u00a0\u00bboff\u00a0\u00bb global_colors_info=\u00a0\u00bb{}\u00a0\u00bb button_one_text_size__hover_enabled=\u00a0\u00bboff\u00a0\u00bb button_two_text_size__hover_enabled=\u00a0\u00bboff\u00a0\u00bb button_one_text_color__hover_enabled=\u00a0\u00bboff\u00a0\u00bb button_two_text_color__hover_enabled=\u00a0\u00bboff\u00a0\u00bb button_one_border_width__hover_enabled=\u00a0\u00bboff\u00a0\u00bb button_two_border_width__hover_enabled=\u00a0\u00bboff\u00a0\u00bb button_one_border_color__hover_enabled=\u00a0\u00bboff\u00a0\u00bb button_two_border_color__hover_enabled=\u00a0\u00bboff\u00a0\u00bb button_one_border_radius__hover_enabled=\u00a0\u00bboff\u00a0\u00bb button_two_border_radius__hover_enabled=\u00a0\u00bboff\u00a0\u00bb button_one_letter_spacing__hover_enabled=\u00a0\u00bboff\u00a0\u00bb button_two_letter_spacing__hover_enabled=\u00a0\u00bboff\u00a0\u00bb button_one_bg_color__hover_enabled=\u00a0\u00bboff\u00a0\u00bb button_two_bg_color__hover_enabled=\u00a0\u00bboff\u00a0\u00bb]<\/p>\n<p>Paavo Nurmi vit en dehors de l\u2019humanit\u00e9. Il est de plus en plus grave, ferm\u00e9, concentr\u00e9, pessimiste, fanatique. Il est d\u2019une telle froideur et sa ma\u00eetrise de lui-m\u00eame est si grande que, pas un instant, il ne manifeste ses sentiments. (\u2026) Quelle est la mentalit\u00e9 de Nurmi? Pourquoi manque-t-il \u00e0 ce point d\u2019humanit\u00e9 ?  Est-il esclave du sport, de l\u2019entra\u00eenement, du record \u00e0 un tel degr\u00e9 qu\u2019il y consacre corps et \u00e2me, sans conserver une pens\u00e9e, un regard, un instant de libert\u00e9 pour le reste du monde ou de l\u2019existence ? Ou bien ne serait-il un amateur que de nom, cet athl\u00e8te de vingt-sept ans, que les Finlandais d\u00e9clarent \u00e9l\u00e8ve-ing\u00e9nieur et que les Su\u00e9dois consid\u00e8rent comme un professionnel ? Nurmi est-il un ambitieux, un orgueilleux, qui puise dans la victoire des jouissances secr\u00e8tes, d\u2019essence beaucoup plus haute que la popularit\u00e9 et la gloire ? Est-il simplement un homme qui trouve dans le sport son gagne-pain et qui veut conserver sa forme, la bonne condition physique le plus longtemps possible ? L\u2019avenir r\u00e9pondra, sans doute, \u00e0 ces questions.  En tous cas, il est douteux que la situation pr\u00e9sente de Nurmi se maintienne longtemps. Nous avons retrouv\u00e9 le champion finlandais fortement amaigri, plus silencieux, sauvage et ferm\u00e9 qu\u2019autrefois, plus d\u00e9sincarn\u00e9.  Cet extraordinaire coureur \u00e0 pied, qui, pour une raison ou pour l\u2019autre, est \u00e0 une intensit\u00e9 formidable un fanatique du sport, ne peut manquer de nous donner la solution du myst\u00e8re vivant qu\u2019il constitue.<\/p>\n<p><strong><em>Gabriel Hanot, Le miroir des sports, 1924.<\/em><\/strong><\/p>\n<p>[\/et_pb_cta][et_pb_cta button_url=\u00a0\u00bb#\u00a0\u00bb admin_label=\u00a0\u00bbRon Clarke kirjassa Ron Clarke &#038; Norman Harris, The Lonely Breed. Pelham Books 1967.\u00a0\u00bb module_class=\u00a0\u00bbela \u00a0\u00bb _builder_version=\u00a0\u00bb4.23.1&Prime; _module_preset=\u00a0\u00bbdefault\u00a0\u00bb use_background_color=\u00a0\u00bboff\u00a0\u00bb custom_button=\u00a0\u00bbon\u00a0\u00bb text_orientation=\u00a0\u00bbleft\u00a0\u00bb module_alignment=\u00a0\u00bbleft\u00a0\u00bb custom_margin=\u00a0\u00bb|||\u00a0\u00bb custom_padding=\u00a0\u00bb|||\u00a0\u00bb animation_direction=\u00a0\u00bbbottom\u00a0\u00bb text_orientation_tablet=\u00a0\u00bbcenter\u00a0\u00bb text_orientation_phone=\u00a0\u00bbcenter\u00a0\u00bb text_orientation_last_edited=\u00a0\u00bbon|tablet\u00a0\u00bb button_text_color_hover=\u00a0\u00bb#6eba01&Prime; button_border_color_hover=\u00a0\u00bb#6eba01&Prime; button_border_radius_hover=\u00a0\u00bb0&Prime; button_letter_spacing_hover=\u00a0\u00bb2&Prime; button_bg_color_hover=\u00a0\u00bbrgba(0,0,0,0)\u00a0\u00bb saved_tabs=\u00a0\u00bball\u00a0\u00bb locked=\u00a0\u00bboff\u00a0\u00bb global_colors_info=\u00a0\u00bb{}\u00a0\u00bb button_one_text_size__hover_enabled=\u00a0\u00bboff\u00a0\u00bb button_two_text_size__hover_enabled=\u00a0\u00bboff\u00a0\u00bb button_one_text_color__hover_enabled=\u00a0\u00bboff\u00a0\u00bb button_two_text_color__hover_enabled=\u00a0\u00bboff\u00a0\u00bb button_one_border_width__hover_enabled=\u00a0\u00bboff\u00a0\u00bb button_two_border_width__hover_enabled=\u00a0\u00bboff\u00a0\u00bb button_one_border_color__hover_enabled=\u00a0\u00bboff\u00a0\u00bb button_two_border_color__hover_enabled=\u00a0\u00bboff\u00a0\u00bb button_one_border_radius__hover_enabled=\u00a0\u00bboff\u00a0\u00bb button_two_border_radius__hover_enabled=\u00a0\u00bboff\u00a0\u00bb button_one_letter_spacing__hover_enabled=\u00a0\u00bboff\u00a0\u00bb button_two_letter_spacing__hover_enabled=\u00a0\u00bboff\u00a0\u00bb button_one_bg_color__hover_enabled=\u00a0\u00bboff\u00a0\u00bb button_two_bg_color__hover_enabled=\u00a0\u00bboff\u00a0\u00bb]<\/p>\n<p>Il est souvent difficile de d\u00e9finir la nature m\u00eame d\u2019un athl\u00e8te. Dans le cas de Paavo Nurmi, c\u2019est facile \u2013 les l\u00e9gendes comme les faits montrent que ce plus grand athl\u00e8te de tous les temps est un personnage fort, silencieux, dure et confiant en ses capacit\u00e9s. Nous avons consacr\u00e9 beaucoup de temps afin d\u2019essayer de s\u00e9parer les fantaisies de la r\u00e9alit\u00e9 en ce qui concerne ce \u00ab Miracle finlandais \u00bb. Cet homme \u00e9tait capable de tant d\u2019exploits incroyables et ne semblait pas renier l\u2019existence de toutes ces l\u00e9gendes (effectivement, il ne les a ni confirm\u00e9es ni reni\u00e9es), que le mythe finit par se confondre \u00e0 l\u2019homme. Son nom, Paavo Nurmi, \u00e9tait connu du monde entier. De m\u00eame que les surnoms qui l\u2019ont qualifi\u00e9 dans la presse : \u201cPeerless Paavo\u201d (Paavo Hors pair), \u201cPhantom Finn\u201d (Fant\u00f4me finlandais). M\u00eame les autres coureurs finlandais, les experts en athl\u00e9tisme ou les journalistes ne le connaissaient pas mieux. M\u00eame pour eux, il n\u2019\u00e9tait jamais tout \u00e0 fait r\u00e9el. Il \u00e9tait comme un sphinx, un dieu dans les nuages. Il \u00e9tait comme jouant constamment un r\u00f4le dramatique. Cependant l\u2019homme ressemblait vraiment aux l\u00e9gendes qui ont \u00e9t\u00e9 tiss\u00e9es autour de lui. Peut-\u00eatre m\u00eame les a-t-il encourag\u00e9es ? Qui sait\u2026 Quoi qu\u2019il en soit, Paavo Nurmi restait \u00e0 l\u2019\u00e9gard des autres, ferme et silencieux, dot\u00e9 d\u2019une autodiscipline inflexible, ambitieux, ressemblant en athl\u00e9tisme dans une certaine mesure \u00e0 Napol\u00e9on Bonaparte.<\/p>\n<p><strong><em>Ron Clarke kirjassa Ron Clarke &#038; Norman Harris, The Lonely Breed. Pelham Books 1967.<\/em><\/strong><\/p>\n<p>[\/et_pb_cta][\/et_pb_column][et_pb_column type=\u00a0\u00bb1_3&Prime; admin_label=\u00a0\u00bbfullwidth&#8211;column&#8211;grid&#8211;padding\u00a0\u00bb _builder_version=\u00a0\u00bb4.23&Prime; _module_preset=\u00a0\u00bbdefault\u00a0\u00bb background_enable_color=\u00a0\u00bboff\u00a0\u00bb background_position=\u00a0\u00bbtop_left\u00a0\u00bb global_colors_info=\u00a0\u00bb{}\u00a0\u00bb custom_padding__hover=\u00a0\u00bb|||\u00a0\u00bb][et_pb_image src=\u00a0\u00bb\/wp-content\/uploads\/2023\/10\/pn_Nurmi-ja-Taisto-Maki-Amerikassa-1940.jpg\u00a0\u00bb show_in_lightbox=\u00a0\u00bbon\u00a0\u00bb module_class=\u00a0\u00bbela&#8211;image\u00a0\u00bb _builder_version=\u00a0\u00bb4.23&Prime; _module_preset=\u00a0\u00bbdefault\u00a0\u00bb global_colors_info=\u00a0\u00bb{}\u00a0\u00bb][\/et_pb_image][et_pb_image src=\u00a0\u00bb\/wp-content\/uploads\/2023\/10\/pn_Suomi-Ruotsi-maaottelu-1929.jpg\u00a0\u00bb show_in_lightbox=\u00a0\u00bbon\u00a0\u00bb module_class=\u00a0\u00bbela&#8211;image\u00a0\u00bb _builder_version=\u00a0\u00bb4.23&Prime; _module_preset=\u00a0\u00bbdefault\u00a0\u00bb global_colors_info=\u00a0\u00bb{}\u00a0\u00bb][\/et_pb_image][et_pb_image src=\u00a0\u00bb\/wp-content\/uploads\/2023\/10\/pn_Nurmi-ja-Maki-1940.jpg\u00a0\u00bb show_in_lightbox=\u00a0\u00bbon\u00a0\u00bb module_class=\u00a0\u00bbela&#8211;image\u00a0\u00bb _builder_version=\u00a0\u00bb4.23&Prime; _module_preset=\u00a0\u00bbdefault\u00a0\u00bb global_colors_info=\u00a0\u00bb{}\u00a0\u00bb][\/et_pb_image][et_pb_image src=\u00a0\u00bb\/wp-content\/uploads\/2023\/10\/pn_Terijoki-1928.jpg\u00a0\u00bb show_in_lightbox=\u00a0\u00bbon\u00a0\u00bb module_class=\u00a0\u00bbela&#8211;image\u00a0\u00bb _builder_version=\u00a0\u00bb4.23&Prime; _module_preset=\u00a0\u00bbdefault\u00a0\u00bb global_colors_info=\u00a0\u00bb{}\u00a0\u00bb][\/et_pb_image][et_pb_image src=\u00a0\u00bb\/wp-content\/uploads\/2023\/10\/pn_valmentaja-Nurmi.jpg\u00a0\u00bb show_in_lightbox=\u00a0\u00bbon\u00a0\u00bb module_class=\u00a0\u00bbela&#8211;image\u00a0\u00bb _builder_version=\u00a0\u00bb4.23&Prime; _module_preset=\u00a0\u00bbdefault\u00a0\u00bb global_colors_info=\u00a0\u00bb{}\u00a0\u00bb][\/et_pb_image][\/et_pb_column][\/et_pb_row][\/et_pb_section]<\/p>\n","protected":false},"excerpt":{"rendered":"<p>Personne avant ou apr\u00e8s Paavo Nurmi n\u2019a autant influenc\u00e9 le monde de la course \u00e0 pied. Lui, plus que quiconque, a fait de la course \u00e0 pied un sport d\u2019envergure aux yeux du public international. Il \u00e9tait adul\u00e9 par ce public pour lequel il \u00e9tait une des plus grands sportifs au monde, toutes disciplines confondues. [&hellip;]<\/p>\n","protected":false},"author":1,"featured_media":0,"parent":0,"menu_order":0,"comment_status":"closed","ping_status":"closed","template":"","meta":{"_et_pb_use_builder":"on","_et_pb_old_content":"","_et_gb_content_width":"","footnotes":""},"class_list":["post-1018","page","type-page","status-publish","hentry"],"yoast_head":"<!-- This site is optimized with the Yoast SEO plugin v22.3 - https:\/\/yoast.com\/wordpress\/plugins\/seo\/ -->\n<title>Citations - Paavo Nurmi THE FLYING FINN<\/title>\n<meta name=\"robots\" content=\"index, follow, max-snippet:-1, max-image-preview:large, max-video-preview:-1\" \/>\n<link rel=\"canonical\" href=\"https:\/\/paavonurmi.fi\/fr\/citations\/\" \/>\n<meta property=\"og:locale\" content=\"fr_FR\" \/>\n<meta property=\"og:type\" content=\"article\" \/>\n<meta property=\"og:title\" content=\"Citations - Paavo Nurmi THE FLYING FINN\" \/>\n<meta property=\"og:description\" content=\"Personne avant ou apr\u00e8s Paavo Nurmi n\u2019a autant influenc\u00e9 le monde de la course \u00e0 pied. Lui, plus que quiconque, a fait de la course \u00e0 pied un sport d\u2019envergure aux yeux du public international. Il \u00e9tait adul\u00e9 par ce public pour lequel il \u00e9tait une des plus grands sportifs au monde, toutes disciplines confondues. [&hellip;]\" \/>\n<meta property=\"og:url\" content=\"https:\/\/paavonurmi.fi\/fr\/citations\/\" \/>\n<meta property=\"og:site_name\" content=\"Paavo Nurmi THE FLYING FINN\" \/>\n<meta property=\"article:modified_time\" content=\"2023-12-21T08:55:40+00:00\" \/>\n<meta name=\"twitter:card\" content=\"summary_large_image\" \/>\n<meta name=\"twitter:label1\" content=\"Dur\u00e9e de lecture estim\u00e9e\" \/>\n\t<meta name=\"twitter:data1\" content=\"6 minutes\" \/>\n<script type=\"application\/ld+json\" class=\"yoast-schema-graph\">{\"@context\":\"https:\/\/schema.org\",\"@graph\":[{\"@type\":\"WebPage\",\"@id\":\"https:\/\/paavonurmi.fi\/fr\/citations\/\",\"url\":\"https:\/\/paavonurmi.fi\/fr\/citations\/\",\"name\":\"Citations - Paavo Nurmi THE FLYING FINN\",\"isPartOf\":{\"@id\":\"https:\/\/paavonurmi.fi\/#website\"},\"datePublished\":\"2023-10-24T09:57:20+00:00\",\"dateModified\":\"2023-12-21T08:55:40+00:00\",\"breadcrumb\":{\"@id\":\"https:\/\/paavonurmi.fi\/fr\/citations\/#breadcrumb\"},\"inLanguage\":\"fr-FR\",\"potentialAction\":[{\"@type\":\"ReadAction\",\"target\":[\"https:\/\/paavonurmi.fi\/fr\/citations\/\"]}]},{\"@type\":\"BreadcrumbList\",\"@id\":\"https:\/\/paavonurmi.fi\/fr\/citations\/#breadcrumb\",\"itemListElement\":[{\"@type\":\"ListItem\",\"position\":1,\"name\":\"Home\",\"item\":\"https:\/\/paavonurmi.fi\/fr\/\"},{\"@type\":\"ListItem\",\"position\":2,\"name\":\"Citations\"}]},{\"@type\":\"WebSite\",\"@id\":\"https:\/\/paavonurmi.fi\/#website\",\"url\":\"https:\/\/paavonurmi.fi\/\",\"name\":\"Paavo Nurmi THE FLYING FINN\",\"description\":\"Paavo Nurmi THE FLYING FINN\",\"potentialAction\":[{\"@type\":\"SearchAction\",\"target\":{\"@type\":\"EntryPoint\",\"urlTemplate\":\"https:\/\/paavonurmi.fi\/?s={search_term_string}\"},\"query-input\":\"required name=search_term_string\"}],\"inLanguage\":\"fr-FR\"}]}<\/script>\n<!-- \/ Yoast SEO plugin. -->","yoast_head_json":{"title":"Citations - Paavo Nurmi THE FLYING FINN","robots":{"index":"index","follow":"follow","max-snippet":"max-snippet:-1","max-image-preview":"max-image-preview:large","max-video-preview":"max-video-preview:-1"},"canonical":"https:\/\/paavonurmi.fi\/fr\/citations\/","og_locale":"fr_FR","og_type":"article","og_title":"Citations - Paavo Nurmi THE FLYING FINN","og_description":"Personne avant ou apr\u00e8s Paavo Nurmi n\u2019a autant influenc\u00e9 le monde de la course \u00e0 pied. Lui, plus que quiconque, a fait de la course \u00e0 pied un sport d\u2019envergure aux yeux du public international. Il \u00e9tait adul\u00e9 par ce public pour lequel il \u00e9tait une des plus grands sportifs au monde, toutes disciplines confondues. [&hellip;]","og_url":"https:\/\/paavonurmi.fi\/fr\/citations\/","og_site_name":"Paavo Nurmi THE FLYING FINN","article_modified_time":"2023-12-21T08:55:40+00:00","twitter_card":"summary_large_image","twitter_misc":{"Dur\u00e9e de lecture estim\u00e9e":"6 minutes"},"schema":{"@context":"https:\/\/schema.org","@graph":[{"@type":"WebPage","@id":"https:\/\/paavonurmi.fi\/fr\/citations\/","url":"https:\/\/paavonurmi.fi\/fr\/citations\/","name":"Citations - Paavo Nurmi THE FLYING FINN","isPartOf":{"@id":"https:\/\/paavonurmi.fi\/#website"},"datePublished":"2023-10-24T09:57:20+00:00","dateModified":"2023-12-21T08:55:40+00:00","breadcrumb":{"@id":"https:\/\/paavonurmi.fi\/fr\/citations\/#breadcrumb"},"inLanguage":"fr-FR","potentialAction":[{"@type":"ReadAction","target":["https:\/\/paavonurmi.fi\/fr\/citations\/"]}]},{"@type":"BreadcrumbList","@id":"https:\/\/paavonurmi.fi\/fr\/citations\/#breadcrumb","itemListElement":[{"@type":"ListItem","position":1,"name":"Home","item":"https:\/\/paavonurmi.fi\/fr\/"},{"@type":"ListItem","position":2,"name":"Citations"}]},{"@type":"WebSite","@id":"https:\/\/paavonurmi.fi\/#website","url":"https:\/\/paavonurmi.fi\/","name":"Paavo Nurmi THE FLYING FINN","description":"Paavo Nurmi THE FLYING FINN","potentialAction":[{"@type":"SearchAction","target":{"@type":"EntryPoint","urlTemplate":"https:\/\/paavonurmi.fi\/?s={search_term_string}"},"query-input":"required name=search_term_string"}],"inLanguage":"fr-FR"}]}},"_links":{"self":[{"href":"https:\/\/paavonurmi.fi\/fr\/wp-json\/wp\/v2\/pages\/1018","targetHints":{"allow":["GET"]}}],"collection":[{"href":"https:\/\/paavonurmi.fi\/fr\/wp-json\/wp\/v2\/pages"}],"about":[{"href":"https:\/\/paavonurmi.fi\/fr\/wp-json\/wp\/v2\/types\/page"}],"author":[{"embeddable":true,"href":"https:\/\/paavonurmi.fi\/fr\/wp-json\/wp\/v2\/users\/1"}],"replies":[{"embeddable":true,"href":"https:\/\/paavonurmi.fi\/fr\/wp-json\/wp\/v2\/comments?post=1018"}],"version-history":[{"count":3,"href":"https:\/\/paavonurmi.fi\/fr\/wp-json\/wp\/v2\/pages\/1018\/revisions"}],"predecessor-version":[{"id":1718,"href":"https:\/\/paavonurmi.fi\/fr\/wp-json\/wp\/v2\/pages\/1018\/revisions\/1718"}],"wp:attachment":[{"href":"https:\/\/paavonurmi.fi\/fr\/wp-json\/wp\/v2\/media?parent=1018"}],"curies":[{"name":"wp","href":"https:\/\/api.w.org\/{rel}","templated":true}]}}