{"id":975,"date":"2023-10-23T12:00:26","date_gmt":"2023-10-23T09:00:26","guid":{"rendered":"https:\/\/paavonurmi.fi\/paavo-nurmi-the-flying-finn\/"},"modified":"2024-04-30T13:25:05","modified_gmt":"2024-04-30T10:25:05","slug":"paavo-nurmi-the-flying-finn","status":"publish","type":"page","link":"https:\/\/paavonurmi.fi\/fr\/","title":{"rendered":"Paavo Nurmi THE FLYING FINN"},"content":{"rendered":"<p>[et_pb_section fb_built=\u00a0\u00bb1&Prime; fullwidth=\u00a0\u00bbon\u00a0\u00bb admin_label=\u00a0\u00bbPage Header\u00a0\u00bb module_class=\u00a0\u00bbhero&#8211;section\u00a0\u00bb _builder_version=\u00a0\u00bb4.24.2&Prime; _module_preset=\u00a0\u00bbdefault\u00a0\u00bb background_image=\u00a0\u00bb\/wp-content\/uploads\/2023\/12\/Paavo-Nurmi-ja-Wide-1926.jpg\u00a0\u00bb hover_enabled=\u00a0\u00bb0&Prime; global_colors_info=\u00a0\u00bb{}\u00a0\u00bb sticky_enabled=\u00a0\u00bb0&Prime;][et_pb_fullwidth_header title=\u00a0\u00bbPaavo Nurmi\u00a0\u00bb text_orientation=\u00a0\u00bbcenter\u00a0\u00bb header_fullscreen=\u00a0\u00bbon\u00a0\u00bb header_scroll_down=\u00a0\u00bbon\u00a0\u00bb scroll_down_icon=\u00a0\u00bb%%0%%\u00a0\u00bb scroll_down_icon_size=\u00a0\u00bb48px\u00a0\u00bb button_one_text=\u00a0\u00bbT\u00e9l\u00e9charger ici\u00a0\u00bb button_one_url=\u00a0\u00bbhttps:\/\/www.ellibs.com\/book\/9789526640570\/paavo-nurmi-le-finlandais-volant-une-vie-en-60-minutes\u00a0\u00bb admin_label=\u00a0\u00bbHero Section\u00a0\u00bb module_class=\u00a0\u00bbfw&#8211;header landing\u00a0\u00bb _builder_version=\u00a0\u00bb4.24.2&Prime; _module_preset=\u00a0\u00bbdefault\u00a0\u00bb background_enable_color=\u00a0\u00bboff\u00a0\u00bb custom_button_one=\u00a0\u00bbon\u00a0\u00bb custom_button_two=\u00a0\u00bbon\u00a0\u00bb module_alignment=\u00a0\u00bbleft\u00a0\u00bb hover_enabled=\u00a0\u00bb0&Prime; button_one_text_color_hover=\u00a0\u00bb#6eba01&Prime; button_two_text_color_hover=\u00a0\u00bb#6eba01&Prime; button_one_border_color_hover=\u00a0\u00bb#ffffff\u00a0\u00bb button_two_border_color_hover=\u00a0\u00bb#ffffff\u00a0\u00bb button_one_border_radius_hover=\u00a0\u00bb0&Prime; button_two_border_radius_hover=\u00a0\u00bb0&Prime; button_one_letter_spacing_hover=\u00a0\u00bb2&Prime; button_two_letter_spacing_hover=\u00a0\u00bb2&Prime; button_one_bg_color_hover=\u00a0\u00bb#ffffff\u00a0\u00bb button_two_bg_color_hover=\u00a0\u00bb#ffffff\u00a0\u00bb global_colors_info=\u00a0\u00bb{}\u00a0\u00bb logo_image_url=\u00a0\u00bb\/wp-content\/uploads\/2024\/04\/Lingsoft-logo-en.png\u00a0\u00bb sticky_enabled=\u00a0\u00bb0&Prime; link_option_url_new_window=\u00a0\u00bbon\u00a0\u00bb]<\/p>\n<h3>Le Finlandais Volant \u2013 une vie en 60 minutes<\/h3>\n<p>[\/et_pb_fullwidth_header][\/et_pb_section][et_pb_section fb_built=\u00a0\u00bb1&Prime; admin_label=\u00a0\u00bbcontent&#8211;section no&#8211;padding\u00a0\u00bb module_class=\u00a0\u00bbcontent&#8211;section small&#8211;padding&#8211;top no&#8211;padding&#8211;bottom \u00a0\u00bb _builder_version=\u00a0\u00bb4.23.1&Prime; _module_preset=\u00a0\u00bbdefault\u00a0\u00bb animation_direction=\u00a0\u00bbbottom\u00a0\u00bb global_colors_info=\u00a0\u00bb{}\u00a0\u00bb][et_pb_row column_structure=\u00a0\u00bb1_2,1_2&Prime; use_custom_gutter=\u00a0\u00bbon\u00a0\u00bb gutter_width=\u00a0\u00bb1&Prime; make_equal=\u00a0\u00bbon\u00a0\u00bb admin_label=\u00a0\u00bbcontent&#8211;row fullwidth&#8211;row no&#8211;padding\u00a0\u00bb module_class=\u00a0\u00bbcontent&#8211;row fullwidth&#8211;row no&#8211;padding\u00a0\u00bb _builder_version=\u00a0\u00bb4.23&Prime; _module_preset=\u00a0\u00bbdefault\u00a0\u00bb background_size=\u00a0\u00bbinitial\u00a0\u00bb background_position=\u00a0\u00bbtop_left\u00a0\u00bb background_repeat=\u00a0\u00bbrepeat\u00a0\u00bb width_tablet=\u00a0\u00bb100%\u00a0\u00bb width_phone=\u00a0\u00bb100%\u00a0\u00bb width_last_edited=\u00a0\u00bboff|desktop\u00a0\u00bb max_width_tablet=\u00a0\u00bb100%\u00a0\u00bb max_width_phone=\u00a0\u00bb100%\u00a0\u00bb max_width_last_edited=\u00a0\u00bboff|desktop\u00a0\u00bb make_fullwidth=\u00a0\u00bbon\u00a0\u00bb global_colors_info=\u00a0\u00bb{}\u00a0\u00bb][et_pb_column type=\u00a0\u00bb1_2&Prime; _builder_version=\u00a0\u00bb4.23&Prime; _module_preset=\u00a0\u00bbdefault\u00a0\u00bb background_image=\u00a0\u00bbhttps:\/\/paavonurmi.fi\/wp-content\/uploads\/2023\/10\/Paavo-Nurmi-1924.jpg\u00a0\u00bb background_position=\u00a0\u00bbtop_left\u00a0\u00bb custom_padding=\u00a0\u00bb|||\u00a0\u00bb global_colors_info=\u00a0\u00bb{}\u00a0\u00bb custom_padding__hover=\u00a0\u00bb|||\u00a0\u00bb][\/et_pb_column][et_pb_column type=\u00a0\u00bb1_2&Prime; module_class=\u00a0\u00bbfullwidth&#8211;column&#8211;grid&#8211;padding bg&#8211;quartiary\u00a0\u00bb admin_label=\u00a0\u00bbfullwidth&#8211;column&#8211;grid&#8211;padding\u00a0\u00bb _builder_version=\u00a0\u00bb4.23&Prime; _module_preset=\u00a0\u00bbdefault\u00a0\u00bb background_enable_color=\u00a0\u00bboff\u00a0\u00bb background_position=\u00a0\u00bbtop_left\u00a0\u00bb global_colors_info=\u00a0\u00bb{}\u00a0\u00bb custom_padding__hover=\u00a0\u00bb|||\u00a0\u00bb][et_pb_divider divider_weight=\u00a0\u00bb3px\u00a0\u00bb disabled_on=\u00a0\u00bboff|off|off\u00a0\u00bb module_class=\u00a0\u00bbcustom&#8211;divider primary\u00a0\u00bb _builder_version=\u00a0\u00bb4.23.1&Prime; _module_preset=\u00a0\u00bbdefault\u00a0\u00bb background_color_gradient_direction=\u00a0\u00bb90deg\u00a0\u00bb max_width=\u00a0\u00bb100px\u00a0\u00bb module_alignment=\u00a0\u00bbleft\u00a0\u00bb height=\u00a0\u00bb5px\u00a0\u00bb custom_margin=\u00a0\u00bb||20px|\u00a0\u00bb custom_padding=\u00a0\u00bb||20px|\u00a0\u00bb animation_direction=\u00a0\u00bbbottom\u00a0\u00bb module_alignment_tablet=\u00a0\u00bbcenter\u00a0\u00bb module_alignment_phone=\u00a0\u00bbcenter\u00a0\u00bb module_alignment_last_edited=\u00a0\u00bbon|tablet\u00a0\u00bb saved_tabs=\u00a0\u00bball\u00a0\u00bb locked=\u00a0\u00bboff\u00a0\u00bb global_colors_info=\u00a0\u00bb{}\u00a0\u00bb][\/et_pb_divider][et_pb_cta button_url=\u00a0\u00bb\/fr\/jeux-olympiques\/\u00a0\u00bb button_text=\u00a0\u00bbJeux Olympiques\u00a0\u00bb admin_label=\u00a0\u00bbtext&#8211;450&Prime; module_class=\u00a0\u00bbtext&#8211;450&Prime; _builder_version=\u00a0\u00bb4.23.1&Prime; _module_preset=\u00a0\u00bbdefault\u00a0\u00bb use_background_color=\u00a0\u00bboff\u00a0\u00bb custom_button=\u00a0\u00bbon\u00a0\u00bb text_orientation=\u00a0\u00bbleft\u00a0\u00bb module_alignment=\u00a0\u00bbleft\u00a0\u00bb custom_margin=\u00a0\u00bb|||\u00a0\u00bb custom_padding=\u00a0\u00bb|||\u00a0\u00bb animation_direction=\u00a0\u00bbbottom\u00a0\u00bb text_orientation_tablet=\u00a0\u00bbcenter\u00a0\u00bb text_orientation_phone=\u00a0\u00bbcenter\u00a0\u00bb text_orientation_last_edited=\u00a0\u00bbon|tablet\u00a0\u00bb button_text_color_hover=\u00a0\u00bb#6eba01&Prime; button_border_color_hover=\u00a0\u00bb#6eba01&Prime; button_border_radius_hover=\u00a0\u00bb0&Prime; button_letter_spacing_hover=\u00a0\u00bb2&Prime; button_bg_color_hover=\u00a0\u00bbrgba(0,0,0,0)\u00a0\u00bb saved_tabs=\u00a0\u00bball\u00a0\u00bb locked=\u00a0\u00bboff\u00a0\u00bb global_colors_info=\u00a0\u00bb{}\u00a0\u00bb button_one_text_size__hover_enabled=\u00a0\u00bboff\u00a0\u00bb button_two_text_size__hover_enabled=\u00a0\u00bboff\u00a0\u00bb button_one_text_color__hover_enabled=\u00a0\u00bboff\u00a0\u00bb button_two_text_color__hover_enabled=\u00a0\u00bboff\u00a0\u00bb button_one_border_width__hover_enabled=\u00a0\u00bboff\u00a0\u00bb button_two_border_width__hover_enabled=\u00a0\u00bboff\u00a0\u00bb button_one_border_color__hover_enabled=\u00a0\u00bboff\u00a0\u00bb button_two_border_color__hover_enabled=\u00a0\u00bboff\u00a0\u00bb button_one_border_radius__hover_enabled=\u00a0\u00bboff\u00a0\u00bb button_two_border_radius__hover_enabled=\u00a0\u00bboff\u00a0\u00bb button_one_letter_spacing__hover_enabled=\u00a0\u00bboff\u00a0\u00bb button_two_letter_spacing__hover_enabled=\u00a0\u00bboff\u00a0\u00bb button_one_bg_color__hover_enabled=\u00a0\u00bboff\u00a0\u00bb button_two_bg_color__hover_enabled=\u00a0\u00bboff\u00a0\u00bb]<\/p>\n<p><strong>Paavo Nurmi<\/strong> fut le plus grand coureur du monde de tous les temps. On l\u2019appelait le \u00ab Roi des coureurs \u00bb et le \u00ab Finlandais volant \u00bb. A son \u00e9poque, ce coureur de fond connu partout dans le monde \u00e9tait aussi une source de fiert\u00e9 nationale pour le peuple finlandais. Nurmi puisait sa motivation dans l\u2019amour de la course \u00e0 pied.<\/p>\n<p>Il canalisait dans la course l\u2019envie de prouver au monde et \u00e0 lui-m\u00eame qu\u2019il \u00e9tait capable de r\u00e9aliser des choses hors commun. Dans les ann\u00e9es 1920, Paavo Nurmi remporta aux trois Jeux Olympiques diff\u00e9rents au total neuf m\u00e9dailles d\u2019or et trois d\u2019argent.<\/p>\n<p>[\/et_pb_cta][\/et_pb_column][\/et_pb_row][\/et_pb_section][et_pb_section fb_built=\u00a0\u00bb1&Prime; admin_label=\u00a0\u00bbcontent&#8211;section\u00a0\u00bb module_class=\u00a0\u00bbcontent&#8211;section\u00a0\u00bb _builder_version=\u00a0\u00bb4.23.1&Prime; _module_preset=\u00a0\u00bbdefault\u00a0\u00bb global_colors_info=\u00a0\u00bb{}\u00a0\u00bb][et_pb_row admin_label=\u00a0\u00bbcontent&#8211;row\u00a0\u00bb module_class=\u00a0\u00bbcontent&#8211;row\u00a0\u00bb _builder_version=\u00a0\u00bb4.17.4&Prime; _module_preset=\u00a0\u00bbdefault\u00a0\u00bb background_size=\u00a0\u00bbinitial\u00a0\u00bb background_position=\u00a0\u00bbtop_left\u00a0\u00bb background_repeat=\u00a0\u00bbrepeat\u00a0\u00bb custom_width_px=\u00a0\u00bb710px\u00a0\u00bb global_colors_info=\u00a0\u00bb{}\u00a0\u00bb][et_pb_column type=\u00a0\u00bb4_4&Prime; _builder_version=\u00a0\u00bb4.16&Prime; _module_preset=\u00a0\u00bbdefault\u00a0\u00bb background_position=\u00a0\u00bbtop_left\u00a0\u00bb custom_padding=\u00a0\u00bb|||\u00a0\u00bb global_colors_info=\u00a0\u00bb{}\u00a0\u00bb custom_padding__hover=\u00a0\u00bb|||\u00a0\u00bb][et_pb_text admin_label=\u00a0\u00bbtitle text&#8211;750&Prime; module_class=\u00a0\u00bbtext&#8211;750 thin&#8211;heading text-center\u00a0\u00bb _builder_version=\u00a0\u00bb4.23.1&Prime; _module_preset=\u00a0\u00bbdefault\u00a0\u00bb module_alignment=\u00a0\u00bbcenter\u00a0\u00bb animation_direction=\u00a0\u00bbbottom\u00a0\u00bb global_colors_info=\u00a0\u00bb{}\u00a0\u00bb]<\/p>\n<h2>\u00ab\u00a0<\/h2>\n<p>[\/et_pb_text][et_pb_text admin_label=\u00a0\u00bbtitle text&#8211;750&Prime; module_class=\u00a0\u00bbtext&#8211;750 thin&#8211;heading text-center quote\u00a0\u00bb _builder_version=\u00a0\u00bb4.23.1&Prime; _module_preset=\u00a0\u00bbdefault\u00a0\u00bb module_alignment=\u00a0\u00bbcenter\u00a0\u00bb animation_direction=\u00a0\u00bbbottom\u00a0\u00bb global_colors_info=\u00a0\u00bb{}\u00a0\u00bb]<strong>\u00ab Il y avait en lui quelque chose d\u2019inhumain, de s\u00e9v\u00e8re et m\u00eame de cruel mais c\u2019est par ces moyens et une volont\u00e9 de fer qu\u2019il a conquit le monde \u00bb<\/strong>[\/et_pb_text][et_pb_text admin_label=\u00a0\u00bbtext&#8211;750&Prime; module_class=\u00a0\u00bbtext&#8211;750 text-center\u00a0\u00bb _builder_version=\u00a0\u00bb4.23.1&Prime; _module_preset=\u00a0\u00bbdefault\u00a0\u00bb background_size=\u00a0\u00bbinitial\u00a0\u00bb background_position=\u00a0\u00bbtop_left\u00a0\u00bb background_repeat=\u00a0\u00bbrepeat\u00a0\u00bb module_alignment=\u00a0\u00bbcenter\u00a0\u00bb animation_direction=\u00a0\u00bbbottom\u00a0\u00bb global_colors_info=\u00a0\u00bb{}\u00a0\u00bb]<em>Martti Jukola, un c\u00e9l\u00e8bre journaliste sportif finlandais de l&rsquo;\u00e9poque (Huippu-urheilun historia, 1935)<br \/>\n<\/em>[\/et_pb_text][\/et_pb_column][\/et_pb_row][\/et_pb_section]<\/p>\n","protected":false},"excerpt":{"rendered":"<p>Le Finlandais Volant \u2013 une vie en 60 minutesPaavo Nurmi fut le plus grand coureur du monde de tous les temps. On l\u2019appelait le \u00ab Roi des coureurs \u00bb et le \u00ab Finlandais volant \u00bb. A son \u00e9poque, ce coureur de fond connu partout dans le monde \u00e9tait aussi une source de fiert\u00e9 nationale pour [&hellip;]<\/p>\n","protected":false},"author":1,"featured_media":0,"parent":0,"menu_order":0,"comment_status":"closed","ping_status":"closed","template":"","meta":{"_et_pb_use_builder":"on","_et_pb_old_content":"[et_pb_section fb_built=\"1\" fullwidth=\"on\" admin_label=\"Page Header\" module_class=\"hero--section\" _builder_version=\"4.23.1\" _module_preset=\"default\" background_image=\"\/wp-content\/uploads\/2023\/10\/Helsinki-1952.jpg\" global_colors_info=\"{}\"][et_pb_fullwidth_header title=\"Paavo Nurmi\" text_orientation=\"center\" header_fullscreen=\"on\" header_scroll_down=\"on\" scroll_down_icon=\"%%0%%\" scroll_down_icon_size=\"48px\" button_one_text=\"El\u00e4m\u00e4kerta\" button_one_url=\"\/elamakerta\/\" admin_label=\"Hero Section\" module_class=\"fw--header\" _builder_version=\"4.23.1\" _module_preset=\"default\" background_enable_color=\"off\" custom_button_one=\"on\" custom_button_two=\"on\" module_alignment=\"left\" hover_enabled=\"0\" button_one_text_color_hover=\"#6eba01\" button_two_text_color_hover=\"#6eba01\" button_one_border_color_hover=\"#ffffff\" button_two_border_color_hover=\"#ffffff\" button_one_border_radius_hover=\"0\" button_two_border_radius_hover=\"0\" button_one_letter_spacing_hover=\"2\" button_two_letter_spacing_hover=\"2\" button_one_bg_color_hover=\"#ffffff\" button_two_bg_color_hover=\"#ffffff\" global_colors_info=\"{}\" sticky_enabled=\"0\"]<p>13.6.1897 \u2013 2.10.1973<\/p>[\/et_pb_fullwidth_header][\/et_pb_section][et_pb_section fb_built=\"1\" admin_label=\"content--section no--padding\" module_class=\"content--section small--padding--top no--padding--bottom \" _builder_version=\"4.23.1\" _module_preset=\"default\" animation_direction=\"bottom\" global_colors_info=\"{}\"][et_pb_row column_structure=\"1_2,1_2\" use_custom_gutter=\"on\" gutter_width=\"1\" make_equal=\"on\" admin_label=\"content--row fullwidth--row no--padding\" module_class=\"content--row fullwidth--row no--padding\" _builder_version=\"4.23\" _module_preset=\"default\" background_size=\"initial\" background_position=\"top_left\" background_repeat=\"repeat\" width_tablet=\"100%\" width_phone=\"100%\" width_last_edited=\"off|desktop\" max_width_tablet=\"100%\" max_width_phone=\"100%\" max_width_last_edited=\"off|desktop\" make_fullwidth=\"on\" global_colors_info=\"{}\"][et_pb_column type=\"1_2\" _builder_version=\"4.23\" _module_preset=\"default\" background_image=\"https:\/\/paavonurmi.fi\/wp-content\/uploads\/2023\/10\/Paavo-Nurmi-1924.jpg\" background_position=\"top_left\" custom_padding=\"|||\" global_colors_info=\"{}\" custom_padding__hover=\"|||\"][\/et_pb_column][et_pb_column type=\"1_2\" module_class=\"fullwidth--column--grid--padding bg--quartiary\" admin_label=\"fullwidth--column--grid--padding\" _builder_version=\"4.23\" _module_preset=\"default\" background_enable_color=\"off\" background_position=\"top_left\" global_colors_info=\"{}\" custom_padding__hover=\"|||\"][et_pb_divider divider_weight=\"3px\" disabled_on=\"off|off|off\" module_class=\"custom--divider primary\" _builder_version=\"4.23.1\" _module_preset=\"default\" background_color_gradient_direction=\"90deg\" max_width=\"100px\" module_alignment=\"left\" height=\"5px\" custom_margin=\"||20px|\" custom_padding=\"||20px|\" animation_direction=\"bottom\" module_alignment_tablet=\"center\" module_alignment_phone=\"center\" module_alignment_last_edited=\"on|tablet\" saved_tabs=\"all\" locked=\"off\" global_colors_info=\"{}\"][\/et_pb_divider][et_pb_cta button_url=\"\/olympic-games\/\" button_text=\"Olympialaiset\" admin_label=\"text--450\" module_class=\"text--450\" _builder_version=\"4.23.1\" _module_preset=\"default\" use_background_color=\"off\" custom_button=\"on\" text_orientation=\"left\" module_alignment=\"left\" custom_margin=\"|||\" custom_padding=\"|||\" animation_direction=\"bottom\" hover_enabled=\"0\" text_orientation_tablet=\"center\" text_orientation_phone=\"center\" text_orientation_last_edited=\"on|tablet\" button_text_color_hover=\"#6eba01\" button_border_color_hover=\"#6eba01\" button_border_radius_hover=\"0\" button_letter_spacing_hover=\"2\" button_bg_color_hover=\"rgba(0,0,0,0)\" saved_tabs=\"all\" locked=\"off\" global_colors_info=\"{}\" button_one_text_size__hover_enabled=\"off\" button_two_text_size__hover_enabled=\"off\" button_one_text_color__hover_enabled=\"off\" button_two_text_color__hover_enabled=\"off\" button_one_border_width__hover_enabled=\"off\" button_two_border_width__hover_enabled=\"off\" button_one_border_color__hover_enabled=\"off\" button_two_border_color__hover_enabled=\"off\" button_one_border_radius__hover_enabled=\"off\" button_two_border_radius__hover_enabled=\"off\" button_one_letter_spacing__hover_enabled=\"off\" button_two_letter_spacing__hover_enabled=\"off\" button_one_bg_color__hover_enabled=\"off\" button_two_bg_color__hover_enabled=\"off\" sticky_enabled=\"0\"]<p><strong>Paavo Nurmi<\/strong> oli maailman kaikkien aikojen suurin juoksija. H\u00e4n oli \u201cJuoksijoiden kuningas\u201d ja \u201cLent\u00e4v\u00e4 suomalainen\u201d. Kaikkialla maailmassa tunnettu juoksija oli aikanaan keskeinen osa suomalaista itsetuntoa. Nurmea vei eteenp\u00e4in rakkaus juoksemiseen.<\/p>\r\n\r\n<p>Juoksuun kanavoitui halu olla jotakin sek\u00e4 tarve n\u00e4ytt\u00e4\u00e4 itselle ja muille. Paavo Nurmi saavutti kolmissa olympiakisoissa 1920-luvulla yhteens\u00e4 yhdeks\u00e4n kulta- ja kolme hopeamitalia.<\/p>[\/et_pb_cta][\/et_pb_column][\/et_pb_row][\/et_pb_section][et_pb_section fb_built=\"1\" admin_label=\"content--section\" module_class=\"content--section\" _builder_version=\"4.23.1\" _module_preset=\"default\" global_colors_info=\"{}\"][et_pb_row admin_label=\"content--row\" module_class=\"content--row\" _builder_version=\"4.17.4\" _module_preset=\"default\" background_size=\"initial\" background_position=\"top_left\" background_repeat=\"repeat\" custom_width_px=\"710px\" global_colors_info=\"{}\"][et_pb_column type=\"4_4\" _builder_version=\"4.16\" _module_preset=\"default\" background_position=\"top_left\" custom_padding=\"|||\" global_colors_info=\"{}\" custom_padding__hover=\"|||\"][et_pb_text admin_label=\"title text--750\" module_class=\"text--750 thin--heading text-center\" _builder_version=\"4.23.1\" _module_preset=\"default\" module_alignment=\"center\" animation_direction=\"bottom\" global_colors_info=\"{}\"]<h2>\"<\/h2>[\/et_pb_text][et_pb_text admin_label=\"title text--750\" module_class=\"text--750 thin--heading text-center quote\" _builder_version=\"4.23.1\" _module_preset=\"default\" module_alignment=\"center\" animation_direction=\"bottom\" global_colors_info=\"{}\"]<strong>H\u00e4ness\u00e4 oli jotakin ep\u00e4inhimillisen karua ja julmaa, mutta h\u00e4n valloitti maailman kirkkain asein: tahdollaan, jossa oli yliluonnollista voimaa<\/strong>[\/et_pb_text][et_pb_text admin_label=\"text--750\" module_class=\"text--750 text-center\" _builder_version=\"4.23.1\" _module_preset=\"default\" background_size=\"initial\" background_position=\"top_left\" background_repeat=\"repeat\" module_alignment=\"center\" animation_direction=\"bottom\" global_colors_info=\"{}\"]<em>Martti Jukola (Huippu-urheilun historia, 1935)<\/em>[\/et_pb_text][\/et_pb_column][\/et_pb_row][\/et_pb_section]","_et_gb_content_width":"","footnotes":""},"class_list":["post-975","page","type-page","status-publish","hentry"],"yoast_head":"<!-- This site is optimized with the Yoast SEO plugin v22.3 - https:\/\/yoast.com\/wordpress\/plugins\/seo\/ -->\n<title>Paavo Nurmi THE FLYING FINN - Paavo Nurmi THE FLYING FINN<\/title>\n<meta name=\"robots\" content=\"index, follow, max-snippet:-1, max-image-preview:large, max-video-preview:-1\" \/>\n<link rel=\"canonical\" href=\"https:\/\/paavonurmi.fi\/fr\/\" \/>\n<meta property=\"og:locale\" content=\"fr_FR\" \/>\n<meta property=\"og:type\" content=\"article\" \/>\n<meta property=\"og:title\" content=\"Paavo Nurmi THE FLYING FINN - Paavo Nurmi THE FLYING FINN\" \/>\n<meta property=\"og:description\" content=\"Le Finlandais Volant \u2013 une vie en 60 minutesPaavo Nurmi fut le plus grand coureur du monde de tous les temps. On l\u2019appelait le \u00ab Roi des coureurs \u00bb et le \u00ab Finlandais volant \u00bb. A son \u00e9poque, ce coureur de fond connu partout dans le monde \u00e9tait aussi une source de fiert\u00e9 nationale pour [&hellip;]\" \/>\n<meta property=\"og:url\" content=\"https:\/\/paavonurmi.fi\/fr\/\" \/>\n<meta property=\"og:site_name\" content=\"Paavo Nurmi THE FLYING FINN\" \/>\n<meta property=\"article:modified_time\" content=\"2024-04-30T10:25:05+00:00\" \/>\n<meta name=\"twitter:card\" content=\"summary_large_image\" \/>\n<meta name=\"twitter:label1\" content=\"Dur\u00e9e de lecture estim\u00e9e\" \/>\n\t<meta name=\"twitter:data1\" content=\"2 minutes\" \/>\n<script type=\"application\/ld+json\" class=\"yoast-schema-graph\">{\"@context\":\"https:\/\/schema.org\",\"@graph\":[{\"@type\":\"WebPage\",\"@id\":\"https:\/\/paavonurmi.fi\/fr\/\",\"url\":\"https:\/\/paavonurmi.fi\/fr\/\",\"name\":\"Paavo Nurmi THE FLYING FINN - Paavo Nurmi THE FLYING FINN\",\"isPartOf\":{\"@id\":\"https:\/\/paavonurmi.fi\/#website\"},\"datePublished\":\"2023-10-23T09:00:26+00:00\",\"dateModified\":\"2024-04-30T10:25:05+00:00\",\"breadcrumb\":{\"@id\":\"https:\/\/paavonurmi.fi\/fr\/#breadcrumb\"},\"inLanguage\":\"fr-FR\",\"potentialAction\":[{\"@type\":\"ReadAction\",\"target\":[\"https:\/\/paavonurmi.fi\/fr\/\"]}]},{\"@type\":\"BreadcrumbList\",\"@id\":\"https:\/\/paavonurmi.fi\/fr\/#breadcrumb\",\"itemListElement\":[{\"@type\":\"ListItem\",\"position\":1,\"name\":\"Home\",\"item\":\"https:\/\/paavonurmi.fi\/fr\/\"},{\"@type\":\"ListItem\",\"position\":2,\"name\":\"Paavo Nurmi THE FLYING FINN\"}]},{\"@type\":\"WebSite\",\"@id\":\"https:\/\/paavonurmi.fi\/#website\",\"url\":\"https:\/\/paavonurmi.fi\/\",\"name\":\"Paavo Nurmi THE FLYING FINN\",\"description\":\"Paavo Nurmi THE FLYING FINN\",\"potentialAction\":[{\"@type\":\"SearchAction\",\"target\":{\"@type\":\"EntryPoint\",\"urlTemplate\":\"https:\/\/paavonurmi.fi\/?s={search_term_string}\"},\"query-input\":\"required name=search_term_string\"}],\"inLanguage\":\"fr-FR\"}]}<\/script>\n<!-- \/ Yoast SEO plugin. -->","yoast_head_json":{"title":"Paavo Nurmi THE FLYING FINN - Paavo Nurmi THE FLYING FINN","robots":{"index":"index","follow":"follow","max-snippet":"max-snippet:-1","max-image-preview":"max-image-preview:large","max-video-preview":"max-video-preview:-1"},"canonical":"https:\/\/paavonurmi.fi\/fr\/","og_locale":"fr_FR","og_type":"article","og_title":"Paavo Nurmi THE FLYING FINN - Paavo Nurmi THE FLYING FINN","og_description":"Le Finlandais Volant \u2013 une vie en 60 minutesPaavo Nurmi fut le plus grand coureur du monde de tous les temps. On l\u2019appelait le \u00ab Roi des coureurs \u00bb et le \u00ab Finlandais volant \u00bb. A son \u00e9poque, ce coureur de fond connu partout dans le monde \u00e9tait aussi une source de fiert\u00e9 nationale pour [&hellip;]","og_url":"https:\/\/paavonurmi.fi\/fr\/","og_site_name":"Paavo Nurmi THE FLYING FINN","article_modified_time":"2024-04-30T10:25:05+00:00","twitter_card":"summary_large_image","twitter_misc":{"Dur\u00e9e de lecture estim\u00e9e":"2 minutes"},"schema":{"@context":"https:\/\/schema.org","@graph":[{"@type":"WebPage","@id":"https:\/\/paavonurmi.fi\/fr\/","url":"https:\/\/paavonurmi.fi\/fr\/","name":"Paavo Nurmi THE FLYING FINN - Paavo Nurmi THE FLYING FINN","isPartOf":{"@id":"https:\/\/paavonurmi.fi\/#website"},"datePublished":"2023-10-23T09:00:26+00:00","dateModified":"2024-04-30T10:25:05+00:00","breadcrumb":{"@id":"https:\/\/paavonurmi.fi\/fr\/#breadcrumb"},"inLanguage":"fr-FR","potentialAction":[{"@type":"ReadAction","target":["https:\/\/paavonurmi.fi\/fr\/"]}]},{"@type":"BreadcrumbList","@id":"https:\/\/paavonurmi.fi\/fr\/#breadcrumb","itemListElement":[{"@type":"ListItem","position":1,"name":"Home","item":"https:\/\/paavonurmi.fi\/fr\/"},{"@type":"ListItem","position":2,"name":"Paavo Nurmi THE FLYING FINN"}]},{"@type":"WebSite","@id":"https:\/\/paavonurmi.fi\/#website","url":"https:\/\/paavonurmi.fi\/","name":"Paavo Nurmi THE FLYING FINN","description":"Paavo Nurmi THE FLYING FINN","potentialAction":[{"@type":"SearchAction","target":{"@type":"EntryPoint","urlTemplate":"https:\/\/paavonurmi.fi\/?s={search_term_string}"},"query-input":"required name=search_term_string"}],"inLanguage":"fr-FR"}]}},"_links":{"self":[{"href":"https:\/\/paavonurmi.fi\/fr\/wp-json\/wp\/v2\/pages\/975","targetHints":{"allow":["GET"]}}],"collection":[{"href":"https:\/\/paavonurmi.fi\/fr\/wp-json\/wp\/v2\/pages"}],"about":[{"href":"https:\/\/paavonurmi.fi\/fr\/wp-json\/wp\/v2\/types\/page"}],"author":[{"embeddable":true,"href":"https:\/\/paavonurmi.fi\/fr\/wp-json\/wp\/v2\/users\/1"}],"replies":[{"embeddable":true,"href":"https:\/\/paavonurmi.fi\/fr\/wp-json\/wp\/v2\/comments?post=975"}],"version-history":[{"count":4,"href":"https:\/\/paavonurmi.fi\/fr\/wp-json\/wp\/v2\/pages\/975\/revisions"}],"predecessor-version":[{"id":1824,"href":"https:\/\/paavonurmi.fi\/fr\/wp-json\/wp\/v2\/pages\/975\/revisions\/1824"}],"wp:attachment":[{"href":"https:\/\/paavonurmi.fi\/fr\/wp-json\/wp\/v2\/media?parent=975"}],"curies":[{"name":"wp","href":"https:\/\/api.w.org\/{rel}","templated":true}]}}