{"id":1035,"date":"2023-10-23T12:00:26","date_gmt":"2023-10-23T09:00:26","guid":{"rendered":"https:\/\/paavonurmi.fi\/paavo-nurmi-the-flying-finn\/"},"modified":"2023-11-29T08:54:15","modified_gmt":"2023-11-29T06:54:15","slug":"paavo-nurmi-the-flying-finn","status":"publish","type":"page","link":"https:\/\/paavonurmi.fi\/ja\/","title":{"rendered":"Paavo Nurmi THE FLYING FINN"},"content":{"rendered":"<p>[et_pb_section fb_built=&#8221;1&#8243; fullwidth=&#8221;on&#8221; admin_label=&#8221;Page Header&#8221; module_class=&#8221;hero&#8211;section&#8221; _builder_version=&#8221;4.23.1&#8243; _module_preset=&#8221;default&#8221; background_image=&#8221;\/wp-content\/uploads\/2023\/11\/PN_Paris_cover.jpg&#8221; hover_enabled=&#8221;0&#8243; global_colors_info=&#8221;{}&#8221; sticky_enabled=&#8221;0&#8243;][et_pb_fullwidth_header title=&#8221;\u30d1\u30fc\u30f4\u30a9\u30fb\u30cc\u30eb\u30df&#8221; text_orientation=&#8221;center&#8221; header_fullscreen=&#8221;on&#8221; header_scroll_down=&#8221;on&#8221; scroll_down_icon=&#8221;%%0%%&#8221; scroll_down_icon_size=&#8221;48px&#8221; button_one_text=&#8221;\u30d1\u30fc\u30f4\u30a9\u30fb\u30cc\u30eb\u30df\u306e\u751f\u6daf&#8221; button_one_url=&#8221;\/ja\/life-story\/&#8221; admin_label=&#8221;Hero Section&#8221; module_class=&#8221;fw&#8211;header landing&#8221; _builder_version=&#8221;4.23.1&#8243; _module_preset=&#8221;default&#8221; background_enable_color=&#8221;off&#8221; custom_button_one=&#8221;on&#8221; custom_button_two=&#8221;on&#8221; module_alignment=&#8221;left&#8221; hover_enabled=&#8221;0&#8243; button_one_text_color_hover=&#8221;#6eba01&#8243; button_two_text_color_hover=&#8221;#6eba01&#8243; button_one_border_color_hover=&#8221;#ffffff&#8221; button_two_border_color_hover=&#8221;#ffffff&#8221; button_one_border_radius_hover=&#8221;0&#8243; button_two_border_radius_hover=&#8221;0&#8243; button_one_letter_spacing_hover=&#8221;2&#8243; button_two_letter_spacing_hover=&#8221;2&#8243; button_one_bg_color_hover=&#8221;#ffffff&#8221; button_two_bg_color_hover=&#8221;#ffffff&#8221; global_colors_info=&#8221;{}&#8221; sticky_enabled=&#8221;0&#8243;]<\/p>\n<p>1897.6.13 -1973.10.2 <\/p>\n<p>[\/et_pb_fullwidth_header][\/et_pb_section][et_pb_section fb_built=&#8221;1&#8243; admin_label=&#8221;content&#8211;section no&#8211;padding&#8221; module_class=&#8221;content&#8211;section small&#8211;padding&#8211;top no&#8211;padding&#8211;bottom &#8221; _builder_version=&#8221;4.23.1&#8243; _module_preset=&#8221;default&#8221; animation_direction=&#8221;bottom&#8221; global_colors_info=&#8221;{}&#8221;][et_pb_row column_structure=&#8221;1_2,1_2&#8243; use_custom_gutter=&#8221;on&#8221; gutter_width=&#8221;1&#8243; make_equal=&#8221;on&#8221; admin_label=&#8221;content&#8211;row fullwidth&#8211;row no&#8211;padding&#8221; module_class=&#8221;content&#8211;row fullwidth&#8211;row no&#8211;padding&#8221; _builder_version=&#8221;4.23&#8243; _module_preset=&#8221;default&#8221; background_size=&#8221;initial&#8221; background_position=&#8221;top_left&#8221; background_repeat=&#8221;repeat&#8221; width_tablet=&#8221;100%&#8221; width_phone=&#8221;100%&#8221; width_last_edited=&#8221;off|desktop&#8221; max_width_tablet=&#8221;100%&#8221; max_width_phone=&#8221;100%&#8221; max_width_last_edited=&#8221;off|desktop&#8221; make_fullwidth=&#8221;on&#8221; global_colors_info=&#8221;{}&#8221;][et_pb_column type=&#8221;1_2&#8243; _builder_version=&#8221;4.23&#8243; _module_preset=&#8221;default&#8221; background_image=&#8221;https:\/\/paavonurmi.fi\/wp-content\/uploads\/2023\/10\/Paavo-Nurmi-1924.jpg&#8221; background_position=&#8221;top_left&#8221; custom_padding=&#8221;|||&#8221; global_colors_info=&#8221;{}&#8221; custom_padding__hover=&#8221;|||&#8221;][\/et_pb_column][et_pb_column type=&#8221;1_2&#8243; module_class=&#8221;fullwidth&#8211;column&#8211;grid&#8211;padding bg&#8211;quartiary&#8221; admin_label=&#8221;fullwidth&#8211;column&#8211;grid&#8211;padding&#8221; _builder_version=&#8221;4.23&#8243; _module_preset=&#8221;default&#8221; background_enable_color=&#8221;off&#8221; background_position=&#8221;top_left&#8221; global_colors_info=&#8221;{}&#8221; custom_padding__hover=&#8221;|||&#8221;][et_pb_divider divider_weight=&#8221;3px&#8221; disabled_on=&#8221;off|off|off&#8221; module_class=&#8221;custom&#8211;divider primary&#8221; _builder_version=&#8221;4.23.1&#8243; _module_preset=&#8221;default&#8221; background_color_gradient_direction=&#8221;90deg&#8221; max_width=&#8221;100px&#8221; module_alignment=&#8221;left&#8221; height=&#8221;5px&#8221; custom_margin=&#8221;||20px|&#8221; custom_padding=&#8221;||20px|&#8221; animation_direction=&#8221;bottom&#8221; module_alignment_tablet=&#8221;center&#8221; module_alignment_phone=&#8221;center&#8221; module_alignment_last_edited=&#8221;on|tablet&#8221; saved_tabs=&#8221;all&#8221; locked=&#8221;off&#8221; global_colors_info=&#8221;{}&#8221;][\/et_pb_divider][et_pb_cta button_url=&#8221;\/ja\/olympic-games\/&#8221; button_text=&#8221;\u30aa\u30ea\u30f3\u30d4\u30c3\u30af&#8221; admin_label=&#8221;text&#8211;450&#8243; module_class=&#8221;text&#8211;450&#8243; _builder_version=&#8221;4.23.1&#8243; _module_preset=&#8221;default&#8221; use_background_color=&#8221;off&#8221; custom_button=&#8221;on&#8221; text_orientation=&#8221;left&#8221; module_alignment=&#8221;left&#8221; custom_margin=&#8221;|||&#8221; custom_padding=&#8221;|||&#8221; animation_direction=&#8221;bottom&#8221; text_orientation_tablet=&#8221;center&#8221; text_orientation_phone=&#8221;center&#8221; text_orientation_last_edited=&#8221;on|tablet&#8221; button_text_color_hover=&#8221;#6eba01&#8243; button_border_color_hover=&#8221;#6eba01&#8243; button_border_radius_hover=&#8221;0&#8243; button_letter_spacing_hover=&#8221;2&#8243; button_bg_color_hover=&#8221;rgba(0,0,0,0)&#8221; saved_tabs=&#8221;all&#8221; locked=&#8221;off&#8221; global_colors_info=&#8221;{}&#8221; button_one_text_size__hover_enabled=&#8221;off&#8221; button_two_text_size__hover_enabled=&#8221;off&#8221; button_one_text_color__hover_enabled=&#8221;off&#8221; button_two_text_color__hover_enabled=&#8221;off&#8221; button_one_border_width__hover_enabled=&#8221;off&#8221; button_two_border_width__hover_enabled=&#8221;off&#8221; button_one_border_color__hover_enabled=&#8221;off&#8221; button_two_border_color__hover_enabled=&#8221;off&#8221; button_one_border_radius__hover_enabled=&#8221;off&#8221; button_two_border_radius__hover_enabled=&#8221;off&#8221; button_one_letter_spacing__hover_enabled=&#8221;off&#8221; button_two_letter_spacing__hover_enabled=&#8221;off&#8221; button_one_bg_color__hover_enabled=&#8221;off&#8221; button_two_bg_color__hover_enabled=&#8221;off&#8221;]<\/p>\n<p>\u30d1\u30fc\u30f4\u30a9\u30fb\u30cc\u30eb\u30df\u306f\u3001\u53f2\u4e0a\u6bd4\u985e\u306e\u306a\u3044\u5049\u5927\u306a\u30e9\u30f3\u30ca\u30fc\u3067\u3057\u305f\u3002\u300e\u8d70\u8005\u306e\u4e2d\u306e\u738b\u300f\u3001\u300e\u30d5\u30e9\u30a4\u30f3\u30b0\u30fb\u30d5\u30a3\u30f3\uff08\u76f4\u8a33\uff1a\u7a7a\u98db\u3076\u30d5\u30a3\u30f3\u30e9\u30f3\u30c9\u4eba\uff09\u300f\u3068\u3057\u3066\u4e16\u754c\u306b\u305d\u306e\u540d\u3092\u77e5\u3089\u308c\u305f\u5f7c\u306f\u3001\u307e\u305f\u3001\u30d5\u30a3\u30f3\u30e9\u30f3\u30c9\u4eba\u304c\u8a87\u308a\u3068\u3059\u308b\u56fd\u6c11\u7684\u82f1\u96c4\u3067\u3082\u3042\u308a\u307e\u3059\u3002\u30cc\u30eb\u30df\u306e\u9a5a\u304f\u3079\u304d\u696d\u7e3e\u306e\u6839\u5e95\u306b\u306f\u8d70\u308b\u3053\u3068\u3078\u306e\u60c5\u71b1\u3068\u3001\u5f37\u3044\u91ce\u5fc3\u304c\u3042\u308a\u307e\u3057\u305f\u3002\u30d5\u30a3\u30f3\u30e9\u30f3\u30c9\u306e\u8457\u540d\u306a\u30b9\u30dd\u30fc\u30c4\u8a18\u8005\u3067\u3042\u308b\u30de\u30eb\u30c3\u30c6\u30a3\u30fb\u30e6\u30b3\u30e9\u306f1935\u5e74\u306b\u305d\u306e\u8457\u66f8\u306e\u4e2d\u3067\u6b21\u306e\u3088\u3046\u306b\u8ff0\u3079\u3066\u3044\u307e\u3059\u3002\u300e\u5f7c\u306b\u306f\u3069\u3053\u304b\u5e38\u4eba\u96e2\u308c\u3057\u305f\u5cfb\u70c8\u3055\u304c\u3042\u3063\u305f\u3002\u3057\u304b\u3057\u3001\u305d\u3093\u306a\u5f7c\u3060\u304b\u3089\u3053\u305d\u3001\u8d85\u4eba\u7684\u306a\u514b\u5df1\u5fc3\u3068\u3044\u3046\u5d07\u9ad8\u306a\u624b\u6bb5\u3092\u3082\u3063\u3066\u4e16\u754c\u3092\u71b1\u72c2\u306e\u6e26\u306b\u5dfb\u304d\u8fbc\u3080\u3053\u3068\u304c\u3067\u304d\u305f\u306e\u3060\u308d\u3046\u3002\u300f\u30d1\u30fc\u30f4\u30a9\u30fb\u30cc\u30eb\u30df\u306f1920\u5e74\u4ee3\u306b3\u3064\u306e\u30aa\u30ea\u30f3\u30d4\u30c3\u30af\u306b\u53c2\u52a0\u3057\u30019\u500b\u306e\u91d1\u30e1\u30c0\u30eb\u30683\u500b\u306e\u9280\u30e1\u30c0\u30eb\u3092\u7372\u5f97\u3057\u3066\u3044\u307e\u3059\u3002<\/p>\n<p>[\/et_pb_cta][\/et_pb_column][\/et_pb_row][\/et_pb_section]<\/p>\n","protected":false},"excerpt":{"rendered":"<p>1897.6.13 -1973.10.2 \u30d1\u30fc\u30f4\u30a9\u30fb\u30cc\u30eb\u30df\u306f\u3001\u53f2\u4e0a\u6bd4\u985e\u306e\u306a\u3044\u5049\u5927\u306a\u30e9\u30f3\u30ca\u30fc\u3067\u3057\u305f\u3002\u300e\u8d70\u8005\u306e\u4e2d\u306e [&hellip;]<\/p>\n","protected":false},"author":1,"featured_media":0,"parent":0,"menu_order":0,"comment_status":"closed","ping_status":"closed","template":"","meta":{"_et_pb_use_builder":"on","_et_pb_old_content":"[et_pb_section fb_built=\"1\" fullwidth=\"on\" admin_label=\"Page Header\" module_class=\"hero--section\" _builder_version=\"4.23.1\" _module_preset=\"default\" background_image=\"\/wp-content\/uploads\/2023\/10\/Helsinki-1952.jpg\" global_colors_info=\"{}\"][et_pb_fullwidth_header title=\"Paavo Nurmi\" text_orientation=\"center\" header_fullscreen=\"on\" header_scroll_down=\"on\" scroll_down_icon=\"%%0%%\" scroll_down_icon_size=\"48px\" button_one_text=\"El\u00e4m\u00e4kerta\" button_one_url=\"\/elamakerta\/\" admin_label=\"Hero Section\" module_class=\"fw--header\" _builder_version=\"4.23.1\" _module_preset=\"default\" background_enable_color=\"off\" custom_button_one=\"on\" custom_button_two=\"on\" module_alignment=\"left\" hover_enabled=\"0\" button_one_text_color_hover=\"#6eba01\" button_two_text_color_hover=\"#6eba01\" button_one_border_color_hover=\"#ffffff\" button_two_border_color_hover=\"#ffffff\" button_one_border_radius_hover=\"0\" button_two_border_radius_hover=\"0\" button_one_letter_spacing_hover=\"2\" button_two_letter_spacing_hover=\"2\" button_one_bg_color_hover=\"#ffffff\" button_two_bg_color_hover=\"#ffffff\" global_colors_info=\"{}\" sticky_enabled=\"0\"]<p>13.6.1897 \u2013 2.10.1973<\/p>[\/et_pb_fullwidth_header][\/et_pb_section][et_pb_section fb_built=\"1\" admin_label=\"content--section no--padding\" module_class=\"content--section small--padding--top no--padding--bottom \" _builder_version=\"4.23.1\" _module_preset=\"default\" animation_direction=\"bottom\" global_colors_info=\"{}\"][et_pb_row column_structure=\"1_2,1_2\" use_custom_gutter=\"on\" gutter_width=\"1\" make_equal=\"on\" admin_label=\"content--row fullwidth--row no--padding\" module_class=\"content--row fullwidth--row no--padding\" _builder_version=\"4.23\" _module_preset=\"default\" background_size=\"initial\" background_position=\"top_left\" background_repeat=\"repeat\" width_tablet=\"100%\" width_phone=\"100%\" width_last_edited=\"off|desktop\" max_width_tablet=\"100%\" max_width_phone=\"100%\" max_width_last_edited=\"off|desktop\" make_fullwidth=\"on\" global_colors_info=\"{}\"][et_pb_column type=\"1_2\" _builder_version=\"4.23\" _module_preset=\"default\" background_image=\"https:\/\/paavonurmi.fi\/wp-content\/uploads\/2023\/10\/Paavo-Nurmi-1924.jpg\" background_position=\"top_left\" custom_padding=\"|||\" global_colors_info=\"{}\" custom_padding__hover=\"|||\"][\/et_pb_column][et_pb_column type=\"1_2\" module_class=\"fullwidth--column--grid--padding bg--quartiary\" admin_label=\"fullwidth--column--grid--padding\" _builder_version=\"4.23\" _module_preset=\"default\" background_enable_color=\"off\" background_position=\"top_left\" global_colors_info=\"{}\" custom_padding__hover=\"|||\"][et_pb_divider divider_weight=\"3px\" disabled_on=\"off|off|off\" module_class=\"custom--divider primary\" _builder_version=\"4.23.1\" _module_preset=\"default\" background_color_gradient_direction=\"90deg\" max_width=\"100px\" module_alignment=\"left\" height=\"5px\" custom_margin=\"||20px|\" custom_padding=\"||20px|\" animation_direction=\"bottom\" module_alignment_tablet=\"center\" module_alignment_phone=\"center\" module_alignment_last_edited=\"on|tablet\" saved_tabs=\"all\" locked=\"off\" global_colors_info=\"{}\"][\/et_pb_divider][et_pb_cta button_url=\"\/olympic-games\/\" button_text=\"Olympialaiset\" admin_label=\"text--450\" module_class=\"text--450\" _builder_version=\"4.23.1\" _module_preset=\"default\" use_background_color=\"off\" custom_button=\"on\" text_orientation=\"left\" module_alignment=\"left\" custom_margin=\"|||\" custom_padding=\"|||\" animation_direction=\"bottom\" hover_enabled=\"0\" text_orientation_tablet=\"center\" text_orientation_phone=\"center\" text_orientation_last_edited=\"on|tablet\" button_text_color_hover=\"#6eba01\" button_border_color_hover=\"#6eba01\" button_border_radius_hover=\"0\" button_letter_spacing_hover=\"2\" button_bg_color_hover=\"rgba(0,0,0,0)\" saved_tabs=\"all\" locked=\"off\" global_colors_info=\"{}\" button_one_text_size__hover_enabled=\"off\" button_two_text_size__hover_enabled=\"off\" button_one_text_color__hover_enabled=\"off\" button_two_text_color__hover_enabled=\"off\" button_one_border_width__hover_enabled=\"off\" button_two_border_width__hover_enabled=\"off\" button_one_border_color__hover_enabled=\"off\" button_two_border_color__hover_enabled=\"off\" button_one_border_radius__hover_enabled=\"off\" button_two_border_radius__hover_enabled=\"off\" button_one_letter_spacing__hover_enabled=\"off\" button_two_letter_spacing__hover_enabled=\"off\" button_one_bg_color__hover_enabled=\"off\" button_two_bg_color__hover_enabled=\"off\" sticky_enabled=\"0\"]<p><strong>Paavo Nurmi<\/strong> oli maailman kaikkien aikojen suurin juoksija. H\u00e4n oli \u201cJuoksijoiden kuningas\u201d ja \u201cLent\u00e4v\u00e4 suomalainen\u201d. Kaikkialla maailmassa tunnettu juoksija oli aikanaan keskeinen osa suomalaista itsetuntoa. Nurmea vei eteenp\u00e4in rakkaus juoksemiseen.<\/p>\r\n\r\n<p>Juoksuun kanavoitui halu olla jotakin sek\u00e4 tarve n\u00e4ytt\u00e4\u00e4 itselle ja muille. Paavo Nurmi saavutti kolmissa olympiakisoissa 1920-luvulla yhteens\u00e4 yhdeks\u00e4n kulta- ja kolme hopeamitalia.<\/p>[\/et_pb_cta][\/et_pb_column][\/et_pb_row][\/et_pb_section][et_pb_section fb_built=\"1\" admin_label=\"content--section\" module_class=\"content--section\" _builder_version=\"4.23.1\" _module_preset=\"default\" global_colors_info=\"{}\"][et_pb_row admin_label=\"content--row\" module_class=\"content--row\" _builder_version=\"4.17.4\" _module_preset=\"default\" background_size=\"initial\" background_position=\"top_left\" background_repeat=\"repeat\" custom_width_px=\"710px\" global_colors_info=\"{}\"][et_pb_column type=\"4_4\" _builder_version=\"4.16\" _module_preset=\"default\" background_position=\"top_left\" custom_padding=\"|||\" global_colors_info=\"{}\" custom_padding__hover=\"|||\"][et_pb_text admin_label=\"title text--750\" module_class=\"text--750 thin--heading text-center\" _builder_version=\"4.23.1\" _module_preset=\"default\" module_alignment=\"center\" animation_direction=\"bottom\" global_colors_info=\"{}\"]<h2>\"<\/h2>[\/et_pb_text][et_pb_text admin_label=\"title text--750\" module_class=\"text--750 thin--heading text-center quote\" _builder_version=\"4.23.1\" _module_preset=\"default\" module_alignment=\"center\" animation_direction=\"bottom\" global_colors_info=\"{}\"]<strong>H\u00e4ness\u00e4 oli jotakin ep\u00e4inhimillisen karua ja julmaa, mutta h\u00e4n valloitti maailman kirkkain asein: tahdollaan, jossa oli yliluonnollista voimaa<\/strong>[\/et_pb_text][et_pb_text admin_label=\"text--750\" module_class=\"text--750 text-center\" _builder_version=\"4.23.1\" _module_preset=\"default\" background_size=\"initial\" background_position=\"top_left\" background_repeat=\"repeat\" module_alignment=\"center\" animation_direction=\"bottom\" global_colors_info=\"{}\"]<em>Martti Jukola (Huippu-urheilun historia, 1935)<\/em>[\/et_pb_text][\/et_pb_column][\/et_pb_row][\/et_pb_section]","_et_gb_content_width":"","footnotes":""},"class_list":["post-1035","page","type-page","status-publish","hentry"],"yoast_head":"<!-- This site is optimized with the Yoast SEO plugin v22.3 - https:\/\/yoast.com\/wordpress\/plugins\/seo\/ -->\n<title>Paavo Nurmi THE FLYING FINN - Paavo Nurmi THE FLYING FINN<\/title>\n<meta name=\"robots\" content=\"index, follow, max-snippet:-1, max-image-preview:large, max-video-preview:-1\" \/>\n<link rel=\"canonical\" href=\"https:\/\/paavonurmi.fi\/ja\/\" \/>\n<meta property=\"og:locale\" content=\"ja_JP\" \/>\n<meta property=\"og:type\" content=\"article\" \/>\n<meta property=\"og:title\" content=\"Paavo Nurmi THE FLYING FINN - Paavo Nurmi THE FLYING FINN\" \/>\n<meta property=\"og:description\" content=\"1897.6.13 -1973.10.2 \u30d1\u30fc\u30f4\u30a9\u30fb\u30cc\u30eb\u30df\u306f\u3001\u53f2\u4e0a\u6bd4\u985e\u306e\u306a\u3044\u5049\u5927\u306a\u30e9\u30f3\u30ca\u30fc\u3067\u3057\u305f\u3002\u300e\u8d70\u8005\u306e\u4e2d\u306e [&hellip;]\" \/>\n<meta property=\"og:url\" content=\"https:\/\/paavonurmi.fi\/ja\/\" \/>\n<meta property=\"og:site_name\" content=\"Paavo Nurmi THE FLYING FINN\" \/>\n<meta property=\"article:modified_time\" content=\"2023-11-29T06:54:15+00:00\" \/>\n<meta name=\"twitter:card\" content=\"summary_large_image\" \/>\n<meta name=\"twitter:label1\" content=\"\u63a8\u5b9a\u8aad\u307f\u53d6\u308a\u6642\u9593\" \/>\n\t<meta name=\"twitter:data1\" content=\"1\u5206\" \/>\n<script type=\"application\/ld+json\" class=\"yoast-schema-graph\">{\"@context\":\"https:\/\/schema.org\",\"@graph\":[{\"@type\":\"WebPage\",\"@id\":\"https:\/\/paavonurmi.fi\/ja\/\",\"url\":\"https:\/\/paavonurmi.fi\/ja\/\",\"name\":\"Paavo Nurmi THE FLYING FINN - Paavo Nurmi THE FLYING FINN\",\"isPartOf\":{\"@id\":\"https:\/\/paavonurmi.fi\/#website\"},\"datePublished\":\"2023-10-23T09:00:26+00:00\",\"dateModified\":\"2023-11-29T06:54:15+00:00\",\"breadcrumb\":{\"@id\":\"https:\/\/paavonurmi.fi\/ja\/#breadcrumb\"},\"inLanguage\":\"ja\",\"potentialAction\":[{\"@type\":\"ReadAction\",\"target\":[\"https:\/\/paavonurmi.fi\/ja\/\"]}]},{\"@type\":\"BreadcrumbList\",\"@id\":\"https:\/\/paavonurmi.fi\/ja\/#breadcrumb\",\"itemListElement\":[{\"@type\":\"ListItem\",\"position\":1,\"name\":\"Home\",\"item\":\"https:\/\/paavonurmi.fi\/ja\/\"},{\"@type\":\"ListItem\",\"position\":2,\"name\":\"Paavo Nurmi THE FLYING FINN\"}]},{\"@type\":\"WebSite\",\"@id\":\"https:\/\/paavonurmi.fi\/#website\",\"url\":\"https:\/\/paavonurmi.fi\/\",\"name\":\"Paavo Nurmi THE FLYING FINN\",\"description\":\"Paavo Nurmi THE FLYING FINN\",\"potentialAction\":[{\"@type\":\"SearchAction\",\"target\":{\"@type\":\"EntryPoint\",\"urlTemplate\":\"https:\/\/paavonurmi.fi\/?s={search_term_string}\"},\"query-input\":\"required name=search_term_string\"}],\"inLanguage\":\"ja\"}]}<\/script>\n<!-- \/ Yoast SEO plugin. -->","yoast_head_json":{"title":"Paavo Nurmi THE FLYING FINN - Paavo Nurmi THE FLYING FINN","robots":{"index":"index","follow":"follow","max-snippet":"max-snippet:-1","max-image-preview":"max-image-preview:large","max-video-preview":"max-video-preview:-1"},"canonical":"https:\/\/paavonurmi.fi\/ja\/","og_locale":"ja_JP","og_type":"article","og_title":"Paavo Nurmi THE FLYING FINN - Paavo Nurmi THE FLYING FINN","og_description":"1897.6.13 -1973.10.2 \u30d1\u30fc\u30f4\u30a9\u30fb\u30cc\u30eb\u30df\u306f\u3001\u53f2\u4e0a\u6bd4\u985e\u306e\u306a\u3044\u5049\u5927\u306a\u30e9\u30f3\u30ca\u30fc\u3067\u3057\u305f\u3002\u300e\u8d70\u8005\u306e\u4e2d\u306e [&hellip;]","og_url":"https:\/\/paavonurmi.fi\/ja\/","og_site_name":"Paavo Nurmi THE FLYING FINN","article_modified_time":"2023-11-29T06:54:15+00:00","twitter_card":"summary_large_image","twitter_misc":{"\u63a8\u5b9a\u8aad\u307f\u53d6\u308a\u6642\u9593":"1\u5206"},"schema":{"@context":"https:\/\/schema.org","@graph":[{"@type":"WebPage","@id":"https:\/\/paavonurmi.fi\/ja\/","url":"https:\/\/paavonurmi.fi\/ja\/","name":"Paavo Nurmi THE FLYING FINN - Paavo Nurmi THE FLYING FINN","isPartOf":{"@id":"https:\/\/paavonurmi.fi\/#website"},"datePublished":"2023-10-23T09:00:26+00:00","dateModified":"2023-11-29T06:54:15+00:00","breadcrumb":{"@id":"https:\/\/paavonurmi.fi\/ja\/#breadcrumb"},"inLanguage":"ja","potentialAction":[{"@type":"ReadAction","target":["https:\/\/paavonurmi.fi\/ja\/"]}]},{"@type":"BreadcrumbList","@id":"https:\/\/paavonurmi.fi\/ja\/#breadcrumb","itemListElement":[{"@type":"ListItem","position":1,"name":"Home","item":"https:\/\/paavonurmi.fi\/ja\/"},{"@type":"ListItem","position":2,"name":"Paavo Nurmi THE FLYING FINN"}]},{"@type":"WebSite","@id":"https:\/\/paavonurmi.fi\/#website","url":"https:\/\/paavonurmi.fi\/","name":"Paavo Nurmi THE FLYING FINN","description":"Paavo Nurmi THE FLYING FINN","potentialAction":[{"@type":"SearchAction","target":{"@type":"EntryPoint","urlTemplate":"https:\/\/paavonurmi.fi\/?s={search_term_string}"},"query-input":"required name=search_term_string"}],"inLanguage":"ja"}]}},"_links":{"self":[{"href":"https:\/\/paavonurmi.fi\/ja\/wp-json\/wp\/v2\/pages\/1035","targetHints":{"allow":["GET"]}}],"collection":[{"href":"https:\/\/paavonurmi.fi\/ja\/wp-json\/wp\/v2\/pages"}],"about":[{"href":"https:\/\/paavonurmi.fi\/ja\/wp-json\/wp\/v2\/types\/page"}],"author":[{"embeddable":true,"href":"https:\/\/paavonurmi.fi\/ja\/wp-json\/wp\/v2\/users\/1"}],"replies":[{"embeddable":true,"href":"https:\/\/paavonurmi.fi\/ja\/wp-json\/wp\/v2\/comments?post=1035"}],"version-history":[{"count":5,"href":"https:\/\/paavonurmi.fi\/ja\/wp-json\/wp\/v2\/pages\/1035\/revisions"}],"predecessor-version":[{"id":1511,"href":"https:\/\/paavonurmi.fi\/ja\/wp-json\/wp\/v2\/pages\/1035\/revisions\/1511"}],"wp:attachment":[{"href":"https:\/\/paavonurmi.fi\/ja\/wp-json\/wp\/v2\/media?parent=1035"}],"curies":[{"name":"wp","href":"https:\/\/api.w.org\/{rel}","templated":true}]}}