{"id":1107,"date":"2023-10-24T12:38:19","date_gmt":"2023-10-24T09:38:19","guid":{"rendered":"https:\/\/paavonurmi.fi\/bibliography\/"},"modified":"2023-12-21T10:28:48","modified_gmt":"2023-12-21T08:28:48","slug":"bibliography","status":"publish","type":"page","link":"https:\/\/paavonurmi.fi\/ru\/bibliography\/","title":{"rendered":"Bibliography"},"content":{"rendered":"<p>[et_pb_section fb_built=&#187;1&#8243; fullwidth=&#187;on&#187; admin_label=&#187;Page Header&#187; module_class=&#187;hero&#8212;section&#187; _builder_version=&#187;4.23.1&#8243; _module_preset=&#187;default&#187; background_image=&#187;\/wp-content\/uploads\/2023\/12\/Paavo-Nurmi-Terijoki-1928.jpg&#187; hover_enabled=&#187;0&#8243; global_colors_info=&#187;{}&#187; sticky_enabled=&#187;0&#8243;][et_pb_fullwidth_header title=&#187;\u041f\u0410\u0410\u0412\u041e \u041d\u0423\u0420\u041c\u0418 \u2013 \u0411\u0418\u0411\u041b\u0418\u041e\u0413\u0420\u0410\u0424\u0418\u042f&#187; text_orientation=&#187;center&#187; header_fullscreen=&#187;on&#187; button_one_url=&#187;#&#187; button_two_url=&#187;#&#187; admin_label=&#187;Hero Section&#187; module_class=&#187;fw&#8212;header&#187; _builder_version=&#187;4.23.1&#8243; _module_preset=&#187;default&#187; background_enable_color=&#187;off&#187; custom_button_one=&#187;on&#187; custom_button_two=&#187;on&#187; module_alignment=&#187;left&#187; button_one_text_color_hover=&#187;#6eba01&#8243; button_two_text_color_hover=&#187;#6eba01&#8243; button_one_border_color_hover=&#187;#ffffff&#187; button_two_border_color_hover=&#187;#ffffff&#187; button_one_border_radius_hover=&#187;0&#8243; button_two_border_radius_hover=&#187;0&#8243; button_one_letter_spacing_hover=&#187;2&#8243; button_two_letter_spacing_hover=&#187;2&#8243; button_one_bg_color_hover=&#187;#ffffff&#187; button_two_bg_color_hover=&#187;#ffffff&#187; global_colors_info=&#187;{}&#187;][\/et_pb_fullwidth_header][\/et_pb_section][et_pb_section fb_built=&#187;1&#8243; admin_label=&#187;content&#8212;section no&#8212;padding&#187; module_class=&#187;content&#8212;section small&#8212;padding&#8212;top  small&#8212;padding&#8212;bottom&#187; _builder_version=&#187;4.23&#8243; _module_preset=&#187;default&#187; animation_direction=&#187;bottom&#187; global_colors_info=&#187;{}&#187;][et_pb_row column_structure=&#187;2_3,1_3&#8243; use_custom_gutter=&#187;on&#187; gutter_width=&#187;1&#8243; make_equal=&#187;on&#187; admin_label=&#187;content&#8212;row fullwidth&#8212;row no&#8212;padding&#187; module_class=&#187;content&#8212;row fullwidth&#8212;row no&#8212;padding &#187; _builder_version=&#187;4.23&#8243; _module_preset=&#187;default&#187; background_size=&#187;initial&#187; background_position=&#187;top_left&#187; background_repeat=&#187;repeat&#187; width_tablet=&#187;100%&#187; width_phone=&#187;100%&#187; width_last_edited=&#187;off|desktop&#187; max_width_tablet=&#187;100%&#187; max_width_phone=&#187;100%&#187; max_width_last_edited=&#187;off|desktop&#187; make_fullwidth=&#187;on&#187; global_colors_info=&#187;{}&#187;][et_pb_column type=&#187;2_3&#8243; module_class=&#187;special&#8212;content&#8212;column&#187; _builder_version=&#187;4.23&#8243; _module_preset=&#187;default&#187; background_enable_image=&#187;off&#187; background_position=&#187;top_left&#187; custom_padding=&#187;|||&#187; global_colors_info=&#187;{}&#187; custom_padding__hover=&#187;|||&#187;][et_pb_cta button_url=&#187;#&#187; admin_label=&#187;Biliography&#187; module_class=&#187;ela tertiary-bg&#187; _builder_version=&#187;4.23.1&#8243; _module_preset=&#187;default&#187; use_background_color=&#187;off&#187; custom_button=&#187;on&#187; text_orientation=&#187;left&#187; module_alignment=&#187;left&#187; custom_margin=&#187;|||&#187; custom_padding=&#187;|||&#187; animation_direction=&#187;bottom&#187; text_orientation_tablet=&#187;center&#187; text_orientation_phone=&#187;center&#187; text_orientation_last_edited=&#187;on|tablet&#187; button_text_color_hover=&#187;#6eba01&#8243; button_border_color_hover=&#187;#6eba01&#8243; button_border_radius_hover=&#187;0&#8243; button_letter_spacing_hover=&#187;2&#8243; button_bg_color_hover=&#187;rgba(0,0,0,0)&#187; saved_tabs=&#187;all&#187; locked=&#187;off&#187; global_colors_info=&#187;{}&#187; button_one_text_size__hover_enabled=&#187;off&#187; button_two_text_size__hover_enabled=&#187;off&#187; button_one_text_color__hover_enabled=&#187;off&#187; button_two_text_color__hover_enabled=&#187;off&#187; button_one_border_width__hover_enabled=&#187;off&#187; button_two_border_width__hover_enabled=&#187;off&#187; button_one_border_color__hover_enabled=&#187;off&#187; button_two_border_color__hover_enabled=&#187;off&#187; button_one_border_radius__hover_enabled=&#187;off&#187; button_two_border_radius__hover_enabled=&#187;off&#187; button_one_letter_spacing__hover_enabled=&#187;off&#187; button_two_letter_spacing__hover_enabled=&#187;off&#187; button_one_bg_color__hover_enabled=&#187;off&#187; button_two_bg_color__hover_enabled=&#187;off&#187;]<\/p>\n<p>\n<strong>Aunio, Alfred:<\/strong> Muistelmia Paavo Nurmen lapsuusajoilta. Nuori Voima 1931, s. 199-200.<br \/>\n<strong>Eklund, A.:<\/strong> M\u00e4rkliga Paavo Nurmi -hyllningar. Idrottsbladet (Helsingfors) 1925, s. 42.<br \/>\n<strong>Eskola, Aulis:<\/strong> Teknikko Paavo Nurmi. Pulsaattori 2\/1973.<br \/>\n<strong>Grix, E.:<\/strong> Nurmen voittokulku halki Amerikan. Urheilija 1928:4.<br \/>\n<strong>Harris, Joseph: <\/strong>Yksin\u00e4isen miehen taival. Valitut Palat 1974:5.<br \/>\nHe Who Runs Invites Us To Read. Outlook 21.1.1925, p. 89.\n<\/p>\n<p>\n<strong>Halmesvirta, Anssi ja Roiko-Jokela, Heikki (toim.):<\/strong> Se toinen Paavo Nurmi \u2013 ja varjoon j\u00e4\u00e4neet. Suomen Urheiluhistoriallisen seuran vuosikirja 1997. Jyv\u00e4skyl\u00e4 1997.<br \/>\n<strong>H\u00e4ggblom, Stig:<\/strong> Paavo Nurmi, Viljo Heino ja Urho Kekkonen. Sahlgrens 1999.<br \/>\n<strong>Ikola, Niilo:<\/strong> Kuusi polvea Nurmen sukua. Urheilija 1928:7.<br \/>\n<strong>Jermo, Aake:<\/strong> Myytti ja ihminen. Seura 1972:23.<br \/>\n<strong>Jokinen, Aulis:<\/strong> Paavo Nurmen suuruus ilmeni Sortavalassa v. 1924. Teoksessa: Ahjopalo, Toivo, Me urheilijat Laatokan Karjalassa ja Sortavalassa. Helsinki 1966.<br \/>\n<strong>Kaila, Toivo:<\/strong> Paavo Nurmen el\u00e4m\u00e4nstartti. Panu 1925:25, s. 25-27.<br \/>\n<strong>Kaila, Toivo:<\/strong> Paavo Nurmi. Porvoo 1925.<br \/>\n<strong>Karikko Paavo \u2013 Koski, Mauno:<\/strong> Legendary Runner : A Biography of Paavo Nurmi. The Sports Museum Foundation of Finland, 2006.<br \/>\n<strong>Karikko, Paavo \u2013 Koski, Mauno:<\/strong> Paavo Nurmi. Weilin+G\u00f6\u00f6s Helsinki 1965.<br \/>\n<strong>Karikko, Paavo \u2013 Koski, Mauno:<\/strong> Yksin aikaa vastaan : Paavo Nurmen el\u00e4m\u00e4kerta. Weilin+G\u00f6\u00f6s Tapiola 1975.<br \/>\n<strong>Kekkonen, Urho:<\/strong> Totuus Nurmen jutusta ja sen ajamisesta Amerikassa. Helsingin Sanomat 8.9.1932.<br \/>\n<strong>Kolkka, Sulo \u2013 Nygr\u00e9n, Helge:<\/strong> Paavo Nurmi, Lent\u00e4v\u00e4 suomalainen. Helsinki 1974.<br \/>\n<strong>Kujala, Antero:<\/strong> Paavon hevoskuuri. Valmennus &#038; Kunto 6\/1994, s. 24-26.<br \/>\n<strong>Kurjensaari, Matti:<\/strong> Avoin kirje Paavo Nurmelle. Suomen Kuvalehti 1962:46.<br \/>\n<strong>K\u00f6pf, Gerhard:<\/strong> Nurmi oder die Reise zu den Forellen. M\u00fcnchen 1996.<br \/>\n<strong>Lovesey, Peter:<\/strong> Paavo Nurmi. The World Sports 1968:4.<br \/>\n<strong>Lukka, Juhani:<\/strong> Er\u00e4\u00e4n suomalaisen urheilijamyytin synty. Pro gradu -tutkielma, Turun yliopisto 1993.<br \/>\n<strong>Meisl, Willy: <\/strong>Paavo Nurmi \u2013 The man who \u201ckilled\u201d time. World Sports 1948:7.<br \/>\nMit\u00e4 Nurmi kertoo kilpailuista Tukholmassa. Kaleva 1926:158, s. 4.<br \/>\nMit\u00e4 Paavo Nurmi kertoi. Uusi Suomi 1924:166, s. 2.<br \/>\n<strong>Nordqwist, Axel:<\/strong> D\u00e5 Paavo Nurmi intog Amerika. Idrottsbladet (Helsingfors) 1925, s. 21-22.<br \/>\n<strong>Norna, Ada:<\/strong> Paavo Nurmi Berliiniss\u00e4. Suomen Kuvalehti 1926, s. 878-879.<br \/>\nNurmi och Ritola skyllas att vara professionella. Hufvudstadsbladet 1924:198, s. 5.<br \/>\nNurmi urheiluv\u00e4en l\u00e4hent\u00e4j\u00e4n\u00e4. Uusi Suomi 1928:223, s. 10.<br \/>\nNurmi, Who Breaks Both Rules and Records. Literary Digest 7.3.1925, pp. 76-79.<br \/>\n<strong>Ohm, Ehm [Ekkehard zur Megede]:<\/strong> Nur mit Stoppuhr in der Hand. Leichtathletik 1967:51\/52.<br \/>\nPaavo Nurmen patsas. Turun Sanomat 1924:262, s. 1.<br \/>\nPaavo Nurmi Berliiniss\u00e4. Suomen Urheilulehti 1.6.1926.\n<\/p>\n<p>\nPaavo Nurmi \u2013 lent\u00e4v\u00e4 suomalainen. Teoksessa: Urheilu museossa. Suomen Urheilumuseos\u00e4\u00e4ti\u00f6n julkaisuja n:o 37. Otava, Keuruu 2008.<br \/>\n<strong>Parkkonen, Heikki:<\/strong> Paavo Nurmi l\u00e4hes sokea. Viikkosanomat 1971:26.<br \/>\n<strong>Pekola, Tapio:<\/strong> Suuri suomalainen kallo kutistettuna. Juoksija 8\/1988, s. 19.<br \/>\n<strong>Penttil\u00e4, Kyllikki:<\/strong> Paavo Nurmen tohvelit. Kansan Kuvalehti 1931:40, s. 10-11.<br \/>\n<strong>Pihkala, Lauri:<\/strong> Aff\u00e4ren Nurmi. Hufvudstadsbladet 1927:248, s. 9.<br \/>\n<strong>Pihkala, Lauri: <\/strong>Den verklige Nurmi I-VII. Idrottsbladet (Stockholm) 1947, juli.<br \/>\n<strong>Pihkala, Lauri:<\/strong> Nurmi vai Kolehmainen. Suomen Urheilulehti 9.2.1925.<br \/>\n<strong>Pihkala, Lauri:<\/strong> Paavo Nurmi, tekojen ja tarujen tuntematon kuuluisuus 50-vuotias. Suomen Kuvalehti 1947:24.<br \/>\n<strong>Pihkala, Lauri:<\/strong> Vuosisadan juoksija. Urheilijan joulu 1922.<br \/>\n<strong>Raevuori, Antero: <\/strong>Paavo Nurmi, juoksijain kuningas. Porvoo 1988. 2.painos 1997.<br \/>\n<strong>Rice, Grantland:<\/strong> Greatest Runner of Them All. Collier\u2019s 3.1.1925, p. 19.<br \/>\nSaksalainen Nurmi-patsas. Uusi Suomi 1926:155, s. 1.<br \/>\n<strong>von Schrowe, Yrj\u00f6: <\/strong>Tarinaa ja totuutta Paavo Nurmen ulkomaisilta kilpailumatkoilta. Suomen Urheilulehti 1930:113, s. 4-5. 1930:115, s. 2.<br \/>\n<strong>Sievinen, Irja:<\/strong> Nycop on roskakuski, sanoo Paavo Nurmi. Apu 1970:44.<br \/>\n<strong>Silberg, K.P.: <\/strong>The Athletic Finn. Hancock, Michigan 1927.\n<\/p>\n<p>\n<strong>Sj\u00f6blom, Kenth: <\/strong>Paavo ja Los Angeles. Amat\u00f6\u00f6rikysymyksen siet\u00e4m\u00e4t\u00f6n sekavuus. Teoksessa Soihdunkantajat, tositarinoita kes\u00e4olympiakisoista. Suomen Urheilumuseos\u00e4\u00e4ti\u00f6n julkaisuja n:o 30. Gummerus, Jyv\u00e4skyl\u00e4 2004.\n<\/p>\n<p>\n<strong>Teronen, Arto:<\/strong> Juoksijalegendan poika Matti Nurmi: \u201dIs\u00e4 eli jalat polviaan my\u00f6ten maassa\u201d. Urheilulehti 1898-1988 16\/1988, s. 8-13.\n<\/p>\n<p>\n<strong>Teronen Arto \u2013 Vuolle, Jouko:<\/strong> Myytti vai ihminen? Urheilijat maineen poluilla. Kiveen hakatut. Helsinki 2011.<br \/>\n<strong>Tiinus, Aino: <\/strong>Paavo Nurmi kirvulaisten kes\u00e4vieraana. Urheilija 1933:1.<br \/>\nVad som sagts om och av Nurmi. Hufvudstadsbladet 1925:170, s. 7.<br \/>\n<strong>Weinert, August:<\/strong> Nurmis grosses Geheimnis. Berliner Illustrierte Zeitung 6.12.1931.<br \/>\n<strong>Vetten, Horst: <\/strong>Paavo Nurmi voittaja, kansallissankarista marttyyriksi. Uusi maailma 1972:9.<br \/>\n<strong>Virtapohja, Kalle:<\/strong> Paavo Nurmi: dramaattinen sankari. Liikunta &#038; Tiede 1\/1997, s. 14-17.\n<\/p>\n<p>\n<strong>Virtanen, John O.:<\/strong> Paavo Nurmi, King of Runners. Julkaisematon k\u00e4sikirjoitus.\n<\/p>\n<p>[\/et_pb_cta][et_pb_cta title=&#187;\u0421\u0422\u0410\u0422\u042c\u0418, \u041d\u0410\u041f\u0418\u0421\u0410\u041d\u041d\u042b\u0415 \u041f\u0410\u0410\u0412\u041e \u041d\u0423\u0420\u041c\u0418&#187; button_url=&#187;#&#187; admin_label=&#187;\u0421\u0422\u0410\u0422\u042c\u0418, \u041d\u0410\u041f\u0418\u0421\u0410\u041d\u041d\u042b\u0415 \u041f\u0410\u0410\u0412\u041e \u041d\u0423\u0420\u041c\u0418&#187; module_class=&#187;ela &#187; _builder_version=&#187;4.23.1&#8243; _module_preset=&#187;default&#187; use_background_color=&#187;off&#187; custom_button=&#187;on&#187; text_orientation=&#187;left&#187; module_alignment=&#187;left&#187; custom_margin=&#187;|||&#187; custom_padding=&#187;|||&#187; animation_direction=&#187;bottom&#187; text_orientation_tablet=&#187;center&#187; text_orientation_phone=&#187;center&#187; text_orientation_last_edited=&#187;on|tablet&#187; button_text_color_hover=&#187;#6eba01&#8243; button_border_color_hover=&#187;#6eba01&#8243; button_border_radius_hover=&#187;0&#8243; button_letter_spacing_hover=&#187;2&#8243; button_bg_color_hover=&#187;rgba(0,0,0,0)&#187; saved_tabs=&#187;all&#187; locked=&#187;off&#187; global_colors_info=&#187;{}&#187; button_one_text_size__hover_enabled=&#187;off&#187; button_two_text_size__hover_enabled=&#187;off&#187; button_one_text_color__hover_enabled=&#187;off&#187; button_two_text_color__hover_enabled=&#187;off&#187; button_one_border_width__hover_enabled=&#187;off&#187; button_two_border_width__hover_enabled=&#187;off&#187; button_one_border_color__hover_enabled=&#187;off&#187; button_two_border_color__hover_enabled=&#187;off&#187; button_one_border_radius__hover_enabled=&#187;off&#187; button_two_border_radius__hover_enabled=&#187;off&#187; button_one_letter_spacing__hover_enabled=&#187;off&#187; button_two_letter_spacing__hover_enabled=&#187;off&#187; button_one_bg_color__hover_enabled=&#187;off&#187; button_two_bg_color__hover_enabled=&#187;off&#187;]<\/p>\n<p>\n<em>Hajamuistelmia poikavuosieni harjoituksista. Poikien Urheilulehti 1923, s. 94-95.<\/em><br \/>\n<em>Hemligheten med min form. Dagens Nyheter 4.1.1931.<\/em><br \/>\n<em>Kehityksest\u00e4ni juoksijana. Ty\u00f6v\u00e4en Urheilulehti 1924, s. 358-359.<\/em><br \/>\n<em>Keski- ja pitk\u00e4inmatkain enn\u00e4tysten alentamismahdollisuuksista. Suomen Urheilulehti 1923.<\/em><br \/>\n<em>Min tr\u00e4ning och mitt levnadss\u00e4tt. Dagens Nyheter 29.12.1930.<\/em><br \/>\n<em>Mist\u00e4 johtuu suomalaisten keski- ja pitk\u00e4inmatkain juoksijain etev\u00e4mmyys.<\/em><br \/>\n<em>Nurmi credits ability to run in record time at his age to the good care given to his body. United Star-News 1932.<\/em><br \/>\n<em>Om rekorden nu och i framtiden. Dagens Nyheter 9.1.1931.<\/em><br \/>\n<em>Runsas kuukausi olympialaisk\u00e4mp\u00e4ll\u00e4. Kisatoveri 1932:6, s. 59-61.<\/em><br \/>\n<em>Taktik och teknik p\u00e5 l\u00f6parbanan. Dagens Nyheter 30.12.1930.<\/em><br \/>\n<em>Turun Urheiluliiton osuus menestykseeni. Enn\u00e4tysvauhtia, s. 81-82.<\/em><br \/>\n<em>Vaikutelmia Berliinin kilpailuista. Urheilijan Joulu 1926.<\/em><br \/>\n<em>Vaikutelmia tekem\u00e4lt\u00e4ni Amerikan matkalta. Ty\u00f6l\u00e4isurheilijan Joulu 1925, s. 195-197.<\/em>\n<\/p>\n<p>[\/et_pb_cta][\/et_pb_column][et_pb_column type=&#187;1_3&#8243; admin_label=&#187;fullwidth&#8212;column&#8212;grid&#8212;padding&#187; _builder_version=&#187;4.23&#8243; _module_preset=&#187;default&#187; background_enable_color=&#187;off&#187; background_position=&#187;top_left&#187; global_colors_info=&#187;{}&#187; custom_padding__hover=&#187;|||&#187;][et_pb_image src=&#187;\/wp-content\/uploads\/2023\/10\/pn_Waino-Aaltonen-ja-Nurmi.jpg&#187; show_in_lightbox=&#187;on&#187; module_class=&#187;ela&#8212;image&#187; _builder_version=&#187;4.23&#8243; _module_preset=&#187;default&#187; global_colors_info=&#187;{}&#187;][\/et_pb_image][et_pb_image src=&#187;\/wp-content\/uploads\/2023\/10\/pn_juliste_1925.jpg&#187; show_in_lightbox=&#187;on&#187; module_class=&#187;ela&#8212;image&#187; _builder_version=&#187;4.23&#8243; _module_preset=&#187;default&#187; global_colors_info=&#187;{}&#187;][\/et_pb_image][et_pb_image src=&#187;\/wp-content\/uploads\/2023\/10\/pn_Nurmi-ja-Vaino-Sipila_1925_1.jpg&#187; show_in_lightbox=&#187;on&#187; module_class=&#187;ela&#8212;image&#187; _builder_version=&#187;4.23&#8243; _module_preset=&#187;default&#187; global_colors_info=&#187;{}&#187;][\/et_pb_image][et_pb_image src=&#187;\/wp-content\/uploads\/2023\/10\/pn_voimistelu.jpg&#187; show_in_lightbox=&#187;on&#187; module_class=&#187;ela&#8212;image&#187; _builder_version=&#187;4.23&#8243; _module_preset=&#187;default&#187; global_colors_info=&#187;{}&#187;][\/et_pb_image][et_pb_image src=&#187;\/wp-content\/uploads\/2023\/10\/pn_voimistelusarjaa-1924_2.jpg&#187; show_in_lightbox=&#187;on&#187; module_class=&#187;ela&#8212;image&#187; _builder_version=&#187;4.23&#8243; _module_preset=&#187;default&#187; global_colors_info=&#187;{}&#187;][\/et_pb_image][et_pb_image src=&#187;\/wp-content\/uploads\/2023\/10\/pn_voimistelusarjaa_1924.jpg&#187; show_in_lightbox=&#187;on&#187; module_class=&#187;ela&#8212;image&#187; _builder_version=&#187;4.23&#8243; _module_preset=&#187;default&#187; global_colors_info=&#187;{}&#187;][\/et_pb_image][\/et_pb_column][\/et_pb_row][\/et_pb_section]<\/p>\n","protected":false},"excerpt":{"rendered":"<p>Aunio, Alfred: Muistelmia Paavo Nurmen lapsuusajoilta. Nuori Voima 1931, s. 199-200. Eklund, A.: M\u00e4rkliga Paavo Nurmi -hyllningar. Idrottsbladet (Helsingfors) 1925, s. 42. Eskola, Aulis: Teknikko Paavo Nurmi. Pulsaattori 2\/1973. Grix, E.: Nurmen voittokulku halki Amerikan. Urheilija 1928:4. Harris, Joseph: Yksin\u00e4isen miehen taival. Valitut Palat 1974:5. He Who Runs Invites Us To Read. Outlook 21.1.1925, p. [&hellip;]<\/p>\n","protected":false},"author":1,"featured_media":0,"parent":0,"menu_order":0,"comment_status":"closed","ping_status":"closed","template":"","meta":{"_et_pb_use_builder":"on","_et_pb_old_content":"","_et_gb_content_width":"","footnotes":""},"class_list":["post-1107","page","type-page","status-publish","hentry"],"yoast_head":"<!-- This site is optimized with the Yoast SEO plugin v22.3 - https:\/\/yoast.com\/wordpress\/plugins\/seo\/ -->\n<title>Bibliography - Paavo Nurmi THE FLYING FINN<\/title>\n<meta name=\"robots\" content=\"index, follow, max-snippet:-1, max-image-preview:large, max-video-preview:-1\" \/>\n<link rel=\"canonical\" href=\"https:\/\/paavonurmi.fi\/ru\/bibliography\/\" \/>\n<meta property=\"og:locale\" content=\"ru_RU\" \/>\n<meta property=\"og:type\" content=\"article\" \/>\n<meta property=\"og:title\" content=\"Bibliography - Paavo Nurmi THE FLYING FINN\" \/>\n<meta property=\"og:description\" content=\"Aunio, Alfred: Muistelmia Paavo Nurmen lapsuusajoilta. Nuori Voima 1931, s. 199-200. Eklund, A.: M\u00e4rkliga Paavo Nurmi -hyllningar. Idrottsbladet (Helsingfors) 1925, s. 42. Eskola, Aulis: Teknikko Paavo Nurmi. Pulsaattori 2\/1973. Grix, E.: Nurmen voittokulku halki Amerikan. Urheilija 1928:4. Harris, Joseph: Yksin\u00e4isen miehen taival. Valitut Palat 1974:5. He Who Runs Invites Us To Read. Outlook 21.1.1925, p. [&hellip;]\" \/>\n<meta property=\"og:url\" content=\"https:\/\/paavonurmi.fi\/ru\/bibliography\/\" \/>\n<meta property=\"og:site_name\" content=\"Paavo Nurmi THE FLYING FINN\" \/>\n<meta property=\"article:modified_time\" content=\"2023-12-21T08:28:48+00:00\" \/>\n<meta name=\"twitter:card\" content=\"summary_large_image\" \/>\n<meta name=\"twitter:label1\" content=\"\u041f\u0440\u0438\u043c\u0435\u0440\u043d\u043e\u0435 \u0432\u0440\u0435\u043c\u044f \u0434\u043b\u044f \u0447\u0442\u0435\u043d\u0438\u044f\" \/>\n\t<meta name=\"twitter:data1\" content=\"6 \u043c\u0438\u043d\u0443\u0442\" \/>\n<script type=\"application\/ld+json\" class=\"yoast-schema-graph\">{\"@context\":\"https:\/\/schema.org\",\"@graph\":[{\"@type\":\"WebPage\",\"@id\":\"https:\/\/paavonurmi.fi\/ru\/bibliography\/\",\"url\":\"https:\/\/paavonurmi.fi\/ru\/bibliography\/\",\"name\":\"Bibliography - Paavo Nurmi THE FLYING FINN\",\"isPartOf\":{\"@id\":\"https:\/\/paavonurmi.fi\/#website\"},\"datePublished\":\"2023-10-24T09:38:19+00:00\",\"dateModified\":\"2023-12-21T08:28:48+00:00\",\"breadcrumb\":{\"@id\":\"https:\/\/paavonurmi.fi\/ru\/bibliography\/#breadcrumb\"},\"inLanguage\":\"ru-RU\",\"potentialAction\":[{\"@type\":\"ReadAction\",\"target\":[\"https:\/\/paavonurmi.fi\/ru\/bibliography\/\"]}]},{\"@type\":\"BreadcrumbList\",\"@id\":\"https:\/\/paavonurmi.fi\/ru\/bibliography\/#breadcrumb\",\"itemListElement\":[{\"@type\":\"ListItem\",\"position\":1,\"name\":\"Home\",\"item\":\"https:\/\/paavonurmi.fi\/ru\/\"},{\"@type\":\"ListItem\",\"position\":2,\"name\":\"Bibliography\"}]},{\"@type\":\"WebSite\",\"@id\":\"https:\/\/paavonurmi.fi\/#website\",\"url\":\"https:\/\/paavonurmi.fi\/\",\"name\":\"Paavo Nurmi THE FLYING FINN\",\"description\":\"Paavo Nurmi THE FLYING FINN\",\"potentialAction\":[{\"@type\":\"SearchAction\",\"target\":{\"@type\":\"EntryPoint\",\"urlTemplate\":\"https:\/\/paavonurmi.fi\/?s={search_term_string}\"},\"query-input\":\"required name=search_term_string\"}],\"inLanguage\":\"ru-RU\"}]}<\/script>\n<!-- \/ Yoast SEO plugin. -->","yoast_head_json":{"title":"Bibliography - Paavo Nurmi THE FLYING FINN","robots":{"index":"index","follow":"follow","max-snippet":"max-snippet:-1","max-image-preview":"max-image-preview:large","max-video-preview":"max-video-preview:-1"},"canonical":"https:\/\/paavonurmi.fi\/ru\/bibliography\/","og_locale":"ru_RU","og_type":"article","og_title":"Bibliography - Paavo Nurmi THE FLYING FINN","og_description":"Aunio, Alfred: Muistelmia Paavo Nurmen lapsuusajoilta. Nuori Voima 1931, s. 199-200. Eklund, A.: M\u00e4rkliga Paavo Nurmi -hyllningar. Idrottsbladet (Helsingfors) 1925, s. 42. Eskola, Aulis: Teknikko Paavo Nurmi. Pulsaattori 2\/1973. Grix, E.: Nurmen voittokulku halki Amerikan. Urheilija 1928:4. Harris, Joseph: Yksin\u00e4isen miehen taival. Valitut Palat 1974:5. He Who Runs Invites Us To Read. Outlook 21.1.1925, p. [&hellip;]","og_url":"https:\/\/paavonurmi.fi\/ru\/bibliography\/","og_site_name":"Paavo Nurmi THE FLYING FINN","article_modified_time":"2023-12-21T08:28:48+00:00","twitter_card":"summary_large_image","twitter_misc":{"\u041f\u0440\u0438\u043c\u0435\u0440\u043d\u043e\u0435 \u0432\u0440\u0435\u043c\u044f \u0434\u043b\u044f \u0447\u0442\u0435\u043d\u0438\u044f":"6 \u043c\u0438\u043d\u0443\u0442"},"schema":{"@context":"https:\/\/schema.org","@graph":[{"@type":"WebPage","@id":"https:\/\/paavonurmi.fi\/ru\/bibliography\/","url":"https:\/\/paavonurmi.fi\/ru\/bibliography\/","name":"Bibliography - Paavo Nurmi THE FLYING FINN","isPartOf":{"@id":"https:\/\/paavonurmi.fi\/#website"},"datePublished":"2023-10-24T09:38:19+00:00","dateModified":"2023-12-21T08:28:48+00:00","breadcrumb":{"@id":"https:\/\/paavonurmi.fi\/ru\/bibliography\/#breadcrumb"},"inLanguage":"ru-RU","potentialAction":[{"@type":"ReadAction","target":["https:\/\/paavonurmi.fi\/ru\/bibliography\/"]}]},{"@type":"BreadcrumbList","@id":"https:\/\/paavonurmi.fi\/ru\/bibliography\/#breadcrumb","itemListElement":[{"@type":"ListItem","position":1,"name":"Home","item":"https:\/\/paavonurmi.fi\/ru\/"},{"@type":"ListItem","position":2,"name":"Bibliography"}]},{"@type":"WebSite","@id":"https:\/\/paavonurmi.fi\/#website","url":"https:\/\/paavonurmi.fi\/","name":"Paavo Nurmi THE FLYING FINN","description":"Paavo Nurmi THE FLYING FINN","potentialAction":[{"@type":"SearchAction","target":{"@type":"EntryPoint","urlTemplate":"https:\/\/paavonurmi.fi\/?s={search_term_string}"},"query-input":"required name=search_term_string"}],"inLanguage":"ru-RU"}]}},"_links":{"self":[{"href":"https:\/\/paavonurmi.fi\/ru\/wp-json\/wp\/v2\/pages\/1107","targetHints":{"allow":["GET"]}}],"collection":[{"href":"https:\/\/paavonurmi.fi\/ru\/wp-json\/wp\/v2\/pages"}],"about":[{"href":"https:\/\/paavonurmi.fi\/ru\/wp-json\/wp\/v2\/types\/page"}],"author":[{"embeddable":true,"href":"https:\/\/paavonurmi.fi\/ru\/wp-json\/wp\/v2\/users\/1"}],"replies":[{"embeddable":true,"href":"https:\/\/paavonurmi.fi\/ru\/wp-json\/wp\/v2\/comments?post=1107"}],"version-history":[{"count":2,"href":"https:\/\/paavonurmi.fi\/ru\/wp-json\/wp\/v2\/pages\/1107\/revisions"}],"predecessor-version":[{"id":1638,"href":"https:\/\/paavonurmi.fi\/ru\/wp-json\/wp\/v2\/pages\/1107\/revisions\/1638"}],"wp:attachment":[{"href":"https:\/\/paavonurmi.fi\/ru\/wp-json\/wp\/v2\/media?parent=1107"}],"curies":[{"name":"wp","href":"https:\/\/api.w.org\/{rel}","templated":true}]}}