{"id":1271,"date":"2023-10-24T12:07:29","date_gmt":"2023-10-24T09:07:29","guid":{"rendered":"https:\/\/paavonurmi.fi\/tour-usa\/"},"modified":"2023-12-21T11:09:35","modified_gmt":"2023-12-21T09:09:35","slug":"amerikaturnen","status":"publish","type":"page","link":"https:\/\/paavonurmi.fi\/sv\/amerikaturnen\/","title":{"rendered":"Amerika-turn\u00e9n"},"content":{"rendered":"<p>[et_pb_section fb_built=&#8221;1&#8243; fullwidth=&#8221;on&#8221; admin_label=&#8221;Page Header&#8221; module_class=&#8221;hero&#8211;section&#8221; _builder_version=&#8221;4.23.1&#8243; _module_preset=&#8221;default&#8221; background_image=&#8221;\/wp-content\/uploads\/2023\/12\/Paavo-Nurmi-Amerikan-Kiertue-1929.jpg&#8221; hover_enabled=&#8221;0&#8243; global_colors_info=&#8221;{}&#8221; sticky_enabled=&#8221;0&#8243;][et_pb_fullwidth_header title=&#8221;AMERIKATURN\u00c9N 1925&#8243; text_orientation=&#8221;center&#8221; header_fullscreen=&#8221;on&#8221; button_one_url=&#8221;#&#8221; button_two_url=&#8221;#&#8221; admin_label=&#8221;Hero Section&#8221; module_class=&#8221;fw&#8211;header&#8221; _builder_version=&#8221;4.23.1&#8243; _module_preset=&#8221;default&#8221; background_enable_color=&#8221;off&#8221; custom_button_one=&#8221;on&#8221; custom_button_two=&#8221;on&#8221; module_alignment=&#8221;left&#8221; button_one_text_color_hover=&#8221;#6eba01&#8243; button_two_text_color_hover=&#8221;#6eba01&#8243; button_one_border_color_hover=&#8221;#ffffff&#8221; button_two_border_color_hover=&#8221;#ffffff&#8221; button_one_border_radius_hover=&#8221;0&#8243; button_two_border_radius_hover=&#8221;0&#8243; button_one_letter_spacing_hover=&#8221;2&#8243; button_two_letter_spacing_hover=&#8221;2&#8243; button_one_bg_color_hover=&#8221;#ffffff&#8221; button_two_bg_color_hover=&#8221;#ffffff&#8221; global_colors_info=&#8221;{}&#8221;][\/et_pb_fullwidth_header][\/et_pb_section][et_pb_section fb_built=&#8221;1&#8243; admin_label=&#8221;content&#8211;section no&#8211;padding&#8221; module_class=&#8221;content&#8211;section small&#8211;padding&#8211;top  small&#8211;padding&#8211;bottom&#8221; _builder_version=&#8221;4.23&#8243; _module_preset=&#8221;default&#8221; animation_direction=&#8221;bottom&#8221; global_colors_info=&#8221;{}&#8221;][et_pb_row column_structure=&#8221;2_3,1_3&#8243; use_custom_gutter=&#8221;on&#8221; gutter_width=&#8221;1&#8243; make_equal=&#8221;on&#8221; admin_label=&#8221;content&#8211;row fullwidth&#8211;row no&#8211;padding&#8221; module_class=&#8221;content&#8211;row fullwidth&#8211;row no&#8211;padding &#8221; _builder_version=&#8221;4.23&#8243; _module_preset=&#8221;default&#8221; background_size=&#8221;initial&#8221; background_position=&#8221;top_left&#8221; background_repeat=&#8221;repeat&#8221; width_tablet=&#8221;100%&#8221; width_phone=&#8221;100%&#8221; width_last_edited=&#8221;off|desktop&#8221; max_width_tablet=&#8221;100%&#8221; max_width_phone=&#8221;100%&#8221; max_width_last_edited=&#8221;off|desktop&#8221; make_fullwidth=&#8221;on&#8221; global_colors_info=&#8221;{}&#8221;][et_pb_column type=&#8221;2_3&#8243; module_class=&#8221;special&#8211;content&#8211;column&#8221; _builder_version=&#8221;4.23&#8243; _module_preset=&#8221;default&#8221; background_enable_image=&#8221;off&#8221; background_position=&#8221;top_left&#8221; custom_padding=&#8221;|||&#8221; global_colors_info=&#8221;{}&#8221; custom_padding__hover=&#8221;|||&#8221;][et_pb_cta button_url=&#8221;#&#8221; module_class=&#8221;ela&#8221; _builder_version=&#8221;4.23.1&#8243; _module_preset=&#8221;default&#8221; use_background_color=&#8221;off&#8221; custom_button=&#8221;on&#8221; text_orientation=&#8221;left&#8221; module_alignment=&#8221;left&#8221; custom_margin=&#8221;|||&#8221; custom_padding=&#8221;|||&#8221; animation_direction=&#8221;bottom&#8221; text_orientation_tablet=&#8221;center&#8221; text_orientation_phone=&#8221;center&#8221; text_orientation_last_edited=&#8221;on|desktop&#8221; button_text_color_hover=&#8221;#6eba01&#8243; button_border_color_hover=&#8221;#6eba01&#8243; button_border_radius_hover=&#8221;0&#8243; button_letter_spacing_hover=&#8221;2&#8243; button_bg_color_hover=&#8221;rgba(0,0,0,0)&#8221; saved_tabs=&#8221;all&#8221; locked=&#8221;off&#8221; global_colors_info=&#8221;{}&#8221; button_one_text_size__hover_enabled=&#8221;off&#8221; button_two_text_size__hover_enabled=&#8221;off&#8221; button_one_text_color__hover_enabled=&#8221;off&#8221; button_two_text_color__hover_enabled=&#8221;off&#8221; button_one_border_width__hover_enabled=&#8221;off&#8221; button_two_border_width__hover_enabled=&#8221;off&#8221; button_one_border_color__hover_enabled=&#8221;off&#8221; button_two_border_color__hover_enabled=&#8221;off&#8221; button_one_border_radius__hover_enabled=&#8221;off&#8221; button_two_border_radius__hover_enabled=&#8221;off&#8221; button_one_letter_spacing__hover_enabled=&#8221;off&#8221; button_two_letter_spacing__hover_enabled=&#8221;off&#8221; button_one_bg_color__hover_enabled=&#8221;off&#8221; button_two_bg_color__hover_enabled=&#8221;off&#8221;]<\/p>\n<p>Redan i november 1922 hade det amerikanska friidrottsf\u00f6rbundet visat intresse f\u00f6r att f\u00e5 \u00f6ver Paavo Nurmi till andra sidan Atlanten. Nurmis studier vid Industriskolan i Helsingfors och tr\u00e4ningen inf\u00f6r OS i Paris f\u00f6rdr\u00f6jde resan med tv\u00e5 \u00e5r. Efter sina framg\u00e5ngar i OS i Paris var Nurmi mer eftertraktad \u00e4n tidigare bland de amerikanska t\u00e4vlingsarrang\u00f6rerna. I november 1924 steg Nurmi tillsammans med sin mass\u00f6r Eino Hakoniemi ombord p\u00e5 fartyget Arcturus mot New York. Resan gick l\u00e4ngs den v\u00e4lk\u00e4nda emigrantrutten via K\u00f6penhamn, Hull och Liverpool. F\u00f6rh\u00e5llandena ombord var inte s\u00e4rskilt l\u00e4mpliga f\u00f6r tr\u00e4ning. Nurmi sj\u00e4lv beskrev i tidningen Ty\u00f6l\u00e4isurheilijan joulu 1925 sin resa p\u00e5 f\u00f6ljande s\u00e4tt: \u201cJag tr\u00e4nade ombord varje dag. Eller r\u00e4ttare sagt om n\u00e4tterna i d\u00e5lig elektrisk belysning,  eftersom jag sk\u00e4mdes f\u00f6r att g\u00f6ra det dagtid och i gryningen v\u00e5gade jag inte eftersom stewarderna redan hade stigit upp\u201d. Nurmi anl\u00e4nde till New York med fartyget Celtic den 10 december och flera hundra amerikafinl\u00e4ndare hade samlats i hamnen f\u00f6r att m\u00f6ta den store l\u00f6paren. Den officiella mottagningen \u00e4gde rum vid stadshuset d\u00e4r New Yorks borgm\u00e4stare \u00f6verl\u00e4mnade nycklarna till staden till den \u00e4rade g\u00e4sten.<\/p>\n<p>[\/et_pb_cta][et_pb_cta title=&#8221;CIGARR\u00d6K OCH UPPST\u00c5NDELSE P\u00c5 INOMHUSBANOR&#8221; button_url=&#8221;#&#8221; admin_label=&#8221;CIGARR\u00d6K OCH UPPST\u00c5NDELSE P\u00c5 INOMHUSBANOR&#8221; module_class=&#8221;ela tertiary-bg&#8221; _builder_version=&#8221;4.23.1&#8243; _module_preset=&#8221;default&#8221; use_background_color=&#8221;off&#8221; custom_button=&#8221;on&#8221; text_orientation=&#8221;left&#8221; module_alignment=&#8221;left&#8221; custom_margin=&#8221;|||&#8221; custom_padding=&#8221;|||&#8221; animation_direction=&#8221;bottom&#8221; text_orientation_tablet=&#8221;center&#8221; text_orientation_phone=&#8221;center&#8221; text_orientation_last_edited=&#8221;on|tablet&#8221; button_text_color_hover=&#8221;#6eba01&#8243; button_border_color_hover=&#8221;#6eba01&#8243; button_border_radius_hover=&#8221;0&#8243; button_letter_spacing_hover=&#8221;2&#8243; button_bg_color_hover=&#8221;rgba(0,0,0,0)&#8221; saved_tabs=&#8221;all&#8221; locked=&#8221;off&#8221; global_colors_info=&#8221;{}&#8221; button_one_text_size__hover_enabled=&#8221;off&#8221; button_two_text_size__hover_enabled=&#8221;off&#8221; button_one_text_color__hover_enabled=&#8221;off&#8221; button_two_text_color__hover_enabled=&#8221;off&#8221; button_one_border_width__hover_enabled=&#8221;off&#8221; button_two_border_width__hover_enabled=&#8221;off&#8221; button_one_border_color__hover_enabled=&#8221;off&#8221; button_two_border_color__hover_enabled=&#8221;off&#8221; button_one_border_radius__hover_enabled=&#8221;off&#8221; button_two_border_radius__hover_enabled=&#8221;off&#8221; button_one_letter_spacing__hover_enabled=&#8221;off&#8221; button_two_letter_spacing__hover_enabled=&#8221;off&#8221; button_one_bg_color__hover_enabled=&#8221;off&#8221; button_two_bg_color__hover_enabled=&#8221;off&#8221;]<\/p>\n<p>Den f\u00f6rsta tiden bodde Nurmi hos sin v\u00e4rd Hugo Qvist, som var ordf\u00f6rande f\u00f6r den amerikafinl\u00e4ndska idrottsf\u00f6reningen FAAC. Han flyttade dock snabbt till utkanten av staden f\u00f6r att undvika journalister och ivriga fans. Nurmi inledde en strikt tr\u00e4ning inf\u00f6r den kommande t\u00e4vlingsturn\u00e9n: f\u00f6rst tr\u00e4nade han utomhus i 2\u00bd vecka och sedan bekantade han sig med inomhusbanorna.<\/p>\n<p>Den f\u00f6rsta t\u00e4vlingen \u00e4gde rum den 6 januari 1925 vid legendariska Madison Square Garden. Arenan var uts\u00e5ld och biljetterna gick \u00e5t snabbt n\u00e4r nyheten om den finl\u00e4ndska stj\u00e4rnan spred sig. Nurmi h\u00f6ll med om att den elastiska banan p\u00e5 160 yards (140 m) vid Garden var den snabbaste i Amerika. Luften var fylld av cigarr\u00f6k och Nurmi fann den st\u00e4rkande. Programmet f\u00f6r Nurmis f\u00f6rsta t\u00e4vling p\u00e5minde om hans bragder sommaren innan: att springa en engelsk mil och 5000 meter inom loppet av en timme. P\u00e5 den engelska milen tycktes f\u00f6rst Amerikas b\u00e4sta l\u00f6pare , Joie Ray och Lloyd Hahn, \u00f6verrumpla finl\u00e4ndaren som \u201ctill en b\u00f6rjan inte fann resonansen med banan\u201c, men Nurmi sprang i kapp dem och gick i m\u00e5l med ett nytt v\u00e4rldsrekord p\u00e5 tiden 4.13,5. Starten f\u00f6r 5000 metersloppet f\u00f6rsenades n\u00e5got p\u00e5 grund av ivriga fotografer som omgav Nurmi och hans b\u00e4ste t\u00e4vlingskumpan Ville Ritola. Ritola h\u00f6ll farten under loppet, men 200 meter f\u00f6re m\u00e5let drog Nurmi iv\u00e4g med en obegriplig spurt och klockan stannade p\u00e5 tiden 14.44,6 \u2013 \u00e4nnu ett nytt v\u00e4rldsrekord!<\/p>\n<p>[\/et_pb_cta][et_pb_cta title=&#8221;EN RESA P\u00c5 \u00d6VER 50 000 KILOMETER!&#8221; button_url=&#8221;#&#8221; admin_label=&#8221;EN RESA P\u00c5 \u00d6VER 50 000 KILOMETER!&#8221; module_class=&#8221;ela&#8221; _builder_version=&#8221;4.23.1&#8243; _module_preset=&#8221;default&#8221; use_background_color=&#8221;off&#8221; custom_button=&#8221;on&#8221; text_orientation=&#8221;left&#8221; module_alignment=&#8221;left&#8221; custom_margin=&#8221;|||&#8221; custom_padding=&#8221;|||&#8221; animation_direction=&#8221;bottom&#8221; text_orientation_tablet=&#8221;center&#8221; text_orientation_phone=&#8221;center&#8221; text_orientation_last_edited=&#8221;on|desktop&#8221; button_text_color_hover=&#8221;#6eba01&#8243; button_border_color_hover=&#8221;#6eba01&#8243; button_border_radius_hover=&#8221;0&#8243; button_letter_spacing_hover=&#8221;2&#8243; button_bg_color_hover=&#8221;rgba(0,0,0,0)&#8221; saved_tabs=&#8221;all&#8221; locked=&#8221;off&#8221; global_colors_info=&#8221;{}&#8221; button_one_text_size__hover_enabled=&#8221;off&#8221; button_two_text_size__hover_enabled=&#8221;off&#8221; button_one_text_color__hover_enabled=&#8221;off&#8221; button_two_text_color__hover_enabled=&#8221;off&#8221; button_one_border_width__hover_enabled=&#8221;off&#8221; button_two_border_width__hover_enabled=&#8221;off&#8221; button_one_border_color__hover_enabled=&#8221;off&#8221; button_two_border_color__hover_enabled=&#8221;off&#8221; button_one_border_radius__hover_enabled=&#8221;off&#8221; button_two_border_radius__hover_enabled=&#8221;off&#8221; button_one_letter_spacing__hover_enabled=&#8221;off&#8221; button_two_letter_spacing__hover_enabled=&#8221;off&#8221; button_one_bg_color__hover_enabled=&#8221;off&#8221; button_two_bg_color__hover_enabled=&#8221;off&#8221;]<\/p>\n<p>Nurmi hade inte t\u00e4nkt stanna hela vintern i Amerika, men efter hans enast\u00e5ende upptr\u00e4dande haglade det t\u00e4vlingserbjudanden fr\u00e5n alla h\u00e5ll. Allt som allt sprang Nurmi 55 t\u00e4vlingar och d\u00e4remellan flera uppvisningslopp i skolor, vid universitet och soldatkaserner. Det mest anstr\u00e4ngande p\u00e5 hela resan var inte sj\u00e4lva t\u00e4vlandet utan resorna och representationen. P\u00e5 1920-talet var det n\u00e4stan ingen som reste med flyg, utan det var t\u00e5g eller buss som g\u00e4llde. Nurmis turn\u00e9 gick fr\u00e5n kust till kust, fr\u00e5n Boston till San Francisco, och han hann till och med g\u00f6ra ett par resor till Kanada. Allt som allt reste Nurmi \u00f6ver 50 000 kilometer. Eftersom inomhust\u00e4vlingar b\u00f6rjade ganska sent och Nurmi var huvudattraktionen, b\u00f6rjade hans lopp kring midnatt och det var inte f\u00f6rr\u00e4n inp\u00e5 sm\u00e5timmarna som han kom i s\u00e4ng. Med tanke p\u00e5 dessa omst\u00e4ndigheter landade Nurmi p\u00e5 ett otroligt slutsaldo: 55 t\u00e4vlingar (45 inomhus och 10 utomhus), varav 51 segrar, tre andraplaceringar (varav tv\u00e5 i handikappt\u00e4vlingar) och en avbruten t\u00e4vling p\u00e5 grund av stickningar. Han satte 12 v\u00e4rldsrekord inomhus p\u00e5 officiella distanser och m\u00e5nga fler i inofficiella grenar. Den sista t\u00e4vlingen \u00e4gde rum den 26 maj i New York p\u00e5 Yankee Stadium. H\u00e4r f\u00f6rlorade Nurmi 880 yardsloppet till den snabbaste mannen p\u00e5 halvmilen Alan Helffrich \u2013 av artighet, h\u00e4vdade en nyhetsartikel.<\/p>\n<p>[\/et_pb_cta][et_pb_cta title=&#8221;VARF\u00d6R VAR NURMI S\u00c5 OMTYCKT I AMERIKA?&#8221; button_url=&#8221;#&#8221; admin_label=&#8221;VARF\u00d6R VAR NURMI S\u00c5 OMTYCKT I AMERIKA?&#8221; module_class=&#8221;ela tertiary-bg&#8221; _builder_version=&#8221;4.23.1&#8243; _module_preset=&#8221;default&#8221; use_background_color=&#8221;off&#8221; custom_button=&#8221;on&#8221; text_orientation=&#8221;left&#8221; module_alignment=&#8221;left&#8221; custom_margin=&#8221;|||&#8221; custom_padding=&#8221;|||&#8221; animation_direction=&#8221;bottom&#8221; text_orientation_tablet=&#8221;center&#8221; text_orientation_phone=&#8221;center&#8221; text_orientation_last_edited=&#8221;on|tablet&#8221; button_text_color_hover=&#8221;#6eba01&#8243; button_border_color_hover=&#8221;#6eba01&#8243; button_border_radius_hover=&#8221;0&#8243; button_letter_spacing_hover=&#8221;2&#8243; button_bg_color_hover=&#8221;rgba(0,0,0,0)&#8221; saved_tabs=&#8221;all&#8221; locked=&#8221;off&#8221; global_colors_info=&#8221;{}&#8221; button_one_text_size__hover_enabled=&#8221;off&#8221; button_two_text_size__hover_enabled=&#8221;off&#8221; button_one_text_color__hover_enabled=&#8221;off&#8221; button_two_text_color__hover_enabled=&#8221;off&#8221; button_one_border_width__hover_enabled=&#8221;off&#8221; button_two_border_width__hover_enabled=&#8221;off&#8221; button_one_border_color__hover_enabled=&#8221;off&#8221; button_two_border_color__hover_enabled=&#8221;off&#8221; button_one_border_radius__hover_enabled=&#8221;off&#8221; button_two_border_radius__hover_enabled=&#8221;off&#8221; button_one_letter_spacing__hover_enabled=&#8221;off&#8221; button_two_letter_spacing__hover_enabled=&#8221;off&#8221; button_one_bg_color__hover_enabled=&#8221;off&#8221; button_two_bg_color__hover_enabled=&#8221;off&#8221;]<\/p>\n<p>Varf\u00f6r har det skrivits och pratats s\u00e5 mycket om Nurmis Amerikaturn\u00e9? Hur kommer det sig att den tyste och slutne Phantom Finn er\u00f6vrade Amerikas hj\u00e4rta p\u00e5 det glada 20-talet, en tid k\u00e4nnetecknad av charleston, jazz och kabar\u00e9? Nurmi sj\u00e4lv s\u00f6kte sig inte till offentlighetens ljus; han gav inte en enda intervju under hela sin amerikaresa. Man kan v\u00e4l f\u00f6rst\u00e5 varf\u00f6r president Lauri Kristian Relander bj\u00f6d in Nurmi och hans mor till Gullranda i N\u00e5dendal f\u00f6r att ta emot riddartecknet av I klass av Finlands Vita Ros orden n\u00e4r han \u00e5terv\u00e4nde till Finland, men varf\u00f6r ville ocks\u00e5 F\u00f6renta staternas president Calvin Coolidge tr\u00e4ffa Nurmi?<\/p>\n<p>Mellan januari och mars skrev New York Times \u00f6ver 70 nyhetsartiklar om Nurmi och hans bedrifter, och de mindre tidningarna f\u00f6ljde New York Times exempel. Mediehysterin kring Nurmi bidrog s\u00e4kerligen i h\u00f6g grad till hans enorma popularitet, vilket Nurmi sj\u00e4lv ocks\u00e5 konstaterade: \u201dAlla sitter med n\u00e4san i en tidning, men de l\u00e4ser bara sportsidorna och sl\u00e4nger sedan tidningen\u201d. N\u00e4r Nurmi vintern 1929 bes\u00f6kte Amerika igen var \u00e4n en g\u00e5ng uppst\u00e5ndelsen stor, men n\u00e5gon  t\u00e4vlingskarusell som den 1925 blev det inte denna g\u00e5ng. Paavo Nurmi bes\u00f6kte Amerika flera g\u00e5nger \u00e4nda till 60-talet och han var alltid en v\u00e4lkommen g\u00e4st p\u00e5 k\u00e4ndisfester.<\/p>\n<p>[\/et_pb_cta][\/et_pb_column][et_pb_column type=&#8221;1_3&#8243; admin_label=&#8221;fullwidth&#8211;column&#8211;grid&#8211;padding&#8221; _builder_version=&#8221;4.23&#8243; _module_preset=&#8221;default&#8221; background_enable_color=&#8221;off&#8221; background_position=&#8221;top_left&#8221; global_colors_info=&#8221;{}&#8221; custom_padding__hover=&#8221;|||&#8221;][et_pb_image src=&#8221;\/wp-content\/uploads\/2023\/10\/pn_Amerikan-kiertue-1925_1.jpg&#8221; show_in_lightbox=&#8221;on&#8221; module_class=&#8221;ela&#8211;image&#8221; _builder_version=&#8221;4.23&#8243; _module_preset=&#8221;default&#8221; global_colors_info=&#8221;{}&#8221;][\/et_pb_image][et_pb_image src=&#8221;\/wp-content\/uploads\/2023\/10\/pn_Amerikan-kiertue-1925_2_2.jpg&#8221; show_in_lightbox=&#8221;on&#8221; module_class=&#8221;ela&#8211;image&#8221; _builder_version=&#8221;4.23&#8243; _module_preset=&#8221;default&#8221; global_colors_info=&#8221;{}&#8221;][\/et_pb_image][et_pb_image src=&#8221;\/wp-content\/uploads\/2023\/10\/pn_Amerikan-kiertue-1929.jpg&#8221; show_in_lightbox=&#8221;on&#8221; module_class=&#8221;ela&#8211;image&#8221; _builder_version=&#8221;4.23&#8243; _module_preset=&#8221;default&#8221; global_colors_info=&#8221;{}&#8221;][\/et_pb_image][et_pb_image src=&#8221;\/wp-content\/uploads\/2023\/10\/pn_New-York-1929_1.jpg&#8221; show_in_lightbox=&#8221;on&#8221; module_class=&#8221;ela&#8211;image&#8221; _builder_version=&#8221;4.23&#8243; _module_preset=&#8221;default&#8221; global_colors_info=&#8221;{}&#8221;][\/et_pb_image][et_pb_image src=&#8221;\/wp-content\/uploads\/2023\/10\/pn_Paavo-Nurmi_New-York_1966.jpg&#8221; show_in_lightbox=&#8221;on&#8221; module_class=&#8221;ela&#8211;image&#8221; _builder_version=&#8221;4.23&#8243; _module_preset=&#8221;default&#8221; global_colors_info=&#8221;{}&#8221;][\/et_pb_image][\/et_pb_column][\/et_pb_row][\/et_pb_section]<\/p>\n","protected":false},"excerpt":{"rendered":"<p>Redan i november 1922 hade det amerikanska friidrottsf\u00f6rbundet visat intresse f\u00f6r att f\u00e5 \u00f6ver Paavo Nurmi till andra sidan Atlanten. Nurmis studier vid Industriskolan i Helsingfors och tr\u00e4ningen inf\u00f6r OS i Paris f\u00f6rdr\u00f6jde resan med tv\u00e5 \u00e5r. Efter sina framg\u00e5ngar i OS i Paris var Nurmi mer eftertraktad \u00e4n tidigare bland de amerikanska t\u00e4vlingsarrang\u00f6rerna. I [&hellip;]<\/p>\n","protected":false},"author":1,"featured_media":0,"parent":0,"menu_order":0,"comment_status":"closed","ping_status":"closed","template":"","meta":{"_et_pb_use_builder":"on","_et_pb_old_content":"","_et_gb_content_width":"","footnotes":""},"class_list":["post-1271","page","type-page","status-publish","hentry"],"yoast_head":"<!-- This site is optimized with the Yoast SEO plugin v22.3 - https:\/\/yoast.com\/wordpress\/plugins\/seo\/ -->\n<title>Amerika-turn\u00e9n - Paavo Nurmi THE FLYING FINN<\/title>\n<meta name=\"robots\" content=\"index, follow, max-snippet:-1, max-image-preview:large, max-video-preview:-1\" \/>\n<link rel=\"canonical\" href=\"https:\/\/paavonurmi.fi\/sv\/amerikaturnen\/\" \/>\n<meta property=\"og:locale\" content=\"sv_SE\" \/>\n<meta property=\"og:type\" content=\"article\" \/>\n<meta property=\"og:title\" content=\"Amerika-turn\u00e9n - Paavo Nurmi THE FLYING FINN\" \/>\n<meta property=\"og:description\" content=\"Redan i november 1922 hade det amerikanska friidrottsf\u00f6rbundet visat intresse f\u00f6r att f\u00e5 \u00f6ver Paavo Nurmi till andra sidan Atlanten. Nurmis studier vid Industriskolan i Helsingfors och tr\u00e4ningen inf\u00f6r OS i Paris f\u00f6rdr\u00f6jde resan med tv\u00e5 \u00e5r. Efter sina framg\u00e5ngar i OS i Paris var Nurmi mer eftertraktad \u00e4n tidigare bland de amerikanska t\u00e4vlingsarrang\u00f6rerna. I [&hellip;]\" \/>\n<meta property=\"og:url\" content=\"https:\/\/paavonurmi.fi\/sv\/amerikaturnen\/\" \/>\n<meta property=\"og:site_name\" content=\"Paavo Nurmi THE FLYING FINN\" \/>\n<meta property=\"article:modified_time\" content=\"2023-12-21T09:09:35+00:00\" \/>\n<meta name=\"twitter:card\" content=\"summary_large_image\" \/>\n<meta name=\"twitter:label1\" content=\"Ber\u00e4knad l\u00e4stid\" \/>\n\t<meta name=\"twitter:data1\" content=\"7 minuter\" \/>\n<script type=\"application\/ld+json\" class=\"yoast-schema-graph\">{\"@context\":\"https:\/\/schema.org\",\"@graph\":[{\"@type\":\"WebPage\",\"@id\":\"https:\/\/paavonurmi.fi\/sv\/amerikaturnen\/\",\"url\":\"https:\/\/paavonurmi.fi\/sv\/amerikaturnen\/\",\"name\":\"Amerika-turn\u00e9n - Paavo Nurmi THE FLYING FINN\",\"isPartOf\":{\"@id\":\"https:\/\/paavonurmi.fi\/#website\"},\"datePublished\":\"2023-10-24T09:07:29+00:00\",\"dateModified\":\"2023-12-21T09:09:35+00:00\",\"breadcrumb\":{\"@id\":\"https:\/\/paavonurmi.fi\/sv\/amerikaturnen\/#breadcrumb\"},\"inLanguage\":\"sv-SE\",\"potentialAction\":[{\"@type\":\"ReadAction\",\"target\":[\"https:\/\/paavonurmi.fi\/sv\/amerikaturnen\/\"]}]},{\"@type\":\"BreadcrumbList\",\"@id\":\"https:\/\/paavonurmi.fi\/sv\/amerikaturnen\/#breadcrumb\",\"itemListElement\":[{\"@type\":\"ListItem\",\"position\":1,\"name\":\"Home\",\"item\":\"https:\/\/paavonurmi.fi\/sv\/\"},{\"@type\":\"ListItem\",\"position\":2,\"name\":\"Amerika-turn\u00e9n\"}]},{\"@type\":\"WebSite\",\"@id\":\"https:\/\/paavonurmi.fi\/#website\",\"url\":\"https:\/\/paavonurmi.fi\/\",\"name\":\"Paavo Nurmi THE FLYING FINN\",\"description\":\"Paavo Nurmi THE FLYING FINN\",\"potentialAction\":[{\"@type\":\"SearchAction\",\"target\":{\"@type\":\"EntryPoint\",\"urlTemplate\":\"https:\/\/paavonurmi.fi\/?s={search_term_string}\"},\"query-input\":\"required name=search_term_string\"}],\"inLanguage\":\"sv-SE\"}]}<\/script>\n<!-- \/ Yoast SEO plugin. -->","yoast_head_json":{"title":"Amerika-turn\u00e9n - Paavo Nurmi THE FLYING FINN","robots":{"index":"index","follow":"follow","max-snippet":"max-snippet:-1","max-image-preview":"max-image-preview:large","max-video-preview":"max-video-preview:-1"},"canonical":"https:\/\/paavonurmi.fi\/sv\/amerikaturnen\/","og_locale":"sv_SE","og_type":"article","og_title":"Amerika-turn\u00e9n - Paavo Nurmi THE FLYING FINN","og_description":"Redan i november 1922 hade det amerikanska friidrottsf\u00f6rbundet visat intresse f\u00f6r att f\u00e5 \u00f6ver Paavo Nurmi till andra sidan Atlanten. Nurmis studier vid Industriskolan i Helsingfors och tr\u00e4ningen inf\u00f6r OS i Paris f\u00f6rdr\u00f6jde resan med tv\u00e5 \u00e5r. Efter sina framg\u00e5ngar i OS i Paris var Nurmi mer eftertraktad \u00e4n tidigare bland de amerikanska t\u00e4vlingsarrang\u00f6rerna. I [&hellip;]","og_url":"https:\/\/paavonurmi.fi\/sv\/amerikaturnen\/","og_site_name":"Paavo Nurmi THE FLYING FINN","article_modified_time":"2023-12-21T09:09:35+00:00","twitter_card":"summary_large_image","twitter_misc":{"Ber\u00e4knad l\u00e4stid":"7 minuter"},"schema":{"@context":"https:\/\/schema.org","@graph":[{"@type":"WebPage","@id":"https:\/\/paavonurmi.fi\/sv\/amerikaturnen\/","url":"https:\/\/paavonurmi.fi\/sv\/amerikaturnen\/","name":"Amerika-turn\u00e9n - Paavo Nurmi THE FLYING FINN","isPartOf":{"@id":"https:\/\/paavonurmi.fi\/#website"},"datePublished":"2023-10-24T09:07:29+00:00","dateModified":"2023-12-21T09:09:35+00:00","breadcrumb":{"@id":"https:\/\/paavonurmi.fi\/sv\/amerikaturnen\/#breadcrumb"},"inLanguage":"sv-SE","potentialAction":[{"@type":"ReadAction","target":["https:\/\/paavonurmi.fi\/sv\/amerikaturnen\/"]}]},{"@type":"BreadcrumbList","@id":"https:\/\/paavonurmi.fi\/sv\/amerikaturnen\/#breadcrumb","itemListElement":[{"@type":"ListItem","position":1,"name":"Home","item":"https:\/\/paavonurmi.fi\/sv\/"},{"@type":"ListItem","position":2,"name":"Amerika-turn\u00e9n"}]},{"@type":"WebSite","@id":"https:\/\/paavonurmi.fi\/#website","url":"https:\/\/paavonurmi.fi\/","name":"Paavo Nurmi THE FLYING FINN","description":"Paavo Nurmi THE FLYING FINN","potentialAction":[{"@type":"SearchAction","target":{"@type":"EntryPoint","urlTemplate":"https:\/\/paavonurmi.fi\/?s={search_term_string}"},"query-input":"required name=search_term_string"}],"inLanguage":"sv-SE"}]}},"_links":{"self":[{"href":"https:\/\/paavonurmi.fi\/sv\/wp-json\/wp\/v2\/pages\/1271","targetHints":{"allow":["GET"]}}],"collection":[{"href":"https:\/\/paavonurmi.fi\/sv\/wp-json\/wp\/v2\/pages"}],"about":[{"href":"https:\/\/paavonurmi.fi\/sv\/wp-json\/wp\/v2\/types\/page"}],"author":[{"embeddable":true,"href":"https:\/\/paavonurmi.fi\/sv\/wp-json\/wp\/v2\/users\/1"}],"replies":[{"embeddable":true,"href":"https:\/\/paavonurmi.fi\/sv\/wp-json\/wp\/v2\/comments?post=1271"}],"version-history":[{"count":3,"href":"https:\/\/paavonurmi.fi\/sv\/wp-json\/wp\/v2\/pages\/1271\/revisions"}],"predecessor-version":[{"id":1762,"href":"https:\/\/paavonurmi.fi\/sv\/wp-json\/wp\/v2\/pages\/1271\/revisions\/1762"}],"wp:attachment":[{"href":"https:\/\/paavonurmi.fi\/sv\/wp-json\/wp\/v2\/media?parent=1271"}],"curies":[{"name":"wp","href":"https:\/\/api.w.org\/{rel}","templated":true}]}}