{"id":1281,"date":"2023-10-24T12:18:17","date_gmt":"2023-10-24T09:18:17","guid":{"rendered":"https:\/\/paavonurmi.fi\/home-museum\/"},"modified":"2024-06-11T12:01:36","modified_gmt":"2024-06-11T09:01:36","slug":"hemgard","status":"publish","type":"page","link":"https:\/\/paavonurmi.fi\/sv\/hemgard\/","title":{"rendered":"Hemg\u00e5rd"},"content":{"rendered":"<p>[et_pb_section fb_built=&#8221;1&#8243; fullwidth=&#8221;on&#8221; admin_label=&#8221;Page Header&#8221; module_class=&#8221;hero&#8211;section&#8221; _builder_version=&#8221;4.23.1&#8243; _module_preset=&#8221;default&#8221; background_image=&#8221;\/wp-content\/uploads\/2023\/12\/Paavo-Nurmi-kotiinpaluu-1924.jpg&#8221; global_colors_info=&#8221;{}&#8221;][et_pb_fullwidth_header title=&#8221;PAAVO NURMIS HEMG\u00c5RD&#8221; text_orientation=&#8221;center&#8221; header_fullscreen=&#8221;on&#8221; button_one_url=&#8221;#&#8221; button_two_url=&#8221;#&#8221; admin_label=&#8221;Hero Section&#8221; module_class=&#8221;fw&#8211;header&#8221; _builder_version=&#8221;4.23.1&#8243; _module_preset=&#8221;default&#8221; background_enable_color=&#8221;off&#8221; custom_button_one=&#8221;on&#8221; custom_button_two=&#8221;on&#8221; module_alignment=&#8221;left&#8221; button_one_text_color_hover=&#8221;#6eba01&#8243; button_two_text_color_hover=&#8221;#6eba01&#8243; button_one_border_color_hover=&#8221;#ffffff&#8221; button_two_border_color_hover=&#8221;#ffffff&#8221; button_one_border_radius_hover=&#8221;0&#8243; button_two_border_radius_hover=&#8221;0&#8243; button_one_letter_spacing_hover=&#8221;2&#8243; button_two_letter_spacing_hover=&#8221;2&#8243; button_one_bg_color_hover=&#8221;#ffffff&#8221; button_two_bg_color_hover=&#8221;#ffffff&#8221; global_colors_info=&#8221;{}&#8221;][\/et_pb_fullwidth_header][\/et_pb_section][et_pb_section fb_built=&#8221;1&#8243; admin_label=&#8221;content&#8211;section no&#8211;padding&#8221; module_class=&#8221;content&#8211;section small&#8211;padding&#8211;top  small&#8211;padding&#8211;bottom&#8221; _builder_version=&#8221;4.23&#8243; _module_preset=&#8221;default&#8221; animation_direction=&#8221;bottom&#8221; global_colors_info=&#8221;{}&#8221;][et_pb_row column_structure=&#8221;2_3,1_3&#8243; use_custom_gutter=&#8221;on&#8221; gutter_width=&#8221;1&#8243; make_equal=&#8221;on&#8221; admin_label=&#8221;content&#8211;row fullwidth&#8211;row no&#8211;padding&#8221; module_class=&#8221;content&#8211;row fullwidth&#8211;row no&#8211;padding &#8221; _builder_version=&#8221;4.23&#8243; _module_preset=&#8221;default&#8221; background_size=&#8221;initial&#8221; background_position=&#8221;top_left&#8221; background_repeat=&#8221;repeat&#8221; width_tablet=&#8221;100%&#8221; width_phone=&#8221;100%&#8221; width_last_edited=&#8221;off|desktop&#8221; max_width_tablet=&#8221;100%&#8221; max_width_phone=&#8221;100%&#8221; max_width_last_edited=&#8221;off|desktop&#8221; make_fullwidth=&#8221;on&#8221; global_colors_info=&#8221;{}&#8221;][et_pb_column type=&#8221;2_3&#8243; module_class=&#8221;special&#8211;content&#8211;column&#8221; _builder_version=&#8221;4.23&#8243; _module_preset=&#8221;default&#8221; background_enable_image=&#8221;off&#8221; background_position=&#8221;top_left&#8221; custom_padding=&#8221;|||&#8221; global_colors_info=&#8221;{}&#8221; custom_padding__hover=&#8221;|||&#8221;][et_pb_cta button_url=&#8221;#&#8221; admin_label=&#8221;SIS\u00c4RADOILLA SANKKA SAVU JA HELVETILLINEN HUUTO&#8221; module_class=&#8221;ela tertiary-bg&#8221; _builder_version=&#8221;4.24.2&#8243; _module_preset=&#8221;default&#8221; use_background_color=&#8221;off&#8221; custom_button=&#8221;on&#8221; text_orientation=&#8221;left&#8221; module_alignment=&#8221;left&#8221; custom_margin=&#8221;|||&#8221; custom_padding=&#8221;|||&#8221; animation_direction=&#8221;bottom&#8221; hover_enabled=&#8221;0&#8243; text_orientation_tablet=&#8221;center&#8221; text_orientation_phone=&#8221;center&#8221; text_orientation_last_edited=&#8221;on|tablet&#8221; button_text_color_hover=&#8221;#6eba01&#8243; button_border_color_hover=&#8221;#6eba01&#8243; button_border_radius_hover=&#8221;0&#8243; button_letter_spacing_hover=&#8221;2&#8243; button_bg_color_hover=&#8221;rgba(0,0,0,0)&#8221; saved_tabs=&#8221;all&#8221; locked=&#8221;off&#8221; global_colors_info=&#8221;{}&#8221; button_one_text_size__hover_enabled=&#8221;off&#8221; button_two_text_size__hover_enabled=&#8221;off&#8221; button_one_text_color__hover_enabled=&#8221;off&#8221; button_two_text_color__hover_enabled=&#8221;off&#8221; button_one_border_width__hover_enabled=&#8221;off&#8221; button_two_border_width__hover_enabled=&#8221;off&#8221; button_one_border_color__hover_enabled=&#8221;off&#8221; button_two_border_color__hover_enabled=&#8221;off&#8221; button_one_border_radius__hover_enabled=&#8221;off&#8221; button_two_border_radius__hover_enabled=&#8221;off&#8221; button_one_letter_spacing__hover_enabled=&#8221;off&#8221; button_two_letter_spacing__hover_enabled=&#8221;off&#8221; button_one_bg_color__hover_enabled=&#8221;off&#8221; button_two_bg_color__hover_enabled=&#8221;off&#8221; sticky_enabled=&#8221;0&#8243;]<\/p>\n<p>Finlands Idrottsmuseum uppr\u00e4tth\u00e5ller Paavo Nurmis hemmuseum i \u00c5bo p\u00e5 Bromsaregatan 4 bost. 17. Hemg\u00e5rden \u00e4r \u00f6ppen f\u00f6r allm\u00e4nheten p\u00e5 Paavo Nurmis f\u00f6delsedag den 13 juni samt p\u00e5 andra tider enligt f\u00f6rhandsbest\u00e4llning (<a href=\"mailto:info@paavonurmigames.fi\">info@paavonurmigames.fi<\/a>).<\/p>\n<p>Paavo Nurmis far Johan Nurmi k\u00f6pte bostaden p\u00e5 ett rum och k\u00f6k p\u00e5 Bromsaregatan 4 i \u00c5bo \u00e5r 1903. Bostadsaktiebolaget som var byggt f\u00f6r arbetare bestod av tre env\u00e5ningshus i tr\u00e4 som omgav en stor g\u00e5rd. Familjen Nurmis bostad p\u00e5 ca 40 kvadrat l\u00e5g i \u00e4ndan av huset l\u00e4ngst bak p\u00e5 g\u00e5rden. Johan Nurmi var en skicklig snickare och tillverkade sj\u00e4lv alla m\u00f6bler till det lilla hemmet.<\/p>\n<p>Johan Nurmi dog 1910 och Paavos mor Matilda Nurmi blev ensam kvar att f\u00f6rs\u00f6rja fem barn. Paavo var tolv \u00e5r (f. 1897), Siiri tio (f. 1898), Saara sju (f. 1902), Martti fyra (f. 1905) och Lahja var drygt ett \u00e5r gammal (f. 1908). Lahja, det yngsta barnet, dog drygt ett \u00e5r senare inte ens 3 \u00e5r gammal.<\/p>\n<p>Familjens ekonomi var anstr\u00e4ngd, f\u00f6r st\u00f6rsta delen av l\u00e5net f\u00f6r bostaden var \u00e4nnu obetald d\u00e5 fadern dog. Paavos mor fick jobb p\u00e5 ett bygge som hj\u00e4lpreda \u00e5t en murare och som st\u00e4derska. Paavo kunde inte heller forts\u00e4tta sin skolg\u00e5ng, utan var tvungen att s\u00f6ka arbete f\u00f6r att hj\u00e4lpa modern att f\u00f6rs\u00f6rja familjen. L\u00e4shuvud skulle Paavo nog ha haft, f\u00f6r i avg\u00e5ngsbetyget fr\u00e5n folkskolan fick han nior och tior i alla l\u00e4s\u00e4mnen. Med ett s\u00e5dant betyg skulle han utan sv\u00e5righet ha kommit in p\u00e5 lyceum, om det bara hade funnits pengar. Paavos f\u00f6rsta arbete var som springpojke p\u00e5 ett bageri.<\/p>\n<p>Inte ens tv\u00e5 inkomster r\u00e4ckte till f\u00f6r att t\u00e4cka levnadskostnaderna, s\u00e5 Matilda Nurmi var tvungen att hyra ut k\u00f6ket till en annan arbetarfamilj. Familjen levde under mycket anspr\u00e5ksl\u00f6sa f\u00f6rh\u00e5llanden. I n\u00e4stan fyra \u00e5r bodde hela familjen p\u00e5 fem personer i den lilla kammaren och tillredde sin mat i kakelugnen. De sov i en tr\u00e4soffa och bocks\u00e4ngar.<\/p>\n<p>Det var f\u00f6rst 1920 som familjen Nurmi kunde ta \u00f6ver hela bostaden p\u00e5 Bromsaregatan igen efter att Paavo \u00e5terv\u00e4nt fr\u00e5n de olympiska spelen i Antwerpen. Tack vare sina olympiska segrar hade Paavo blivit s\u00e5 pass f\u00f6rm\u00f6gen att man kunde skaffa elektrisk belysning till bostaden och rinnande vatten till k\u00f6ket. Dessutom k\u00f6pte man moderna, fabrikstillverkade m\u00f6bler. I kammaren fanns t.o.m. en symaskin och en grammofon som Paavo vunnit i l\u00f6pt\u00e4vlingar. Matilda Nurmi kunde nu sluta arbeta och koncentrera sig p\u00e5 att sk\u00f6ta hemmet.<\/p>\n<p>Ib\u00f6rjan av 1920-talet studerade Paavo Nurmi i industriskola i Helsingfors och bes\u00f6kte ibland Bromsaregatan under veckosluten. V\u00e5ren 1924 \u00e5terv\u00e4nde han till \u00c5bo och sin gamla hemg\u00e5rd f\u00f6r att i bekanta omgivningar f\u00f6rbereda sig inf\u00f6r de olympiska spelen i Paris.<\/p>\n<p>Paavo Nurmi flyttade fr\u00e5n Bromsaregatan f\u00f6r gott n\u00e4r han gifte sig med Sylvi Laaksonen i maj 1932. Efter att \u00e4ktenskapet slutat i skilsm\u00e4ssa bodde Paavo Nurmi p\u00e5 olika adresser i \u00c5bo fram till 1935 d\u00e5 han blev fast bosatt i Helsingfors.<\/p>\n<p>Matilda Nurmi bodde p\u00e5 Bromsaregatan fram till sin d\u00f6d 1936. Syskonen Siiri och Matti, som b\u00e5da var ogifta, samt Saara, som blivit \u00e4nka 1946, bodde kvar i sin gamla hemg\u00e5rd \u00e4nda fram till 1960.<\/p>\n<p>I b\u00f6rjan av 1960-talet \u00f6vergick bostaden i annan \u00e4go och dess skick f\u00f6rs\u00e4mrades sm\u00e5ningom. N\u00e4r hundra\u00e5rsjubileet av Paavo Nurmis f\u00f6delse n\u00e4rmade sig, b\u00f6rjade \u00c5bo stad renovera bostaden och den \u00f6ppnades f\u00f6r allm\u00e4nheten den 10 juni 1997. D\u00e5 fanns d\u00e4r en liten minnesutst\u00e4llning sammanst\u00e4lld av \u00c5bo landskapsmuseum.<\/p>\n<p><em>Finlands Idrottsmuseum hyrde bostaden, som \u00e4gdes av \u00c5bo stad, fr.o.m. den 1 januari 2000 och inredde den i 1920-talsstil med samma sorts f\u00f6rem\u00e5l som familjen Nurmi hade haft. Tapeterna i bostaden byttes ut f\u00f6r att \u00f6verensst\u00e4mma med de tapetmodeller som anv\u00e4ndes p\u00e5 1920-talet. Bostaden har ocks\u00e5 inretts med en del av de ursprungliga f\u00f6rem\u00e5len: linnet i s\u00e4ngarna b\u00e4r Siiri och Saara Nurmis monogram och p\u00e5 k\u00f6ksbordet st\u00e5r tallrikar som familjen Nurmi anv\u00e4nde. I kammaren st\u00e5r grammofonen som Paavo Nurmi vann i en l\u00f6pt\u00e4vling en g\u00e5ng i tiden.<\/em><\/p>\n<p>[\/et_pb_cta][\/et_pb_column][et_pb_column type=&#8221;1_3&#8243; admin_label=&#8221;fullwidth&#8211;column&#8211;grid&#8211;padding&#8221; _builder_version=&#8221;4.23&#8243; _module_preset=&#8221;default&#8221; background_enable_color=&#8221;off&#8221; background_position=&#8221;top_left&#8221; global_colors_info=&#8221;{}&#8221; custom_padding__hover=&#8221;|||&#8221;][et_pb_image src=&#8221;\/wp-content\/uploads\/2023\/10\/pn_kotitalo_1.jpg&#8221; show_in_lightbox=&#8221;on&#8221; module_class=&#8221;ela&#8211;image&#8221; _builder_version=&#8221;4.23&#8243; _module_preset=&#8221;default&#8221; global_colors_info=&#8221;{}&#8221;][\/et_pb_image][et_pb_image src=&#8221;\/wp-content\/uploads\/2023\/10\/pn_kotitalo_2.jpg&#8221; show_in_lightbox=&#8221;on&#8221; module_class=&#8221;ela&#8211;image&#8221; _builder_version=&#8221;4.23&#8243; _module_preset=&#8221;default&#8221; global_colors_info=&#8221;{}&#8221;][\/et_pb_image][et_pb_image src=&#8221;\/wp-content\/uploads\/2023\/10\/pn_kotitalo_3.jpg&#8221; show_in_lightbox=&#8221;on&#8221; module_class=&#8221;ela&#8211;image&#8221; _builder_version=&#8221;4.23&#8243; _module_preset=&#8221;default&#8221; global_colors_info=&#8221;{}&#8221;][\/et_pb_image][\/et_pb_column][\/et_pb_row][\/et_pb_section]<\/p>\n","protected":false},"excerpt":{"rendered":"<p>Finlands Idrottsmuseum uppr\u00e4tth\u00e5ller Paavo Nurmis hemmuseum i \u00c5bo p\u00e5 Bromsaregatan 4 bost. 17. Hemg\u00e5rden \u00e4r \u00f6ppen f\u00f6r allm\u00e4nheten p\u00e5 Paavo Nurmis f\u00f6delsedag den 13 juni samt p\u00e5 andra tider enligt f\u00f6rhandsbest\u00e4llning (info@paavonurmigames.fi). Paavo Nurmis far Johan Nurmi k\u00f6pte bostaden p\u00e5 ett rum och k\u00f6k p\u00e5 Bromsaregatan 4 i \u00c5bo \u00e5r 1903. Bostadsaktiebolaget som var byggt [&hellip;]<\/p>\n","protected":false},"author":1,"featured_media":0,"parent":0,"menu_order":0,"comment_status":"closed","ping_status":"closed","template":"","meta":{"_et_pb_use_builder":"on","_et_pb_old_content":"","_et_gb_content_width":"","footnotes":""},"class_list":["post-1281","page","type-page","status-publish","hentry"],"yoast_head":"<!-- This site is optimized with the Yoast SEO plugin v22.3 - https:\/\/yoast.com\/wordpress\/plugins\/seo\/ -->\n<title>Hemg\u00e5rd - Paavo Nurmi THE FLYING FINN<\/title>\n<meta name=\"robots\" content=\"index, follow, max-snippet:-1, max-image-preview:large, max-video-preview:-1\" \/>\n<link rel=\"canonical\" href=\"https:\/\/paavonurmi.fi\/sv\/hemgard\/\" \/>\n<meta property=\"og:locale\" content=\"sv_SE\" \/>\n<meta property=\"og:type\" content=\"article\" \/>\n<meta property=\"og:title\" content=\"Hemg\u00e5rd - Paavo Nurmi THE FLYING FINN\" \/>\n<meta property=\"og:description\" content=\"Finlands Idrottsmuseum uppr\u00e4tth\u00e5ller Paavo Nurmis hemmuseum i \u00c5bo p\u00e5 Bromsaregatan 4 bost. 17. Hemg\u00e5rden \u00e4r \u00f6ppen f\u00f6r allm\u00e4nheten p\u00e5 Paavo Nurmis f\u00f6delsedag den 13 juni samt p\u00e5 andra tider enligt f\u00f6rhandsbest\u00e4llning (info@paavonurmigames.fi). Paavo Nurmis far Johan Nurmi k\u00f6pte bostaden p\u00e5 ett rum och k\u00f6k p\u00e5 Bromsaregatan 4 i \u00c5bo \u00e5r 1903. Bostadsaktiebolaget som var byggt [&hellip;]\" \/>\n<meta property=\"og:url\" content=\"https:\/\/paavonurmi.fi\/sv\/hemgard\/\" \/>\n<meta property=\"og:site_name\" content=\"Paavo Nurmi THE FLYING FINN\" \/>\n<meta property=\"article:modified_time\" content=\"2024-06-11T09:01:36+00:00\" \/>\n<meta name=\"twitter:card\" content=\"summary_large_image\" \/>\n<meta name=\"twitter:label1\" content=\"Ber\u00e4knad l\u00e4stid\" \/>\n\t<meta name=\"twitter:data1\" content=\"5 minuter\" \/>\n<script type=\"application\/ld+json\" class=\"yoast-schema-graph\">{\"@context\":\"https:\/\/schema.org\",\"@graph\":[{\"@type\":\"WebPage\",\"@id\":\"https:\/\/paavonurmi.fi\/sv\/hemgard\/\",\"url\":\"https:\/\/paavonurmi.fi\/sv\/hemgard\/\",\"name\":\"Hemg\u00e5rd - Paavo Nurmi THE FLYING FINN\",\"isPartOf\":{\"@id\":\"https:\/\/paavonurmi.fi\/#website\"},\"datePublished\":\"2023-10-24T09:18:17+00:00\",\"dateModified\":\"2024-06-11T09:01:36+00:00\",\"breadcrumb\":{\"@id\":\"https:\/\/paavonurmi.fi\/sv\/hemgard\/#breadcrumb\"},\"inLanguage\":\"sv-SE\",\"potentialAction\":[{\"@type\":\"ReadAction\",\"target\":[\"https:\/\/paavonurmi.fi\/sv\/hemgard\/\"]}]},{\"@type\":\"BreadcrumbList\",\"@id\":\"https:\/\/paavonurmi.fi\/sv\/hemgard\/#breadcrumb\",\"itemListElement\":[{\"@type\":\"ListItem\",\"position\":1,\"name\":\"Home\",\"item\":\"https:\/\/paavonurmi.fi\/sv\/\"},{\"@type\":\"ListItem\",\"position\":2,\"name\":\"Hemg\u00e5rd\"}]},{\"@type\":\"WebSite\",\"@id\":\"https:\/\/paavonurmi.fi\/#website\",\"url\":\"https:\/\/paavonurmi.fi\/\",\"name\":\"Paavo Nurmi THE FLYING FINN\",\"description\":\"Paavo Nurmi THE FLYING FINN\",\"potentialAction\":[{\"@type\":\"SearchAction\",\"target\":{\"@type\":\"EntryPoint\",\"urlTemplate\":\"https:\/\/paavonurmi.fi\/?s={search_term_string}\"},\"query-input\":\"required name=search_term_string\"}],\"inLanguage\":\"sv-SE\"}]}<\/script>\n<!-- \/ Yoast SEO plugin. -->","yoast_head_json":{"title":"Hemg\u00e5rd - Paavo Nurmi THE FLYING FINN","robots":{"index":"index","follow":"follow","max-snippet":"max-snippet:-1","max-image-preview":"max-image-preview:large","max-video-preview":"max-video-preview:-1"},"canonical":"https:\/\/paavonurmi.fi\/sv\/hemgard\/","og_locale":"sv_SE","og_type":"article","og_title":"Hemg\u00e5rd - Paavo Nurmi THE FLYING FINN","og_description":"Finlands Idrottsmuseum uppr\u00e4tth\u00e5ller Paavo Nurmis hemmuseum i \u00c5bo p\u00e5 Bromsaregatan 4 bost. 17. Hemg\u00e5rden \u00e4r \u00f6ppen f\u00f6r allm\u00e4nheten p\u00e5 Paavo Nurmis f\u00f6delsedag den 13 juni samt p\u00e5 andra tider enligt f\u00f6rhandsbest\u00e4llning (info@paavonurmigames.fi). Paavo Nurmis far Johan Nurmi k\u00f6pte bostaden p\u00e5 ett rum och k\u00f6k p\u00e5 Bromsaregatan 4 i \u00c5bo \u00e5r 1903. Bostadsaktiebolaget som var byggt [&hellip;]","og_url":"https:\/\/paavonurmi.fi\/sv\/hemgard\/","og_site_name":"Paavo Nurmi THE FLYING FINN","article_modified_time":"2024-06-11T09:01:36+00:00","twitter_card":"summary_large_image","twitter_misc":{"Ber\u00e4knad l\u00e4stid":"5 minuter"},"schema":{"@context":"https:\/\/schema.org","@graph":[{"@type":"WebPage","@id":"https:\/\/paavonurmi.fi\/sv\/hemgard\/","url":"https:\/\/paavonurmi.fi\/sv\/hemgard\/","name":"Hemg\u00e5rd - Paavo Nurmi THE FLYING FINN","isPartOf":{"@id":"https:\/\/paavonurmi.fi\/#website"},"datePublished":"2023-10-24T09:18:17+00:00","dateModified":"2024-06-11T09:01:36+00:00","breadcrumb":{"@id":"https:\/\/paavonurmi.fi\/sv\/hemgard\/#breadcrumb"},"inLanguage":"sv-SE","potentialAction":[{"@type":"ReadAction","target":["https:\/\/paavonurmi.fi\/sv\/hemgard\/"]}]},{"@type":"BreadcrumbList","@id":"https:\/\/paavonurmi.fi\/sv\/hemgard\/#breadcrumb","itemListElement":[{"@type":"ListItem","position":1,"name":"Home","item":"https:\/\/paavonurmi.fi\/sv\/"},{"@type":"ListItem","position":2,"name":"Hemg\u00e5rd"}]},{"@type":"WebSite","@id":"https:\/\/paavonurmi.fi\/#website","url":"https:\/\/paavonurmi.fi\/","name":"Paavo Nurmi THE FLYING FINN","description":"Paavo Nurmi THE FLYING FINN","potentialAction":[{"@type":"SearchAction","target":{"@type":"EntryPoint","urlTemplate":"https:\/\/paavonurmi.fi\/?s={search_term_string}"},"query-input":"required name=search_term_string"}],"inLanguage":"sv-SE"}]}},"_links":{"self":[{"href":"https:\/\/paavonurmi.fi\/sv\/wp-json\/wp\/v2\/pages\/1281","targetHints":{"allow":["GET"]}}],"collection":[{"href":"https:\/\/paavonurmi.fi\/sv\/wp-json\/wp\/v2\/pages"}],"about":[{"href":"https:\/\/paavonurmi.fi\/sv\/wp-json\/wp\/v2\/types\/page"}],"author":[{"embeddable":true,"href":"https:\/\/paavonurmi.fi\/sv\/wp-json\/wp\/v2\/users\/1"}],"replies":[{"embeddable":true,"href":"https:\/\/paavonurmi.fi\/sv\/wp-json\/wp\/v2\/comments?post=1281"}],"version-history":[{"count":4,"href":"https:\/\/paavonurmi.fi\/sv\/wp-json\/wp\/v2\/pages\/1281\/revisions"}],"predecessor-version":[{"id":1838,"href":"https:\/\/paavonurmi.fi\/sv\/wp-json\/wp\/v2\/pages\/1281\/revisions\/1838"}],"wp:attachment":[{"href":"https:\/\/paavonurmi.fi\/sv\/wp-json\/wp\/v2\/media?parent=1281"}],"curies":[{"name":"wp","href":"https:\/\/api.w.org\/{rel}","templated":true}]}}