{"id":1300,"date":"2023-10-24T12:57:20","date_gmt":"2023-10-24T09:57:20","guid":{"rendered":"https:\/\/paavonurmi.fi\/quotes\/"},"modified":"2023-12-21T10:58:16","modified_gmt":"2023-12-21T08:58:16","slug":"citat","status":"publish","type":"page","link":"https:\/\/paavonurmi.fi\/sv\/citat\/","title":{"rendered":"Citat"},"content":{"rendered":"<p>[et_pb_section fb_built=&#8221;1&#8243; fullwidth=&#8221;on&#8221; admin_label=&#8221;Page Header&#8221; module_class=&#8221;hero&#8211;section&#8221; _builder_version=&#8221;4.23.1&#8243; _module_preset=&#8221;default&#8221; background_image=&#8221;\/wp-content\/uploads\/2023\/12\/Paavo-Nurmi-Helsinki-1952.jpg&#8221; hover_enabled=&#8221;0&#8243; global_colors_info=&#8221;{}&#8221; sticky_enabled=&#8221;0&#8243;][et_pb_fullwidth_header title=&#8221;NURMI MED ANDRAS \u00d6GON&#8221; text_orientation=&#8221;center&#8221; header_fullscreen=&#8221;on&#8221; button_one_url=&#8221;#&#8221; button_two_url=&#8221;#&#8221; admin_label=&#8221;Hero Section&#8221; module_class=&#8221;fw&#8211;header&#8221; _builder_version=&#8221;4.23.1&#8243; _module_preset=&#8221;default&#8221; background_enable_color=&#8221;off&#8221; custom_button_one=&#8221;on&#8221; custom_button_two=&#8221;on&#8221; module_alignment=&#8221;left&#8221; button_one_text_color_hover=&#8221;#6eba01&#8243; button_two_text_color_hover=&#8221;#6eba01&#8243; button_one_border_color_hover=&#8221;#ffffff&#8221; button_two_border_color_hover=&#8221;#ffffff&#8221; button_one_border_radius_hover=&#8221;0&#8243; button_two_border_radius_hover=&#8221;0&#8243; button_one_letter_spacing_hover=&#8221;2&#8243; button_two_letter_spacing_hover=&#8221;2&#8243; button_one_bg_color_hover=&#8221;#ffffff&#8221; button_two_bg_color_hover=&#8221;#ffffff&#8221; global_colors_info=&#8221;{}&#8221;][\/et_pb_fullwidth_header][\/et_pb_section][et_pb_section fb_built=&#8221;1&#8243; admin_label=&#8221;content&#8211;section no&#8211;padding&#8221; module_class=&#8221;content&#8211;section small&#8211;padding&#8211;top  small&#8211;padding&#8211;bottom&#8221; _builder_version=&#8221;4.23&#8243; _module_preset=&#8221;default&#8221; animation_direction=&#8221;bottom&#8221; global_colors_info=&#8221;{}&#8221;][et_pb_row column_structure=&#8221;2_3,1_3&#8243; use_custom_gutter=&#8221;on&#8221; gutter_width=&#8221;1&#8243; make_equal=&#8221;on&#8221; admin_label=&#8221;content&#8211;row fullwidth&#8211;row no&#8211;padding&#8221; module_class=&#8221;content&#8211;row fullwidth&#8211;row no&#8211;padding &#8221; _builder_version=&#8221;4.23&#8243; _module_preset=&#8221;default&#8221; background_size=&#8221;initial&#8221; background_position=&#8221;top_left&#8221; background_repeat=&#8221;repeat&#8221; width_tablet=&#8221;100%&#8221; width_phone=&#8221;100%&#8221; width_last_edited=&#8221;off|desktop&#8221; max_width_tablet=&#8221;100%&#8221; max_width_phone=&#8221;100%&#8221; max_width_last_edited=&#8221;off|desktop&#8221; make_fullwidth=&#8221;on&#8221; global_colors_info=&#8221;{}&#8221;][et_pb_column type=&#8221;2_3&#8243; module_class=&#8221;special&#8211;content&#8211;column&#8221; _builder_version=&#8221;4.23&#8243; _module_preset=&#8221;default&#8221; background_enable_image=&#8221;off&#8221; background_position=&#8221;top_left&#8221; custom_padding=&#8221;|||&#8221; global_colors_info=&#8221;{}&#8221; custom_padding__hover=&#8221;|||&#8221;][et_pb_cta button_url=&#8221;#&#8221; admin_label=&#8221;Cordner Nelson, Track\u2019s Greatest Champions. Tafnews Press 1986.&#8221; module_class=&#8221;ela tertiary-bg&#8221; _builder_version=&#8221;4.23.1&#8243; _module_preset=&#8221;default&#8221; use_background_color=&#8221;off&#8221; custom_button=&#8221;on&#8221; text_orientation=&#8221;left&#8221; module_alignment=&#8221;left&#8221; custom_margin=&#8221;|||&#8221; custom_padding=&#8221;|||&#8221; animation_direction=&#8221;bottom&#8221; text_orientation_tablet=&#8221;center&#8221; text_orientation_phone=&#8221;center&#8221; text_orientation_last_edited=&#8221;on|tablet&#8221; button_text_color_hover=&#8221;#6eba01&#8243; button_border_color_hover=&#8221;#6eba01&#8243; button_border_radius_hover=&#8221;0&#8243; button_letter_spacing_hover=&#8221;2&#8243; button_bg_color_hover=&#8221;rgba(0,0,0,0)&#8221; saved_tabs=&#8221;all&#8221; locked=&#8221;off&#8221; global_colors_info=&#8221;{}&#8221; button_one_text_size__hover_enabled=&#8221;off&#8221; button_two_text_size__hover_enabled=&#8221;off&#8221; button_one_text_color__hover_enabled=&#8221;off&#8221; button_two_text_color__hover_enabled=&#8221;off&#8221; button_one_border_width__hover_enabled=&#8221;off&#8221; button_two_border_width__hover_enabled=&#8221;off&#8221; button_one_border_color__hover_enabled=&#8221;off&#8221; button_two_border_color__hover_enabled=&#8221;off&#8221; button_one_border_radius__hover_enabled=&#8221;off&#8221; button_two_border_radius__hover_enabled=&#8221;off&#8221; button_one_letter_spacing__hover_enabled=&#8221;off&#8221; button_two_letter_spacing__hover_enabled=&#8221;off&#8221; button_one_bg_color__hover_enabled=&#8221;off&#8221; button_two_bg_color__hover_enabled=&#8221;off&#8221;]<\/p>\n<p>Han har haft en st\u00f6rre inverkan p\u00e5 l\u00f6parv\u00e4rlden \u00e4n n\u00e5gon annan b\u00e5de f\u00f6re och efter. Mer \u00e4n n\u00e5gon annan gjorde han l\u00f6pning till en stor idrott i den internationella publikens \u00f6gon och denna publik hyllade honom som en av de st\u00f6rsta idrottarna genom tiderna.<\/p>\n<p><strong><em>Cordner Nelson, Track\u2019s Greatest Champions. Tafnews Press 1986.<\/em><\/strong><\/p>\n<p>[\/et_pb_cta][et_pb_cta button_url=&#8221;#&#8221; admin_label=&#8221;Roberto L. Quercetani, Athletics : A History of Modern Track and Field Athletics (1860-1990). Vallardi &#038; Associati, Milan 1990.&#8221; module_class=&#8221;ela &#8221; _builder_version=&#8221;4.23.1&#8243; _module_preset=&#8221;default&#8221; use_background_color=&#8221;off&#8221; custom_button=&#8221;on&#8221; text_orientation=&#8221;left&#8221; module_alignment=&#8221;left&#8221; custom_margin=&#8221;|||&#8221; custom_padding=&#8221;|||&#8221; animation_direction=&#8221;bottom&#8221; text_orientation_tablet=&#8221;center&#8221; text_orientation_phone=&#8221;center&#8221; text_orientation_last_edited=&#8221;on|tablet&#8221; button_text_color_hover=&#8221;#6eba01&#8243; button_border_color_hover=&#8221;#6eba01&#8243; button_border_radius_hover=&#8221;0&#8243; button_letter_spacing_hover=&#8221;2&#8243; button_bg_color_hover=&#8221;rgba(0,0,0,0)&#8221; saved_tabs=&#8221;all&#8221; locked=&#8221;off&#8221; global_colors_info=&#8221;{}&#8221; button_one_text_size__hover_enabled=&#8221;off&#8221; button_two_text_size__hover_enabled=&#8221;off&#8221; button_one_text_color__hover_enabled=&#8221;off&#8221; button_two_text_color__hover_enabled=&#8221;off&#8221; button_one_border_width__hover_enabled=&#8221;off&#8221; button_two_border_width__hover_enabled=&#8221;off&#8221; button_one_border_color__hover_enabled=&#8221;off&#8221; button_two_border_color__hover_enabled=&#8221;off&#8221; button_one_border_radius__hover_enabled=&#8221;off&#8221; button_two_border_radius__hover_enabled=&#8221;off&#8221; button_one_letter_spacing__hover_enabled=&#8221;off&#8221; button_two_letter_spacing__hover_enabled=&#8221;off&#8221; button_one_bg_color__hover_enabled=&#8221;off&#8221; button_two_bg_color__hover_enabled=&#8221;off&#8221;]<\/p>\n<p>Under sina senare \u00e5r analyserade Nurmi kritiskt sitt tr\u00e4ningsprogram. Hans dagliga rutiner, som mer \u00e4n v\u00e4l r\u00e4ckte till under hans tid, bestod huvudsakligen av l\u00e5nga och relativt l\u00e5ngsamma l\u00f6pturer som vanligen f\u00f6regicks av lika l\u00e5nga promenader. J\u00e4mf\u00f6rt med dagens l\u00f6pare som ofta till\u00e4mpar  pressande tr\u00e4ningsmetoder, ter sig Nurmis dagliga ransoner sj\u00e4lvfallet otillr\u00e4ckliga i synnerhet vad g\u00e4ller kvalitet. Han har sj\u00e4lv medgett att han b\u00f6rjade fundera p\u00e5 hastighetstr\u00e4ning f\u00f6rst i slutet av sin karri\u00e4r. Nurmis stora merit var att han f\u00f6rstod vikten av att h\u00e5lla en j\u00e4mn hastighet, men man kan \u00e4ven p\u00e5st\u00e5 att denna princip begr\u00e4nsade honom som l\u00f6pare och f\u00f6rmodligen hindrade honom fr\u00e5n att utnyttja hela sin potential. I sitt r\u00e4tta historiska sammanhang kan Nurmis prestationer dock endast beskrivas som fantastiska.<\/p>\n<p><strong><em>Roberto L. Quercetani, Athletics : A History of Modern Track and Field Athletics (1860-1990). Vallardi &#038; Associati, Milan 1990.<\/em><\/strong><\/p>\n<p>[\/et_pb_cta][et_pb_cta button_url=&#8221;#&#8221; admin_label=&#8221;Gabriel Hanot, Le miroir des sports, 1924.&#8221; module_class=&#8221;ela tertiary-bg&#8221; _builder_version=&#8221;4.23.1&#8243; _module_preset=&#8221;default&#8221; use_background_color=&#8221;off&#8221; custom_button=&#8221;on&#8221; text_orientation=&#8221;left&#8221; module_alignment=&#8221;left&#8221; custom_margin=&#8221;|||&#8221; custom_padding=&#8221;|||&#8221; animation_direction=&#8221;bottom&#8221; text_orientation_tablet=&#8221;center&#8221; text_orientation_phone=&#8221;center&#8221; text_orientation_last_edited=&#8221;on|tablet&#8221; button_text_color_hover=&#8221;#6eba01&#8243; button_border_color_hover=&#8221;#6eba01&#8243; button_border_radius_hover=&#8221;0&#8243; button_letter_spacing_hover=&#8221;2&#8243; button_bg_color_hover=&#8221;rgba(0,0,0,0)&#8221; saved_tabs=&#8221;all&#8221; locked=&#8221;off&#8221; global_colors_info=&#8221;{}&#8221; button_one_text_size__hover_enabled=&#8221;off&#8221; button_two_text_size__hover_enabled=&#8221;off&#8221; button_one_text_color__hover_enabled=&#8221;off&#8221; button_two_text_color__hover_enabled=&#8221;off&#8221; button_one_border_width__hover_enabled=&#8221;off&#8221; button_two_border_width__hover_enabled=&#8221;off&#8221; button_one_border_color__hover_enabled=&#8221;off&#8221; button_two_border_color__hover_enabled=&#8221;off&#8221; button_one_border_radius__hover_enabled=&#8221;off&#8221; button_two_border_radius__hover_enabled=&#8221;off&#8221; button_one_letter_spacing__hover_enabled=&#8221;off&#8221; button_two_letter_spacing__hover_enabled=&#8221;off&#8221; button_one_bg_color__hover_enabled=&#8221;off&#8221; button_two_bg_color__hover_enabled=&#8221;off&#8221;]<\/p>\n<p>Paavo Nurmi lever bortom m\u00e4nskligheten. Han \u00e4r st\u00e4ndigt allt mer allvarlig, sluten, koncentrerad, pessimistisk och fantastisk. Det finns en s\u00e5dan kyla och sj\u00e4lvbeh\u00e4rskning i honom att han aldrig ens f\u00f6r ett \u00f6gonblick f\u00f6rr\u00e5der sina k\u00e4nslor. (\u2026) Hurudan \u00e4r Nurmis mentalitet? Varf\u00f6r verkar han sakna m\u00e4nskliga drag? \u00c4r han en slav under idrotten, tr\u00e4ningen eller rekorden i den bem\u00e4rkelsen att han offrar kropp och sj\u00e4l utan minsta tanke, bekymmer eller lediga stund f\u00f6r v\u00e4rlden utanf\u00f6r? \u00c4r han inte en amat\u00f6r endast till namnet, denna 27-\u00e5riga idrottare som finl\u00e4ndarna kallar ingenj\u00f6rsstuderade och svenskarna professionell? \u00c4r Nurmi s\u00e5 \u00e4regirig och stolt att han ur sina segrar h\u00e4mtar en hemlig gl\u00e4dje, n\u00e5got mer \u00e4delt \u00e4n popularitet och \u00e4ven \u00e4ra? Eller \u00e4r han helt enkelt endast en man som har funnit sitt levebr\u00f6d i idrotten och som vill beh\u00e5lla sin kondition s\u00e5 l\u00e4nge som m\u00f6jligt? Det f\u00e5r framtiden utvisa. Det r\u00e5der i varje fall tvivel om huruvida Nurmi kan h\u00e5lla p\u00e5 mycket l\u00e4nge till. Vi har konstaterat att den finl\u00e4ndske m\u00e4staren \u00e4r tunnare, tystare, r\u00e5are och mer sluten \u00e4n tidigare, mer okroppslig. Denne exceptionelle idrottare, som av en eller annan anledning \u00e4r en av idrottens intensiva fanatiker, m\u00e5ste snart ge oss en l\u00f6sning p\u00e5 det levande mysterium som heter Paavo Nurmi.<\/p>\n<p><strong><em>Gabriel Hanot, Le miroir des sports, 1924.<\/em><\/strong><\/p>\n<p>[\/et_pb_cta][et_pb_cta button_url=&#8221;#&#8221; admin_label=&#8221;Ron Clarke kirjassa Ron Clarke &#038; Norman Harris, The Lonely Breed. Pelham Books 1967.&#8221; module_class=&#8221;ela &#8221; _builder_version=&#8221;4.23.1&#8243; _module_preset=&#8221;default&#8221; use_background_color=&#8221;off&#8221; custom_button=&#8221;on&#8221; text_orientation=&#8221;left&#8221; module_alignment=&#8221;left&#8221; custom_margin=&#8221;|||&#8221; custom_padding=&#8221;|||&#8221; animation_direction=&#8221;bottom&#8221; text_orientation_tablet=&#8221;center&#8221; text_orientation_phone=&#8221;center&#8221; text_orientation_last_edited=&#8221;on|tablet&#8221; button_text_color_hover=&#8221;#6eba01&#8243; button_border_color_hover=&#8221;#6eba01&#8243; button_border_radius_hover=&#8221;0&#8243; button_letter_spacing_hover=&#8221;2&#8243; button_bg_color_hover=&#8221;rgba(0,0,0,0)&#8221; saved_tabs=&#8221;all&#8221; locked=&#8221;off&#8221; global_colors_info=&#8221;{}&#8221; button_one_text_size__hover_enabled=&#8221;off&#8221; button_two_text_size__hover_enabled=&#8221;off&#8221; button_one_text_color__hover_enabled=&#8221;off&#8221; button_two_text_color__hover_enabled=&#8221;off&#8221; button_one_border_width__hover_enabled=&#8221;off&#8221; button_two_border_width__hover_enabled=&#8221;off&#8221; button_one_border_color__hover_enabled=&#8221;off&#8221; button_two_border_color__hover_enabled=&#8221;off&#8221; button_one_border_radius__hover_enabled=&#8221;off&#8221; button_two_border_radius__hover_enabled=&#8221;off&#8221; button_one_letter_spacing__hover_enabled=&#8221;off&#8221; button_two_letter_spacing__hover_enabled=&#8221;off&#8221; button_one_bg_color__hover_enabled=&#8221;off&#8221; button_two_bg_color__hover_enabled=&#8221;off&#8221;]<\/p>\n<p>Det \u00e4r oftast mycket sv\u00e5rt att exakt skildra en idrottares karakt\u00e4r. Men n\u00e4r det g\u00e4ller Paavo Nurmi \u00e4r det enkelt: b\u00e5de legenderna och k\u00e4nda fakta pekar p\u00e5 att denna idrottare \u2013 den st\u00f6rste genom tiderna \u2013 \u00e4r en stark, tystl\u00e5ten, h\u00e5rd och sj\u00e4lvs\u00e4ker person. Vi har satt ner en hel del tid och energi p\u00e5 att separera s\u00e4gnerna om \u201cden finske fantomen\u201d fr\u00e5n verkligheten. Men denna man utf\u00f6rde s\u00e5 m\u00e5nga otroliga stord\u00e5d och verkade inte intresserad av att f\u00f6rneka dessa legender (han varken f\u00f6rnekade eller bekr\u00e4ftade dem), att \u201clegenden\u201d blir mannen. Hans namn Paavo Nurmi var k\u00e4nt \u00f6ver hela v\u00e4rlden. Likas\u00e5 var namnen han fick av v\u00e4rldspressen: \u201cPeerless Paavo\u201d (Unike Paavo), \u201cPhantom Finn\u201d (Den finske fantomen). De andra finl\u00e4ndska l\u00f6parna, friidrottsexperterna och journalisterna verkar inte ha k\u00e4nt honom mycket b\u00e4ttre. Han var aldrig riktigt verklig f\u00f6r dem heller. Han var en g\u00e5tfull sfinx, omtvistad, en gud. Det verkar som om han hela tiden spelade en roll i ett drama. Emellertid kunde han likna legenderna som uppst\u00e5tt kring honom.  Han kanske rentav uppmuntrade till dem. Vem vet\u2026 Hur det \u00e4n var, stod Paavo Nurmi st\u00e5ndaktig och tyst en bit fr\u00e5n alla andra med absolut sj\u00e4lvdisciplin, gl\u00f6dande ambition, lite som idrottens svar p\u00e5 Napoleon Bonaparte.<\/p>\n<p><strong><em>Ron Clarke kirjassa Ron Clarke &#038; Norman Harris, The Lonely Breed. Pelham Books 1967.<\/em><\/strong><\/p>\n<p>[\/et_pb_cta][\/et_pb_column][et_pb_column type=&#8221;1_3&#8243; admin_label=&#8221;fullwidth&#8211;column&#8211;grid&#8211;padding&#8221; _builder_version=&#8221;4.23&#8243; _module_preset=&#8221;default&#8221; background_enable_color=&#8221;off&#8221; background_position=&#8221;top_left&#8221; global_colors_info=&#8221;{}&#8221; custom_padding__hover=&#8221;|||&#8221;][et_pb_image src=&#8221;\/wp-content\/uploads\/2023\/10\/pn_Nurmi-ja-Taisto-Maki-Amerikassa-1940.jpg&#8221; show_in_lightbox=&#8221;on&#8221; module_class=&#8221;ela&#8211;image&#8221; _builder_version=&#8221;4.23&#8243; _module_preset=&#8221;default&#8221; global_colors_info=&#8221;{}&#8221;][\/et_pb_image][et_pb_image src=&#8221;\/wp-content\/uploads\/2023\/10\/pn_Suomi-Ruotsi-maaottelu-1929.jpg&#8221; show_in_lightbox=&#8221;on&#8221; module_class=&#8221;ela&#8211;image&#8221; _builder_version=&#8221;4.23&#8243; _module_preset=&#8221;default&#8221; global_colors_info=&#8221;{}&#8221;][\/et_pb_image][et_pb_image src=&#8221;\/wp-content\/uploads\/2023\/10\/pn_Nurmi-ja-Maki-1940.jpg&#8221; show_in_lightbox=&#8221;on&#8221; module_class=&#8221;ela&#8211;image&#8221; _builder_version=&#8221;4.23&#8243; _module_preset=&#8221;default&#8221; global_colors_info=&#8221;{}&#8221;][\/et_pb_image][et_pb_image src=&#8221;\/wp-content\/uploads\/2023\/10\/pn_Terijoki-1928.jpg&#8221; show_in_lightbox=&#8221;on&#8221; module_class=&#8221;ela&#8211;image&#8221; _builder_version=&#8221;4.23&#8243; _module_preset=&#8221;default&#8221; global_colors_info=&#8221;{}&#8221;][\/et_pb_image][et_pb_image src=&#8221;\/wp-content\/uploads\/2023\/10\/pn_valmentaja-Nurmi.jpg&#8221; show_in_lightbox=&#8221;on&#8221; module_class=&#8221;ela&#8211;image&#8221; _builder_version=&#8221;4.23&#8243; _module_preset=&#8221;default&#8221; global_colors_info=&#8221;{}&#8221;][\/et_pb_image][\/et_pb_column][\/et_pb_row][\/et_pb_section]<\/p>\n","protected":false},"excerpt":{"rendered":"<p>Han har haft en st\u00f6rre inverkan p\u00e5 l\u00f6parv\u00e4rlden \u00e4n n\u00e5gon annan b\u00e5de f\u00f6re och efter. Mer \u00e4n n\u00e5gon annan gjorde han l\u00f6pning till en stor idrott i den internationella publikens \u00f6gon och denna publik hyllade honom som en av de st\u00f6rsta idrottarna genom tiderna. Cordner Nelson, Track\u2019s Greatest Champions. Tafnews Press 1986.Under sina senare \u00e5r [&hellip;]<\/p>\n","protected":false},"author":1,"featured_media":0,"parent":0,"menu_order":0,"comment_status":"closed","ping_status":"closed","template":"","meta":{"_et_pb_use_builder":"on","_et_pb_old_content":"","_et_gb_content_width":"","footnotes":""},"class_list":["post-1300","page","type-page","status-publish","hentry"],"yoast_head":"<!-- This site is optimized with the Yoast SEO plugin v22.3 - https:\/\/yoast.com\/wordpress\/plugins\/seo\/ -->\n<title>Citat - Paavo Nurmi THE FLYING FINN<\/title>\n<meta name=\"robots\" content=\"index, follow, max-snippet:-1, max-image-preview:large, max-video-preview:-1\" \/>\n<link rel=\"canonical\" href=\"https:\/\/paavonurmi.fi\/sv\/citat\/\" \/>\n<meta property=\"og:locale\" content=\"sv_SE\" \/>\n<meta property=\"og:type\" content=\"article\" \/>\n<meta property=\"og:title\" content=\"Citat - Paavo Nurmi THE FLYING FINN\" \/>\n<meta property=\"og:description\" content=\"Han har haft en st\u00f6rre inverkan p\u00e5 l\u00f6parv\u00e4rlden \u00e4n n\u00e5gon annan b\u00e5de f\u00f6re och efter. Mer \u00e4n n\u00e5gon annan gjorde han l\u00f6pning till en stor idrott i den internationella publikens \u00f6gon och denna publik hyllade honom som en av de st\u00f6rsta idrottarna genom tiderna. Cordner Nelson, Track\u2019s Greatest Champions. Tafnews Press 1986.Under sina senare \u00e5r [&hellip;]\" \/>\n<meta property=\"og:url\" content=\"https:\/\/paavonurmi.fi\/sv\/citat\/\" \/>\n<meta property=\"og:site_name\" content=\"Paavo Nurmi THE FLYING FINN\" \/>\n<meta property=\"article:modified_time\" content=\"2023-12-21T08:58:16+00:00\" \/>\n<meta name=\"twitter:card\" content=\"summary_large_image\" \/>\n<meta name=\"twitter:label1\" content=\"Ber\u00e4knad l\u00e4stid\" \/>\n\t<meta name=\"twitter:data1\" content=\"5 minuter\" \/>\n<script type=\"application\/ld+json\" class=\"yoast-schema-graph\">{\"@context\":\"https:\/\/schema.org\",\"@graph\":[{\"@type\":\"WebPage\",\"@id\":\"https:\/\/paavonurmi.fi\/sv\/citat\/\",\"url\":\"https:\/\/paavonurmi.fi\/sv\/citat\/\",\"name\":\"Citat - Paavo Nurmi THE FLYING FINN\",\"isPartOf\":{\"@id\":\"https:\/\/paavonurmi.fi\/#website\"},\"datePublished\":\"2023-10-24T09:57:20+00:00\",\"dateModified\":\"2023-12-21T08:58:16+00:00\",\"breadcrumb\":{\"@id\":\"https:\/\/paavonurmi.fi\/sv\/citat\/#breadcrumb\"},\"inLanguage\":\"sv-SE\",\"potentialAction\":[{\"@type\":\"ReadAction\",\"target\":[\"https:\/\/paavonurmi.fi\/sv\/citat\/\"]}]},{\"@type\":\"BreadcrumbList\",\"@id\":\"https:\/\/paavonurmi.fi\/sv\/citat\/#breadcrumb\",\"itemListElement\":[{\"@type\":\"ListItem\",\"position\":1,\"name\":\"Home\",\"item\":\"https:\/\/paavonurmi.fi\/sv\/\"},{\"@type\":\"ListItem\",\"position\":2,\"name\":\"Citat\"}]},{\"@type\":\"WebSite\",\"@id\":\"https:\/\/paavonurmi.fi\/#website\",\"url\":\"https:\/\/paavonurmi.fi\/\",\"name\":\"Paavo Nurmi THE FLYING FINN\",\"description\":\"Paavo Nurmi THE FLYING FINN\",\"potentialAction\":[{\"@type\":\"SearchAction\",\"target\":{\"@type\":\"EntryPoint\",\"urlTemplate\":\"https:\/\/paavonurmi.fi\/?s={search_term_string}\"},\"query-input\":\"required name=search_term_string\"}],\"inLanguage\":\"sv-SE\"}]}<\/script>\n<!-- \/ Yoast SEO plugin. -->","yoast_head_json":{"title":"Citat - Paavo Nurmi THE FLYING FINN","robots":{"index":"index","follow":"follow","max-snippet":"max-snippet:-1","max-image-preview":"max-image-preview:large","max-video-preview":"max-video-preview:-1"},"canonical":"https:\/\/paavonurmi.fi\/sv\/citat\/","og_locale":"sv_SE","og_type":"article","og_title":"Citat - Paavo Nurmi THE FLYING FINN","og_description":"Han har haft en st\u00f6rre inverkan p\u00e5 l\u00f6parv\u00e4rlden \u00e4n n\u00e5gon annan b\u00e5de f\u00f6re och efter. Mer \u00e4n n\u00e5gon annan gjorde han l\u00f6pning till en stor idrott i den internationella publikens \u00f6gon och denna publik hyllade honom som en av de st\u00f6rsta idrottarna genom tiderna. Cordner Nelson, Track\u2019s Greatest Champions. Tafnews Press 1986.Under sina senare \u00e5r [&hellip;]","og_url":"https:\/\/paavonurmi.fi\/sv\/citat\/","og_site_name":"Paavo Nurmi THE FLYING FINN","article_modified_time":"2023-12-21T08:58:16+00:00","twitter_card":"summary_large_image","twitter_misc":{"Ber\u00e4knad l\u00e4stid":"5 minuter"},"schema":{"@context":"https:\/\/schema.org","@graph":[{"@type":"WebPage","@id":"https:\/\/paavonurmi.fi\/sv\/citat\/","url":"https:\/\/paavonurmi.fi\/sv\/citat\/","name":"Citat - Paavo Nurmi THE FLYING FINN","isPartOf":{"@id":"https:\/\/paavonurmi.fi\/#website"},"datePublished":"2023-10-24T09:57:20+00:00","dateModified":"2023-12-21T08:58:16+00:00","breadcrumb":{"@id":"https:\/\/paavonurmi.fi\/sv\/citat\/#breadcrumb"},"inLanguage":"sv-SE","potentialAction":[{"@type":"ReadAction","target":["https:\/\/paavonurmi.fi\/sv\/citat\/"]}]},{"@type":"BreadcrumbList","@id":"https:\/\/paavonurmi.fi\/sv\/citat\/#breadcrumb","itemListElement":[{"@type":"ListItem","position":1,"name":"Home","item":"https:\/\/paavonurmi.fi\/sv\/"},{"@type":"ListItem","position":2,"name":"Citat"}]},{"@type":"WebSite","@id":"https:\/\/paavonurmi.fi\/#website","url":"https:\/\/paavonurmi.fi\/","name":"Paavo Nurmi THE FLYING FINN","description":"Paavo Nurmi THE FLYING FINN","potentialAction":[{"@type":"SearchAction","target":{"@type":"EntryPoint","urlTemplate":"https:\/\/paavonurmi.fi\/?s={search_term_string}"},"query-input":"required name=search_term_string"}],"inLanguage":"sv-SE"}]}},"_links":{"self":[{"href":"https:\/\/paavonurmi.fi\/sv\/wp-json\/wp\/v2\/pages\/1300","targetHints":{"allow":["GET"]}}],"collection":[{"href":"https:\/\/paavonurmi.fi\/sv\/wp-json\/wp\/v2\/pages"}],"about":[{"href":"https:\/\/paavonurmi.fi\/sv\/wp-json\/wp\/v2\/types\/page"}],"author":[{"embeddable":true,"href":"https:\/\/paavonurmi.fi\/sv\/wp-json\/wp\/v2\/users\/1"}],"replies":[{"embeddable":true,"href":"https:\/\/paavonurmi.fi\/sv\/wp-json\/wp\/v2\/comments?post=1300"}],"version-history":[{"count":3,"href":"https:\/\/paavonurmi.fi\/sv\/wp-json\/wp\/v2\/pages\/1300\/revisions"}],"predecessor-version":[{"id":1724,"href":"https:\/\/paavonurmi.fi\/sv\/wp-json\/wp\/v2\/pages\/1300\/revisions\/1724"}],"wp:attachment":[{"href":"https:\/\/paavonurmi.fi\/sv\/wp-json\/wp\/v2\/media?parent=1300"}],"curies":[{"name":"wp","href":"https:\/\/api.w.org\/{rel}","templated":true}]}}